{"id":37869,"date":"2021-11-16T16:44:18","date_gmt":"2021-11-16T22:44:18","guid":{"rendered":"https:\/\/www.arxisdemexico.com.mx\/arxis\/?post_type=product&#038;p=37869"},"modified":"2021-11-16T16:44:19","modified_gmt":"2021-11-16T22:44:19","slug":"dahua-dh-sd59232n-hc-la-camara-ptz-de-32x-de-2-megapixeles-y-32x-de-zoom-optico-ir-de-150-mts-wdr-real-de-120db-starlight-ip66-1-entrada-de-audio-21-es-de-alarma","status":"publish","type":"product","link":"https:\/\/arxisdemexico.com.mx\/arxis\/producto\/dahua-dh-sd59232n-hc-la-camara-ptz-de-32x-de-2-megapixeles-y-32x-de-zoom-optico-ir-de-150-mts-wdr-real-de-120db-starlight-ip66-1-entrada-de-audio-21-es-de-alarma\/","title":{"rendered":"DAHUA DH-SD59232N-HC-LA &#8211; Camara PTZ de 32x de 2 Megapixeles y 32x de Zoom Optico\/ IR de 150 Mts\/ WDR Real de 120dB\/ Starlight\/ IP66\/ 1 Entrada de Audio\/ 2&#038;1 E&#038;S de Alarma"},"content":{"rendered":"<ul>\n<li>Sensor STARVIS\u2122 CMOS \u00bd.8\u201d<\/li>\n<li>2MP<\/li>\n<li>Resoluci\u00f3n 1080P (1920 \u00d7 1080); 720P (1280 \u00d7 720); D1 (704 \u00d7<\/li>\n<li>576\/704 \u00d7 480).<\/li>\n<li>Frame Rate 1080P (25\/30 fps); 720P (25\/30\/50\/60 fps).<\/li>\n<li>Tecnolog\u00edas CVI; TVI; AHD; CVBS.<\/li>\n<li>Iluminaci\u00f3n m\u00ednima: Color: 0.005 Lux, B\/N:0.0005 Lux, IR encendido 0 Lux.<\/li>\n<li>Distancia m\u00e1xima de IR: 150mts.<\/li>\n<li>4 LED IR.<\/li>\n<li>BLC.<\/li>\n<li>WDR 120dB.<\/li>\n<li>HLC.<\/li>\n<li>M\u00faltiples opciones de balance de blancos.<\/li>\n<li>Reducci\u00f3n de ruido 2D\/3D<\/li>\n<li>Defog electr\u00f3nico.<\/li>\n<li>Ancho focal 4.5mm-144mm.<\/li>\n<li>Campo de vista: H: 60.14\u00b0\u20132.75\u00b0; V: 34.41\u00b0\u20131.54\u00b0; D: 68.23\u00b0\u20133.16\u00b0.<\/li>\n<li>Zoom \u00d3ptico 32x.<\/li>\n<li>Zoom Digital 16x.<\/li>\n<li>PTZ Pan: 0\u00b0\u2013360\u00b0; Tilt: -15\u00b0\u2013+90\u00b0; auto flip 180\u00b0<\/li>\n<li>300 Presets.<\/li>\n<li>8 Tours con hasta 32 presets cada uno.<\/li>\n<li>5 Patrullajes.<\/li>\n<li>5 Scan.<\/li>\n<li>Compresi\u00f3n de audio G.711a; G.711Mu<\/li>\n<li>1 Puerto de salida BNC.<\/li>\n<li>1 Puerto RS485.<\/li>\n<li>1 Entrada de audio.<\/li>\n<li>2 Entrada de alarma.<\/li>\n<li>1 Salida de alarma.<\/li>\n<li>Energ\u00eda 24V 2.5A \u00b1 25%.<\/li>\n<li>Consumo m\u00e1ximo de energ\u00eda 22W (IR encendido, PTZ en movimiento).<\/li>\n<li>Temperatura de operaci\u00f3n -40\u00b0C a +70\u00b0C.<\/li>\n<li>\u00cdndice de humedad relativa \u2264 95%RH.<\/li>\n<li>Protecci\u00f3n IP66; TVS 6000V.<\/li>\n<\/ul>\n","protected":false},"excerpt":{"rendered":"<p class=\"text\" data-v-5fe8c490=\"\" data-gtm-vis-has-fired-10552706_181=\"1\" data-gtm-vis-has-fired-10552706_195=\"1\" data-gtm-vis-first-on-screen-10552706_193=\"41463\" data-gtm-vis-first-on-screen-10552706_217=\"41465\" data-gtm-vis-first-on-screen-10552706_184=\"41467\" data-gtm-vis-first-on-screen-10552706_192=\"41468\" data-gtm-vis-first-on-screen-10552706_196=\"41469\" data-gtm-vis-first-on-screen-10552706_194=\"41474\" data-gtm-vis-recent-on-screen-10552706_217=\"328610\" data-gtm-vis-total-visible-time-10552706_217=\"100\" data-gtm-vis-has-fired-10552706_217=\"1\" data-gtm-vis-recent-on-screen-10552706_184=\"328623\" data-gtm-vis-total-visible-time-10552706_184=\"100\" data-gtm-vis-has-fired-10552706_184=\"1\" data-gtm-vis-recent-on-screen-10552706_192=\"328630\" data-gtm-vis-total-visible-time-10552706_192=\"100\" data-gtm-vis-has-fired-10552706_192=\"1\" data-gtm-vis-recent-on-screen-10552706_196=\"328631\" data-gtm-vis-total-visible-time-10552706_196=\"100\" data-gtm-vis-has-fired-10552706_196=\"1\" data-gtm-vis-recent-on-screen-10552706_194=\"328635\" data-gtm-vis-total-visible-time-10552706_194=\"100\" data-gtm-vis-has-fired-10552706_194=\"1\" data-gtm-vis-recent-on-screen-10552706_193=\"328725\" data-gtm-vis-total-visible-time-10552706_193=\"100\" data-gtm-vis-has-fired-10552706_193=\"1\"><span>C\u00e1mara PTZ HDCVI de 2MP 32x Starlight IR<\/span><\/p>\n<div data-v-5fe8c490=\"\">\n<ul>\n<li><span>CMOS STARVIS \u2122 de 1 \/ 2.8 \u00aby 2 megap\u00edxeles<\/span><\/li>\n<li><span>Potente zoom \u00f3ptico de 32X<\/span><\/li>\n<li><span>Tecnolog\u00eda Starlight<\/span><\/li>\n<li><span>120dB verdadero WDR, 3D DNR<\/span><\/li>\n<li><span>M\u00e1x. 25\/30 fps @ 1080P, 25\/30\/50\/60 fps @ 720P<\/span><\/li>\n<li><span>IP66<\/span><\/li>\n<\/ul>\n<\/div>\n","protected":false},"featured_media":37870,"comment_status":"open","ping_status":"closed","template":"","meta":{"_et_pb_use_builder":"","_et_pb_old_content":"","_et_gb_content_width":""},"product_brand":[],"product_cat":[521,548,559,565],"product_tag":[1010,1007,862,950,831,835,834,951,833],"class_list":{"0":"post-37869","1":"product","2":"type-product","3":"status-publish","4":"has-post-thumbnail","6":"product_cat-cctv","7":"product_cat-ahd","8":"product_cat-camaras-ahd","9":"product_cat-ptz-camaras-ahd","10":"product_tag-1-entrada-de-audio","11":"product_tag-21-es-de-alarma","12":"product_tag-2mp","13":"product_tag-32x-de-zoom-optico","14":"product_tag-camara","15":"product_tag-cctv","16":"product_tag-dahua","17":"product_tag-ptz","18":"product_tag-seguridad","20":"first","21":"instock","22":"taxable","23":"shipping-taxable","24":"product-type-simple"},"_links":{"self":[{"href":"https:\/\/arxisdemexico.com.mx\/arxis\/wp-json\/wp\/v2\/product\/37869","targetHints":{"allow":["GET"]}}],"collection":[{"href":"https:\/\/arxisdemexico.com.mx\/arxis\/wp-json\/wp\/v2\/product"}],"about":[{"href":"https:\/\/arxisdemexico.com.mx\/arxis\/wp-json\/wp\/v2\/types\/product"}],"replies":[{"embeddable":true,"href":"https:\/\/arxisdemexico.com.mx\/arxis\/wp-json\/wp\/v2\/comments?post=37869"}],"wp:featuredmedia":[{"embeddable":true,"href":"https:\/\/arxisdemexico.com.mx\/arxis\/wp-json\/wp\/v2\/media\/37870"}],"wp:attachment":[{"href":"https:\/\/arxisdemexico.com.mx\/arxis\/wp-json\/wp\/v2\/media?parent=37869"}],"wp:term":[{"taxonomy":"product_brand","embeddable":true,"href":"https:\/\/arxisdemexico.com.mx\/arxis\/wp-json\/wp\/v2\/product_brand?post=37869"},{"taxonomy":"product_cat","embeddable":true,"href":"https:\/\/arxisdemexico.com.mx\/arxis\/wp-json\/wp\/v2\/product_cat?post=37869"},{"taxonomy":"product_tag","embeddable":true,"href":"https:\/\/arxisdemexico.com.mx\/arxis\/wp-json\/wp\/v2\/product_tag?post=37869"}],"curies":[{"name":"wp","href":"https:\/\/api.w.org\/{rel}","templated":true}]}}