{"id":37861,"date":"2021-11-16T15:59:52","date_gmt":"2021-11-16T21:59:52","guid":{"rendered":"https:\/\/www.arxisdemexico.com.mx\/arxis\/?post_type=product&#038;p=37861"},"modified":"2021-11-16T15:59:53","modified_gmt":"2021-11-16T21:59:53","slug":"dahua-dh-sd40215-hc-la-camara-mini-ptz-hdcvi-de-2-megapixeles-15x-de-zoom-optico-wdr-real-de-120-db-3d-dnr-starlight-ip66-ik10-soporta-tvi-ahd-cvbs","status":"publish","type":"product","link":"https:\/\/arxisdemexico.com.mx\/arxis\/producto\/dahua-dh-sd40215-hc-la-camara-mini-ptz-hdcvi-de-2-megapixeles-15x-de-zoom-optico-wdr-real-de-120-db-3d-dnr-starlight-ip66-ik10-soporta-tvi-ahd-cvbs\/","title":{"rendered":"DAHUA DH-SD40215-HC-LA &#8211; Camara Mini PTZ HDCVI de 2 Megapixeles\/ 15x de Zoom Optico\/ WDR Real de 120 dB\/ 3D DNR\/ Starlight\/ IP66\/ IK10 \/ Soporta TVI\/AHD\/CVBS"},"content":{"rendered":"<p class=\"text\" data-v-5fe8c490=\"\" data-gtm-vis-has-fired-10552706_195=\"1\" data-gtm-vis-has-fired-10552706_181=\"1\" data-gtm-vis-first-on-screen-10552706_194=\"20118\" data-gtm-vis-first-on-screen-10552706_192=\"20120\" data-gtm-vis-first-on-screen-10552706_196=\"20121\" data-gtm-vis-first-on-screen-10552706_184=\"20123\" data-gtm-vis-first-on-screen-10552706_193=\"20124\" data-gtm-vis-first-on-screen-10552706_217=\"20127\" data-gtm-vis-recent-on-screen-10552706_194=\"22333\" data-gtm-vis-total-visible-time-10552706_194=\"100\" data-gtm-vis-has-fired-10552706_194=\"1\" data-gtm-vis-recent-on-screen-10552706_192=\"22335\" data-gtm-vis-total-visible-time-10552706_192=\"100\" data-gtm-vis-has-fired-10552706_192=\"1\" data-gtm-vis-recent-on-screen-10552706_196=\"22336\" data-gtm-vis-total-visible-time-10552706_196=\"100\" data-gtm-vis-has-fired-10552706_196=\"1\" data-gtm-vis-recent-on-screen-10552706_217=\"22338\" data-gtm-vis-total-visible-time-10552706_217=\"100\" data-gtm-vis-has-fired-10552706_217=\"1\" data-gtm-vis-recent-on-screen-10552706_184=\"22339\" data-gtm-vis-total-visible-time-10552706_184=\"100\" data-gtm-vis-has-fired-10552706_184=\"1\" data-gtm-vis-recent-on-screen-10552706_193=\"22341\" data-gtm-vis-total-visible-time-10552706_193=\"100\" data-gtm-vis-has-fired-10552706_193=\"1\"><span>C\u00e1mara PTZ HDCVI Starlight de 2MP y 15x<\/span><\/p>\n<div data-v-5fe8c490=\"\">\n<ul>\n<li style=\"text-align: left;\"><span>CMOS STARVIS \u2122 de 1 \/ 2.8 \u00aby 2 megap\u00edxeles\u00a0<\/span><\/li>\n<li style=\"text-align: left;\"><span>Potente zoom \u00f3ptico de 15x\u00a0<\/span><\/li>\n<li style=\"text-align: left;\"><span>Tecnolog\u00eda Starlight\u00a0<\/span><\/li>\n<li style=\"text-align: left;\"><span>120 dB WDR verdadero, DNR 3D\u00a0<\/span><\/li>\n<li style=\"text-align: left;\"><span>M\u00e1x. 25\/30 fps @ 1080P, 25\/30\/50\/60 fps @ 720P\u00a0<\/span><\/li>\n<li style=\"text-align: left;\"><span>IK10\u00a0<\/span><\/li>\n<li style=\"text-align: left;\"><span>IP66<\/span><\/li>\n<\/ul>\n<\/div>\n","protected":false},"excerpt":{"rendered":"<ul>\n<li class=\"ql-align-justify\">Sensor: 1\/2.8 \u00bb STARVIS CMOS<\/li>\n<li class=\"ql-align-justify\">Resoluci\u00f3n: 2 megap\u00edxeles<\/li>\n<li class=\"ql-align-justify\">Tecnolog\u00eda: Starlight<\/li>\n<li class=\"ql-align-justify\">Lente: 5 mm \u2013 75 mm<\/li>\n<li class=\"ql-align-justify\">\u00c1ngulo de visi\u00f3n: H: 58.9\u20135.1; V: 34.1\u20132.9; D: 66.6\u20135.8<\/li>\n<li class=\"ql-align-justify\">Zoom \u00f3ptico: 15x<\/li>\n<li class=\"ql-align-justify\">Iluminaci\u00f3n m\u00edn. color: 0.005 Lux @ F1.6<\/li>\n<li class=\"ql-align-justify\">Iluminaci\u00f3n min. B\/W: 0.0005 Lux @ F1.6<\/li>\n<li class=\"ql-align-justify\">D\u00eda y Noche:\u00a0Auto (ICR) \/ Color\/ B\/ W<\/li>\n<li class=\"ql-align-justify\">Compensaci\u00f3n de contraluz:\u00a0BLC, HLC,\u00a0WDR 120dB<\/li>\n<li class=\"ql-align-justify\">Reducci\u00f3n de ruido: Ultra DNR 2D \/ 3D<\/li>\n<li class=\"ql-align-justify\">Fuente de alimentaci\u00f3n: 12V dc \/ 5A (\u00b1 10%)<\/li>\n<li class=\"ql-align-justify\">Consumo de energ\u00eda m\u00e1x: 9.6W, 12W (M\u00f3dulo de zoom, Operaciones PTZ)<\/li>\n<li class=\"ql-align-justify\">Condiciones de operaci\u00f3n: -40\u00baC a 60\u00baC<\/li>\n<li class=\"ql-align-justify\">\u00cdndice de protecci\u00f3n: IP66\/ IK10<\/li>\n<li class=\"ql-align-justify\">Material: metal<\/li>\n<li class=\"ql-align-justify\">Dimensiones: 234 mm \u00d7 \u03a6186 mm (9.21&#8243; \u00d7 \u03a67.32&#8243;)<\/li>\n<li class=\"ql-align-justify\">Peso Neto: 2.3kg<\/li>\n<li class=\"ql-align-justify\">Peso Bruto: 4.3kg<\/li>\n<li class=\"ql-align-justify\">Incluye fuente de alimentaci\u00f3n, brazo y adaptador para montaje<\/li>\n<\/ul>\n","protected":false},"featured_media":37862,"comment_status":"open","ping_status":"closed","template":"","meta":{"_et_pb_use_builder":"","_et_pb_old_content":"","_et_gb_content_width":""},"product_brand":[],"product_cat":[521,548,565],"product_tag":[1004,862,831,835,834,1003,833],"class_list":{"0":"post-37861","1":"product","2":"type-product","3":"status-publish","4":"has-post-thumbnail","6":"product_cat-cctv","7":"product_cat-ahd","8":"product_cat-ptz-camaras-ahd","9":"product_tag-15x-de-zoom-optico","10":"product_tag-2mp","11":"product_tag-camara","12":"product_tag-cctv","13":"product_tag-dahua","14":"product_tag-mini-ptz","15":"product_tag-seguridad","17":"first","18":"instock","19":"taxable","20":"shipping-taxable","21":"product-type-simple"},"_links":{"self":[{"href":"https:\/\/arxisdemexico.com.mx\/arxis\/wp-json\/wp\/v2\/product\/37861","targetHints":{"allow":["GET"]}}],"collection":[{"href":"https:\/\/arxisdemexico.com.mx\/arxis\/wp-json\/wp\/v2\/product"}],"about":[{"href":"https:\/\/arxisdemexico.com.mx\/arxis\/wp-json\/wp\/v2\/types\/product"}],"replies":[{"embeddable":true,"href":"https:\/\/arxisdemexico.com.mx\/arxis\/wp-json\/wp\/v2\/comments?post=37861"}],"wp:featuredmedia":[{"embeddable":true,"href":"https:\/\/arxisdemexico.com.mx\/arxis\/wp-json\/wp\/v2\/media\/37862"}],"wp:attachment":[{"href":"https:\/\/arxisdemexico.com.mx\/arxis\/wp-json\/wp\/v2\/media?parent=37861"}],"wp:term":[{"taxonomy":"product_brand","embeddable":true,"href":"https:\/\/arxisdemexico.com.mx\/arxis\/wp-json\/wp\/v2\/product_brand?post=37861"},{"taxonomy":"product_cat","embeddable":true,"href":"https:\/\/arxisdemexico.com.mx\/arxis\/wp-json\/wp\/v2\/product_cat?post=37861"},{"taxonomy":"product_tag","embeddable":true,"href":"https:\/\/arxisdemexico.com.mx\/arxis\/wp-json\/wp\/v2\/product_tag?post=37861"}],"curies":[{"name":"wp","href":"https:\/\/api.w.org\/{rel}","templated":true}]}}