{"id":37854,"date":"2021-11-06T15:29:33","date_gmt":"2021-11-06T21:29:33","guid":{"rendered":"https:\/\/www.arxisdemexico.com.mx\/arxis\/?post_type=product&#038;p=37854"},"modified":"2021-11-06T15:29:33","modified_gmt":"2021-11-06T21:29:33","slug":"dahua-nvr616-128-4ks2-super-nvr-128-canales-de-video-ip-4k-h265-2-hdmi-16-interfaz-sata-rendimiento-384-mbps-ra-id-iscsi-ivs-smart-track","status":"publish","type":"product","link":"https:\/\/arxisdemexico.com.mx\/arxis\/producto\/dahua-nvr616-128-4ks2-super-nvr-128-canales-de-video-ip-4k-h265-2-hdmi-16-interfaz-sata-rendimiento-384-mbps-ra-id-iscsi-ivs-smart-track\/","title":{"rendered":"DAHUA NVR616-128-4KS2 &#8211; Super NVR 128 canales de video IP 4K \/ H265 \/ 2 HDMI \/ 16 Interfaz SATA \/ Rendimiento 384 Mbps \/ RA ID \/ iSCSI \/ IVS \/ Smart TRACK"},"content":{"rendered":"<p><strong>Principales caracter\u00edsticas<\/strong><\/p>\n<ul>\n<li>Procesador Intel<\/li>\n<li>Entradas de c\u00e1mara IP 64\/128 m\u00e1x.<\/li>\n<li>Ancho de banda entrante m\u00e1ximo de 384 Mbps.<\/li>\n<li>Resoluci\u00f3n de hasta 12MP para vista previa y reproducci\u00f3n.<\/li>\n<li>Admite RAID 0\/1\/5\/10.<\/li>\n<li>ISCSI y Mini SAS para espacio de almacenamiento ampliado.<\/li>\n<li>Seguimiento inteligente y video inteligente.<\/li>\n<\/ul>\n<p><strong>Especificaciones\u00a0<\/strong><\/p>\n<p><strong>Sistema<\/strong><\/p>\n<ul>\n<li>Procesador principal Procesador Intel de cuatro n\u00facleos.<\/li>\n<li>Sistema operativo LINUX integrado.<\/li>\n<\/ul>\n<p><strong>Audio y video<\/strong><\/p>\n<ul>\n<li>Entrada de c\u00e1mara IP 64\/128 Canal.<\/li>\n<li>Entrada bidireccional de 1 canal, salida de 1 canal, RCA.<\/li>\n<\/ul>\n<p><strong>Monitor<\/strong><\/p>\n<ul>\n<li>Interfaz 2 HDMI (hasta 3840 x 2160, fuente diferente), 1 VGA.<\/li>\n<li>Resoluci\u00f3n 3840 \u00d7 2160, 1920 \u00d7 1080, 1280 \u00d7 1024, 1280 \u00d7 720, 1024 \u00d7 768.<\/li>\n<li>Pantalla m\u00faltiple Pantalla 1ra: 1\/4\/8\/9\/16\/25\/36<\/li>\n<li>2da pantalla: 1\/4\/8\/9\/16<\/li>\n<li>T\u00edtulo de c\u00e1mara OSD, tiempo, p\u00e9rdida de video, bloqueo de c\u00e1mara, movimiento detecci\u00f3n, grabaci\u00f3n.<\/li>\n<\/ul>\n<p><strong>Grabaci\u00f3n<\/strong><\/p>\n<ul>\n<li>Compresi\u00f3n H.265 \/ H.264 \/ MJPEG.<\/li>\n<li>Resoluci\u00f3n 12MP, 8MP, 6MP, 5MP, 4MP, 3MP, 1080P, 1.3MP, 720P etc.<\/li>\n<li>Velocidad de grabaci\u00f3n 384 Mbps.<\/li>\n<li>Velocidad de bits 16 Kbps ~ 20 Mbps por canal.<\/li>\n<li>Modo de grabaci\u00f3n manual, horario (regular, MD (detecci\u00f3n de movimiento), Alarma, IVS), vacaciones, parada Intervalo de grabaci\u00f3n 1 ~ 120 min (predeterminado: 60 min), pregrabaci\u00f3n: 1 ~ 30 seg, post-registro: 10 ~ 300 seg.<\/li>\n<\/ul>\n<p><strong>El\u00e9ctrico<\/strong><\/p>\n<ul>\n<li>Fuente de alimentaci\u00f3n AC100V ~ 240V, 50 ~ 60 Hz.<\/li>\n<li>Consumo de energ\u00eda &lt;51W (sin HDD).<\/li>\n<\/ul>\n<p><strong>Ambiental<\/strong><\/p>\n<p>Condiciones de funcionamiento -10 \u00b0 C ~ + 55 \u00b0 C (+ 14 \u00b0 F ~ + 131 \u00b0 F), 86 ~ 106kpa.<\/p>\n<p>Condiciones de almacenamiento -20 \u00b0 C ~ + 70 \u00b0 C (-4 \u00b0 F ~ + 158 \u00b0 F), 0 ~ 90% HR.<\/p>\n<p><strong>Construcci\u00f3n<\/strong><\/p>\n<ul>\n<li>Dimensiones 3U, 485 mm x 512.9 mm x 133.2 mm (19.1 \u00abx 20.2\u00bb x 5.2 \u00ab).<\/li>\n<li>Peso neto 17.6 kg (38.8 lb) (sin HDD).<\/li>\n<li>Peso bruto 27 kg (59.5 lb).<\/li>\n<li>Instalaci\u00f3n en bastidor.<\/li>\n<\/ul>\n<p><strong>Certificaciones<\/strong><\/p>\n<ul>\n<li>CE EN55022, EN55024, EN50130-4, EN60950-1<\/li>\n<li>FCC Parte 15 Subparte B, ANSI C63.4-2014<\/li>\n<li>UL UL 60950-1 y CAN \/ CSA C22.2 No.60950-1<\/li>\n<\/ul>\n","protected":false},"excerpt":{"rendered":"<p class=\"text\" data-v-5fe8c490=\"\" data-gtm-vis-has-fired-10552706_195=\"1\" data-gtm-vis-has-fired-10552706_181=\"1\" data-gtm-vis-recent-on-screen-10552706_217=\"18226\" data-gtm-vis-first-on-screen-10552706_217=\"18226\" data-gtm-vis-total-visible-time-10552706_217=\"100\" data-gtm-vis-has-fired-10552706_217=\"1\" data-gtm-vis-recent-on-screen-10552706_193=\"18235\" data-gtm-vis-first-on-screen-10552706_193=\"18235\" data-gtm-vis-total-visible-time-10552706_193=\"100\" data-gtm-vis-has-fired-10552706_193=\"1\" data-gtm-vis-recent-on-screen-10552706_192=\"18236\" data-gtm-vis-first-on-screen-10552706_192=\"18236\" data-gtm-vis-total-visible-time-10552706_192=\"100\" data-gtm-vis-has-fired-10552706_192=\"1\" data-gtm-vis-recent-on-screen-10552706_194=\"18251\" data-gtm-vis-first-on-screen-10552706_194=\"18251\" data-gtm-vis-total-visible-time-10552706_194=\"100\" data-gtm-vis-has-fired-10552706_194=\"1\" data-gtm-vis-recent-on-screen-10552706_196=\"18267\" data-gtm-vis-first-on-screen-10552706_196=\"18268\" data-gtm-vis-total-visible-time-10552706_196=\"100\" data-gtm-vis-has-fired-10552706_196=\"1\" data-gtm-vis-recent-on-screen-10552706_184=\"18300\" data-gtm-vis-first-on-screen-10552706_184=\"18300\" data-gtm-vis-total-visible-time-10552706_184=\"100\" data-gtm-vis-has-fired-10552706_184=\"1\"><span>Grabador de v\u00eddeo en red de la serie Ultra de 64\/128 canales 3U<\/span><\/p>\n<div data-v-5fe8c490=\"\">\n<ul>\n<li data-gtm-vis-recent-on-screen-10552706_217=\"18233\" data-gtm-vis-first-on-screen-10552706_217=\"18233\" data-gtm-vis-total-visible-time-10552706_217=\"100\" data-gtm-vis-has-fired-10552706_217=\"1\" data-gtm-vis-recent-on-screen-10552706_184=\"18302\" data-gtm-vis-first-on-screen-10552706_184=\"18302\" data-gtm-vis-total-visible-time-10552706_184=\"100\" data-gtm-vis-has-fired-10552706_184=\"1\"><span>Nueva interfaz de usuario 4.0<\/span><\/li>\n<li data-gtm-vis-recent-on-screen-10552706_217=\"18234\" data-gtm-vis-first-on-screen-10552706_217=\"18234\" data-gtm-vis-total-visible-time-10552706_217=\"100\" data-gtm-vis-has-fired-10552706_217=\"1\" data-gtm-vis-recent-on-screen-10552706_184=\"18303\" data-gtm-vis-first-on-screen-10552706_184=\"18303\" data-gtm-vis-total-visible-time-10552706_184=\"100\" data-gtm-vis-has-fired-10552706_184=\"1\"><span>Decodificaci\u00f3n de 16 canales a 1080p (30 fps); capacidad de decodificaci\u00f3n autoadaptativa<\/span><\/li>\n<li data-gtm-vis-recent-on-screen-10552706_217=\"18117\" data-gtm-vis-first-on-screen-10552706_217=\"18117\" data-gtm-vis-total-visible-time-10552706_217=\"100\" data-gtm-vis-has-fired-10552706_217=\"1\" data-gtm-vis-recent-on-screen-10552706_184=\"18119\" data-gtm-vis-first-on-screen-10552706_184=\"18119\" data-gtm-vis-total-visible-time-10552706_184=\"100\" data-gtm-vis-has-fired-10552706_184=\"1\"><span>Acceso, almacenamiento o reenv\u00edo a 412 Mbps<\/span><\/li>\n<li data-gtm-vis-recent-on-screen-10552706_184=\"10477\" data-gtm-vis-first-on-screen-10552706_184=\"10477\" data-gtm-vis-total-visible-time-10552706_184=\"100\" data-gtm-vis-has-fired-10552706_184=\"1\" data-gtm-vis-recent-on-screen-10552706_217=\"10555\" data-gtm-vis-first-on-screen-10552706_217=\"10555\" data-gtm-vis-total-visible-time-10552706_217=\"100\" data-gtm-vis-has-fired-10552706_217=\"1\"><span>Salida de video simult\u00e1nea para VGA y HDMI1; Salida heterog\u00e9nea 4K para los 2 puertos HDMI<\/span><\/li>\n<li data-gtm-vis-recent-on-screen-10552706_184=\"10479\" data-gtm-vis-first-on-screen-10552706_184=\"10479\" data-gtm-vis-total-visible-time-10552706_184=\"100\" data-gtm-vis-has-fired-10552706_184=\"1\" data-gtm-vis-recent-on-screen-10552706_217=\"10569\" data-gtm-vis-first-on-screen-10552706_217=\"10569\" data-gtm-vis-total-visible-time-10552706_217=\"100\" data-gtm-vis-has-fired-10552706_217=\"1\"><span>M\u00faltiples modos de datos como Raid0, Raid1, Raid5, Raid6 y Raid10<\/span><\/li>\n<li data-gtm-vis-recent-on-screen-10552706_184=\"10480\" data-gtm-vis-first-on-screen-10552706_184=\"10480\" data-gtm-vis-total-visible-time-10552706_184=\"100\" data-gtm-vis-has-fired-10552706_184=\"1\" data-gtm-vis-recent-on-screen-10552706_217=\"10570\" data-gtm-vis-first-on-screen-10552706_217=\"10570\" data-gtm-vis-total-visible-time-10552706_217=\"100\" data-gtm-vis-has-fired-10552706_217=\"1\"><span>Configuraci\u00f3n y gesti\u00f3n remota de IPC, como la configuraci\u00f3n de par\u00e1metros, la adquisici\u00f3n de informaci\u00f3n y la actualizaci\u00f3n de IPC del mismo modelo en lotes<\/span><\/li>\n<li data-gtm-vis-recent-on-screen-10552706_184=\"10482\" data-gtm-vis-first-on-screen-10552706_184=\"10482\" data-gtm-vis-total-visible-time-10552706_184=\"100\" data-gtm-vis-has-fired-10552706_184=\"1\" data-gtm-vis-recent-on-screen-10552706_217=\"10600\" data-gtm-vis-first-on-screen-10552706_217=\"10600\" data-gtm-vis-total-visible-time-10552706_217=\"100\" data-gtm-vis-has-fired-10552706_217=\"1\"><span>Funciones de IA por c\u00e1mara como protecci\u00f3n perimetral, detecci\u00f3n y reconocimiento de rostros, SMD Plus, metadatos de video, ANPR y an\u00e1lisis de comportamiento 3D<\/span><\/li>\n<li data-gtm-vis-first-on-screen-10552706_184=\"10549\" data-gtm-vis-first-on-screen-10552706_217=\"10613\"><span>Cl\u00faster N + M. Cuando el host falla, el dispositivo en espera continuar\u00e1 grabando;\u00a0Una vez que el host se recupera, el video grabado en el dispositivo en espera se transmitir\u00e1 de vuelta.<\/span><\/li>\n<\/ul>\n<\/div>\n","protected":false},"featured_media":37855,"comment_status":"open","ping_status":"closed","template":"","meta":{"_et_pb_use_builder":"","_et_pb_old_content":"","_et_gb_content_width":""},"product_brand":[],"product_cat":[521,522,549,555],"product_tag":[909,835,834,890,971,833,1002,880],"class_list":{"0":"post-37854","1":"product","2":"type-product","3":"status-publish","4":"has-post-thumbnail","6":"product_cat-cctv","7":"product_cat-ip","8":"product_cat-nvr","9":"product_cat-128-ch","10":"product_tag-4k","11":"product_tag-cctv","12":"product_tag-dahua","13":"product_tag-hasta-8mp","14":"product_tag-nvr","15":"product_tag-seguridad","16":"product_tag-smart-track","17":"product_tag-videograbador","19":"first","20":"instock","21":"taxable","22":"shipping-taxable","23":"product-type-simple"},"_links":{"self":[{"href":"https:\/\/arxisdemexico.com.mx\/arxis\/wp-json\/wp\/v2\/product\/37854","targetHints":{"allow":["GET"]}}],"collection":[{"href":"https:\/\/arxisdemexico.com.mx\/arxis\/wp-json\/wp\/v2\/product"}],"about":[{"href":"https:\/\/arxisdemexico.com.mx\/arxis\/wp-json\/wp\/v2\/types\/product"}],"replies":[{"embeddable":true,"href":"https:\/\/arxisdemexico.com.mx\/arxis\/wp-json\/wp\/v2\/comments?post=37854"}],"wp:featuredmedia":[{"embeddable":true,"href":"https:\/\/arxisdemexico.com.mx\/arxis\/wp-json\/wp\/v2\/media\/37855"}],"wp:attachment":[{"href":"https:\/\/arxisdemexico.com.mx\/arxis\/wp-json\/wp\/v2\/media?parent=37854"}],"wp:term":[{"taxonomy":"product_brand","embeddable":true,"href":"https:\/\/arxisdemexico.com.mx\/arxis\/wp-json\/wp\/v2\/product_brand?post=37854"},{"taxonomy":"product_cat","embeddable":true,"href":"https:\/\/arxisdemexico.com.mx\/arxis\/wp-json\/wp\/v2\/product_cat?post=37854"},{"taxonomy":"product_tag","embeddable":true,"href":"https:\/\/arxisdemexico.com.mx\/arxis\/wp-json\/wp\/v2\/product_tag?post=37854"}],"curies":[{"name":"wp","href":"https:\/\/api.w.org\/{rel}","templated":true}]}}