{"id":37838,"date":"2021-11-03T17:45:16","date_gmt":"2021-11-03T23:45:16","guid":{"rendered":"https:\/\/www.arxisdemexico.com.mx\/arxis\/?post_type=product&#038;p=37838"},"modified":"2021-11-03T17:45:23","modified_gmt":"2021-11-03T23:45:23","slug":"dahua-nvr5208-16-8p-4ks2e-nvr-8-canales-ip-4k-h265-rendimiento-320-mbps-8-puertos-tecnologia-e-poe-hasta-800m-poe-anpr-hdmi-pos-2-sata-p2p-dewarping","status":"publish","type":"product","link":"https:\/\/arxisdemexico.com.mx\/arxis\/producto\/dahua-nvr5208-16-8p-4ks2e-nvr-8-canales-ip-4k-h265-rendimiento-320-mbps-8-puertos-tecnologia-e-poe-hasta-800m-poe-anpr-hdmi-pos-2-sata-p2p-dewarping\/","title":{"rendered":"DAHUA NVR5208 \/ 16-8P-4KS2E &#8211; NVR 8 Canales IP 4K \/ H265+ \/ Rendimiento 320 Mbps \/ 8 Puertos tecnologia E PoE hasta 800M \/ PoE \/ ANPR \/ HDMI \/ PoS \/ 2 SATA \/ P2P \/ DEWARPING"},"content":{"rendered":"<ul>\n<li>8\u00a0Canales de Video 4K<\/li>\n<li>Soporta Compresi\u00f3n\u00a0Smart H.265+\/H.265\/Smart H.264+\/H.264.<\/li>\n<li>Resoluci\u00f3n 12Mp\/8Mp\/6Mp\/5Mp\/4Mp\/3Mp\/1080P\/ 720P\/ D1.<\/li>\n<li>Soporta Resoluci\u00f3n Ultra HD 4K(3840 x 2160).<\/li>\n<li>Soporta\u00a02 Discos Duros de Hasta\u00a010 TB por Disco.<\/li>\n<li>Soporta\u00a02 Puerto Sata III.<\/li>\n<li>Tasa de Grabaci\u00f3n 320 Mbps.<\/li>\n<li>8\u00a0Puertos PoE &amp; ePoE\u00a0(IEEE802.3af\/at).<\/li>\n<li>4 Canales para ANPR (Requiere c\u00e1mara ANPR)<\/li>\n<li>1\u00a0HDMI\/ VGA Salida de Video Simultanea.<\/li>\n<li>4\u00a0Entradas de Alarma.<\/li>\n<li>2\u00a0Salidas de Alarma.<\/li>\n<li>2\u00a0Puertos USB (1 pto trasero\u00a0USB 3.0, 1 pto. frontal USB2.0).<\/li>\n<li>1 Puerto RS232 y 1 Puerto\u00a0RS485.<\/li>\n<li>1 Puerto RJ45 (10\/100\/1000Mbps).<\/li>\n<li>Dimensiones 1U, 375mm x 326.5mm x 53mm ; (14.8&#8243; x 12.9&#8243; x 2.1&#8243;).<\/li>\n<li>Peso Neto 2.7 kg (sin Disco Duro).<\/li>\n<li>Ventilador tecnolog\u00eda Smart Fan.<\/li>\n<li>Fuente de Alimentaci\u00f3n AC 100~240V, 50\/60 Hz.<\/li>\n<li>Consumo de Energ\u00eda 15.2 Watts (sin disco).<\/li>\n<\/ul>\n","protected":false},"excerpt":{"rendered":"<p class=\"text\" data-v-5fe8c490=\"\" data-gtm-vis-recent-on-screen-10552706_194=\"2911\" data-gtm-vis-first-on-screen-10552706_194=\"2911\" data-gtm-vis-total-visible-time-10552706_194=\"100\" data-gtm-vis-has-fired-10552706_194=\"1\" data-gtm-vis-recent-on-screen-10552706_196=\"2984\" data-gtm-vis-first-on-screen-10552706_196=\"2985\" data-gtm-vis-total-visible-time-10552706_196=\"100\" data-gtm-vis-has-fired-10552706_196=\"1\" data-gtm-vis-recent-on-screen-10552706_184=\"4086\" data-gtm-vis-first-on-screen-10552706_184=\"4086\" data-gtm-vis-total-visible-time-10552706_184=\"100\" data-gtm-vis-has-fired-10552706_184=\"1\" data-gtm-vis-recent-on-screen-10552706_193=\"4129\" data-gtm-vis-first-on-screen-10552706_193=\"4129\" data-gtm-vis-total-visible-time-10552706_193=\"100\" data-gtm-vis-has-fired-10552706_193=\"1\" data-gtm-vis-recent-on-screen-10552706_192=\"4385\" data-gtm-vis-first-on-screen-10552706_192=\"4385\" data-gtm-vis-total-visible-time-10552706_192=\"100\" data-gtm-vis-has-fired-10552706_192=\"1\" data-gtm-vis-recent-on-screen-10552706_181=\"4392\" data-gtm-vis-first-on-screen-10552706_181=\"4392\" data-gtm-vis-total-visible-time-10552706_181=\"100\" data-gtm-vis-has-fired-10552706_181=\"1\" data-gtm-vis-recent-on-screen-10552706_195=\"4636\" data-gtm-vis-first-on-screen-10552706_195=\"4636\" data-gtm-vis-total-visible-time-10552706_195=\"100\" data-gtm-vis-has-fired-10552706_195=\"1\" data-gtm-vis-recent-on-screen-10552706_217=\"4741\" data-gtm-vis-first-on-screen-10552706_217=\"4741\" data-gtm-vis-total-visible-time-10552706_217=\"100\" data-gtm-vis-has-fired-10552706_217=\"1\"><span>Grabadora de video en red profesional de 8\/16 canales 1U 2HDD 8PoE 4K y H.265<\/span><\/p>\n<div data-v-5fe8c490=\"\">\n<ul>\n<li data-gtm-vis-recent-on-screen-10552706_184=\"808565\" data-gtm-vis-first-on-screen-10552706_184=\"808565\" data-gtm-vis-total-visible-time-10552706_184=\"100\" data-gtm-vis-has-fired-10552706_184=\"1\" data-gtm-vis-recent-on-screen-10552706_217=\"808580\" data-gtm-vis-first-on-screen-10552706_217=\"808580\" data-gtm-vis-total-visible-time-10552706_217=\"100\" data-gtm-vis-has-fired-10552706_217=\"1\"><span>Acceso a video IP de 8\/16 canales<\/span><\/li>\n<li data-gtm-vis-recent-on-screen-10552706_184=\"808565\" data-gtm-vis-first-on-screen-10552706_184=\"808565\" data-gtm-vis-total-visible-time-10552706_184=\"100\" data-gtm-vis-has-fired-10552706_184=\"1\" data-gtm-vis-recent-on-screen-10552706_217=\"808580\" data-gtm-vis-first-on-screen-10552706_217=\"808580\" data-gtm-vis-total-visible-time-10552706_217=\"100\" data-gtm-vis-has-fired-10552706_217=\"1\"><span>Smart H.265 + \/ Smart H.264 + \/ H.265 \/ H.264 \/ MJPEG;\u00a0Detector magn\u00e9tico H.265<\/span><\/li>\n<li data-gtm-vis-recent-on-screen-10552706_184=\"808565\" data-gtm-vis-first-on-screen-10552706_184=\"808565\" data-gtm-vis-total-visible-time-10552706_184=\"100\" data-gtm-vis-has-fired-10552706_184=\"1\" data-gtm-vis-recent-on-screen-10552706_217=\"808580\" data-gtm-vis-first-on-screen-10552706_217=\"808580\" data-gtm-vis-total-visible-time-10552706_217=\"100\" data-gtm-vis-has-fired-10552706_217=\"1\"><span>Ancho de banda entrante m\u00e1ximo de 320 Mbps<\/span><\/li>\n<li data-gtm-vis-recent-on-screen-10552706_184=\"808565\" data-gtm-vis-first-on-screen-10552706_184=\"808565\" data-gtm-vis-total-visible-time-10552706_184=\"100\" data-gtm-vis-has-fired-10552706_184=\"1\" data-gtm-vis-recent-on-screen-10552706_217=\"808580\" data-gtm-vis-first-on-screen-10552706_217=\"808580\" data-gtm-vis-total-visible-time-10552706_217=\"100\" data-gtm-vis-has-fired-10552706_217=\"1\"><span>Resoluci\u00f3n de hasta 24MP para visualizaci\u00f3n en vivo y reproducci\u00f3n<\/span><\/li>\n<li data-gtm-vis-recent-on-screen-10552706_184=\"808565\" data-gtm-vis-first-on-screen-10552706_184=\"808565\" data-gtm-vis-total-visible-time-10552706_184=\"100\" data-gtm-vis-has-fired-10552706_184=\"1\" data-gtm-vis-recent-on-screen-10552706_217=\"808580\" data-gtm-vis-first-on-screen-10552706_217=\"808580\" data-gtm-vis-total-visible-time-10552706_217=\"100\" data-gtm-vis-has-fired-10552706_217=\"1\"><span>Dewarping de ojo de pez de 1 canal (AI por NVR)<\/span><\/li>\n<li data-gtm-vis-recent-on-screen-10552706_184=\"808565\" data-gtm-vis-first-on-screen-10552706_184=\"808565\" data-gtm-vis-total-visible-time-10552706_184=\"100\" data-gtm-vis-has-fired-10552706_184=\"1\" data-gtm-vis-recent-on-screen-10552706_217=\"808580\" data-gtm-vis-first-on-screen-10552706_217=\"808580\" data-gtm-vis-total-visible-time-10552706_217=\"100\" data-gtm-vis-has-fired-10552706_217=\"1\"><span>AI por c\u00e1mara: protecci\u00f3n perimetral;\u00a0detecci\u00f3n y reconocimiento de rostros;\u00a0SMD Plus;\u00a0metadatos de video;\u00a0ANPR;\u00a0contando personas;\u00a0estereoan\u00e1lisis;\u00a0distribuci\u00f3n de masas;\u00a0mapa de calor<\/span><\/li>\n<li data-gtm-vis-recent-on-screen-10552706_184=\"808565\" data-gtm-vis-first-on-screen-10552706_184=\"808565\" data-gtm-vis-total-visible-time-10552706_184=\"100\" data-gtm-vis-has-fired-10552706_184=\"1\" data-gtm-vis-recent-on-screen-10552706_217=\"808580\" data-gtm-vis-first-on-screen-10552706_217=\"808580\" data-gtm-vis-total-visible-time-10552706_217=\"100\" data-gtm-vis-has-fired-10552706_217=\"1\"><span>Soporta IPC UPnP, 8 puertos PoE<\/span><\/li>\n<\/ul>\n<\/div>\n","protected":false},"featured_media":37840,"comment_status":"open","ping_status":"closed","template":"","meta":{"_et_pb_use_builder":"","_et_pb_old_content":"","_et_gb_content_width":""},"product_brand":[],"product_cat":[521,522,549,551],"product_tag":[998,909,835,834,890,971,833,880],"class_list":{"0":"post-37838","1":"product","2":"type-product","3":"status-publish","4":"has-post-thumbnail","6":"product_cat-cctv","7":"product_cat-ip","8":"product_cat-nvr","9":"product_cat-8-ch","10":"product_tag-2-sata","11":"product_tag-4k","12":"product_tag-cctv","13":"product_tag-dahua","14":"product_tag-hasta-8mp","15":"product_tag-nvr","16":"product_tag-seguridad","17":"product_tag-videograbador","19":"first","20":"instock","21":"taxable","22":"shipping-taxable","23":"product-type-simple"},"_links":{"self":[{"href":"https:\/\/arxisdemexico.com.mx\/arxis\/wp-json\/wp\/v2\/product\/37838","targetHints":{"allow":["GET"]}}],"collection":[{"href":"https:\/\/arxisdemexico.com.mx\/arxis\/wp-json\/wp\/v2\/product"}],"about":[{"href":"https:\/\/arxisdemexico.com.mx\/arxis\/wp-json\/wp\/v2\/types\/product"}],"replies":[{"embeddable":true,"href":"https:\/\/arxisdemexico.com.mx\/arxis\/wp-json\/wp\/v2\/comments?post=37838"}],"wp:featuredmedia":[{"embeddable":true,"href":"https:\/\/arxisdemexico.com.mx\/arxis\/wp-json\/wp\/v2\/media\/37840"}],"wp:attachment":[{"href":"https:\/\/arxisdemexico.com.mx\/arxis\/wp-json\/wp\/v2\/media?parent=37838"}],"wp:term":[{"taxonomy":"product_brand","embeddable":true,"href":"https:\/\/arxisdemexico.com.mx\/arxis\/wp-json\/wp\/v2\/product_brand?post=37838"},{"taxonomy":"product_cat","embeddable":true,"href":"https:\/\/arxisdemexico.com.mx\/arxis\/wp-json\/wp\/v2\/product_cat?post=37838"},{"taxonomy":"product_tag","embeddable":true,"href":"https:\/\/arxisdemexico.com.mx\/arxis\/wp-json\/wp\/v2\/product_tag?post=37838"}],"curies":[{"name":"wp","href":"https:\/\/api.w.org\/{rel}","templated":true}]}}