{"id":37836,"date":"2021-11-03T17:19:50","date_gmt":"2021-11-03T23:19:50","guid":{"rendered":"https:\/\/www.arxisdemexico.com.mx\/arxis\/?post_type=product&#038;p=37836"},"modified":"2021-11-03T17:19:51","modified_gmt":"2021-11-03T23:19:51","slug":"dahua-nvr4232-4ks2-l-nvr-de-32-canales-ip-4k-160-mbps-de-acceso-128-mbps-de-almacenamiento-48-mbps-de-reenvio-h-265-soporta-camaras-de-8-megapixeles-2-bahias-de-discos-duros-hdmi-vga-42-e","status":"publish","type":"product","link":"https:\/\/arxisdemexico.com.mx\/arxis\/producto\/dahua-nvr4232-4ks2-l-nvr-de-32-canales-ip-4k-160-mbps-de-acceso-128-mbps-de-almacenamiento-48-mbps-de-reenvio-h-265-soporta-camaras-de-8-megapixeles-2-bahias-de-discos-duros-hdmi-vga-42-e\/","title":{"rendered":"DAHUA NVR4232-4KS2\/L &#8211; NVR DE 32 Canales IP 4k\/ 160 Mbps de Acceso\/ 128 Mbps de Almacenamiento\/ 48 Mbps de Reenvio\/ H.265+\/ Soporta Camaras de 8 Megapixeles\/ 2 Bah\u00edas de Discos duros\/ HDMI\/ VGA\/ 4&#038;2 E&#038;S de Alarmas"},"content":{"rendered":"<ul>\n<li>Canal de acceso\u00a032<\/li>\n<li>Ancho de banda de la red Acceso: 160 Mbps; Almacenamiento: 128 Mbps; Reenv\u00edo: 48 Mbps<\/li>\n<li>Resoluci\u00f3n 8MP; 6MP; 5MP; 4MP; 3MP; 1080p; 720p; D1<\/li>\n<li>Capacidad de decodificaci\u00f3n 8 \u00d7 1080P a 30 fps<\/li>\n<li>Salida de video 1 \u00d7 salida VGA, 1 \u00d7 salida HDMI, admite salida de fuentes de video simult\u00e1neas para VGA y HDMI<\/li>\n<li>Pantalla multi pantalla 1, 4, 8, 9, 16, 25, 32 vistas<\/li>\n<li>Video Inteligente H.265 \/ H.265 \/ Inteligente H.264 \/ H.264 \/ MJPEG<\/li>\n<li>Audio PCM \/ G711A \/ G711U \/ G726 \/ AAC<\/li>\n<li>Reproducci\u00f3n multicanal Hasta 16 canales para reproducci\u00f3n Certificaciones<\/li>\n<li>Modo de Grabaci\u00f3n Registro manual; grabaci\u00f3n de alarma; Grabaci\u00f3n SMD; grabaci\u00f3n inteligente<\/li>\n<li>Almacenamiento Disco duro local; red<\/li>\n<li>HDD 2 puertos SATA III, hasta 10 TB para un solo HDD<\/li>\n<li>Entrada de alarma\u00a04<\/li>\n<li>Salida de alarma 2<\/li>\n<li>USB 2 (1 \u00d7 USB2.0 frontal; 1 \u00d7 USB2.0 trasero)<\/li>\n<li>HDMI 1 (admite una salida de resoluci\u00f3n de hasta 4K)<\/li>\n<li>VGA\u00a01<\/li>\n<li>Red\u00a01 puerto Ethernet autoadaptable RJ-45, 10\/100\/1000 Mbps<\/li>\n<li>Fuente de alimentaci\u00f3n 12Vdc 4 A<\/li>\n<li>Consumo de energ\u00eda &lt;5.6 W (Sin disco duro)<\/li>\n<li>Peso neto 1.5 kg<\/li>\n<li>Peso bruto 2.6 kg<\/li>\n<li>Dimensiones del producto 375mm x 282.9 mm x 53mm<\/li>\n<\/ul>\n","protected":false},"excerpt":{"rendered":"<div class=\"desc\" data-v-3cf4982a=\"\">\n<p data-v-3cf4982a=\"\" data-gtm-vis-recent-on-screen-10552706_184=\"500659\" data-gtm-vis-first-on-screen-10552706_184=\"500659\" data-gtm-vis-total-visible-time-10552706_184=\"100\" data-gtm-vis-has-fired-10552706_184=\"1\" data-gtm-vis-recent-on-screen-10552706_217=\"500687\" data-gtm-vis-first-on-screen-10552706_217=\"500687\" data-gtm-vis-total-visible-time-10552706_217=\"100\" data-gtm-vis-has-fired-10552706_217=\"1\"><span>Grabador de video en red de 32 canales 1U 2HDDs<\/span><\/p>\n<\/div>\n<ul>\n<li data-gtm-vis-recent-on-screen-10552706_184=\"500661\" data-gtm-vis-first-on-screen-10552706_184=\"500661\" data-gtm-vis-total-visible-time-10552706_184=\"100\" data-gtm-vis-has-fired-10552706_184=\"1\" data-gtm-vis-recent-on-screen-10552706_217=\"500692\" data-gtm-vis-first-on-screen-10552706_217=\"500692\" data-gtm-vis-total-visible-time-10552706_217=\"100\" data-gtm-vis-has-fired-10552706_217=\"1\"><span>Nueva interfaz de usuario 4.0, Security baseline 2.1<\/span><\/li>\n<li data-gtm-vis-recent-on-screen-10552706_184=\"500662\" data-gtm-vis-first-on-screen-10552706_184=\"500662\" data-gtm-vis-total-visible-time-10552706_184=\"100\" data-gtm-vis-has-fired-10552706_184=\"1\" data-gtm-vis-recent-on-screen-10552706_217=\"500693\" data-gtm-vis-first-on-screen-10552706_217=\"500693\" data-gtm-vis-total-visible-time-10552706_217=\"100\" data-gtm-vis-has-fired-10552706_217=\"1\"><span>H.264, H.265, Smart H.264 + y Smart H.265 +. Detector magn\u00e9tico H.265<\/span><\/li>\n<li data-gtm-vis-recent-on-screen-10552706_184=\"500670\" data-gtm-vis-first-on-screen-10552706_184=\"500670\" data-gtm-vis-total-visible-time-10552706_184=\"100\" data-gtm-vis-has-fired-10552706_184=\"1\" data-gtm-vis-recent-on-screen-10552706_217=\"500694\" data-gtm-vis-first-on-screen-10552706_217=\"500694\" data-gtm-vis-total-visible-time-10552706_217=\"100\" data-gtm-vis-has-fired-10552706_217=\"1\"><span>M\u00e1x. capacidad de decodificaci\u00f3n: 8 \u00d7 1080p @ 30 fps.\u00a0Admite decodificaci\u00f3n adaptativa<\/span><\/li>\n<li data-gtm-vis-recent-on-screen-10552706_184=\"500671\" data-gtm-vis-first-on-screen-10552706_184=\"500671\" data-gtm-vis-total-visible-time-10552706_184=\"100\" data-gtm-vis-has-fired-10552706_184=\"1\" data-gtm-vis-recent-on-screen-10552706_217=\"500694\" data-gtm-vis-first-on-screen-10552706_217=\"500694\" data-gtm-vis-total-visible-time-10552706_217=\"100\" data-gtm-vis-has-fired-10552706_217=\"1\"><span>Admite c\u00e1maras convencionales de protocolos ONVIF y RTSP<\/span><\/li>\n<li data-gtm-vis-recent-on-screen-10552706_184=\"500671\" data-gtm-vis-first-on-screen-10552706_184=\"500671\" data-gtm-vis-total-visible-time-10552706_184=\"100\" data-gtm-vis-has-fired-10552706_184=\"1\" data-gtm-vis-recent-on-screen-10552706_217=\"500694\" data-gtm-vis-first-on-screen-10552706_217=\"500694\" data-gtm-vis-total-visible-time-10552706_217=\"100\" data-gtm-vis-has-fired-10552706_217=\"1\"><span>Vigilancia remota P2P, reproducci\u00f3n de video en dispositivo m\u00f3vil<\/span><\/li>\n<li data-gtm-vis-recent-on-screen-10552706_184=\"500675\" data-gtm-vis-first-on-screen-10552706_184=\"500675\" data-gtm-vis-total-visible-time-10552706_184=\"100\" data-gtm-vis-has-fired-10552706_184=\"1\" data-gtm-vis-recent-on-screen-10552706_217=\"500696\" data-gtm-vis-first-on-screen-10552706_217=\"500696\" data-gtm-vis-total-visible-time-10552706_217=\"100\" data-gtm-vis-has-fired-10552706_217=\"1\"><span>Salida de video simult\u00e1nea VGA \/ HDMI, la resoluci\u00f3n m\u00e1xima de HDMI es 4K<\/span><\/li>\n<li data-gtm-vis-recent-on-screen-10552706_184=\"500676\" data-gtm-vis-first-on-screen-10552706_184=\"500676\" data-gtm-vis-total-visible-time-10552706_184=\"100\" data-gtm-vis-has-fired-10552706_184=\"1\" data-gtm-vis-recent-on-screen-10552706_217=\"500697\" data-gtm-vis-first-on-screen-10552706_217=\"500697\" data-gtm-vis-total-visible-time-10552706_217=\"100\" data-gtm-vis-has-fired-10552706_217=\"1\"><span>AI por c\u00e1mara: detecci\u00f3n de rostros, protecci\u00f3n perimetral, IVS, conteo de personas, mapa de calor y SMD<\/span><\/li>\n<li data-gtm-vis-recent-on-screen-10552706_184=\"500678\" data-gtm-vis-first-on-screen-10552706_184=\"500678\" data-gtm-vis-total-visible-time-10552706_184=\"100\" data-gtm-vis-has-fired-10552706_184=\"1\" data-gtm-vis-recent-on-screen-10552706_217=\"500714\" data-gtm-vis-first-on-screen-10552706_217=\"500714\" data-gtm-vis-total-visible-time-10552706_217=\"100\" data-gtm-vis-has-fired-10552706_217=\"1\"><span>Admite la configuraci\u00f3n y gesti\u00f3n remotas de IPC, como la configuraci\u00f3n de par\u00e1metros, la obtenci\u00f3n de informaci\u00f3n y la actualizaci\u00f3n de IPC del mismo modelo en lotes<\/span><\/li>\n<\/ul>\n","protected":false},"featured_media":37837,"comment_status":"open","ping_status":"closed","template":"","meta":{"_et_pb_use_builder":"","_et_pb_old_content":"","_et_gb_content_width":""},"product_brand":[],"product_cat":[521,522,549,553],"product_tag":[972,973,909,835,834,890,971,833,880],"class_list":{"0":"post-37836","1":"product","2":"type-product","3":"status-publish","4":"has-post-thumbnail","6":"product_cat-cctv","7":"product_cat-ip","8":"product_cat-nvr","9":"product_cat-32-ch","10":"product_tag-2-bahias-de-discos-duros","11":"product_tag-42-es-de-alarmas","12":"product_tag-4k","13":"product_tag-cctv","14":"product_tag-dahua","15":"product_tag-hasta-8mp","16":"product_tag-nvr","17":"product_tag-seguridad","18":"product_tag-videograbador","20":"first","21":"instock","22":"taxable","23":"shipping-taxable","24":"product-type-simple"},"_links":{"self":[{"href":"https:\/\/arxisdemexico.com.mx\/arxis\/wp-json\/wp\/v2\/product\/37836","targetHints":{"allow":["GET"]}}],"collection":[{"href":"https:\/\/arxisdemexico.com.mx\/arxis\/wp-json\/wp\/v2\/product"}],"about":[{"href":"https:\/\/arxisdemexico.com.mx\/arxis\/wp-json\/wp\/v2\/types\/product"}],"replies":[{"embeddable":true,"href":"https:\/\/arxisdemexico.com.mx\/arxis\/wp-json\/wp\/v2\/comments?post=37836"}],"wp:featuredmedia":[{"embeddable":true,"href":"https:\/\/arxisdemexico.com.mx\/arxis\/wp-json\/wp\/v2\/media\/37837"}],"wp:attachment":[{"href":"https:\/\/arxisdemexico.com.mx\/arxis\/wp-json\/wp\/v2\/media?parent=37836"}],"wp:term":[{"taxonomy":"product_brand","embeddable":true,"href":"https:\/\/arxisdemexico.com.mx\/arxis\/wp-json\/wp\/v2\/product_brand?post=37836"},{"taxonomy":"product_cat","embeddable":true,"href":"https:\/\/arxisdemexico.com.mx\/arxis\/wp-json\/wp\/v2\/product_cat?post=37836"},{"taxonomy":"product_tag","embeddable":true,"href":"https:\/\/arxisdemexico.com.mx\/arxis\/wp-json\/wp\/v2\/product_tag?post=37836"}],"curies":[{"name":"wp","href":"https:\/\/api.w.org\/{rel}","templated":true}]}}