{"id":37831,"date":"2021-11-03T17:03:02","date_gmt":"2021-11-03T23:03:02","guid":{"rendered":"https:\/\/www.arxisdemexico.com.mx\/arxis\/?post_type=product&#038;p=37831"},"modified":"2021-11-03T17:03:05","modified_gmt":"2021-11-03T23:03:05","slug":"dahua-nvr2116hs-i-nvr-de-16-canales-wizsense-h-265-200-mbps-1-ch-de-reconocimiento-facial-o-2-canales-de-proteccion-perimetral-o-4-canales-de-smd-1-sata-de-hasta-8-tb-1-vga-1-hdmi-soporta-cam","status":"publish","type":"product","link":"https:\/\/arxisdemexico.com.mx\/arxis\/producto\/dahua-nvr2116hs-i-nvr-de-16-canales-wizsense-h-265-200-mbps-1-ch-de-reconocimiento-facial-o-2-canales-de-proteccion-perimetral-o-4-canales-de-smd-1-sata-de-hasta-8-tb-1-vga-1-hdmi-soporta-cam\/","title":{"rendered":"DAHUA NVR2116HS-I &#8211; NVR de 16 Canales WizSense\/ H.265\/ 200 Mbps\/ 1 Ch de Reconocimiento Facial o 2 Canales de Protecci\u00f3n Perimetral o 4 Canales de SMD\/ 1 SATA de hasta 8 TB\/ 1 VGA\/ 1 HDMI\/ Soporta Camaras Onvif"},"content":{"rendered":"<ul>\n<li>Nueva interfaz de usuario 4.0<\/li>\n<li>Vigilancia remota, visualizaci\u00f3n en vivo y reproducci\u00f3n de video en la aplicaci\u00f3n de tel\u00e9fono m\u00f3vil<\/li>\n<li>Max. capacidad de decodificaci\u00f3n: 4 \u00d7 1080P @ 30fps.<\/li>\n<li>Admite c\u00e1maras convencionales de protocolos ONVIF y RTSP<\/li>\n<li>H.264 \/ .H265 \/ Smart H.264 + \/ Smart H.265 + \/ MJPEG, interruptor autom\u00e1tico H.265<\/li>\n<li>Salida de video simult\u00e1nea 1 VGA \/ 1 HDMI por defecto, la resoluci\u00f3n m\u00e1xima de<\/li>\n<li>HDMI es 4K; y tambi\u00e9n se admite la salida de video no simult\u00e1nea, la resoluci\u00f3n<\/li>\n<li>m\u00e1xima es 1080P<\/li>\n<li>Detecci\u00f3n y reconocimiento de rostros de 1 canal (AI por NVR); o detecci\u00f3n de per\u00edmetro de 2 canales<\/li>\n<li>Hasta 10 bases de datos faciales y 5000 im\u00e1genes faciales<\/li>\n<li>SMD<\/li>\n<li>Fuente de alimentaci\u00f3n: DC12V, 1.5A<\/li>\n<li>El consumo de energ\u00eda: \u2264 10W (sin HDD)<\/li>\n<li>Peso neto: 0,81 kg (1,79 libras)<\/li>\n<li>Peso bruto: 1,38 kg (3,04 libras)<\/li>\n<\/ul>\n","protected":false},"excerpt":{"rendered":"<p class=\"text\" data-v-5fe8c490=\"\" data-gtm-vis-has-fired-10552706_181=\"1\" data-gtm-vis-has-fired-10552706_195=\"1\" data-gtm-vis-recent-on-screen-10552706_192=\"52713\" data-gtm-vis-first-on-screen-10552706_192=\"52713\" data-gtm-vis-total-visible-time-10552706_192=\"100\" data-gtm-vis-has-fired-10552706_192=\"1\" data-gtm-vis-recent-on-screen-10552706_194=\"52726\" data-gtm-vis-first-on-screen-10552706_194=\"52726\" data-gtm-vis-total-visible-time-10552706_194=\"100\" data-gtm-vis-has-fired-10552706_194=\"1\" data-gtm-vis-recent-on-screen-10552706_193=\"52727\" data-gtm-vis-first-on-screen-10552706_193=\"52727\" data-gtm-vis-total-visible-time-10552706_193=\"100\" data-gtm-vis-has-fired-10552706_193=\"1\" data-gtm-vis-recent-on-screen-10552706_184=\"52729\" data-gtm-vis-first-on-screen-10552706_184=\"52729\" data-gtm-vis-total-visible-time-10552706_184=\"100\" data-gtm-vis-has-fired-10552706_184=\"1\" data-gtm-vis-recent-on-screen-10552706_217=\"52816\" data-gtm-vis-first-on-screen-10552706_217=\"52816\" data-gtm-vis-total-visible-time-10552706_217=\"100\" data-gtm-vis-has-fired-10552706_217=\"1\" data-gtm-vis-recent-on-screen-10552706_196=\"52832\" data-gtm-vis-first-on-screen-10552706_196=\"52832\" data-gtm-vis-total-visible-time-10552706_196=\"100\" data-gtm-vis-has-fired-10552706_196=\"1\"><span>Grabador de video en red WizSense compacto de 16 canales 1U<\/span><\/p>\n<div data-v-5fe8c490=\"\">\n<ul>\n<li data-gtm-vis-recent-on-screen-10552706_184=\"55546\" data-gtm-vis-first-on-screen-10552706_184=\"55546\" data-gtm-vis-total-visible-time-10552706_184=\"100\" data-gtm-vis-has-fired-10552706_184=\"1\" data-gtm-vis-recent-on-screen-10552706_217=\"55582\" data-gtm-vis-first-on-screen-10552706_217=\"55582\" data-gtm-vis-total-visible-time-10552706_217=\"100\" data-gtm-vis-has-fired-10552706_217=\"1\"><span>Nueva interfaz de usuario 4.0<\/span><\/li>\n<li data-gtm-vis-recent-on-screen-10552706_184=\"55547\" data-gtm-vis-first-on-screen-10552706_184=\"55547\" data-gtm-vis-total-visible-time-10552706_184=\"100\" data-gtm-vis-has-fired-10552706_184=\"1\" data-gtm-vis-recent-on-screen-10552706_217=\"55603\" data-gtm-vis-first-on-screen-10552706_217=\"55603\" data-gtm-vis-total-visible-time-10552706_217=\"100\" data-gtm-vis-has-fired-10552706_217=\"1\"><span>Aplicaci\u00f3n de vigilancia remota, visualizaci\u00f3n en vivo y reproducci\u00f3n de video en el tel\u00e9fono m\u00f3vil<\/span><\/li>\n<li data-gtm-vis-recent-on-screen-10552706_184=\"55550\" data-gtm-vis-first-on-screen-10552706_184=\"55550\" data-gtm-vis-total-visible-time-10552706_184=\"100\" data-gtm-vis-has-fired-10552706_184=\"1\" data-gtm-vis-recent-on-screen-10552706_217=\"55604\" data-gtm-vis-first-on-screen-10552706_217=\"55604\" data-gtm-vis-total-visible-time-10552706_217=\"100\" data-gtm-vis-has-fired-10552706_217=\"1\"><span>M\u00e1x. capacidad de decodificaci\u00f3n: 4 \u00d7 1080P @ 30fps.\u00a0Admite decodificaci\u00f3n adaptativa<\/span><\/li>\n<li data-gtm-vis-recent-on-screen-10552706_184=\"55558\" data-gtm-vis-first-on-screen-10552706_184=\"55558\" data-gtm-vis-total-visible-time-10552706_184=\"100\" data-gtm-vis-has-fired-10552706_184=\"1\" data-gtm-vis-recent-on-screen-10552706_217=\"55607\" data-gtm-vis-first-on-screen-10552706_217=\"55607\" data-gtm-vis-total-visible-time-10552706_217=\"100\" data-gtm-vis-has-fired-10552706_217=\"1\"><span>Admite c\u00e1maras convencionales de protocolos ONVIF y RTSP<\/span><\/li>\n<li data-gtm-vis-recent-on-screen-10552706_184=\"55560\" data-gtm-vis-first-on-screen-10552706_184=\"55560\" data-gtm-vis-total-visible-time-10552706_184=\"100\" data-gtm-vis-has-fired-10552706_184=\"1\" data-gtm-vis-recent-on-screen-10552706_217=\"55613\" data-gtm-vis-first-on-screen-10552706_217=\"55613\" data-gtm-vis-total-visible-time-10552706_217=\"100\" data-gtm-vis-has-fired-10552706_217=\"1\"><span>H.264 \/ .H265 \/ Smart H.264 + \/ Smart H.265 + \/ MJPEG, interruptor autom\u00e1tico H.265<\/span><\/li>\n<li data-gtm-vis-recent-on-screen-10552706_184=\"55562\" data-gtm-vis-first-on-screen-10552706_184=\"55562\" data-gtm-vis-total-visible-time-10552706_184=\"100\" data-gtm-vis-has-fired-10552706_184=\"1\" data-gtm-vis-recent-on-screen-10552706_217=\"55619\" data-gtm-vis-first-on-screen-10552706_217=\"55619\" data-gtm-vis-total-visible-time-10552706_217=\"100\" data-gtm-vis-has-fired-10552706_217=\"1\"><span>1 salida de video simult\u00e1nea VGA \/ 1 HDMI por defecto, la resoluci\u00f3n m\u00e1xima de HDMI es 4K; y tambi\u00e9n se admite la salida de video no simult\u00e1nea, la resoluci\u00f3n m\u00e1xima es 1080P<\/span><\/li>\n<li data-gtm-vis-recent-on-screen-10552706_184=\"55563\" data-gtm-vis-first-on-screen-10552706_184=\"55563\" data-gtm-vis-total-visible-time-10552706_184=\"100\" data-gtm-vis-has-fired-10552706_184=\"1\" data-gtm-vis-recent-on-screen-10552706_217=\"55620\" data-gtm-vis-first-on-screen-10552706_217=\"55620\" data-gtm-vis-total-visible-time-10552706_217=\"100\" data-gtm-vis-has-fired-10552706_217=\"1\"><span>Detecci\u00f3n y reconocimiento de rostros de 1 canal (AI por NVR); o detecci\u00f3n perimetral de 2 canales (AI por NVR);\u00a0o SMD de 4 canales (AI por NVR);\u00a0hasta 10 bases de datos de rostros y 5000 im\u00e1genes de rostros<\/span><\/li>\n<li data-gtm-vis-first-on-screen-10552706_184=\"55564\" data-gtm-vis-first-on-screen-10552706_217=\"55636\"><span>L\u00ednea de base de seguridad 2.1<\/span><\/li>\n<\/ul>\n<\/div>\n","protected":false},"featured_media":37832,"comment_status":"open","ping_status":"closed","template":"","meta":{"_et_pb_use_builder":"","_et_pb_old_content":"","_et_gb_content_width":""},"product_brand":[],"product_cat":[521,522,549,552],"product_tag":[997,909,835,834,890,971,881,882,833,880],"class_list":{"0":"post-37831","1":"product","2":"type-product","3":"status-publish","4":"has-post-thumbnail","6":"product_cat-cctv","7":"product_cat-ip","8":"product_cat-nvr","9":"product_cat-16-ch","10":"product_tag-1-sata-de-hasta-8-tb","11":"product_tag-4k","12":"product_tag-cctv","13":"product_tag-dahua","14":"product_tag-hasta-8mp","15":"product_tag-nvr","16":"product_tag-proteccion-perimetral","17":"product_tag-reconocimiento-facial","18":"product_tag-seguridad","19":"product_tag-videograbador","21":"first","22":"instock","23":"taxable","24":"shipping-taxable","25":"product-type-simple"},"_links":{"self":[{"href":"https:\/\/arxisdemexico.com.mx\/arxis\/wp-json\/wp\/v2\/product\/37831","targetHints":{"allow":["GET"]}}],"collection":[{"href":"https:\/\/arxisdemexico.com.mx\/arxis\/wp-json\/wp\/v2\/product"}],"about":[{"href":"https:\/\/arxisdemexico.com.mx\/arxis\/wp-json\/wp\/v2\/types\/product"}],"replies":[{"embeddable":true,"href":"https:\/\/arxisdemexico.com.mx\/arxis\/wp-json\/wp\/v2\/comments?post=37831"}],"wp:featuredmedia":[{"embeddable":true,"href":"https:\/\/arxisdemexico.com.mx\/arxis\/wp-json\/wp\/v2\/media\/37832"}],"wp:attachment":[{"href":"https:\/\/arxisdemexico.com.mx\/arxis\/wp-json\/wp\/v2\/media?parent=37831"}],"wp:term":[{"taxonomy":"product_brand","embeddable":true,"href":"https:\/\/arxisdemexico.com.mx\/arxis\/wp-json\/wp\/v2\/product_brand?post=37831"},{"taxonomy":"product_cat","embeddable":true,"href":"https:\/\/arxisdemexico.com.mx\/arxis\/wp-json\/wp\/v2\/product_cat?post=37831"},{"taxonomy":"product_tag","embeddable":true,"href":"https:\/\/arxisdemexico.com.mx\/arxis\/wp-json\/wp\/v2\/product_tag?post=37831"}],"curies":[{"name":"wp","href":"https:\/\/api.w.org\/{rel}","templated":true}]}}