{"id":37826,"date":"2021-11-03T16:34:06","date_gmt":"2021-11-03T22:34:06","guid":{"rendered":"https:\/\/www.arxisdemexico.com.mx\/arxis\/?post_type=product&#038;p=37826"},"modified":"2021-11-03T16:34:18","modified_gmt":"2021-11-03T22:34:18","slug":"dahua-nvr2104hs-p-i-nvr-de-4-canales-ip-wizsense-4-puertos-poe-h-265-80-mbps-hdmi-y-vga-1-canal-con-reconocimiento-facial-o-2-canales-con-proteccion-perimetral-o-4-canales-con-smd-1-sata-de","status":"publish","type":"product","link":"https:\/\/arxisdemexico.com.mx\/arxis\/producto\/dahua-nvr2104hs-p-i-nvr-de-4-canales-ip-wizsense-4-puertos-poe-h-265-80-mbps-hdmi-y-vga-1-canal-con-reconocimiento-facial-o-2-canales-con-proteccion-perimetral-o-4-canales-con-smd-1-sata-de\/","title":{"rendered":"DAHUA NVR2104HS-P-I &#8211; NVR de 4 Canales IP\/ WizSense\/ 4 Puertos Poe\/ H.265+\/ 80 mbps\/ HDMI y VGA\/ 1 Canal con Reconocimiento facial o 2 Canales con Protecci\u00f3n Perimetral o 4 Canales con SMD\/ 1 Sata de de Hasta 8TB"},"content":{"rendered":"<ul>\n<li>4 canales IP.<\/li>\n<li>Protecci\u00f3n perimetral de hasta 2 canales.<\/li>\n<li>Reconocimiento facial en 1 canal.<\/li>\n<li>Soporte Detecci\u00f3n de Movimiento Inteligente Plus en 4 canales.<\/li>\n<li>Compresi\u00f3n de video Smart H.265+\/H.265\/Smart H.264+\/H.264\/MJPEG<\/li>\n<li>Ancho de Banda M\u00e1ximo 80Mbps (Acceso y Almacenamiento ).<\/li>\n<li>Capacidad de Decodificaci\u00f3n 1 canal 8mp@30fps o 4 canales 1080P@30fps.<\/li>\n<li>Salida simult\u00e1nea HDMI\/VGA, resoluci\u00f3n m\u00e1xima de salida HDMI de 4K.<\/li>\n<li>Poe Total 38W, salida m\u00e1xima PoE por puerto es de 25.5W.<\/li>\n<li>1 puerto SATA hasta 8Tb.<\/li>\n<li>2 puertos USB (1 trasero USB 2.0 , 1 delantero USB 2.0 ).<\/li>\n<li>4 puertos PoE.<\/li>\n<li>1 puerto rj-45\u00a0(10\/100 Mbps).<\/li>\n<li>Fuente de alimentaci\u00f3n CD53V, 1.13Amp.<\/li>\n<li>Consumo de energ\u00eda NVR: &lt;10W ( Con disco duro ).<\/li>\n<li>Condiciones de operaci\u00f3n -10\u00baC a 55\u00baC.<\/li>\n<li>Dimensiones\u00a0260 mm \u00d7 232.7 mm \u00d7 47.6 mm.<\/li>\n<li>Peso 0.86 kg.<\/li>\n<\/ul>\n","protected":false},"excerpt":{"rendered":"<p class=\"text\" data-v-5fe8c490=\"\" data-gtm-vis-has-fired-10552706_181=\"1\" data-gtm-vis-has-fired-10552706_195=\"1\" data-gtm-vis-first-on-screen-10552706_192=\"6486\" data-gtm-vis-first-on-screen-10552706_184=\"6490\" data-gtm-vis-first-on-screen-10552706_217=\"6499\" data-gtm-vis-first-on-screen-10552706_196=\"6507\" data-gtm-vis-first-on-screen-10552706_193=\"6515\" data-gtm-vis-first-on-screen-10552706_194=\"6567\"><span>Grabador de v\u00eddeo en red WizSense compacto 1U 4PoE de 4 canales<\/span><\/p>\n<div data-v-5fe8c490=\"\">\n<ul>\n<li data-gtm-vis-first-on-screen-10552706_184=\"10452\" data-gtm-vis-first-on-screen-10552706_217=\"10501\"><span>Nueva interfaz de usuario 4.0<\/span><\/li>\n<li data-gtm-vis-first-on-screen-10552706_184=\"10463\" data-gtm-vis-first-on-screen-10552706_217=\"10502\"><span>Aplicaci\u00f3n de vigilancia remota, visualizaci\u00f3n en vivo y reproducci\u00f3n de video en el tel\u00e9fono m\u00f3vil<\/span><\/li>\n<li data-gtm-vis-first-on-screen-10552706_184=\"10464\" data-gtm-vis-first-on-screen-10552706_217=\"10503\"><span>M\u00e1x. capacidad de decodificaci\u00f3n: 4 \u00d7 1080P @ 30fps.\u00a0Admite decodificaci\u00f3n adaptativa<\/span><\/li>\n<li data-gtm-vis-first-on-screen-10552706_184=\"10465\" data-gtm-vis-first-on-screen-10552706_217=\"10504\"><span>Admite c\u00e1maras convencionales de protocolos ONVIF y RTSP<\/span><\/li>\n<li data-gtm-vis-recent-on-screen-10552706_184=\"10467\" data-gtm-vis-first-on-screen-10552706_184=\"10467\" data-gtm-vis-total-visible-time-10552706_184=\"100\" data-gtm-vis-has-fired-10552706_184=\"1\" data-gtm-vis-recent-on-screen-10552706_217=\"10505\" data-gtm-vis-first-on-screen-10552706_217=\"10505\" data-gtm-vis-total-visible-time-10552706_217=\"100\" data-gtm-vis-has-fired-10552706_217=\"1\"><span>H.264 \/ .H265 \/ Smart H.264 + \/ Smart H.265 + \/ MJPEG, interruptor autom\u00e1tico H.265<\/span><\/li>\n<li data-gtm-vis-recent-on-screen-10552706_184=\"10468\" data-gtm-vis-first-on-screen-10552706_184=\"10468\" data-gtm-vis-total-visible-time-10552706_184=\"100\" data-gtm-vis-has-fired-10552706_184=\"1\" data-gtm-vis-recent-on-screen-10552706_217=\"10506\" data-gtm-vis-first-on-screen-10552706_217=\"10506\" data-gtm-vis-total-visible-time-10552706_217=\"100\" data-gtm-vis-has-fired-10552706_217=\"1\"><span>1 salida de video simult\u00e1nea VGA \/ 1 HDMI por defecto, la resoluci\u00f3n m\u00e1xima de HDMI es 4K; y tambi\u00e9n se admite la salida de video no simult\u00e1nea, la resoluci\u00f3n m\u00e1xima es 1080P<\/span><\/li>\n<li data-gtm-vis-recent-on-screen-10552706_184=\"10469\" data-gtm-vis-first-on-screen-10552706_184=\"10469\" data-gtm-vis-total-visible-time-10552706_184=\"100\" data-gtm-vis-has-fired-10552706_184=\"1\" data-gtm-vis-recent-on-screen-10552706_217=\"10516\" data-gtm-vis-first-on-screen-10552706_217=\"10516\" data-gtm-vis-total-visible-time-10552706_217=\"100\" data-gtm-vis-has-fired-10552706_217=\"1\"><span>Detecci\u00f3n y reconocimiento de rostros de 1 canal (AI por NVR); o detecci\u00f3n perimetral de 2 canales (AI por NVR);\u00a0o SMD de 4 canales (AI por NVR);\u00a0hasta 10 bases de datos de rostros y 5000 im\u00e1genes de rostros<\/span><\/li>\n<li data-gtm-vis-first-on-screen-10552706_184=\"10496\" data-gtm-vis-first-on-screen-10552706_217=\"10523\" data-gtm-vis-recent-on-screen-10552706_184=\"15953\" data-gtm-vis-total-visible-time-10552706_184=\"100\" data-gtm-vis-has-fired-10552706_184=\"1\" data-gtm-vis-recent-on-screen-10552706_217=\"15954\" data-gtm-vis-total-visible-time-10552706_217=\"100\" data-gtm-vis-has-fired-10552706_217=\"1\"><span>L\u00ednea de base de seguridad 2.1<\/span><\/li>\n<\/ul>\n<\/div>\n","protected":false},"featured_media":37827,"comment_status":"open","ping_status":"closed","template":"","meta":{"_et_pb_use_builder":"","_et_pb_old_content":"","_et_gb_content_width":""},"product_brand":[],"product_cat":[521,522,549,550],"product_tag":[994,835,834,971,881,882,833,880,883],"class_list":{"0":"post-37826","1":"product","2":"type-product","3":"status-publish","4":"has-post-thumbnail","6":"product_cat-cctv","7":"product_cat-ip","8":"product_cat-nvr","9":"product_cat-4-ch","10":"product_tag-1-sata-de-de-hasta-8tb","11":"product_tag-cctv","12":"product_tag-dahua","13":"product_tag-nvr","14":"product_tag-proteccion-perimetral","15":"product_tag-reconocimiento-facial","16":"product_tag-seguridad","17":"product_tag-videograbador","18":"product_tag-wizsense","20":"first","21":"instock","22":"taxable","23":"shipping-taxable","24":"product-type-simple"},"_links":{"self":[{"href":"https:\/\/arxisdemexico.com.mx\/arxis\/wp-json\/wp\/v2\/product\/37826","targetHints":{"allow":["GET"]}}],"collection":[{"href":"https:\/\/arxisdemexico.com.mx\/arxis\/wp-json\/wp\/v2\/product"}],"about":[{"href":"https:\/\/arxisdemexico.com.mx\/arxis\/wp-json\/wp\/v2\/types\/product"}],"replies":[{"embeddable":true,"href":"https:\/\/arxisdemexico.com.mx\/arxis\/wp-json\/wp\/v2\/comments?post=37826"}],"wp:featuredmedia":[{"embeddable":true,"href":"https:\/\/arxisdemexico.com.mx\/arxis\/wp-json\/wp\/v2\/media\/37827"}],"wp:attachment":[{"href":"https:\/\/arxisdemexico.com.mx\/arxis\/wp-json\/wp\/v2\/media?parent=37826"}],"wp:term":[{"taxonomy":"product_brand","embeddable":true,"href":"https:\/\/arxisdemexico.com.mx\/arxis\/wp-json\/wp\/v2\/product_brand?post=37826"},{"taxonomy":"product_cat","embeddable":true,"href":"https:\/\/arxisdemexico.com.mx\/arxis\/wp-json\/wp\/v2\/product_cat?post=37826"},{"taxonomy":"product_tag","embeddable":true,"href":"https:\/\/arxisdemexico.com.mx\/arxis\/wp-json\/wp\/v2\/product_tag?post=37826"}],"curies":[{"name":"wp","href":"https:\/\/api.w.org\/{rel}","templated":true}]}}