{"id":37821,"date":"2021-11-03T15:18:33","date_gmt":"2021-11-03T21:18:33","guid":{"rendered":"https:\/\/www.arxisdemexico.com.mx\/arxis\/?post_type=product&#038;p=37821"},"modified":"2021-11-03T15:28:07","modified_gmt":"2021-11-03T21:28:07","slug":"dahua-dss4004s2-servidor-de-administracion-remota-para-dispositivos-dahua-256-canales-de-video-32-canales-de-reconocimiento-facial-32-anpr-350-mbps-4-puertos-rj-45-10-100-1000","status":"publish","type":"product","link":"https:\/\/arxisdemexico.com.mx\/arxis\/producto\/dahua-dss4004s2-servidor-de-administracion-remota-para-dispositivos-dahua-256-canales-de-video-32-canales-de-reconocimiento-facial-32-anpr-350-mbps-4-puertos-rj-45-10-100-1000\/","title":{"rendered":"DAHUA DSS4004S2 &#8211; Servidor de Administracion Remota para Dispositivos Dahua\/ 256 Canales de Video\/ 32 Canales de Reconocimiento Facial\/ 32 ANPR\/ 350 MBPS\/ 4 Puertos RJ-45 10-100-1000"},"content":{"rendered":"<ul>\n<li class=\"ql-align-justify\">Soporta 32 dispositivos (ANPR, Reconocimiento Facial, Detecci\u00f3n de Objetos, POS).<\/li>\n<li class=\"ql-align-justify\">Soporta 64 canales ONVIF<\/li>\n<li class=\"ql-align-justify\">Soporta 350Mbps para acceso individual y 350Mbps de retransmisi\u00f3n.<\/li>\n<li class=\"ql-align-justify\">Seguro y estable, altamente confiable.<\/li>\n<li class=\"ql-align-justify\">2 HDMI\/ 1 VGA (s\u00f3lo para configuraci\u00f3n de red, no muestra c\u00e1maras).<\/li>\n<li class=\"ql-align-justify\">4 puertos de red\u00a0RJ-45\u00a0(10\/100\/1000Mbps).<\/li>\n<li class=\"ql-align-justify\">4 puertos USB (2 USB2.0 panel frontal y 2 USB3.0 panel trasero).<\/li>\n<li class=\"ql-align-justify\">Memoria de 8GB.<\/li>\n<li class=\"ql-align-justify\">Consumo de energ\u00eda m\u00e1ximo 70W, 120W estable<\/li>\n<li class=\"ql-align-justify\">Ambiente de trabajo\u00a00\u00ba C ~ 45\u00ba C.<\/li>\n<li class=\"ql-align-justify\">Dimensi\u00f3n\u00a0440mm\u00d7398.6mm\u00d743.65 mm<\/li>\n<li class=\"ql-align-justify\">Peso 6.0Kg<\/li>\n<\/ul>\n","protected":false},"excerpt":{"rendered":"<div class=\"desc\" data-v-3cf4982a=\"\">\n<p data-v-3cf4982a=\"\" data-gtm-vis-recent-on-screen-10552706_184=\"10435\" data-gtm-vis-first-on-screen-10552706_184=\"10435\" data-gtm-vis-total-visible-time-10552706_184=\"100\" data-gtm-vis-has-fired-10552706_184=\"1\" data-gtm-vis-recent-on-screen-10552706_217=\"10455\" data-gtm-vis-first-on-screen-10552706_217=\"10455\" data-gtm-vis-total-visible-time-10552706_217=\"100\" data-gtm-vis-has-fired-10552706_217=\"1\">Un sistema de vigilancia econ\u00f3mico<\/p>\n<\/div>\n<ul>\n<li data-gtm-vis-recent-on-screen-10552706_184=\"10442\" data-gtm-vis-first-on-screen-10552706_184=\"10443\" data-gtm-vis-total-visible-time-10552706_184=\"100\" data-gtm-vis-has-fired-10552706_184=\"1\" data-gtm-vis-recent-on-screen-10552706_217=\"10458\" data-gtm-vis-first-on-screen-10552706_217=\"10458\" data-gtm-vis-total-visible-time-10552706_217=\"100\" data-gtm-vis-has-fired-10552706_217=\"1\">Econ\u00f3mico<\/li>\n<li data-gtm-vis-recent-on-screen-10552706_184=\"10448\" data-gtm-vis-first-on-screen-10552706_184=\"10448\" data-gtm-vis-total-visible-time-10552706_184=\"100\" data-gtm-vis-has-fired-10552706_184=\"1\" data-gtm-vis-recent-on-screen-10552706_217=\"10462\" data-gtm-vis-first-on-screen-10552706_217=\"10462\" data-gtm-vis-total-visible-time-10552706_217=\"100\" data-gtm-vis-has-fired-10552706_217=\"1\">Precargado con DSS Express f\u00e1cil de usar optimizado para Linux, que simplifica la implementaci\u00f3n<\/li>\n<li data-gtm-vis-recent-on-screen-10552706_184=\"10449\" data-gtm-vis-first-on-screen-10552706_184=\"10449\" data-gtm-vis-total-visible-time-10552706_184=\"100\" data-gtm-vis-has-fired-10552706_184=\"1\" data-gtm-vis-recent-on-screen-10552706_217=\"10464\" data-gtm-vis-first-on-screen-10552706_217=\"10464\" data-gtm-vis-total-visible-time-10552706_217=\"100\" data-gtm-vis-has-fired-10552706_217=\"1\">256 canales de video preactivados pueden ahorrar los enormes costos de los proyectos<\/li>\n<li data-gtm-vis-recent-on-screen-10552706_184=\"10451\" data-gtm-vis-first-on-screen-10552706_184=\"10451\" data-gtm-vis-total-visible-time-10552706_184=\"100\" data-gtm-vis-has-fired-10552706_184=\"1\" data-gtm-vis-recent-on-screen-10552706_217=\"10465\" data-gtm-vis-first-on-screen-10552706_217=\"10465\" data-gtm-vis-total-visible-time-10552706_217=\"100\" data-gtm-vis-has-fired-10552706_217=\"1\">Alta fiabilidad<\/li>\n<li data-gtm-vis-recent-on-screen-10552706_184=\"10452\" data-gtm-vis-first-on-screen-10552706_184=\"10452\" data-gtm-vis-total-visible-time-10552706_184=\"100\" data-gtm-vis-has-fired-10552706_184=\"1\" data-gtm-vis-recent-on-screen-10552706_217=\"10467\" data-gtm-vis-first-on-screen-10552706_217=\"10467\" data-gtm-vis-total-visible-time-10552706_217=\"100\" data-gtm-vis-has-fired-10552706_217=\"1\">La prueba de estabilidad a largo plazo hace que el hardware, el sistema operativo y el software sean m\u00e1s compatibles<\/li>\n<\/ul>\n","protected":false},"featured_media":37813,"comment_status":"open","ping_status":"closed","template":"","meta":{"_et_pb_use_builder":"","_et_pb_old_content":"","_et_gb_content_width":""},"product_brand":[],"product_cat":[974,521,522],"product_tag":[984,980,982,981,983,834,979],"class_list":{"0":"post-37821","1":"product","2":"type-product","3":"status-publish","4":"has-post-thumbnail","6":"product_cat-servidores","7":"product_cat-cctv","8":"product_cat-ip","9":"product_tag-10-100-1000","10":"product_tag-256-canales-de-video","11":"product_tag-32-anpr","12":"product_tag-32-canales-de-reconocimiento-facial","13":"product_tag-350-mbps","14":"product_tag-dahua","15":"product_tag-servidor-de-administracion-remota","17":"first","18":"instock","19":"taxable","20":"shipping-taxable","21":"product-type-simple"},"_links":{"self":[{"href":"https:\/\/arxisdemexico.com.mx\/arxis\/wp-json\/wp\/v2\/product\/37821","targetHints":{"allow":["GET"]}}],"collection":[{"href":"https:\/\/arxisdemexico.com.mx\/arxis\/wp-json\/wp\/v2\/product"}],"about":[{"href":"https:\/\/arxisdemexico.com.mx\/arxis\/wp-json\/wp\/v2\/types\/product"}],"replies":[{"embeddable":true,"href":"https:\/\/arxisdemexico.com.mx\/arxis\/wp-json\/wp\/v2\/comments?post=37821"}],"wp:featuredmedia":[{"embeddable":true,"href":"https:\/\/arxisdemexico.com.mx\/arxis\/wp-json\/wp\/v2\/media\/37813"}],"wp:attachment":[{"href":"https:\/\/arxisdemexico.com.mx\/arxis\/wp-json\/wp\/v2\/media?parent=37821"}],"wp:term":[{"taxonomy":"product_brand","embeddable":true,"href":"https:\/\/arxisdemexico.com.mx\/arxis\/wp-json\/wp\/v2\/product_brand?post=37821"},{"taxonomy":"product_cat","embeddable":true,"href":"https:\/\/arxisdemexico.com.mx\/arxis\/wp-json\/wp\/v2\/product_cat?post=37821"},{"taxonomy":"product_tag","embeddable":true,"href":"https:\/\/arxisdemexico.com.mx\/arxis\/wp-json\/wp\/v2\/product_tag?post=37821"}],"curies":[{"name":"wp","href":"https:\/\/api.w.org\/{rel}","templated":true}]}}