{"id":37806,"date":"2021-11-03T13:41:08","date_gmt":"2021-11-03T19:41:08","guid":{"rendered":"https:\/\/www.arxisdemexico.com.mx\/arxis\/?post_type=product&#038;p=37806"},"modified":"2021-11-03T13:57:40","modified_gmt":"2021-11-03T19:57:40","slug":"dahua-dhi-nvr4216-4ks2-l-nvr-de-16-canales-4k-serie-lite-128-mbps-h-265-soporta-camaras-de-hasta-8-megapixeles-2-bahias-de-discos-duros-hdmi-vga-42-es-de-alarmas","status":"publish","type":"product","link":"https:\/\/arxisdemexico.com.mx\/arxis\/producto\/dahua-dhi-nvr4216-4ks2-l-nvr-de-16-canales-4k-serie-lite-128-mbps-h-265-soporta-camaras-de-hasta-8-megapixeles-2-bahias-de-discos-duros-hdmi-vga-42-es-de-alarmas\/","title":{"rendered":"DAHUA NVR4216-4KS2\/L &#8211; NVR de 16 Canales 4k\/ Serie Lite\/ 128 MBPS\/ H.265+\/ Soporta Camaras de Hasta 8 Megapixeles\/ 2 Bahias de Discos Duros\/ HDMI\/ VGA\/ 4&#038;2 E&#038;S de Alarmas"},"content":{"rendered":"<ul>\n<li>Nueva interfaz de usuario con una experiencia de operaci\u00f3n m\u00e1s sencilla<\/li>\n<li>Smart H.265 + \/ Smart H.264 +<\/li>\n<li>Ancho de banda de red 128 Mbps para acceso, 128 Mbps para almacenamiento y 64 Mbps para reenv\u00edo<\/li>\n<li>Resoluci\u00f3n 8MP \/ 5MP \/ 4MP \/ 3MP \/ 1080P \/ 720P \/ D1 \/ CIF<\/li>\n<li>Vigilancia remota P2P, reproducci\u00f3n de video en dispositivo m\u00f3vil<\/li>\n<li>16 canales a 720P (30FPS), capacidad de decodificaci\u00f3n autoadaptable<\/li>\n<li>Admite c\u00e1maras convencionales de protocolo ONVIF y RTSP<\/li>\n<li>Salida de video simult\u00e1nea VGA \/ HDMI, la resoluci\u00f3n m\u00e1xima de HDMI es 4K<\/li>\n<li>4 puertos de entrada de alarma, 2 puertos de salida de alarma<\/li>\n<li>2 puertos SATA para disco duro, hasta 8 TB por cada disco duro<\/li>\n<li>Fuente de alimentaci\u00f3n 12 V cc 4 A<\/li>\n<li>El consumo de energ\u00eda es de \u2264 10W (sin HDD)<\/li>\n<li>Dimensiones 375 mm \u00d7 282.4 mm \u00d7 53 mm (ancho \u00d7 largo \u00d7 alto)<\/li>\n<li>Peso neto 1.51 kg (sin HDD)<\/li>\n<\/ul>\n","protected":false},"excerpt":{"rendered":"<p class=\"text\" data-v-5fe8c490=\"\" data-gtm-vis-has-fired-10552706_181=\"1\" data-gtm-vis-has-fired-10552706_195=\"1\" data-gtm-vis-recent-on-screen-10552706_217=\"9688\" data-gtm-vis-first-on-screen-10552706_217=\"9688\" data-gtm-vis-total-visible-time-10552706_217=\"100\" data-gtm-vis-has-fired-10552706_217=\"1\" data-gtm-vis-recent-on-screen-10552706_196=\"9690\" data-gtm-vis-first-on-screen-10552706_196=\"9690\" data-gtm-vis-total-visible-time-10552706_196=\"100\" data-gtm-vis-has-fired-10552706_196=\"1\" data-gtm-vis-recent-on-screen-10552706_194=\"9692\" data-gtm-vis-first-on-screen-10552706_194=\"9692\" data-gtm-vis-total-visible-time-10552706_194=\"100\" data-gtm-vis-has-fired-10552706_194=\"1\" data-gtm-vis-recent-on-screen-10552706_184=\"9703\" data-gtm-vis-first-on-screen-10552706_184=\"9703\" data-gtm-vis-total-visible-time-10552706_184=\"100\" data-gtm-vis-has-fired-10552706_184=\"1\" data-gtm-vis-recent-on-screen-10552706_192=\"9705\" data-gtm-vis-first-on-screen-10552706_192=\"9705\" data-gtm-vis-total-visible-time-10552706_192=\"100\" data-gtm-vis-has-fired-10552706_192=\"1\" data-gtm-vis-recent-on-screen-10552706_193=\"9707\" data-gtm-vis-first-on-screen-10552706_193=\"9707\" data-gtm-vis-total-visible-time-10552706_193=\"100\" data-gtm-vis-has-fired-10552706_193=\"1\">Grabador de video en red de 16 canales 1U 2HDDs<\/p>\n<ul>\n<li>Nueva interfaz de usuario 4.0, Security baseline 2.1<\/li>\n<li data-gtm-vis-recent-on-screen-10552706_184=\"15957\" data-gtm-vis-first-on-screen-10552706_184=\"15957\" data-gtm-vis-total-visible-time-10552706_184=\"100\" data-gtm-vis-has-fired-10552706_184=\"1\" data-gtm-vis-recent-on-screen-10552706_217=\"16003\" data-gtm-vis-first-on-screen-10552706_217=\"16003\" data-gtm-vis-total-visible-time-10552706_217=\"100\" data-gtm-vis-has-fired-10552706_217=\"1\">H.264, H.265, Smart H.264 + y Smart H.265 +. Detector magn\u00e9tico H.265<\/li>\n<li data-gtm-vis-recent-on-screen-10552706_184=\"15961\" data-gtm-vis-first-on-screen-10552706_184=\"15961\" data-gtm-vis-total-visible-time-10552706_184=\"100\" data-gtm-vis-has-fired-10552706_184=\"1\" data-gtm-vis-recent-on-screen-10552706_217=\"16004\" data-gtm-vis-first-on-screen-10552706_217=\"16004\" data-gtm-vis-total-visible-time-10552706_217=\"100\" data-gtm-vis-has-fired-10552706_217=\"1\">M\u00e1x. capacidad de decodificaci\u00f3n: 8 \u00d7 1080p @ 30 fps.\u00a0Admite decodificaci\u00f3n adaptativa<\/li>\n<li data-gtm-vis-recent-on-screen-10552706_184=\"15963\" data-gtm-vis-first-on-screen-10552706_184=\"15963\" data-gtm-vis-total-visible-time-10552706_184=\"100\" data-gtm-vis-has-fired-10552706_184=\"1\" data-gtm-vis-recent-on-screen-10552706_217=\"16014\" data-gtm-vis-first-on-screen-10552706_217=\"16014\" data-gtm-vis-total-visible-time-10552706_217=\"100\" data-gtm-vis-has-fired-10552706_217=\"1\">Admite c\u00e1maras convencionales de protocolos ONVIF y RTSP<\/li>\n<li data-gtm-vis-recent-on-screen-10552706_184=\"15964\" data-gtm-vis-first-on-screen-10552706_184=\"15964\" data-gtm-vis-total-visible-time-10552706_184=\"100\" data-gtm-vis-has-fired-10552706_184=\"1\" data-gtm-vis-recent-on-screen-10552706_217=\"16016\" data-gtm-vis-first-on-screen-10552706_217=\"16016\" data-gtm-vis-total-visible-time-10552706_217=\"100\" data-gtm-vis-has-fired-10552706_217=\"1\">Vigilancia remota P2P, reproducci\u00f3n de video en dispositivo m\u00f3vil<\/li>\n<li data-gtm-vis-recent-on-screen-10552706_184=\"15972\" data-gtm-vis-first-on-screen-10552706_184=\"15972\" data-gtm-vis-total-visible-time-10552706_184=\"100\" data-gtm-vis-has-fired-10552706_184=\"1\" data-gtm-vis-recent-on-screen-10552706_217=\"16017\" data-gtm-vis-first-on-screen-10552706_217=\"16017\" data-gtm-vis-total-visible-time-10552706_217=\"100\" data-gtm-vis-has-fired-10552706_217=\"1\">Salida de video simult\u00e1nea VGA \/ HDMI, la resoluci\u00f3n m\u00e1xima de HDMI es 4K<\/li>\n<li data-gtm-vis-recent-on-screen-10552706_184=\"15973\" data-gtm-vis-first-on-screen-10552706_184=\"15973\" data-gtm-vis-total-visible-time-10552706_184=\"100\" data-gtm-vis-has-fired-10552706_184=\"1\" data-gtm-vis-recent-on-screen-10552706_217=\"16018\" data-gtm-vis-first-on-screen-10552706_217=\"16018\" data-gtm-vis-total-visible-time-10552706_217=\"100\" data-gtm-vis-has-fired-10552706_217=\"1\">AI por c\u00e1mara: detecci\u00f3n de rostros, protecci\u00f3n perimetral, IVS, conteo de personas, mapa de calor y SMD<\/li>\n<li data-gtm-vis-recent-on-screen-10552706_184=\"15974\" data-gtm-vis-first-on-screen-10552706_184=\"15974\" data-gtm-vis-total-visible-time-10552706_184=\"100\" data-gtm-vis-has-fired-10552706_184=\"1\" data-gtm-vis-recent-on-screen-10552706_217=\"16019\" data-gtm-vis-first-on-screen-10552706_217=\"16020\" data-gtm-vis-total-visible-time-10552706_217=\"100\" data-gtm-vis-has-fired-10552706_217=\"1\">Admite la configuraci\u00f3n y gesti\u00f3n remotas de IPC, como la configuraci\u00f3n de par\u00e1metros, la obtenci\u00f3n de informaci\u00f3n y la actualizaci\u00f3n de IPC del mismo modelo en lotes<\/li>\n<\/ul>\n","protected":false},"featured_media":37807,"comment_status":"open","ping_status":"closed","template":"","meta":{"_et_pb_use_builder":"","_et_pb_old_content":"","_et_gb_content_width":""},"product_brand":[],"product_cat":[521,522,549,552],"product_tag":[972,973,909,835,834,890,971,833,880],"class_list":{"0":"post-37806","1":"product","2":"type-product","3":"status-publish","4":"has-post-thumbnail","6":"product_cat-cctv","7":"product_cat-ip","8":"product_cat-nvr","9":"product_cat-16-ch","10":"product_tag-2-bahias-de-discos-duros","11":"product_tag-42-es-de-alarmas","12":"product_tag-4k","13":"product_tag-cctv","14":"product_tag-dahua","15":"product_tag-hasta-8mp","16":"product_tag-nvr","17":"product_tag-seguridad","18":"product_tag-videograbador","20":"first","21":"instock","22":"taxable","23":"shipping-taxable","24":"product-type-simple"},"_links":{"self":[{"href":"https:\/\/arxisdemexico.com.mx\/arxis\/wp-json\/wp\/v2\/product\/37806","targetHints":{"allow":["GET"]}}],"collection":[{"href":"https:\/\/arxisdemexico.com.mx\/arxis\/wp-json\/wp\/v2\/product"}],"about":[{"href":"https:\/\/arxisdemexico.com.mx\/arxis\/wp-json\/wp\/v2\/types\/product"}],"replies":[{"embeddable":true,"href":"https:\/\/arxisdemexico.com.mx\/arxis\/wp-json\/wp\/v2\/comments?post=37806"}],"wp:featuredmedia":[{"embeddable":true,"href":"https:\/\/arxisdemexico.com.mx\/arxis\/wp-json\/wp\/v2\/media\/37807"}],"wp:attachment":[{"href":"https:\/\/arxisdemexico.com.mx\/arxis\/wp-json\/wp\/v2\/media?parent=37806"}],"wp:term":[{"taxonomy":"product_brand","embeddable":true,"href":"https:\/\/arxisdemexico.com.mx\/arxis\/wp-json\/wp\/v2\/product_brand?post=37806"},{"taxonomy":"product_cat","embeddable":true,"href":"https:\/\/arxisdemexico.com.mx\/arxis\/wp-json\/wp\/v2\/product_cat?post=37806"},{"taxonomy":"product_tag","embeddable":true,"href":"https:\/\/arxisdemexico.com.mx\/arxis\/wp-json\/wp\/v2\/product_tag?post=37806"}],"curies":[{"name":"wp","href":"https:\/\/api.w.org\/{rel}","templated":true}]}}