{"id":37768,"date":"2021-11-01T15:59:01","date_gmt":"2021-11-01T21:59:01","guid":{"rendered":"https:\/\/www.arxisdemexico.com.mx\/arxis\/?post_type=product&#038;p=37768"},"modified":"2021-11-01T15:59:02","modified_gmt":"2021-11-01T21:59:02","slug":"dahua-ipc-hdw3441tmn-as-camara-ip-domo-con-inteligencia-artificial-4-megapixeles-lente-de-2-8mm-microfono-integrado-wdr-ir-50-mts-smd-ip67","status":"publish","type":"product","link":"https:\/\/arxisdemexico.com.mx\/arxis\/producto\/dahua-ipc-hdw3441tmn-as-camara-ip-domo-con-inteligencia-artificial-4-megapixeles-lente-de-2-8mm-microfono-integrado-wdr-ir-50-mts-smd-ip67\/","title":{"rendered":"DAHUA IPC-HDW3441TMN-AS &#8211; Camara IP Domo con Inteligencia Artificial\/ 4 Megapixeles\/ Lente de 2.8mm\/ Microfono Integrado\/ WDR\/ Ir 50 Mts\/ SMD\/ IP67"},"content":{"rendered":"<ul>\n<li class=\"ql-align-justify\">1 \/ 3 \u00abSTARVIS CMOS 4MP.<\/li>\n<li class=\"ql-align-justify\">Codificaci\u00f3n de video H.265\/H.264\/MJPEG.<\/li>\n<li class=\"ql-align-justify\">D\u00eda \/ Noche Auto (ICR) \/ Color \/ B \/ W.<\/li>\n<li class=\"ql-align-justify\">Compensaci\u00f3n de contraluz BLC \/ HLC \/ WDR (120dB).<\/li>\n<li class=\"ql-align-justify\">Starlight.<\/li>\n<li class=\"ql-align-justify\">Protecci\u00f3n de Per\u00edmetro.<\/li>\n<li class=\"ql-align-justify\">M\u00faltiple monitoreo por red: Smart PSS, DSS, DMSS.<\/li>\n<li class=\"ql-align-justify\">M\u00e1x Distancia IR LEDs 50m.<\/li>\n<li class=\"ql-align-justify\">IVS: tripwire, intrusi\u00f3n SMD.<\/li>\n<li class=\"ql-align-justify\">Puerto ethernet RJ-45 (10 \/ 100Base-T).<\/li>\n<li class=\"ql-align-justify\">Fuente de alimentaci\u00f3n 12V CD, POE (802.3af)<\/li>\n<li class=\"ql-align-justify\">Consumo de energ\u00eda &lt;7.7 W .<\/li>\n<li class=\"ql-align-justify\">Condiciones de Trabajo -40\u00b0 C ~ +60\u00b0 C \/ menos de 95% RH<\/li>\n<li class=\"ql-align-justify\">\u00cdndice de protecci\u00f3n IP67.<\/li>\n<li class=\"ql-align-justify\">Peso Neto 6.60kg.<\/li>\n<li class=\"ql-align-justify\">Material Met\u00e1lico<\/li>\n<\/ul>\n","protected":false},"excerpt":{"rendered":"<p class=\"text\" data-v-5fe8c490=\"\" data-gtm-vis-has-fired-10552706_181=\"1\" data-gtm-vis-has-fired-10552706_195=\"1\" data-gtm-vis-first-on-screen-10552706_217=\"8925\" data-gtm-vis-first-on-screen-10552706_192=\"8927\" data-gtm-vis-first-on-screen-10552706_184=\"8956\" data-gtm-vis-first-on-screen-10552706_194=\"8958\" data-gtm-vis-first-on-screen-10552706_196=\"8959\" data-gtm-vis-first-on-screen-10552706_193=\"8961\" data-gtm-vis-recent-on-screen-10552706_217=\"16183\" data-gtm-vis-total-visible-time-10552706_217=\"100\" data-gtm-vis-has-fired-10552706_217=\"1\" data-gtm-vis-recent-on-screen-10552706_184=\"16184\" data-gtm-vis-total-visible-time-10552706_184=\"100\" data-gtm-vis-has-fired-10552706_184=\"1\" data-gtm-vis-recent-on-screen-10552706_194=\"16197\" data-gtm-vis-total-visible-time-10552706_194=\"100\" data-gtm-vis-has-fired-10552706_194=\"1\" data-gtm-vis-recent-on-screen-10552706_196=\"16198\" data-gtm-vis-total-visible-time-10552706_196=\"100\" data-gtm-vis-has-fired-10552706_196=\"1\" data-gtm-vis-recent-on-screen-10552706_192=\"16199\" data-gtm-vis-total-visible-time-10552706_192=\"100\" data-gtm-vis-has-fired-10552706_192=\"1\" data-gtm-vis-recent-on-screen-10552706_193=\"16431\" data-gtm-vis-total-visible-time-10552706_193=\"100\" data-gtm-vis-has-fired-10552706_193=\"1\"><span>C\u00e1mara de red WizSense con globo ocular focal fijo de 4 MP con infrarrojos<\/span><\/p>\n<div data-v-5fe8c490=\"\">\n<ul>\n<li><span>Sensor de imagen CMOS de 4MP, 1\/3 \u201d, baja iluminaci\u00f3n, alta definici\u00f3n de imagen<\/span><\/li>\n<li><span>Salidas m\u00e1x. 4MP (2688 \u00d7 1520) a 30 fps<\/span><\/li>\n<li><span>C\u00f3dec H.265, alta tasa de compresi\u00f3n, baja tasa de bits<\/span><\/li>\n<li><span>LED IR incorporado, m\u00e1x. IR distancia: 50 m<\/span><\/li>\n<li><span>ROI, SMART H.264 + \/ H.265 +, codificaci\u00f3n flexible, aplicable a varios entornos de almacenamiento y ancho de banda<\/span><\/li>\n<li><span>Modo de rotaci\u00f3n, WDR, 3D DNR, HLC, BLC, marca de agua digital, aplicable a varias escenas de monitoreo<\/span><\/li>\n<li><span>Detecci\u00f3n inteligente: intrusi\u00f3n, cable trampa (admite la clasificaci\u00f3n y detecci\u00f3n precisa de veh\u00edculos y humanos)<\/span><\/li>\n<li><span>Detecci\u00f3n de anomal\u00edas: detecci\u00f3n de movimiento, manipulaci\u00f3n de video, cambio de escena, detecci\u00f3n de audio, sin tarjeta SD, tarjeta SD llena, error de tarjeta SD, desconexi\u00f3n de red, conflicto de IP, acceso ilegal, detecci\u00f3n de voltaje<\/span><\/li>\n<li><span>Soporta max. Tarjeta Micro SD de 256 G, micr\u00f3fono incorporado<\/span><\/li>\n<li><span>Fuente de alimentaci\u00f3n 12V DC \/ POE<\/span><\/li>\n<li><span>Protecci\u00f3n IP67<\/span><\/li>\n<li><span>SMD Plus<\/span><\/li>\n<\/ul>\n<\/div>\n","protected":false},"featured_media":37770,"comment_status":"open","ping_status":"closed","template":"","meta":{"_et_pb_use_builder":"","_et_pb_old_content":"","_et_gb_content_width":""},"product_brand":[],"product_cat":[928,521,522,523],"product_tag":[853,831,835,834,896,932,850,949,833],"class_list":{"0":"post-37768","1":"product","2":"type-product","3":"status-publish","4":"has-post-thumbnail","6":"product_cat-domo","7":"product_cat-cctv","8":"product_cat-ip","9":"product_cat-camaras","10":"product_tag-4mp","11":"product_tag-camara","12":"product_tag-cctv","13":"product_tag-dahua","14":"product_tag-domo","15":"product_tag-inteligencia-artificial","16":"product_tag-microfono-integrado","17":"product_tag-proteccionperimetral","18":"product_tag-seguridad","20":"first","21":"instock","22":"taxable","23":"shipping-taxable","24":"product-type-simple"},"_links":{"self":[{"href":"https:\/\/arxisdemexico.com.mx\/arxis\/wp-json\/wp\/v2\/product\/37768","targetHints":{"allow":["GET"]}}],"collection":[{"href":"https:\/\/arxisdemexico.com.mx\/arxis\/wp-json\/wp\/v2\/product"}],"about":[{"href":"https:\/\/arxisdemexico.com.mx\/arxis\/wp-json\/wp\/v2\/types\/product"}],"replies":[{"embeddable":true,"href":"https:\/\/arxisdemexico.com.mx\/arxis\/wp-json\/wp\/v2\/comments?post=37768"}],"wp:featuredmedia":[{"embeddable":true,"href":"https:\/\/arxisdemexico.com.mx\/arxis\/wp-json\/wp\/v2\/media\/37770"}],"wp:attachment":[{"href":"https:\/\/arxisdemexico.com.mx\/arxis\/wp-json\/wp\/v2\/media?parent=37768"}],"wp:term":[{"taxonomy":"product_brand","embeddable":true,"href":"https:\/\/arxisdemexico.com.mx\/arxis\/wp-json\/wp\/v2\/product_brand?post=37768"},{"taxonomy":"product_cat","embeddable":true,"href":"https:\/\/arxisdemexico.com.mx\/arxis\/wp-json\/wp\/v2\/product_cat?post=37768"},{"taxonomy":"product_tag","embeddable":true,"href":"https:\/\/arxisdemexico.com.mx\/arxis\/wp-json\/wp\/v2\/product_tag?post=37768"}],"curies":[{"name":"wp","href":"https:\/\/api.w.org\/{rel}","templated":true}]}}