{"id":37765,"date":"2021-11-01T15:53:00","date_gmt":"2021-11-01T21:53:00","guid":{"rendered":"https:\/\/www.arxisdemexico.com.mx\/arxis\/?post_type=product&#038;p=37765"},"modified":"2021-11-01T15:53:01","modified_gmt":"2021-11-01T21:53:01","slug":"dahua-ipc-hdw3249h-as-pv-camara-ip-domo-tioc-2-megapixeles-lente-de-2-8mm-disuasion-activa-fullcolor-wizsense-estrobo-rojo-y-azul-sirena-integrada-smd-plus-microfono-integrado-wdr-real-ip67","status":"publish","type":"product","link":"https:\/\/arxisdemexico.com.mx\/arxis\/producto\/dahua-ipc-hdw3249h-as-pv-camara-ip-domo-tioc-2-megapixeles-lente-de-2-8mm-disuasion-activa-fullcolor-wizsense-estrobo-rojo-y-azul-sirena-integrada-smd-plus-microfono-integrado-wdr-real-ip67\/","title":{"rendered":"DAHUA IPC-HDW3249H-AS-PV- C\u00e1mara IP Domo TiOC 2 Megapixeles\/ Lente de 2.8mm\/ Disuasi\u00f3n Activa\/ FullColor\/ WizSense\/ Estrobo Rojo y Azul\/ Sirena Integrada\/ SMD Plus\/ Micr\u00f3fono Integrado\/ WDR Real\/ IP67\/ Poe\/ Ranura para MicroSD"},"content":{"rendered":"<ul>\n<li>Sensor de imagen\u00a01\/2.8\u201d 2 Megap\u00edxel.<\/li>\n<li>Resoluci\u00f3n m\u00e1xima 1920 x 1080.<\/li>\n<li>Lente Fijo 2.8 mm.<\/li>\n<li>Micr\u00f3fono Integrado.<\/li>\n<li>Ilumunaci\u00f3n m\u00ednima0.0015 Lux.<\/li>\n<li>Alcance IR 30mts.<\/li>\n<li>Anal\u00edticos IVS: Tripwire, Intrusi\u00f3n ( clasificaci\u00f3n y detecci\u00f3n precisa de veh\u00edculos y humanos).<\/li>\n<li>Disuasi\u00f3n Activa, Protecci\u00f3n Perimetral, SMD Plus.<\/li>\n<li>D\u00eda\/ Noche Auto(ICR) \/ Color \/ B\/ N.<\/li>\n<li>Contraluz\u00a0BLC \/ HLC \/ WDR(120dB).<\/li>\n<li>Reducci\u00f3n de ruido 3D DNR.<\/li>\n<li>Compresi\u00f3n de video H.265+ \/H.265\/H.264+\/H.264.<\/li>\n<li>Ethernet RJ-45 (10\/100Base-T).<\/li>\n<li>1 Entrada y 1 Salida de Audio por RCA ambos.<\/li>\n<li>1 Entrada y 1 Salida de Alarma.<\/li>\n<li>Ranura de memoria microSD, m\u00e1ximo 256Gb (no incluida).<\/li>\n<li>Fuente de alimentaci\u00f3n\u00a0DC12V,PoE(802.3af).<\/li>\n<li>Consumo de energ\u00eda &lt;6.1W.<\/li>\n<li>Ambiente de trabajo -40\u00b0C +60\u00b0C.<\/li>\n<li>IP67.<\/li>\n<li>Material metal.<\/li>\n<li>Dimensiones\u00a0\u03a6122.0 mm \u00d7 110.9 mm.<\/li>\n<\/ul>\n","protected":false},"excerpt":{"rendered":"<p class=\"text\" data-v-5fe8c490=\"\" data-gtm-vis-has-fired-10552706_181=\"1\" data-gtm-vis-has-fired-10552706_195=\"1\" data-gtm-vis-first-on-screen-10552706_193=\"6082\" data-gtm-vis-first-on-screen-10552706_194=\"6184\" data-gtm-vis-first-on-screen-10552706_217=\"6186\" data-gtm-vis-first-on-screen-10552706_192=\"6188\" data-gtm-vis-first-on-screen-10552706_196=\"6189\" data-gtm-vis-first-on-screen-10552706_184=\"6190\" data-gtm-vis-recent-on-screen-10552706_194=\"790939\" data-gtm-vis-total-visible-time-10552706_194=\"100\" data-gtm-vis-has-fired-10552706_194=\"1\" data-gtm-vis-recent-on-screen-10552706_217=\"790940\" data-gtm-vis-total-visible-time-10552706_217=\"100\" data-gtm-vis-has-fired-10552706_217=\"1\" data-gtm-vis-recent-on-screen-10552706_192=\"790970\" data-gtm-vis-total-visible-time-10552706_192=\"100\" data-gtm-vis-has-fired-10552706_192=\"1\" data-gtm-vis-recent-on-screen-10552706_196=\"790971\" data-gtm-vis-total-visible-time-10552706_196=\"100\" data-gtm-vis-has-fired-10552706_196=\"1\" data-gtm-vis-recent-on-screen-10552706_184=\"790972\" data-gtm-vis-total-visible-time-10552706_184=\"100\" data-gtm-vis-has-fired-10552706_184=\"1\" data-gtm-vis-recent-on-screen-10552706_193=\"791221\" data-gtm-vis-total-visible-time-10552706_193=\"100\" data-gtm-vis-has-fired-10552706_193=\"1\"><span>C\u00e1mara de red WizSense con foco fijo y disuasi\u00f3n activa a todo color de 2 MP<\/span><\/p>\n<div data-v-5fe8c490=\"\">\n<ul>\n<li><span>Sensor de imagen CMOS de 2MP, 1 \/ 2.8 \u201d, baja iluminaci\u00f3n, alta definici\u00f3n de imagen<\/span><\/li>\n<li><span>Salidas m\u00e1x. 2MP (1920 \u00d7 1080) a 30 fps<\/span><\/li>\n<li><span>C\u00f3dec H.265, alta tasa de compresi\u00f3n, baja tasa de bits<\/span><\/li>\n<li><span>Iluminador c\u00e1lido incorporado, y el m\u00e1x. distancia de iluminaci\u00f3n: 30 m<\/span><\/li>\n<li><span>ROI, SMART H.264 + \/ H.265 +, codificaci\u00f3n flexible, aplicable a varios entornos de almacenamiento y ancho de banda<\/span><\/li>\n<li><span>Modo de rotaci\u00f3n, WDR, 3D DNR, HLC, BLC, marca de agua digital, aplicable a varias escenas de monitoreo<\/span><\/li>\n<li><span>Detecci\u00f3n inteligente: intrusi\u00f3n, cable trampa (admite la clasificaci\u00f3n y detecci\u00f3n precisa de veh\u00edculos y humanos)<\/span><\/li>\n<li><span>Detecci\u00f3n de anomal\u00edas: detecci\u00f3n de movimiento, manipulaci\u00f3n de video, cambio de escena, detecci\u00f3n de audio, sin tarjeta SD, tarjeta SD llena, error de tarjeta SD, desconexi\u00f3n de red, conflicto de IP, acceso ilegal y detecci\u00f3n de voltaje.<\/span><\/li>\n<li><span>Admite conexi\u00f3n de alarma de luz y sonido. Cuando se activa una alarma, la c\u00e1mara vincula la alarma sonora y la luz parpadeante.<\/span><\/li>\n<li><span>Admite el desarmado con un toque. Puede desarmar los eventos de salida de alarma, env\u00edo de correo electr\u00f3nico, audio y luz en el per\u00edodo configurado.<\/span><\/li>\n<li><span>Alarma: 1 entrada, 1 salida; audio: 1 entrada, 1 salida;\u00a0admite m\u00e1x.\u00a0Tarjeta Micro SD de 256 G, micr\u00f3fono incorporado y altavoz<\/span><\/li>\n<li><span>Fuente de alimentaci\u00f3n 12V DC \/ PoE<\/span><\/li>\n<li><span>Protecci\u00f3n IP67<\/span><\/li>\n<li><span>SMD Plus<\/span><\/li>\n<li><span>Alarma de linterna roja y azul<\/span><\/li>\n<\/ul>\n<\/div>\n","protected":false},"featured_media":37767,"comment_status":"open","ping_status":"closed","template":"","meta":{"_et_pb_use_builder":"","_et_pb_old_content":"","_et_gb_content_width":""},"product_brand":[],"product_cat":[928,521,522,523],"product_tag":[862,831,835,834,876,896,934,865,850,833,935,883],"class_list":{"0":"post-37765","1":"product","2":"type-product","3":"status-publish","4":"has-post-thumbnail","6":"product_cat-domo","7":"product_cat-cctv","8":"product_cat-ip","9":"product_cat-camaras","10":"product_tag-2mp","11":"product_tag-camara","12":"product_tag-cctv","13":"product_tag-dahua","14":"product_tag-disuasion-activa","15":"product_tag-domo","16":"product_tag-estrobo-rojo-y-azul","17":"product_tag-fullcolor","18":"product_tag-microfono-integrado","19":"product_tag-seguridad","20":"product_tag-sirena-integrada","21":"product_tag-wizsense","23":"first","24":"instock","25":"taxable","26":"shipping-taxable","27":"product-type-simple"},"_links":{"self":[{"href":"https:\/\/arxisdemexico.com.mx\/arxis\/wp-json\/wp\/v2\/product\/37765","targetHints":{"allow":["GET"]}}],"collection":[{"href":"https:\/\/arxisdemexico.com.mx\/arxis\/wp-json\/wp\/v2\/product"}],"about":[{"href":"https:\/\/arxisdemexico.com.mx\/arxis\/wp-json\/wp\/v2\/types\/product"}],"replies":[{"embeddable":true,"href":"https:\/\/arxisdemexico.com.mx\/arxis\/wp-json\/wp\/v2\/comments?post=37765"}],"wp:featuredmedia":[{"embeddable":true,"href":"https:\/\/arxisdemexico.com.mx\/arxis\/wp-json\/wp\/v2\/media\/37767"}],"wp:attachment":[{"href":"https:\/\/arxisdemexico.com.mx\/arxis\/wp-json\/wp\/v2\/media?parent=37765"}],"wp:term":[{"taxonomy":"product_brand","embeddable":true,"href":"https:\/\/arxisdemexico.com.mx\/arxis\/wp-json\/wp\/v2\/product_brand?post=37765"},{"taxonomy":"product_cat","embeddable":true,"href":"https:\/\/arxisdemexico.com.mx\/arxis\/wp-json\/wp\/v2\/product_cat?post=37765"},{"taxonomy":"product_tag","embeddable":true,"href":"https:\/\/arxisdemexico.com.mx\/arxis\/wp-json\/wp\/v2\/product_tag?post=37765"}],"curies":[{"name":"wp","href":"https:\/\/api.w.org\/{rel}","templated":true}]}}