{"id":37762,"date":"2021-11-01T14:42:18","date_gmt":"2021-11-01T20:42:18","guid":{"rendered":"https:\/\/www.arxisdemexico.com.mx\/arxis\/?post_type=product&#038;p=37762"},"modified":"2021-11-01T14:42:19","modified_gmt":"2021-11-01T20:42:19","slug":"dahua-ipc-hdw2831tm-as-s2-camara-ip-domo-8-de-megapixeles-lente-de-2-8mm-105-grados-de-apertura-ir-para-30-mts-h-265-microfono-integrado-wdr-real-ip67-poe-ivs-ranura-para-microsd","status":"publish","type":"product","link":"https:\/\/arxisdemexico.com.mx\/arxis\/producto\/dahua-ipc-hdw2831tm-as-s2-camara-ip-domo-8-de-megapixeles-lente-de-2-8mm-105-grados-de-apertura-ir-para-30-mts-h-265-microfono-integrado-wdr-real-ip67-poe-ivs-ranura-para-microsd\/","title":{"rendered":"DAHUA IPC-HDW2831TM-AS-S2 &#8211; C\u00e1mara IP Domo 8 de Megapixeles\/ Lente de 2.8mm\/ 105 Grados de Apertura\/ IR para 30 MTS\/ H.265\/ Microfono Integrado\/WDR Real\/ IP67\/ PoE\/ IVS\/ Ranura para MicroSD"},"content":{"rendered":"<ul>\n<li class=\"ql-align-justify\">1\/2.7\u201d 8 Megap\u00edxeles CMOS.<\/li>\n<li class=\"ql-align-justify\">\u00c1ngulo de Visi\u00f3n 105 \u00b0.<\/li>\n<li class=\"ql-align-justify\">Compresi\u00f3n de Video H265+.<\/li>\n<li class=\"ql-align-justify\">Lente 2.8mm.<\/li>\n<li class=\"ql-align-justify\">Audio Integrado.<\/li>\n<li class=\"ql-align-justify\">Almacenamiento en Micro SD m\u00e1ximo 256Gb.<\/li>\n<li class=\"ql-align-justify\">Funciones IVS: Intrusi\u00f3n, Tripwire.<\/li>\n<li class=\"ql-align-justify\">D\u00eda\/Noche Auto(ICR)\/Color\/B\/W.<\/li>\n<li class=\"ql-align-justify\">Compensaci\u00f3n de Contraluz\u00a0BLC \/ HLC.<\/li>\n<li class=\"ql-align-justify\">WDR 120dB.<\/li>\n<li class=\"ql-align-justify\">Puerto Ethernet\u00a0RJ-45 (10 \/ 100Base-T).<\/li>\n<li class=\"ql-align-justify\">Est\u00e1ndar de Comunicaci\u00f3n\u00a0ONVIF(Profile S\/Profile G\/Profile T), CGI, P2P.<\/li>\n<li class=\"ql-align-justify\">M\u00e1x. Acceso de Usuarios 20.<\/li>\n<li class=\"ql-align-justify\">Fuente de Alimentaci\u00f3n\u00a012V CD \/ PoE (802.3af).<\/li>\n<li class=\"ql-align-justify\">Consumo de Energ\u00eda M\u00e1x &lt;7.2W.<\/li>\n<li class=\"ql-align-justify\">Condiciones de operaci\u00f3n\u00a0-40\u00baC ~ 55\u00baC.<\/li>\n<li class=\"ql-align-justify\">Indice de Protecci\u00f3n IP67.<\/li>\n<li class=\"ql-align-justify\">Dimensiones\u00a0100.9 mm \u00d7 \u03a6109.9 mm.<\/li>\n<li class=\"ql-align-justify\">Material metal.<\/li>\n<li>Peso Neto 0.48kg.<\/li>\n<\/ul>\n","protected":false},"excerpt":{"rendered":"<p class=\"text\" data-v-5fe8c490=\"\" data-gtm-vis-has-fired-10552706_195=\"1\" data-gtm-vis-has-fired-10552706_181=\"1\" data-gtm-vis-first-on-screen-10552706_217=\"4269\" data-gtm-vis-first-on-screen-10552706_193=\"4272\" data-gtm-vis-first-on-screen-10552706_194=\"4273\" data-gtm-vis-first-on-screen-10552706_184=\"4274\" data-gtm-vis-first-on-screen-10552706_192=\"4275\" data-gtm-vis-first-on-screen-10552706_196=\"4277\" data-gtm-vis-recent-on-screen-10552706_217=\"12903\" data-gtm-vis-total-visible-time-10552706_217=\"100\" data-gtm-vis-has-fired-10552706_217=\"1\" data-gtm-vis-recent-on-screen-10552706_193=\"12905\" data-gtm-vis-total-visible-time-10552706_193=\"100\" data-gtm-vis-has-fired-10552706_193=\"1\" data-gtm-vis-recent-on-screen-10552706_194=\"12906\" data-gtm-vis-total-visible-time-10552706_194=\"100\" data-gtm-vis-has-fired-10552706_194=\"1\" data-gtm-vis-recent-on-screen-10552706_184=\"12907\" data-gtm-vis-total-visible-time-10552706_184=\"100\" data-gtm-vis-has-fired-10552706_184=\"1\" data-gtm-vis-recent-on-screen-10552706_192=\"12908\" data-gtm-vis-total-visible-time-10552706_192=\"100\" data-gtm-vis-has-fired-10552706_192=\"1\" data-gtm-vis-recent-on-screen-10552706_196=\"12909\" data-gtm-vis-total-visible-time-10552706_196=\"100\" data-gtm-vis-has-fired-10552706_196=\"1\">8MP Lite IR Fixed-focal Eyeball Network Camera<\/p>\n<div data-v-5fe8c490=\"\">\n<ul>\n<li>8MP, 1\/2.7&#8243; CMOS image sensor, low illuminance, high image definition<\/li>\n<li>Outputs max. 8MP (3840 \u00d7 2160) @15 fps, and supports 2688\u00d71520 (2688 \u00d7 1520) @25\/30 fps<\/li>\n<li>H.265 codec, high compression rate, ultra-low bit rate<\/li>\n<li>Built-in IR LED, max IR distance: 30 m<\/li>\n<li>ROI, SMART H.264+\/H.265+, flexible coding, applicable to various bandwidth and storage environments<\/li>\n<li>Rotation mode, WDR, 3D NR, HLC, BLC, digital watermarking, applicable to various monitoring scenes<\/li>\n<li>Intelligent detection: Intrusion, tripwire<\/li>\n<li>Abnormality detection: Motion detection, video tampering, no SD card, SD card full, SD card error, network disconnection, IP conflict, illegal access, voltage detection<\/li>\n<li>Supports max. 256 GB Micro SD card, built-in MIC<\/li>\n<li>12V DC\/PoE power supply<\/li>\n<li>IP67 protection<\/li>\n<\/ul>\n<\/div>\n","protected":false},"featured_media":37763,"comment_status":"open","ping_status":"closed","template":"","meta":{"_et_pb_use_builder":"","_et_pb_old_content":"","_et_gb_content_width":""},"product_brand":[],"product_cat":[928,521,522,523],"product_tag":[909,873,831,835,834,896,850,833],"class_list":{"0":"post-37762","1":"product","2":"type-product","3":"status-publish","4":"has-post-thumbnail","6":"product_cat-domo","7":"product_cat-cctv","8":"product_cat-ip","9":"product_cat-camaras","10":"product_tag-4k","11":"product_tag-8mp","12":"product_tag-camara","13":"product_tag-cctv","14":"product_tag-dahua","15":"product_tag-domo","16":"product_tag-microfono-integrado","17":"product_tag-seguridad","19":"first","20":"instock","21":"taxable","22":"shipping-taxable","23":"product-type-simple"},"_links":{"self":[{"href":"https:\/\/arxisdemexico.com.mx\/arxis\/wp-json\/wp\/v2\/product\/37762","targetHints":{"allow":["GET"]}}],"collection":[{"href":"https:\/\/arxisdemexico.com.mx\/arxis\/wp-json\/wp\/v2\/product"}],"about":[{"href":"https:\/\/arxisdemexico.com.mx\/arxis\/wp-json\/wp\/v2\/types\/product"}],"replies":[{"embeddable":true,"href":"https:\/\/arxisdemexico.com.mx\/arxis\/wp-json\/wp\/v2\/comments?post=37762"}],"wp:featuredmedia":[{"embeddable":true,"href":"https:\/\/arxisdemexico.com.mx\/arxis\/wp-json\/wp\/v2\/media\/37763"}],"wp:attachment":[{"href":"https:\/\/arxisdemexico.com.mx\/arxis\/wp-json\/wp\/v2\/media?parent=37762"}],"wp:term":[{"taxonomy":"product_brand","embeddable":true,"href":"https:\/\/arxisdemexico.com.mx\/arxis\/wp-json\/wp\/v2\/product_brand?post=37762"},{"taxonomy":"product_cat","embeddable":true,"href":"https:\/\/arxisdemexico.com.mx\/arxis\/wp-json\/wp\/v2\/product_cat?post=37762"},{"taxonomy":"product_tag","embeddable":true,"href":"https:\/\/arxisdemexico.com.mx\/arxis\/wp-json\/wp\/v2\/product_tag?post=37762"}],"curies":[{"name":"wp","href":"https:\/\/api.w.org\/{rel}","templated":true}]}}