{"id":37757,"date":"2021-11-01T14:16:26","date_gmt":"2021-11-01T20:16:26","guid":{"rendered":"https:\/\/www.arxisdemexico.com.mx\/arxis\/?post_type=product&#038;p=37757"},"modified":"2021-11-01T14:16:28","modified_gmt":"2021-11-01T20:16:28","slug":"dahua-ipc-hdw1239t1-led-s4-camara-ip-domo-full-color-2-megapixeles-lente-de-2-8mm-110-grados-de-apertura-luz-blanca-de-15-mts-h-265-ip67-poe-dwdr","status":"publish","type":"product","link":"https:\/\/arxisdemexico.com.mx\/arxis\/producto\/dahua-ipc-hdw1239t1-led-s4-camara-ip-domo-full-color-2-megapixeles-lente-de-2-8mm-110-grados-de-apertura-luz-blanca-de-15-mts-h-265-ip67-poe-dwdr\/","title":{"rendered":"DAHUA IPC-HDW1239T1-LED-S4 &#8211; Camara IP Domo Full Color 2 Megapixeles\/ Lente de 2.8mm\/ 110 Grados de Apertura\/ Luz Blanca de 15 Mts\/ H.265\/ IP67\/ PoE\/ DWDR"},"content":{"rendered":"<ul>\n<li class=\"ql-align-justify\">1\/2.7\u201d 2 Megap\u00edxeles CMOS.<\/li>\n<li class=\"ql-align-justify\">\u00c1ngulo de Visi\u00f3n 110 \u00b0.<\/li>\n<li class=\"ql-align-justify\">Compresi\u00f3n de Video H265+.<\/li>\n<li class=\"ql-align-justify\">Tecnolog\u00eda Fullcolor.<\/li>\n<li class=\"ql-align-justify\">Regi\u00f3n de Inter\u00e9s (ROI).<\/li>\n<li class=\"ql-align-justify\">D\u00eda\/Noche Auto(ICR)\/Color\/B\/W.<\/li>\n<li class=\"ql-align-justify\">Compensaci\u00f3n de Contraluz\u00a0BLC \/ HLC.<\/li>\n<li class=\"ql-align-justify\">DWDR .<\/li>\n<li class=\"ql-align-justify\">Puerto Ethernet\u00a0RJ-45 (10 \/ 100Base-T).<\/li>\n<li class=\"ql-align-justify\">Est\u00e1ndar de Comunicaci\u00f3n\u00a0ONVIF, PSIA, P2P.<\/li>\n<li class=\"ql-align-justify\">M\u00e1x. Acceso de Usuarios 20.<\/li>\n<li class=\"ql-align-justify\">Fuente de Alimentaci\u00f3n\u00a012V CD \/ PoE (802.3af).<\/li>\n<li class=\"ql-align-justify\">Consumo de Energ\u00eda M\u00e1x &lt;4.8W.<\/li>\n<li class=\"ql-align-justify\">Condiciones de operaci\u00f3n\u00a0-40\u00baC ~ 60\u00baC.<\/li>\n<li class=\"ql-align-justify\">Indice de Protecci\u00f3n IP67.<\/li>\n<li class=\"ql-align-justify\">Dimensiones\u00a085.5 mm \u00d7 \u03a6109 mm.<\/li>\n<li class=\"ql-align-justify\">Material metal + pl\u00e1stico.<\/li>\n<li>Peso Neto 0.24kg.<\/li>\n<\/ul>\n","protected":false},"excerpt":{"rendered":"<p class=\"text\" data-v-5fe8c490=\"\" data-gtm-vis-has-fired-10552706_195=\"1\" data-gtm-vis-has-fired-10552706_181=\"1\" data-gtm-vis-recent-on-screen-10552706_193=\"7287\" data-gtm-vis-first-on-screen-10552706_193=\"7287\" data-gtm-vis-total-visible-time-10552706_193=\"100\" data-gtm-vis-has-fired-10552706_193=\"1\" data-gtm-vis-recent-on-screen-10552706_194=\"7289\" data-gtm-vis-first-on-screen-10552706_194=\"7289\" data-gtm-vis-total-visible-time-10552706_194=\"100\" data-gtm-vis-has-fired-10552706_194=\"1\" data-gtm-vis-recent-on-screen-10552706_184=\"7291\" data-gtm-vis-first-on-screen-10552706_184=\"7291\" data-gtm-vis-total-visible-time-10552706_184=\"100\" data-gtm-vis-has-fired-10552706_184=\"1\" data-gtm-vis-recent-on-screen-10552706_196=\"7292\" data-gtm-vis-first-on-screen-10552706_196=\"7292\" data-gtm-vis-total-visible-time-10552706_196=\"100\" data-gtm-vis-has-fired-10552706_196=\"1\" data-gtm-vis-recent-on-screen-10552706_192=\"7294\" data-gtm-vis-first-on-screen-10552706_192=\"7294\" data-gtm-vis-total-visible-time-10552706_192=\"100\" data-gtm-vis-has-fired-10552706_192=\"1\" data-gtm-vis-recent-on-screen-10552706_217=\"7295\" data-gtm-vis-first-on-screen-10552706_217=\"7295\" data-gtm-vis-total-visible-time-10552706_217=\"100\" data-gtm-vis-has-fired-10552706_217=\"1\"><span>C\u00e1mara de red con globo ocular de focal fija a todo color de 2MP Lite<\/span><\/p>\n<div data-v-5fe8c490=\"\">\n<ul>\n<li><span>Sensor de imagen CMOS de 2MP, 1 \/ 2.7 \u201d, baja iluminaci\u00f3n, alta definici\u00f3n de imagen<\/span><\/li>\n<li><span>Salidas m\u00e1x. 2MP (1920 \u00d7 1080) @ 25\/30 fps<\/span><\/li>\n<li><span>C\u00f3dec H.265, alta tasa de compresi\u00f3n, tasa de bits ultrabaja<\/span><\/li>\n<li><span>LED incorporados, distancia m\u00e1xima de LED: 15 m<\/span><\/li>\n<li><span>ROI, SMART H.264 \/ H.265, codificaci\u00f3n flexible, aplicable a varios entornos de almacenamiento y ancho de banda<\/span><\/li>\n<li><span>Modo de rotaci\u00f3n, DWDR, 3D DNR, HLC, BLC, marca de agua digital, aplicable a varias escenas de monitoreo<\/span><\/li>\n<li><span>Detecci\u00f3n de anomal\u00edas: detecci\u00f3n de movimiento, manipulaci\u00f3n de video, desconexi\u00f3n de red, conflicto de IP, acceso ilegal<\/span><\/li>\n<li><span>Soporte de alimentaci\u00f3n de 12V DC \/ PoE<\/span><\/li>\n<li><span>Protecci\u00f3n IP67<\/span><\/li>\n<\/ul>\n<\/div>\n","protected":false},"featured_media":37758,"comment_status":"open","ping_status":"closed","template":"","meta":{"_et_pb_use_builder":"","_et_pb_old_content":"","_et_gb_content_width":""},"product_brand":[],"product_cat":[928,521,522,523],"product_tag":[862,831,835,834,896,846,833],"class_list":{"0":"post-37757","1":"product","2":"type-product","3":"status-publish","4":"has-post-thumbnail","6":"product_cat-domo","7":"product_cat-cctv","8":"product_cat-ip","9":"product_cat-camaras","10":"product_tag-2mp","11":"product_tag-camara","12":"product_tag-cctv","13":"product_tag-dahua","14":"product_tag-domo","15":"product_tag-full-color","16":"product_tag-seguridad","18":"first","19":"instock","20":"taxable","21":"shipping-taxable","22":"product-type-simple"},"_links":{"self":[{"href":"https:\/\/arxisdemexico.com.mx\/arxis\/wp-json\/wp\/v2\/product\/37757","targetHints":{"allow":["GET"]}}],"collection":[{"href":"https:\/\/arxisdemexico.com.mx\/arxis\/wp-json\/wp\/v2\/product"}],"about":[{"href":"https:\/\/arxisdemexico.com.mx\/arxis\/wp-json\/wp\/v2\/types\/product"}],"replies":[{"embeddable":true,"href":"https:\/\/arxisdemexico.com.mx\/arxis\/wp-json\/wp\/v2\/comments?post=37757"}],"wp:featuredmedia":[{"embeddable":true,"href":"https:\/\/arxisdemexico.com.mx\/arxis\/wp-json\/wp\/v2\/media\/37758"}],"wp:attachment":[{"href":"https:\/\/arxisdemexico.com.mx\/arxis\/wp-json\/wp\/v2\/media?parent=37757"}],"wp:term":[{"taxonomy":"product_brand","embeddable":true,"href":"https:\/\/arxisdemexico.com.mx\/arxis\/wp-json\/wp\/v2\/product_brand?post=37757"},{"taxonomy":"product_cat","embeddable":true,"href":"https:\/\/arxisdemexico.com.mx\/arxis\/wp-json\/wp\/v2\/product_cat?post=37757"},{"taxonomy":"product_tag","embeddable":true,"href":"https:\/\/arxisdemexico.com.mx\/arxis\/wp-json\/wp\/v2\/product_tag?post=37757"}],"curies":[{"name":"wp","href":"https:\/\/api.w.org\/{rel}","templated":true}]}}