{"id":37755,"date":"2021-11-01T14:11:53","date_gmt":"2021-11-01T20:11:53","guid":{"rendered":"https:\/\/www.arxisdemexico.com.mx\/arxis\/?post_type=product&#038;p=37755"},"modified":"2021-11-01T14:11:54","modified_gmt":"2021-11-01T20:11:54","slug":"dahua-ipc-hdw1230t1-s4-camara-ip-domo-de-2-mp-h-265-105-grados-de-apertura-lente-de-2-8mm-ir-de-30-mts-ip67-dwdr-3d-dnr-hlc-blc","status":"publish","type":"product","link":"https:\/\/arxisdemexico.com.mx\/arxis\/producto\/dahua-ipc-hdw1230t1-s4-camara-ip-domo-de-2-mp-h-265-105-grados-de-apertura-lente-de-2-8mm-ir-de-30-mts-ip67-dwdr-3d-dnr-hlc-blc\/","title":{"rendered":"DAHUA IPC-HDW1230T1-S4 &#8211; Camara IP Domo de 2 MP\/ H.265+\/ 105 Grados de Apertura\/ Lente de 2.8mm\/ IR de 30 Mts\/ IP67\/ DWDR\/ 3D DNR\/ HLC\/ BLC"},"content":{"rendered":"<ul>\n<li class=\"ql-align-justify\">1 \/ 2.7 \u00bb CMOS 2MP.<\/li>\n<li class=\"ql-align-justify\">Codificaci\u00f3n de video H.265+ \/ H.265 \/ H.264 \/ MJPEG.<\/li>\n<li class=\"ql-align-justify\">D\u00eda \/ Noche Auto (ICR) \/ Color \/ B \/ W.<\/li>\n<li class=\"ql-align-justify\">Compensaci\u00f3n de contraluz BLC \/ HLC \/ DWDR.<\/li>\n<li class=\"ql-align-justify\">M\u00faltiple monitoreo por red: Smart PSS, DSS, DMSS.<\/li>\n<li class=\"ql-align-justify\">M\u00e1x Distancia IR LEDs 30m.<\/li>\n<li class=\"ql-align-justify\">Puerto ethernet RJ-45 (10 \/ 100Base-T).<\/li>\n<li class=\"ql-align-justify\">Fuente de alimentaci\u00f3n 12V CD, POE (802.3af).<\/li>\n<li class=\"ql-align-justify\">Consumo de energ\u00eda &lt;4.3 W .<\/li>\n<li class=\"ql-align-justify\">Condiciones de Trabajo -40\u00b0 C ~ +60\u00b0 C \/ menos de 95% RH.<\/li>\n<li class=\"ql-align-justify\">\u00cdndice de protecci\u00f3n IP67.<\/li>\n<li class=\"ql-align-justify\">Peso Neto 0.24 kg.<\/li>\n<li class=\"ql-align-justify\">Material Met\u00e1lico y Policarbonato.<\/li>\n<\/ul>\n","protected":false},"excerpt":{"rendered":"<p class=\"text\" data-v-5fe8c490=\"\" data-gtm-vis-has-fired-10552706_181=\"1\" data-gtm-vis-has-fired-10552706_195=\"1\" data-gtm-vis-first-on-screen-10552706_193=\"9277\" data-gtm-vis-first-on-screen-10552706_196=\"9289\" data-gtm-vis-first-on-screen-10552706_184=\"9339\" data-gtm-vis-first-on-screen-10552706_192=\"9341\" data-gtm-vis-first-on-screen-10552706_217=\"9342\" data-gtm-vis-first-on-screen-10552706_194=\"9343\" data-gtm-vis-recent-on-screen-10552706_184=\"9937\" data-gtm-vis-total-visible-time-10552706_184=\"100\" data-gtm-vis-has-fired-10552706_184=\"1\" data-gtm-vis-recent-on-screen-10552706_196=\"9939\" data-gtm-vis-total-visible-time-10552706_196=\"100\" data-gtm-vis-has-fired-10552706_196=\"1\" data-gtm-vis-recent-on-screen-10552706_217=\"9940\" data-gtm-vis-total-visible-time-10552706_217=\"100\" data-gtm-vis-has-fired-10552706_217=\"1\" data-gtm-vis-recent-on-screen-10552706_194=\"9941\" data-gtm-vis-total-visible-time-10552706_194=\"100\" data-gtm-vis-has-fired-10552706_194=\"1\" data-gtm-vis-recent-on-screen-10552706_192=\"9943\" data-gtm-vis-total-visible-time-10552706_192=\"100\" data-gtm-vis-has-fired-10552706_192=\"1\" data-gtm-vis-recent-on-screen-10552706_193=\"10037\" data-gtm-vis-total-visible-time-10552706_193=\"100\" data-gtm-vis-has-fired-10552706_193=\"1\"><span>C\u00e1mara de red con globo ocular focal fijo IR de entrada de 2MP<\/span><\/p>\n<div data-v-5fe8c490=\"\"><span>2MP, sensor de imagen CMOS 1 \/ 2.7 \u201d, baja iluminaci\u00f3n, alta definici\u00f3n de imagen<\/span><br \/>\n<span>Salidas m\u00e1x. 2MP (1920 \u00d7 1080) @<\/span><br \/>\n<span>25\/30\u00a0fps\u00a0&gt; C\u00f3dec H.265, alta tasa de compresi\u00f3n, tasa de bits ultrabaja<\/span><br \/>\n<span>LED IR incorporado, m\u00e1x. Distancia IR: 30 m<\/span><br \/>\n<span>ROI, SMART H.264 \/ H.265, codificaci\u00f3n flexible, aplicable a varios entornos de almacenamiento y ancho de banda<\/span><br \/>\n<span>Modo de rotaci\u00f3n, DWDR, 3D DNR, HLC, BLC, marca de agua digital, aplicable a varias escenas de monitoreo<\/span><br \/>\n<span>Anormalidad detecci\u00f3n: detecci\u00f3n de movimiento, manipulaci\u00f3n de video, desconexi\u00f3n de la red, conflicto de IP, acceso ilegal<\/span><br \/>\n<span>Soporte de alimentaci\u00f3n de 12V CC \/ PoE<\/span><br \/>\n<span>Protecci\u00f3n IP67<\/span><\/div>\n","protected":false},"featured_media":37756,"comment_status":"open","ping_status":"closed","template":"","meta":{"_et_pb_use_builder":"","_et_pb_old_content":"","_et_gb_content_width":""},"product_brand":[],"product_cat":[928,521,522,523],"product_tag":[862,831,835,834,896,833],"class_list":{"0":"post-37755","1":"product","2":"type-product","3":"status-publish","4":"has-post-thumbnail","6":"product_cat-domo","7":"product_cat-cctv","8":"product_cat-ip","9":"product_cat-camaras","10":"product_tag-2mp","11":"product_tag-camara","12":"product_tag-cctv","13":"product_tag-dahua","14":"product_tag-domo","15":"product_tag-seguridad","17":"first","18":"instock","19":"taxable","20":"shipping-taxable","21":"product-type-simple"},"_links":{"self":[{"href":"https:\/\/arxisdemexico.com.mx\/arxis\/wp-json\/wp\/v2\/product\/37755","targetHints":{"allow":["GET"]}}],"collection":[{"href":"https:\/\/arxisdemexico.com.mx\/arxis\/wp-json\/wp\/v2\/product"}],"about":[{"href":"https:\/\/arxisdemexico.com.mx\/arxis\/wp-json\/wp\/v2\/types\/product"}],"replies":[{"embeddable":true,"href":"https:\/\/arxisdemexico.com.mx\/arxis\/wp-json\/wp\/v2\/comments?post=37755"}],"wp:featuredmedia":[{"embeddable":true,"href":"https:\/\/arxisdemexico.com.mx\/arxis\/wp-json\/wp\/v2\/media\/37756"}],"wp:attachment":[{"href":"https:\/\/arxisdemexico.com.mx\/arxis\/wp-json\/wp\/v2\/media?parent=37755"}],"wp:term":[{"taxonomy":"product_brand","embeddable":true,"href":"https:\/\/arxisdemexico.com.mx\/arxis\/wp-json\/wp\/v2\/product_brand?post=37755"},{"taxonomy":"product_cat","embeddable":true,"href":"https:\/\/arxisdemexico.com.mx\/arxis\/wp-json\/wp\/v2\/product_cat?post=37755"},{"taxonomy":"product_tag","embeddable":true,"href":"https:\/\/arxisdemexico.com.mx\/arxis\/wp-json\/wp\/v2\/product_tag?post=37755"}],"curies":[{"name":"wp","href":"https:\/\/api.w.org\/{rel}","templated":true}]}}