{"id":37753,"date":"2021-11-01T14:09:07","date_gmt":"2021-11-01T20:09:07","guid":{"rendered":"https:\/\/www.arxisdemexico.com.mx\/arxis\/?post_type=product&#038;p=37753"},"modified":"2021-11-01T14:09:08","modified_gmt":"2021-11-01T20:09:08","slug":"dahua-dh-ipc-hdpw1431r1-s4-camara-ip-domo-de-4-megapixeles-lente-de-2-8mm-ir-de-30-mts-h-265-wdr-real-ip67-poe-3d-dnr-hlc","status":"publish","type":"product","link":"https:\/\/arxisdemexico.com.mx\/arxis\/producto\/dahua-dh-ipc-hdpw1431r1-s4-camara-ip-domo-de-4-megapixeles-lente-de-2-8mm-ir-de-30-mts-h-265-wdr-real-ip67-poe-3d-dnr-hlc\/","title":{"rendered":"DAHUA DH-IPC-HDPW1431R1-S4 &#8211; Camara IP Domo de 4 Megapixeles\/ Lente de 2.8mm\/ IR de 30 Mts\/ H.265\/ WDR Real\/ IP67\/ PoE\/ 3D DNR\/ HLC"},"content":{"rendered":"<ul>\n<li>Alimentaci\u00f3n 12V DC \/ POE(802.3af).<\/li>\n<li>Consumo energ\u00e9tico &lt;6.4W.<\/li>\n<li>Pixeles efectivos 2688(H) x 1520(V).<\/li>\n<li>Distancia IR 40m.<\/li>\n<li>2 LED IR.<\/li>\n<li>Lente fijo 2.8mm.<\/li>\n<li>Compresi\u00f3n de video H.265; H.264; H.264B; MJPEG.<\/li>\n<li>WDR 120dB.<\/li>\n<li>3D DNR.<\/li>\n<li>ONVIF (Profile S\/Profile G\/Profile T); CGI; Milestone; Genetec.<\/li>\n<li>Condiciones de operaci\u00f3n 30\u00b0C to +55\u00b0C.<\/li>\n<li>IP67.<\/li>\n<li>Material de construcci\u00f3n policarbonato.<\/li>\n<\/ul>\n","protected":false},"excerpt":{"rendered":"<p class=\"text\" data-v-5fe8c490=\"\" data-gtm-vis-first-on-screen-10552706_196=\"6536\" data-gtm-vis-has-fired-10552706_195=\"1\" data-gtm-vis-first-on-screen-10552706_193=\"6717\" data-gtm-vis-first-on-screen-10552706_192=\"6740\" data-gtm-vis-has-fired-10552706_181=\"1\" data-gtm-vis-first-on-screen-10552706_194=\"6872\" data-gtm-vis-first-on-screen-10552706_184=\"6923\" data-gtm-vis-first-on-screen-10552706_217=\"6990\" data-gtm-vis-recent-on-screen-10552706_196=\"9699\" data-gtm-vis-total-visible-time-10552706_196=\"100\" data-gtm-vis-has-fired-10552706_196=\"1\" data-gtm-vis-recent-on-screen-10552706_193=\"9700\" data-gtm-vis-total-visible-time-10552706_193=\"100\" data-gtm-vis-has-fired-10552706_193=\"1\" data-gtm-vis-recent-on-screen-10552706_192=\"9701\" data-gtm-vis-total-visible-time-10552706_192=\"100\" data-gtm-vis-has-fired-10552706_192=\"1\" data-gtm-vis-recent-on-screen-10552706_194=\"9702\" data-gtm-vis-total-visible-time-10552706_194=\"100\" data-gtm-vis-has-fired-10552706_194=\"1\" data-gtm-vis-recent-on-screen-10552706_184=\"9703\" data-gtm-vis-total-visible-time-10552706_184=\"100\" data-gtm-vis-has-fired-10552706_184=\"1\" data-gtm-vis-recent-on-screen-10552706_217=\"9704\" data-gtm-vis-total-visible-time-10552706_217=\"100\" data-gtm-vis-has-fired-10552706_217=\"1\"><span>C\u00e1mara de red domo de foco fijo IR de entrada de 4MP<\/span><\/p>\n<div data-v-5fe8c490=\"\">\n<ul>\n<li><span>Sensor de imagen CMOS de 4MP, 1\/3 \u201d, baja iluminaci\u00f3n, alta definici\u00f3n de imagen<\/span><\/li>\n<li><span>Produce 4MP (2560 \u00d7 1440) a 25\/30 fps y admite m\u00e1x. 4MP (2688 \u00d7 1520) a 20 fps<\/span><\/li>\n<li><span>C\u00f3dec H.265, alta tasa de compresi\u00f3n, tasa de bits ultrabaja<\/span><\/li>\n<li><span>LED IR incorporado, m\u00e1x. Distancia IR: 30 m<\/span><\/li>\n<li><span>ROI, SMART H.264 \/ H.265, codificaci\u00f3n flexible, aplicable a varios entornos de almacenamiento y ancho de banda<\/span><\/li>\n<li><span>Rotaci\u00f3n de imagen, WDR, 3D DNR, HLC, BLC, marca de agua digital, aplicable a varias escenas de monitoreo<\/span><\/li>\n<li><span>Anormalidad detecci\u00f3n: detecci\u00f3n de movimiento, manipulaci\u00f3n de video, desconexi\u00f3n de red, conflicto de IP, acceso ilegal, detecci\u00f3n de voltaje<\/span><\/li>\n<li><span>Soporte de alimentaci\u00f3n de 12V CC \/ PoE<\/span><\/li>\n<li><span>IP67, protecci\u00f3n<\/span><\/li>\n<\/ul>\n<\/div>\n","protected":false},"featured_media":37754,"comment_status":"open","ping_status":"closed","template":"","meta":{"_et_pb_use_builder":"","_et_pb_old_content":"","_et_gb_content_width":""},"product_brand":[],"product_cat":[928,521,522,523],"product_tag":[853,831,835,834,896,833],"class_list":{"0":"post-37753","1":"product","2":"type-product","3":"status-publish","4":"has-post-thumbnail","6":"product_cat-domo","7":"product_cat-cctv","8":"product_cat-ip","9":"product_cat-camaras","10":"product_tag-4mp","11":"product_tag-camara","12":"product_tag-cctv","13":"product_tag-dahua","14":"product_tag-domo","15":"product_tag-seguridad","17":"first","18":"instock","19":"taxable","20":"shipping-taxable","21":"product-type-simple"},"_links":{"self":[{"href":"https:\/\/arxisdemexico.com.mx\/arxis\/wp-json\/wp\/v2\/product\/37753","targetHints":{"allow":["GET"]}}],"collection":[{"href":"https:\/\/arxisdemexico.com.mx\/arxis\/wp-json\/wp\/v2\/product"}],"about":[{"href":"https:\/\/arxisdemexico.com.mx\/arxis\/wp-json\/wp\/v2\/types\/product"}],"replies":[{"embeddable":true,"href":"https:\/\/arxisdemexico.com.mx\/arxis\/wp-json\/wp\/v2\/comments?post=37753"}],"wp:featuredmedia":[{"embeddable":true,"href":"https:\/\/arxisdemexico.com.mx\/arxis\/wp-json\/wp\/v2\/media\/37754"}],"wp:attachment":[{"href":"https:\/\/arxisdemexico.com.mx\/arxis\/wp-json\/wp\/v2\/media?parent=37753"}],"wp:term":[{"taxonomy":"product_brand","embeddable":true,"href":"https:\/\/arxisdemexico.com.mx\/arxis\/wp-json\/wp\/v2\/product_brand?post=37753"},{"taxonomy":"product_cat","embeddable":true,"href":"https:\/\/arxisdemexico.com.mx\/arxis\/wp-json\/wp\/v2\/product_cat?post=37753"},{"taxonomy":"product_tag","embeddable":true,"href":"https:\/\/arxisdemexico.com.mx\/arxis\/wp-json\/wp\/v2\/product_tag?post=37753"}],"curies":[{"name":"wp","href":"https:\/\/api.w.org\/{rel}","templated":true}]}}