{"id":37745,"date":"2021-10-30T15:41:58","date_gmt":"2021-10-30T20:41:58","guid":{"rendered":"https:\/\/www.arxisdemexico.com.mx\/arxis\/?post_type=product&#038;p=37745"},"modified":"2021-10-30T15:41:58","modified_gmt":"2021-10-30T20:41:58","slug":"dahua-ipc-hdbw5241r-ase-ni-camara-ip-domo-full-color-de-2-megapixeles-con-ia-lente-de-3-6mm-h-265-full-color-sin-leds-0-001-lux-f1-0-face-detection-ip67-ik10-microsd-es-de-alarma-y-audio","status":"publish","type":"product","link":"https:\/\/arxisdemexico.com.mx\/arxis\/producto\/dahua-ipc-hdbw5241r-ase-ni-camara-ip-domo-full-color-de-2-megapixeles-con-ia-lente-de-3-6mm-h-265-full-color-sin-leds-0-001-lux-f1-0-face-detection-ip67-ik10-microsd-es-de-alarma-y-audio\/","title":{"rendered":"DAHUA IPC-HDBW5241R-ASE-NI &#8211; Camara IP Domo Full Color de 2 Megapixeles\/ con IA\/ Lente de 3.6mm\/ H.265\/ Full Color Sin LEDS 0.001 Lux @F1.0\/ Face Detection\/ IP67\/ IK10\/ MicroSD\/ E&#038;S de Alarma y Audio"},"content":{"rendered":"<p>Sensor de imagen CMOS de 2MP, 1 \/ 2.8 \u201d, baja iluminaci\u00f3n, alta definici\u00f3n de imagen<\/p>\n<ul>\n<li>Salidas m\u00e1x. 2MP (1920 \u00d7 1080) a 30 fps<\/li>\n<li>C\u00f3dec H.265, alta tasa de compresi\u00f3n, baja tasa de bits<\/li>\n<li>ROI, SMART H.264 + \/ H.265 +, codificaci\u00f3n flexible, aplicable a varios<\/li>\n<li>entornos de ancho de banda y almacenamiento<\/li>\n<li>Modo de rotaci\u00f3n, WDR, 3D DNR, HLC, BLC, marca de agua digital,<\/li>\n<li>aplicable a varias escenas de monitoreo<\/li>\n<li>Detecci\u00f3n inteligente: Tripwire, intrusi\u00f3n, movimiento r\u00e1pido (los tres<\/li>\n<li>Las funciones apoyan la clasificaci\u00f3n y la detecci\u00f3n precisa del veh\u00edculo.<\/li>\n<li>y humano), objeto abandonado, objeto perdido, detecci\u00f3n de merodeo,<\/li>\n<li>reuni\u00f3n de personas, detecci\u00f3n de estacionamiento, mapa de calor y detecci\u00f3n de rostros.<\/li>\n<li>Detecci\u00f3n de anomal\u00edas: detecci\u00f3n de movimiento, manipulaci\u00f3n de v\u00eddeo, escena<\/li>\n<li>cambio, detecci\u00f3n de audio, sin tarjeta SD, tarjeta SD llena, error de tarjeta SD,<\/li>\n<li>desconexi\u00f3n de la red, conflicto de IP, acceso ilegal, detecci\u00f3n de voltaje<\/li>\n<li>Alarma: 1 entrada, 1 salida; Audio: 1 entrada, 1 salida; soporta max. Tarjeta Micro SD de 256 G<\/li>\n<li>Soporte de alimentaci\u00f3n de 12V DC \/ PoE<\/li>\n<li>EPoE para transmisi\u00f3n remota<\/li>\n<li>Protecci\u00f3n IP67, IK10<\/li>\n<\/ul>\n","protected":false},"excerpt":{"rendered":"<p class=\"text\" data-v-5fe8c490=\"\" data-gtm-vis-has-fired-10552706_181=\"1\" data-gtm-vis-has-fired-10552706_195=\"1\" data-gtm-vis-first-on-screen-10552706_217=\"16007\" data-gtm-vis-first-on-screen-10552706_194=\"16009\" data-gtm-vis-first-on-screen-10552706_193=\"16018\" data-gtm-vis-first-on-screen-10552706_196=\"16021\" data-gtm-vis-first-on-screen-10552706_192=\"16022\" data-gtm-vis-first-on-screen-10552706_184=\"16023\" data-gtm-vis-recent-on-screen-10552706_192=\"142287\" data-gtm-vis-total-visible-time-10552706_192=\"100\" data-gtm-vis-has-fired-10552706_192=\"1\" data-gtm-vis-recent-on-screen-10552706_194=\"142289\" data-gtm-vis-total-visible-time-10552706_194=\"100\" data-gtm-vis-has-fired-10552706_194=\"1\" data-gtm-vis-recent-on-screen-10552706_196=\"142290\" data-gtm-vis-total-visible-time-10552706_196=\"100\" data-gtm-vis-has-fired-10552706_196=\"1\" data-gtm-vis-recent-on-screen-10552706_217=\"142406\" data-gtm-vis-total-visible-time-10552706_217=\"100\" data-gtm-vis-has-fired-10552706_217=\"1\" data-gtm-vis-recent-on-screen-10552706_184=\"142438\" data-gtm-vis-total-visible-time-10552706_184=\"100\" data-gtm-vis-has-fired-10552706_184=\"1\" data-gtm-vis-recent-on-screen-10552706_193=\"142478\" data-gtm-vis-total-visible-time-10552706_193=\"100\" data-gtm-vis-has-fired-10552706_193=\"1\"><span>C\u00e1mara de red domo focal fija a todo color Pro AI de 2MP<\/span><\/p>\n<div data-v-5fe8c490=\"\">\n<ul>\n<li><span>Sensor de imagen CMOS de 2MP, 1 \/ 2.8 \u201d, baja iluminaci\u00f3n, alta definici\u00f3n de imagen<\/span><\/li>\n<li><span>Salidas m\u00e1x. 2MP (1920 \u00d7 1080) a 30 fps<\/span><\/li>\n<li><span>C\u00f3dec H.265, alta tasa de compresi\u00f3n, baja tasa de bits<\/span><\/li>\n<li><span>ROI, SMART H.264 + \/ H.265 +, codificaci\u00f3n flexible, aplicable a varios entornos de almacenamiento y ancho de banda<\/span><\/li>\n<li><span>Modo de rotaci\u00f3n, WDR, 3D DNR, HLC, BLC, marca de agua digital, aplicable a varias escenas de monitoreo<\/span><\/li>\n<li><span>Detecci\u00f3n inteligente: Tripwire, intrusi\u00f3n, movimiento r\u00e1pido (las tres funciones admiten la clasificaci\u00f3n y detecci\u00f3n precisa de veh\u00edculos y humanos), objeto abandonado, objeto perdido, detecci\u00f3n de merodeo, reuni\u00f3n de personas, detecci\u00f3n de estacionamiento, mapa de calor y detecci\u00f3n de rostros.<\/span><\/li>\n<li><span>Detecci\u00f3n de anomal\u00edas: detecci\u00f3n de movimiento, manipulaci\u00f3n de video, cambio de escena, detecci\u00f3n de audio, sin tarjeta SD, tarjeta SD llena, error de tarjeta SD, desconexi\u00f3n de red, conflicto de IP, acceso ilegal, detecci\u00f3n de voltaje<\/span><\/li>\n<li><span>Alarma: 1 entrada, 1 salida; Audio: 1 entrada, 1 salida;\u00a0admite m\u00e1x.\u00a0Tarjeta Micro SD de 256 G<\/span><\/li>\n<li><span>Soporte de alimentaci\u00f3n de 12V DC \/ PoE<\/span><\/li>\n<li><span>ePoE para transmisi\u00f3n remota<\/span><\/li>\n<li><span>Protecci\u00f3n IP67, IK10<\/span><\/li>\n<\/ul>\n<\/div>\n","protected":false},"featured_media":37746,"comment_status":"open","ping_status":"closed","template":"","meta":{"_et_pb_use_builder":"","_et_pb_old_content":"","_et_gb_content_width":""},"product_brand":[],"product_cat":[928,521,522,523],"product_tag":[862,948,831,835,834,896,846,833],"class_list":{"0":"post-37745","1":"product","2":"type-product","3":"status-publish","4":"has-post-thumbnail","6":"product_cat-domo","7":"product_cat-cctv","8":"product_cat-ip","9":"product_cat-camaras","10":"product_tag-2mp","11":"product_tag-alarma-y-audio","12":"product_tag-camara","13":"product_tag-cctv","14":"product_tag-dahua","15":"product_tag-domo","16":"product_tag-full-color","17":"product_tag-seguridad","19":"first","20":"instock","21":"taxable","22":"shipping-taxable","23":"product-type-simple"},"_links":{"self":[{"href":"https:\/\/arxisdemexico.com.mx\/arxis\/wp-json\/wp\/v2\/product\/37745","targetHints":{"allow":["GET"]}}],"collection":[{"href":"https:\/\/arxisdemexico.com.mx\/arxis\/wp-json\/wp\/v2\/product"}],"about":[{"href":"https:\/\/arxisdemexico.com.mx\/arxis\/wp-json\/wp\/v2\/types\/product"}],"replies":[{"embeddable":true,"href":"https:\/\/arxisdemexico.com.mx\/arxis\/wp-json\/wp\/v2\/comments?post=37745"}],"wp:featuredmedia":[{"embeddable":true,"href":"https:\/\/arxisdemexico.com.mx\/arxis\/wp-json\/wp\/v2\/media\/37746"}],"wp:attachment":[{"href":"https:\/\/arxisdemexico.com.mx\/arxis\/wp-json\/wp\/v2\/media?parent=37745"}],"wp:term":[{"taxonomy":"product_brand","embeddable":true,"href":"https:\/\/arxisdemexico.com.mx\/arxis\/wp-json\/wp\/v2\/product_brand?post=37745"},{"taxonomy":"product_cat","embeddable":true,"href":"https:\/\/arxisdemexico.com.mx\/arxis\/wp-json\/wp\/v2\/product_cat?post=37745"},{"taxonomy":"product_tag","embeddable":true,"href":"https:\/\/arxisdemexico.com.mx\/arxis\/wp-json\/wp\/v2\/product_tag?post=37745"}],"curies":[{"name":"wp","href":"https:\/\/api.w.org\/{rel}","templated":true}]}}