{"id":37741,"date":"2021-10-30T15:20:17","date_gmt":"2021-10-30T20:20:17","guid":{"rendered":"https:\/\/www.arxisdemexico.com.mx\/arxis\/?post_type=product&#038;p=37741"},"modified":"2021-10-30T15:20:18","modified_gmt":"2021-10-30T20:20:18","slug":"dahua-ipc-hdbw3841rn-zas-camara-ip-domo-8-mp-lente-varifocal-de-2-7-mm-3-5mm-starlight-wizsense-smd-plus-wdr-real-ip67-ik10-poe-ranura-para-microsd","status":"publish","type":"product","link":"https:\/\/arxisdemexico.com.mx\/arxis\/producto\/dahua-ipc-hdbw3841rn-zas-camara-ip-domo-8-mp-lente-varifocal-de-2-7-mm-3-5mm-starlight-wizsense-smd-plus-wdr-real-ip67-ik10-poe-ranura-para-microsd\/","title":{"rendered":"DAHUA IPC-HDBW3841RN-ZAS- C\u00e1mara IP Domo 8 MP\/ Lente varifocal de 2.7 mm &#8211; 3.5mm\/ Starlight\/ WizSense\/ SMD Plus\/ WDR Real\/ IP67\/ IK10\/ Poe\/ Ranura para MicroSD"},"content":{"rendered":"<ul>\n<li>Sensor de imagen CMOS de 8MP, 1 \/ 2.8 \u201d, baja iluminaci\u00f3n, alta definici\u00f3n de imagen<\/li>\n<li>Salidas m\u00e1x. 8MP (3840 \u00d7 2160) @ 20 fps (funci\u00f3n AI habilitada por \u00a0predeterminado) y admite 8MP (3840 \u00d7 2160) @ 25\/30 fps (cuando la funci\u00f3n AI \u00a0discapacitado)<\/li>\n<li>C\u00f3dec H.265, alta tasa de compresi\u00f3n, baja tasa de bits<\/li>\n<li>LED IR incorporado, m\u00e1x. IR distancia: 40 m<\/li>\n<li>ROI, SMART H.264 + \/ H.265 +, codificaci\u00f3n flexible, aplicable a varios entornos de ancho de banda y almacenamiento.<\/li>\n<li>Modo de rotaci\u00f3n, WDR, 3D DNR, HLC, BLC, marca de agua digital, aplicable a varias escenas de monitorizaci\u00f3n<\/li>\n<li>Detecci\u00f3n inteligente: intrusi\u00f3n, cable trampa (admite la clasificaci\u00f3n y detecci\u00f3n precisa de veh\u00edculos y humanos)<\/li>\n<li>Detecci\u00f3n de anomal\u00edas: detecci\u00f3n de movimiento, manipulaci\u00f3n de v\u00eddeo, escena cambio, detecci\u00f3n de audio, sin tarjeta SD, tarjeta SD completo, error de la tarjeta SD, desconexi\u00f3n de la red, conflicto de IP, acceso ilegal y detecci\u00f3n de voltaje<\/li>\n<li>Soporta m\u00e1x. Tarjeta Micro SD de 256 G<\/li>\n<li>Fuente de alimentaci\u00f3n 12V DC \/ PoE<\/li>\n<li>Protecci\u00f3n IP67, IK10<\/li>\n<li>SMD Plus<\/li>\n<li>Material, Metal<\/li>\n<\/ul>\n","protected":false},"excerpt":{"rendered":"<p class=\"text\" data-v-5fe8c490=\"\" data-gtm-vis-has-fired-10552706_181=\"1\" data-gtm-vis-has-fired-10552706_195=\"1\" data-gtm-vis-first-on-screen-10552706_184=\"18113\" data-gtm-vis-first-on-screen-10552706_196=\"18115\" data-gtm-vis-first-on-screen-10552706_192=\"18116\" data-gtm-vis-first-on-screen-10552706_217=\"18118\" data-gtm-vis-first-on-screen-10552706_194=\"18120\" data-gtm-vis-first-on-screen-10552706_193=\"18121\" data-gtm-vis-recent-on-screen-10552706_184=\"20285\" data-gtm-vis-total-visible-time-10552706_184=\"100\" data-gtm-vis-has-fired-10552706_184=\"1\" data-gtm-vis-recent-on-screen-10552706_217=\"20286\" data-gtm-vis-total-visible-time-10552706_217=\"100\" data-gtm-vis-has-fired-10552706_217=\"1\" data-gtm-vis-recent-on-screen-10552706_196=\"20288\" data-gtm-vis-total-visible-time-10552706_196=\"100\" data-gtm-vis-has-fired-10552706_196=\"1\" data-gtm-vis-recent-on-screen-10552706_194=\"20296\" data-gtm-vis-total-visible-time-10552706_194=\"100\" data-gtm-vis-has-fired-10552706_194=\"1\" data-gtm-vis-recent-on-screen-10552706_193=\"20297\" data-gtm-vis-total-visible-time-10552706_193=\"100\" data-gtm-vis-has-fired-10552706_193=\"1\" data-gtm-vis-recent-on-screen-10552706_192=\"20348\" data-gtm-vis-total-visible-time-10552706_192=\"100\" data-gtm-vis-has-fired-10552706_192=\"1\"><span>C\u00e1mara de red WizSense domo varifocal IR de 8 MP<\/span><\/p>\n<div data-v-5fe8c490=\"\">\n<ul>\n<li><span>Sensor de imagen CMOS de 8MP, 1 \/ 2.8 \u201d, baja iluminaci\u00f3n, alta definici\u00f3n de imagen<\/span><\/li>\n<li><span>Salidas m\u00e1x. 8MP (3840 \u00d7 2160) @ 20 fps (funci\u00f3n AI habilitada de forma predeterminada) y admite 8MP (3840 \u00d7 2160) @ 25\/30 fps (cuando la funci\u00f3n AI est\u00e1 desactivada)<\/span><\/li>\n<li><span>C\u00f3dec H.265, alta tasa de compresi\u00f3n, baja tasa de bits<\/span><\/li>\n<li><span>LED IR incorporado, m\u00e1x. IR distancia: 40 m<\/span><\/li>\n<li><span>ROI, SMART H.264 + \/ H.265 +, codificaci\u00f3n flexible, aplicable a varios entornos de almacenamiento y ancho de banda.<\/span><\/li>\n<li><span>Modo de rotaci\u00f3n, WDR, 3D DNR, HLC, BLC, marca de agua digital, aplicable a varias escenas de monitoreo<\/span><\/li>\n<li><span>Detecci\u00f3n inteligente: intrusi\u00f3n, cable trampa (admite la clasificaci\u00f3n y detecci\u00f3n precisa de veh\u00edculos y humanos)<\/span><\/li>\n<li><span>Detecci\u00f3n de anomal\u00edas: detecci\u00f3n de movimiento, manipulaci\u00f3n de video, cambio de escena, detecci\u00f3n de audio (solo: compatible con ZAS), sin tarjeta SD, tarjeta SD llena, error de tarjeta SD, desconexi\u00f3n de red, conflicto de IP, acceso ilegal y detecci\u00f3n de voltaje<\/span><\/li>\n<li><span>Alarma: 1 entrada, 1 salida (solo &#8211; compatible con ZAS); audio: 1 entrada, 1 salida (solo: compatible con ZAS)<\/span><\/li>\n<li><span>Soporta max. Tarjeta Micro SD de 256 G<\/span><\/li>\n<li><span>Fuente de alimentaci\u00f3n 12V DC \/ PoE<\/span><\/li>\n<li><span>Protecci\u00f3n IP67, IK10<\/span><\/li>\n<li><span>SMD Plus<\/span><\/li>\n<\/ul>\n<\/div>\n","protected":false},"featured_media":37742,"comment_status":"open","ping_status":"closed","template":"","meta":{"_et_pb_use_builder":"","_et_pb_old_content":"","_et_gb_content_width":""},"product_brand":[],"product_cat":[928,521,522,523],"product_tag":[909,873,831,835,834,896,947,833,883],"class_list":{"0":"post-37741","1":"product","2":"type-product","3":"status-publish","4":"has-post-thumbnail","6":"product_cat-domo","7":"product_cat-cctv","8":"product_cat-ip","9":"product_cat-camaras","10":"product_tag-4k","11":"product_tag-8mp","12":"product_tag-camara","13":"product_tag-cctv","14":"product_tag-dahua","15":"product_tag-domo","16":"product_tag-lente-varifocal","17":"product_tag-seguridad","18":"product_tag-wizsense","20":"first","21":"instock","22":"taxable","23":"shipping-taxable","24":"product-type-simple"},"_links":{"self":[{"href":"https:\/\/arxisdemexico.com.mx\/arxis\/wp-json\/wp\/v2\/product\/37741","targetHints":{"allow":["GET"]}}],"collection":[{"href":"https:\/\/arxisdemexico.com.mx\/arxis\/wp-json\/wp\/v2\/product"}],"about":[{"href":"https:\/\/arxisdemexico.com.mx\/arxis\/wp-json\/wp\/v2\/types\/product"}],"replies":[{"embeddable":true,"href":"https:\/\/arxisdemexico.com.mx\/arxis\/wp-json\/wp\/v2\/comments?post=37741"}],"wp:featuredmedia":[{"embeddable":true,"href":"https:\/\/arxisdemexico.com.mx\/arxis\/wp-json\/wp\/v2\/media\/37742"}],"wp:attachment":[{"href":"https:\/\/arxisdemexico.com.mx\/arxis\/wp-json\/wp\/v2\/media?parent=37741"}],"wp:term":[{"taxonomy":"product_brand","embeddable":true,"href":"https:\/\/arxisdemexico.com.mx\/arxis\/wp-json\/wp\/v2\/product_brand?post=37741"},{"taxonomy":"product_cat","embeddable":true,"href":"https:\/\/arxisdemexico.com.mx\/arxis\/wp-json\/wp\/v2\/product_cat?post=37741"},{"taxonomy":"product_tag","embeddable":true,"href":"https:\/\/arxisdemexico.com.mx\/arxis\/wp-json\/wp\/v2\/product_tag?post=37741"}],"curies":[{"name":"wp","href":"https:\/\/api.w.org\/{rel}","templated":true}]}}