{"id":37739,"date":"2021-10-30T15:15:43","date_gmt":"2021-10-30T20:15:43","guid":{"rendered":"https:\/\/www.arxisdemexico.com.mx\/arxis\/?post_type=product&#038;p=37739"},"modified":"2021-10-30T15:15:43","modified_gmt":"2021-10-30T20:15:43","slug":"dahua-ipc-hdbw3441r-zs-camara-domo-ip-de-4-megapixeles-wizsense-lente-mot-de-2-7-13-5mm-h-265-ir-de-40-mts-wdr-real-ranura-para-microsd-ip67-ik10-poe","status":"publish","type":"product","link":"https:\/\/arxisdemexico.com.mx\/arxis\/producto\/dahua-ipc-hdbw3441r-zs-camara-domo-ip-de-4-megapixeles-wizsense-lente-mot-de-2-7-13-5mm-h-265-ir-de-40-mts-wdr-real-ranura-para-microsd-ip67-ik10-poe\/","title":{"rendered":"DAHUA IPC-HDBW3441R-ZS &#8211; Camara Domo IP de 4 Megapixeles\/ WizSense\/ Lente Mot. de 2.7-13.5mm\/ H.265+\/ IR de 40 Mts\/ WDR Real\/ Ranura para MicroSD\/ IP67\/ IK10\/ PoE"},"content":{"rendered":"<ul>\n<li>Sensor de imagen\u00a01\/3\u201d 4 Megap\u00edxel.<\/li>\n<li>Resoluci\u00f3n m\u00e1xima 2688x 1520.<\/li>\n<li>Lente Varifocal Motorizado 2.7 mm- 13.5mm.<\/li>\n<li>Ilumuniaci\u00f3n m\u00ednima0.005 Lux Color, 0.0005 Lux B&amp;N..<\/li>\n<li>Smart IR alcance IR 40mts.<\/li>\n<li>Anal\u00edticos IVS: Tripwire, Intrusi\u00f3n ( clasificaci\u00f3n y detecci\u00f3n precisa de veh\u00edculos y humanos).<\/li>\n<li>SMD Plus.<\/li>\n<li>D\u00eda\/ Noche Auto(ICR) \/ Color \/ B&amp;N.<\/li>\n<li>Contraluz\u00a0BLC \/ HLC \/ WDR 120dB.<\/li>\n<li>Reducci\u00f3n de ruido 3D DNR.<\/li>\n<li>Compresi\u00f3n de video H.265+ \/H.265\/H.264+\/H.264.<\/li>\n<li>Ethernet RJ-45 (10\/100Base-T).<\/li>\n<li>Ranura de memoria microSD, m\u00e1ximo 256Gb (no incluida).<\/li>\n<li>Fuente de alimentaci\u00f3n\u00a0DC12V,PoE(802.3af).<\/li>\n<li>Consumo de energ\u00eda &lt;8.5W.<\/li>\n<li>Ambiente de trabajo -40\u00b0C +60\u00b0C.<\/li>\n<li>IP67.<\/li>\n<li>IK10<\/li>\n<li>Material metal.<\/li>\n<li>Dimensiones\u00a0\u03a6122.0 mm \u00d7 88.9 mm.<\/li>\n<\/ul>\n","protected":false},"excerpt":{"rendered":"<p class=\"text\" data-v-5fe8c490=\"\" data-gtm-vis-has-fired-10552706_181=\"1\" data-gtm-vis-has-fired-10552706_195=\"1\" data-gtm-vis-recent-on-screen-10552706_196=\"10376\" data-gtm-vis-first-on-screen-10552706_196=\"10376\" data-gtm-vis-total-visible-time-10552706_196=\"100\" data-gtm-vis-has-fired-10552706_196=\"1\" data-gtm-vis-recent-on-screen-10552706_193=\"10378\" data-gtm-vis-first-on-screen-10552706_193=\"10378\" data-gtm-vis-total-visible-time-10552706_193=\"100\" data-gtm-vis-has-fired-10552706_193=\"1\" data-gtm-vis-recent-on-screen-10552706_184=\"10380\" data-gtm-vis-first-on-screen-10552706_184=\"10380\" data-gtm-vis-total-visible-time-10552706_184=\"100\" data-gtm-vis-has-fired-10552706_184=\"1\" data-gtm-vis-recent-on-screen-10552706_194=\"10385\" data-gtm-vis-first-on-screen-10552706_194=\"10385\" data-gtm-vis-total-visible-time-10552706_194=\"100\" data-gtm-vis-has-fired-10552706_194=\"1\" data-gtm-vis-recent-on-screen-10552706_192=\"10390\" data-gtm-vis-first-on-screen-10552706_192=\"10390\" data-gtm-vis-total-visible-time-10552706_192=\"100\" data-gtm-vis-has-fired-10552706_192=\"1\" data-gtm-vis-recent-on-screen-10552706_217=\"10391\" data-gtm-vis-first-on-screen-10552706_217=\"10391\" data-gtm-vis-total-visible-time-10552706_217=\"100\" data-gtm-vis-has-fired-10552706_217=\"1\"><span>C\u00e1mara de red WizSense con domo varifocal IR de 4 MP<\/span><\/p>\n<div data-v-5fe8c490=\"\">\n<ul>\n<li><span>Sensor de imagen CMOS de 4MP, 1\/3 \u201d, baja iluminaci\u00f3n, alta definici\u00f3n de imagen<\/span><\/li>\n<li><span>Salidas m\u00e1x. 4MP (2688 \u00d7 1520) a 30 fps<\/span><\/li>\n<li><span>C\u00f3dec H.265, alta tasa de compresi\u00f3n, baja tasa de bits<\/span><\/li>\n<li><span>LED IR incorporado, m\u00e1x. IR distancia: 40 m<\/span><\/li>\n<li><span>ROI, SMART H.264 + \/ H.265 +, codificaci\u00f3n flexible, aplicable a varios entornos de almacenamiento y ancho de banda<\/span><\/li>\n<li><span>Modo de rotaci\u00f3n, WDR, 3D DNR, HLC, BLC, marca de agua digital, aplicable a varias escenas de monitoreo<\/span><\/li>\n<li><span>Detecci\u00f3n inteligente: intrusi\u00f3n, cable trampa (admite la clasificaci\u00f3n y detecci\u00f3n precisa de veh\u00edculos y humanos)<\/span><\/li>\n<li><span>Detecci\u00f3n de anomal\u00edas: detecci\u00f3n de movimiento, manipulaci\u00f3n de video, cambio de escena, sin tarjeta SD, tarjeta SD llena, error de tarjeta SD, desconexi\u00f3n de red, conflicto de IP, acceso ilegal, detecci\u00f3n de voltaje<\/span><\/li>\n<li><span>Soporta max. Tarjeta Micro SD de 256 G<\/span><\/li>\n<li><span>Fuente de alimentaci\u00f3n 12V DC \/ POE<\/span><\/li>\n<li><span>Protecci\u00f3n IP67, IK10<\/span><\/li>\n<li><span>SMD Plus<\/span><\/li>\n<\/ul>\n<\/div>\n","protected":false},"featured_media":37740,"comment_status":"open","ping_status":"closed","template":"","meta":{"_et_pb_use_builder":"","_et_pb_old_content":"","_et_gb_content_width":""},"product_brand":[],"product_cat":[928,521,522,523],"product_tag":[853,831,835,834,896,845,833,883],"class_list":{"0":"post-37739","1":"product","2":"type-product","3":"status-publish","4":"has-post-thumbnail","6":"product_cat-domo","7":"product_cat-cctv","8":"product_cat-ip","9":"product_cat-camaras","10":"product_tag-4mp","11":"product_tag-camara","12":"product_tag-cctv","13":"product_tag-dahua","14":"product_tag-domo","15":"product_tag-lente-motorizado","16":"product_tag-seguridad","17":"product_tag-wizsense","19":"first","20":"instock","21":"taxable","22":"shipping-taxable","23":"product-type-simple"},"_links":{"self":[{"href":"https:\/\/arxisdemexico.com.mx\/arxis\/wp-json\/wp\/v2\/product\/37739","targetHints":{"allow":["GET"]}}],"collection":[{"href":"https:\/\/arxisdemexico.com.mx\/arxis\/wp-json\/wp\/v2\/product"}],"about":[{"href":"https:\/\/arxisdemexico.com.mx\/arxis\/wp-json\/wp\/v2\/types\/product"}],"replies":[{"embeddable":true,"href":"https:\/\/arxisdemexico.com.mx\/arxis\/wp-json\/wp\/v2\/comments?post=37739"}],"wp:featuredmedia":[{"embeddable":true,"href":"https:\/\/arxisdemexico.com.mx\/arxis\/wp-json\/wp\/v2\/media\/37740"}],"wp:attachment":[{"href":"https:\/\/arxisdemexico.com.mx\/arxis\/wp-json\/wp\/v2\/media?parent=37739"}],"wp:term":[{"taxonomy":"product_brand","embeddable":true,"href":"https:\/\/arxisdemexico.com.mx\/arxis\/wp-json\/wp\/v2\/product_brand?post=37739"},{"taxonomy":"product_cat","embeddable":true,"href":"https:\/\/arxisdemexico.com.mx\/arxis\/wp-json\/wp\/v2\/product_cat?post=37739"},{"taxonomy":"product_tag","embeddable":true,"href":"https:\/\/arxisdemexico.com.mx\/arxis\/wp-json\/wp\/v2\/product_tag?post=37739"}],"curies":[{"name":"wp","href":"https:\/\/api.w.org\/{rel}","templated":true}]}}