{"id":37737,"date":"2021-10-30T15:10:02","date_gmt":"2021-10-30T20:10:02","guid":{"rendered":"https:\/\/www.arxisdemexico.com.mx\/arxis\/?post_type=product&#038;p=37737"},"modified":"2021-10-30T15:10:03","modified_gmt":"2021-10-30T20:10:03","slug":"dahua-ipc-hdbw3441e-as-camara-ip-domo-con-inteligencia-artificial-4-megapixeles-lente-de-2-8mm-1-ch-de-audio-wdr-ir-50-mts-smd-ip67-ik10-es-de-alarma","status":"publish","type":"product","link":"https:\/\/arxisdemexico.com.mx\/arxis\/producto\/dahua-ipc-hdbw3441e-as-camara-ip-domo-con-inteligencia-artificial-4-megapixeles-lente-de-2-8mm-1-ch-de-audio-wdr-ir-50-mts-smd-ip67-ik10-es-de-alarma\/","title":{"rendered":"DAHUA IPC-HDBW3441E-AS &#8211; Camara IP Domo con Inteligencia Artificial\/ 4 Megapixeles\/ Lente de 2.8mm\/ 1 Ch de Audio\/ WDR\/ Ir 50 Mts\/ SMD\/ IP67\/ IK10\/E&#038;S de Alarma"},"content":{"rendered":"<ul>\n<li>Resoluci\u00f3n 4 Megap\u00edxeles.<\/li>\n<li>Lente 2.8mm<\/li>\n<li>Ultra WDR (120db).<\/li>\n<li>Estabilizador de Imagen (EIS), Regi\u00f3n de Inter\u00e9s (ROI).<\/li>\n<li>Luz IR 50 Metros.<\/li>\n<li>ONVIF (Perfil S).<\/li>\n<li>Detecciones Inteligentes (Intrusi\u00f3n, Tripwire).<\/li>\n<li>Alimentaci\u00f3n PoE (802.3af).<\/li>\n<li>Voltaje 12VCD (No Incluida).<\/li>\n<li>Exterior IP67.<\/li>\n<li>Temperatura de Operaci\u00f3n -40\u00b0~60\u00b0C.<\/li>\n<li>Peso 378 g.<\/li>\n<li>Ranura Micro SD (hasta 256 GB).<\/li>\n<li>1 Entradas de Alarma y 1 Salida de Alarma.<\/li>\n<li>1 Entradas de Audio y 1 Salida de Audio<\/li>\n<\/ul>\n","protected":false},"excerpt":{"rendered":"<p class=\"text\" data-v-5fe8c490=\"\" data-gtm-vis-has-fired-10552706_195=\"1\" data-gtm-vis-has-fired-10552706_181=\"1\" data-gtm-vis-first-on-screen-10552706_194=\"7923\" data-gtm-vis-first-on-screen-10552706_192=\"7964\" data-gtm-vis-first-on-screen-10552706_193=\"7967\" data-gtm-vis-first-on-screen-10552706_184=\"7969\" data-gtm-vis-first-on-screen-10552706_196=\"7970\" data-gtm-vis-first-on-screen-10552706_217=\"7973\" data-gtm-vis-recent-on-screen-10552706_194=\"29123\" data-gtm-vis-total-visible-time-10552706_194=\"100\" data-gtm-vis-has-fired-10552706_194=\"1\" data-gtm-vis-recent-on-screen-10552706_192=\"29132\" data-gtm-vis-total-visible-time-10552706_192=\"100\" data-gtm-vis-has-fired-10552706_192=\"1\" data-gtm-vis-recent-on-screen-10552706_184=\"29134\" data-gtm-vis-total-visible-time-10552706_184=\"100\" data-gtm-vis-has-fired-10552706_184=\"1\" data-gtm-vis-recent-on-screen-10552706_196=\"29135\" data-gtm-vis-total-visible-time-10552706_196=\"100\" data-gtm-vis-has-fired-10552706_196=\"1\" data-gtm-vis-recent-on-screen-10552706_193=\"29136\" data-gtm-vis-total-visible-time-10552706_193=\"100\" data-gtm-vis-has-fired-10552706_193=\"1\" data-gtm-vis-recent-on-screen-10552706_217=\"29141\" data-gtm-vis-total-visible-time-10552706_217=\"100\" data-gtm-vis-has-fired-10552706_217=\"1\"><span>C\u00e1mara de red WizSense de domo fijo con infrarrojos de 4 MP<\/span><\/p>\n<div data-v-5fe8c490=\"\">\n<ul>\n<li><span>Sensor de imagen CMOS de 4MP, 1\/3 \u201d, baja iluminaci\u00f3n, alta definici\u00f3n de imagen<\/span><\/li>\n<li><span>Salidas m\u00e1x. 4MP (2688 \u00d7 1520) a 30 fps<\/span><\/li>\n<li><span>C\u00f3dec H.265, alta tasa de compresi\u00f3n, baja tasa de bits<\/span><\/li>\n<li><span>LED IR incorporado, m\u00e1x. IR distancia: 50 m<\/span><\/li>\n<li><span>ROI, SMART H.264 + \/ H.265 +, codificaci\u00f3n flexible, aplicable a varios entornos de almacenamiento y ancho de banda<\/span><\/li>\n<li><span>Modo de rotaci\u00f3n, WDR, 3D DNR, HLC, BLC, marca de agua digital, aplicable a varias escenas de monitoreo<\/span><\/li>\n<li><span>Detecci\u00f3n inteligente: intrusi\u00f3n, cable trampa (admite la clasificaci\u00f3n y detecci\u00f3n precisa de veh\u00edculos y humanos)<\/span><\/li>\n<li><span>Detecci\u00f3n de anomal\u00edas: detecci\u00f3n de movimiento, manipulaci\u00f3n de v\u00eddeo, cambio de escena, detecci\u00f3n de anomal\u00edas de audio, sin tarjeta SD, tarjeta SD llena, error de tarjeta SD, desconexi\u00f3n de red, conflicto de IP, acceso ilegal, detecci\u00f3n de voltaje<\/span><\/li>\n<li><span>Alarma: entrada, salida; Audio: entrada, salida;\u00a0Soporta max.\u00a0Tarjeta Micro SD de 256 G<\/span><\/li>\n<li><span>Fuente de alimentaci\u00f3n 12V DC \/ POE<\/span><\/li>\n<li><span>Protecci\u00f3n IP67, IK10<\/span><\/li>\n<li><span>SMD Plus<\/span><\/li>\n<\/ul>\n<\/div>\n","protected":false},"featured_media":37738,"comment_status":"open","ping_status":"closed","template":"","meta":{"_et_pb_use_builder":"","_et_pb_old_content":"","_et_gb_content_width":""},"product_brand":[],"product_cat":[928,521,522,523],"product_tag":[853,892,908,831,835,834,896,932,833],"class_list":{"0":"post-37737","1":"product","2":"type-product","3":"status-publish","4":"has-post-thumbnail","6":"product_cat-domo","7":"product_cat-cctv","8":"product_cat-ip","9":"product_cat-camaras","10":"product_tag-4mp","11":"product_tag-alarma","12":"product_tag-audio","13":"product_tag-camara","14":"product_tag-cctv","15":"product_tag-dahua","16":"product_tag-domo","17":"product_tag-inteligencia-artificial","18":"product_tag-seguridad","20":"first","21":"instock","22":"taxable","23":"shipping-taxable","24":"product-type-simple"},"_links":{"self":[{"href":"https:\/\/arxisdemexico.com.mx\/arxis\/wp-json\/wp\/v2\/product\/37737","targetHints":{"allow":["GET"]}}],"collection":[{"href":"https:\/\/arxisdemexico.com.mx\/arxis\/wp-json\/wp\/v2\/product"}],"about":[{"href":"https:\/\/arxisdemexico.com.mx\/arxis\/wp-json\/wp\/v2\/types\/product"}],"replies":[{"embeddable":true,"href":"https:\/\/arxisdemexico.com.mx\/arxis\/wp-json\/wp\/v2\/comments?post=37737"}],"wp:featuredmedia":[{"embeddable":true,"href":"https:\/\/arxisdemexico.com.mx\/arxis\/wp-json\/wp\/v2\/media\/37738"}],"wp:attachment":[{"href":"https:\/\/arxisdemexico.com.mx\/arxis\/wp-json\/wp\/v2\/media?parent=37737"}],"wp:term":[{"taxonomy":"product_brand","embeddable":true,"href":"https:\/\/arxisdemexico.com.mx\/arxis\/wp-json\/wp\/v2\/product_brand?post=37737"},{"taxonomy":"product_cat","embeddable":true,"href":"https:\/\/arxisdemexico.com.mx\/arxis\/wp-json\/wp\/v2\/product_cat?post=37737"},{"taxonomy":"product_tag","embeddable":true,"href":"https:\/\/arxisdemexico.com.mx\/arxis\/wp-json\/wp\/v2\/product_tag?post=37737"}],"curies":[{"name":"wp","href":"https:\/\/api.w.org\/{rel}","templated":true}]}}