{"id":37733,"date":"2021-10-30T14:53:59","date_gmt":"2021-10-30T19:53:59","guid":{"rendered":"https:\/\/www.arxisdemexico.com.mx\/arxis\/?post_type=product&#038;p=37733"},"modified":"2021-10-30T14:57:36","modified_gmt":"2021-10-30T19:57:36","slug":"dahua-ipc-hdbw3241f-as-m-camara-ip-domo-antivandalico-de-2-megapixeles-h-265-microfono-integrado-lente-de-2-8-mm-ir-50-mts-smd-ip67-ik10-poe","status":"publish","type":"product","link":"https:\/\/arxisdemexico.com.mx\/arxis\/producto\/dahua-ipc-hdbw3241f-as-m-camara-ip-domo-antivandalico-de-2-megapixeles-h-265-microfono-integrado-lente-de-2-8-mm-ir-50-mts-smd-ip67-ik10-poe\/","title":{"rendered":"DAHUA IPC-HDBW3241F-AS-M &#8211; Camara IP Domo Antivandalico de 2 Megapixeles\/ H.265+\/ Microfono Integrado\/ Lente de 2.8 mm\/ IR 50 Mts\/ SMD\/ IP67\/ IK10\/ PoE"},"content":{"rendered":"<ul>\n<li>Sensor CMOS \u00bd.8\u201d CMOS Progresivo.<\/li>\n<li>Resoluci\u00f3n m\u00e1xima 1920(H)x1080(V).<\/li>\n<li>ROM128MB.<\/li>\n<li>RAM-256MB.<\/li>\n<li>Iluminaci\u00f3n m\u00ednima 0.002 Lux@F1.6.<\/li>\n<li>8 LED IR.<\/li>\n<li>Distancia de IR 50mts.<\/li>\n<li>Lente fijo de 2.8mm.<\/li>\n<li>Protecci\u00f3n perimetral, Tripwire, intrusi\u00f3n, (reconocimiento de humanos y veh\u00edculos).<\/li>\n<li>Smart Codec Smart H.265+\/Smart H.264+.<\/li>\n<li>3 Streams.<\/li>\n<li>Video Bit Rate H.264: 3kbps-8192kbps; H.265: 3Kbps-8192Kbps.<\/li>\n<li>D\u00eda y noche autom\u00e1tico (ICR)\/ Color\/ B&amp;W.<\/li>\n<li>BLC, HLC WDR(120db).<\/li>\n<li>3D DNR.<\/li>\n<li>Audio integrado.<\/li>\n<li>Compresiones de audio G.711\u00aa; G.711Mu; G726; AAC.<\/li>\n<li>RJ-45 (10\/100 Base-T).<\/li>\n<li>ONVIF(Profile S\/Profile G);CGI;P2P;Milestone;Genetec.<\/li>\n<li>FTP; SFTP;Micro SD Card (support max. 256 G); Dahua; Cloud; NAS.<\/li>\n<li>12V DC\/PoE (802.3af).<\/li>\n<li>&lt;5.7W.<\/li>\n<li>IP67; IK10.<\/li>\n<\/ul>\n","protected":false},"excerpt":{"rendered":"<p class=\"text\" data-v-5fe8c490=\"\" data-gtm-vis-has-fired-10552706_181=\"1\" data-gtm-vis-has-fired-10552706_195=\"1\" data-gtm-vis-first-on-screen-10552706_217=\"5365\" data-gtm-vis-first-on-screen-10552706_194=\"5396\" data-gtm-vis-first-on-screen-10552706_192=\"5418\" data-gtm-vis-first-on-screen-10552706_196=\"5528\" data-gtm-vis-first-on-screen-10552706_193=\"5579\" data-gtm-vis-first-on-screen-10552706_184=\"5620\" data-gtm-vis-recent-on-screen-10552706_196=\"9864\" data-gtm-vis-total-visible-time-10552706_196=\"100\" data-gtm-vis-has-fired-10552706_196=\"1\" data-gtm-vis-recent-on-screen-10552706_194=\"9865\" data-gtm-vis-total-visible-time-10552706_194=\"100\" data-gtm-vis-has-fired-10552706_194=\"1\" data-gtm-vis-recent-on-screen-10552706_217=\"9866\" data-gtm-vis-total-visible-time-10552706_217=\"100\" data-gtm-vis-has-fired-10552706_217=\"1\" data-gtm-vis-recent-on-screen-10552706_192=\"9867\" data-gtm-vis-total-visible-time-10552706_192=\"100\" data-gtm-vis-has-fired-10552706_192=\"1\" data-gtm-vis-recent-on-screen-10552706_184=\"9868\" data-gtm-vis-total-visible-time-10552706_184=\"100\" data-gtm-vis-has-fired-10552706_184=\"1\" data-gtm-vis-recent-on-screen-10552706_193=\"10263\" data-gtm-vis-total-visible-time-10552706_193=\"100\" data-gtm-vis-has-fired-10552706_193=\"1\">C\u00e1mara de red WizSense de domo fijo con infrarrojos de 2MP<\/p>\n<div data-v-5fe8c490=\"\">\n<ul>\n<li>Sensor de imagen CMOS de 2MP, 1 \/ 2.8 \u201d, baja iluminaci\u00f3n, alta definici\u00f3n de imagen<\/li>\n<li>Salidas m\u00e1x. 2MP (1920 \u00d7 1080) a 30 fps<\/li>\n<li>C\u00f3dec H.265, alta tasa de compresi\u00f3n, baja tasa de bits<\/li>\n<li>LED IR incorporado, m\u00e1x. IR distancia: 30 m<\/li>\n<li>ROI, SMART H.264 + \/ H.265 +, codificaci\u00f3n flexible, aplicable a varios entornos de almacenamiento y ancho de banda<\/li>\n<li>Modo de rotaci\u00f3n, WDR, 3D DNR, HLC, BLC, marca de agua digital, aplicable a varias escenas de monitoreo<\/li>\n<li>Detecci\u00f3n inteligente: intrusi\u00f3n, cable trampa (admite la clasificaci\u00f3n y detecci\u00f3n precisa de veh\u00edculos y humanos)<\/li>\n<li>Detecci\u00f3n de anomal\u00edas: detecci\u00f3n de movimiento, manipulaci\u00f3n de video, cambio de escena, detecci\u00f3n de audio, sin tarjeta SD, tarjeta SD llena, error de tarjeta SD, desconexi\u00f3n de red, conflicto de IP, acceso ilegal, detecci\u00f3n de voltaje<\/li>\n<li>Soporta max. Tarjeta Micro SD de 256 G, micr\u00f3fono incorporado<\/li>\n<li>Fuente de alimentaci\u00f3n 12V DC \/ POE<\/li>\n<li>Protecci\u00f3n IP67, IK10<\/li>\n<li>SMD Plus<\/li>\n<\/ul>\n<\/div>\n","protected":false},"featured_media":37734,"comment_status":"open","ping_status":"closed","template":"","meta":{"_et_pb_use_builder":"","_et_pb_old_content":"","_et_gb_content_width":""},"product_brand":[],"product_cat":[928,521,522,523],"product_tag":[862,907,831,835,834,896,850,833],"class_list":{"0":"post-37733","1":"product","2":"type-product","3":"status-publish","4":"has-post-thumbnail","6":"product_cat-domo","7":"product_cat-cctv","8":"product_cat-ip","9":"product_cat-camaras","10":"product_tag-2mp","11":"product_tag-antivandalico","12":"product_tag-camara","13":"product_tag-cctv","14":"product_tag-dahua","15":"product_tag-domo","16":"product_tag-microfono-integrado","17":"product_tag-seguridad","19":"first","20":"instock","21":"taxable","22":"shipping-taxable","23":"product-type-simple"},"_links":{"self":[{"href":"https:\/\/arxisdemexico.com.mx\/arxis\/wp-json\/wp\/v2\/product\/37733","targetHints":{"allow":["GET"]}}],"collection":[{"href":"https:\/\/arxisdemexico.com.mx\/arxis\/wp-json\/wp\/v2\/product"}],"about":[{"href":"https:\/\/arxisdemexico.com.mx\/arxis\/wp-json\/wp\/v2\/types\/product"}],"replies":[{"embeddable":true,"href":"https:\/\/arxisdemexico.com.mx\/arxis\/wp-json\/wp\/v2\/comments?post=37733"}],"wp:featuredmedia":[{"embeddable":true,"href":"https:\/\/arxisdemexico.com.mx\/arxis\/wp-json\/wp\/v2\/media\/37734"}],"wp:attachment":[{"href":"https:\/\/arxisdemexico.com.mx\/arxis\/wp-json\/wp\/v2\/media?parent=37733"}],"wp:term":[{"taxonomy":"product_brand","embeddable":true,"href":"https:\/\/arxisdemexico.com.mx\/arxis\/wp-json\/wp\/v2\/product_brand?post=37733"},{"taxonomy":"product_cat","embeddable":true,"href":"https:\/\/arxisdemexico.com.mx\/arxis\/wp-json\/wp\/v2\/product_cat?post=37733"},{"taxonomy":"product_tag","embeddable":true,"href":"https:\/\/arxisdemexico.com.mx\/arxis\/wp-json\/wp\/v2\/product_tag?post=37733"}],"curies":[{"name":"wp","href":"https:\/\/api.w.org\/{rel}","templated":true}]}}