{"id":37721,"date":"2021-10-30T13:57:28","date_gmt":"2021-10-30T18:57:28","guid":{"rendered":"https:\/\/www.arxisdemexico.com.mx\/arxis\/?post_type=product&#038;p=37721"},"modified":"2021-10-30T14:09:02","modified_gmt":"2021-10-30T19:09:02","slug":"dahua-ipc-hdbw2231r-zs-camara-domo-ip-de-2-megapixeles-lente-mot-de-2-7-13-5mm-h-265-ir-de-40-mts-wdr-real-ranura-para-microsd-ip67-ik10-poe-videoanaliticos","status":"publish","type":"product","link":"https:\/\/arxisdemexico.com.mx\/arxis\/producto\/dahua-ipc-hdbw2231r-zs-camara-domo-ip-de-2-megapixeles-lente-mot-de-2-7-13-5mm-h-265-ir-de-40-mts-wdr-real-ranura-para-microsd-ip67-ik10-poe-videoanaliticos\/","title":{"rendered":"DAHUA IPC-HDBW2231R-ZS &#8211; Camara Domo IP de 2 Megapixeles\/ Lente Mot. de 2.7-13.5mm\/ H.265+\/ IR de 40 Mts\/ WDR Real\/ Ranura para MicroSD\/ IP67\/ IK10\/ PoE\/ Videoanaliticos"},"content":{"rendered":"<ul>\n<li>Sensor de imagen CMOS de 2MP, 1 \/ 2.8 \u201d, baja iluminaci\u00f3n, alta definici\u00f3n de imagen<\/li>\n<li>\u00b7 Salidas 2MP (1920 \u00d7 1080) @ 25\/30 fps<\/li>\n<li>\u00b7 C\u00f3dec H.265, alta tasa de compresi\u00f3n, tasa de bits ultra baja<\/li>\n<li>\u00b7 LED de infrarrojos integrado, distancia m\u00e1xima de infrarrojos: 40 m<\/li>\n<li>\u00b7 ROI, SMART H.264 + \/ H.265 +, codificaci\u00f3n flexible, aplicable a varios\u00a0entornos de ancho de banda y almacenamiento<\/li>\n<li>\u00b7 Modo de rotaci\u00f3n, WDR, 3D NR, HLC, BLC, marca de agua digital, \u00a0aplicable a varias escenas de monitorizaci\u00f3n<\/li>\n<li>\u00b7 Detecci\u00f3n inteligente: intrusi\u00f3n, cable trampa<\/li>\n<li>\u00b7 Detecci\u00f3n de anomal\u00edas: detecci\u00f3n de movimiento, manipulaci\u00f3n de v\u00eddeo, sin tarjeta SD,\u00a0Tarjeta SD llena, error de tarjeta SD, red desconectada, conflicto de IP.<\/li>\n<li>\u00b7 Soporta m\u00e1x. Tarjeta Micro SD de 256 GB<\/li>\n<li>\u00b7 Fuente de alimentaci\u00f3n 12V DC \/ PoE<\/li>\n<li>\u00b7 Protecci\u00f3n IP67, IK10<\/li>\n<li>. Material Metal<\/li>\n<\/ul>\n","protected":false},"excerpt":{"rendered":"<p class=\"text\" data-v-5fe8c490=\"\" data-gtm-vis-has-fired-10552706_195=\"1\" data-gtm-vis-has-fired-10552706_181=\"1\" data-gtm-vis-recent-on-screen-10552706_196=\"6932\" data-gtm-vis-first-on-screen-10552706_196=\"6932\" data-gtm-vis-total-visible-time-10552706_196=\"100\" data-gtm-vis-has-fired-10552706_196=\"1\" data-gtm-vis-recent-on-screen-10552706_217=\"6934\" data-gtm-vis-first-on-screen-10552706_217=\"6934\" data-gtm-vis-total-visible-time-10552706_217=\"100\" data-gtm-vis-has-fired-10552706_217=\"1\" data-gtm-vis-recent-on-screen-10552706_184=\"6935\" data-gtm-vis-first-on-screen-10552706_184=\"6935\" data-gtm-vis-total-visible-time-10552706_184=\"100\" data-gtm-vis-has-fired-10552706_184=\"1\" data-gtm-vis-recent-on-screen-10552706_192=\"6936\" data-gtm-vis-first-on-screen-10552706_192=\"6936\" data-gtm-vis-total-visible-time-10552706_192=\"100\" data-gtm-vis-has-fired-10552706_192=\"1\" data-gtm-vis-recent-on-screen-10552706_194=\"6937\" data-gtm-vis-first-on-screen-10552706_194=\"6937\" data-gtm-vis-total-visible-time-10552706_194=\"100\" data-gtm-vis-has-fired-10552706_194=\"1\" data-gtm-vis-first-on-screen-10552706_193=\"6938\" data-gtm-vis-recent-on-screen-10552706_193=\"9788\" data-gtm-vis-total-visible-time-10552706_193=\"100\" data-gtm-vis-has-fired-10552706_193=\"1\">C\u00e1mara de red domo varifocal IR de 2MP Lite<\/p>\n<div data-v-5fe8c490=\"\">\n<ul>\n<li>Sensor de imagen CMOS de 2MP, 1 \/ 2.8 \u201d, baja iluminaci\u00f3n, alta definici\u00f3n de imagen<\/li>\n<li>Salidas 2MP (1920 \u00d7 1080) @ 25\/30 fps<\/li>\n<li>C\u00f3dec H.265, alta tasa de compresi\u00f3n, tasa de bits ultrabaja<\/li>\n<li>LED de infrarrojos integrado, distancia m\u00e1xima de infrarrojos: 40 m<\/li>\n<li>ROI, SMART H.264 + \/ H.265 +, codificaci\u00f3n flexible, aplicable a varios entornos de almacenamiento y ancho de banda<\/li>\n<li>Modo de rotaci\u00f3n, WDR, 3D NR, HLC, BLC, marca de agua digital, aplicable a varias escenas de monitoreo<\/li>\n<li>Detecci\u00f3n inteligente: intrusi\u00f3n, cable trampa<\/li>\n<li>Detecci\u00f3n de anomal\u00edas: detecci\u00f3n de movimiento, manipulaci\u00f3n de video, sin tarjeta SD, tarjeta SD llena, error de tarjeta SD, red desconectada, conflicto de IP, acceso ilegal, detecci\u00f3n de voltaje<\/li>\n<li>Soporta max. Tarjeta Micro SD de 256 GB<\/li>\n<li>Fuente de alimentaci\u00f3n 12V DC \/ PoE<\/li>\n<li>Protecci\u00f3n IP67, IK10<\/li>\n<\/ul>\n<\/div>\n","protected":false},"featured_media":37722,"comment_status":"open","ping_status":"closed","template":"","meta":{"_et_pb_use_builder":"","_et_pb_old_content":"","_et_gb_content_width":""},"product_brand":[],"product_cat":[928,521,522,523],"product_tag":[831,835,834,896,845,833,930],"class_list":{"0":"post-37721","1":"product","2":"type-product","3":"status-publish","4":"has-post-thumbnail","6":"product_cat-domo","7":"product_cat-cctv","8":"product_cat-ip","9":"product_cat-camaras","10":"product_tag-camara","11":"product_tag-cctv","12":"product_tag-dahua","13":"product_tag-domo","14":"product_tag-lente-motorizado","15":"product_tag-seguridad","16":"product_tag-videoanaliticos","18":"first","19":"instock","20":"taxable","21":"shipping-taxable","22":"product-type-simple"},"_links":{"self":[{"href":"https:\/\/arxisdemexico.com.mx\/arxis\/wp-json\/wp\/v2\/product\/37721","targetHints":{"allow":["GET"]}}],"collection":[{"href":"https:\/\/arxisdemexico.com.mx\/arxis\/wp-json\/wp\/v2\/product"}],"about":[{"href":"https:\/\/arxisdemexico.com.mx\/arxis\/wp-json\/wp\/v2\/types\/product"}],"replies":[{"embeddable":true,"href":"https:\/\/arxisdemexico.com.mx\/arxis\/wp-json\/wp\/v2\/comments?post=37721"}],"wp:featuredmedia":[{"embeddable":true,"href":"https:\/\/arxisdemexico.com.mx\/arxis\/wp-json\/wp\/v2\/media\/37722"}],"wp:attachment":[{"href":"https:\/\/arxisdemexico.com.mx\/arxis\/wp-json\/wp\/v2\/media?parent=37721"}],"wp:term":[{"taxonomy":"product_brand","embeddable":true,"href":"https:\/\/arxisdemexico.com.mx\/arxis\/wp-json\/wp\/v2\/product_brand?post=37721"},{"taxonomy":"product_cat","embeddable":true,"href":"https:\/\/arxisdemexico.com.mx\/arxis\/wp-json\/wp\/v2\/product_cat?post=37721"},{"taxonomy":"product_tag","embeddable":true,"href":"https:\/\/arxisdemexico.com.mx\/arxis\/wp-json\/wp\/v2\/product_tag?post=37721"}],"curies":[{"name":"wp","href":"https:\/\/api.w.org\/{rel}","templated":true}]}}