{"id":37719,"date":"2021-10-30T13:53:44","date_gmt":"2021-10-30T18:53:44","guid":{"rendered":"https:\/\/www.arxisdemexico.com.mx\/arxis\/?post_type=product&#038;p=37719"},"modified":"2021-10-30T13:54:22","modified_gmt":"2021-10-30T18:54:22","slug":"dahua-ipc-hdbw2231e-s-s2-camara-ip-domo-antivandalica-de-2-megapixeles-lente-de-2-8mm-106-grados-de-apertura-ir-30-mts-wdr-real-ranura-para-microsd-ip67-ik10","status":"publish","type":"product","link":"https:\/\/arxisdemexico.com.mx\/arxis\/producto\/dahua-ipc-hdbw2231e-s-s2-camara-ip-domo-antivandalica-de-2-megapixeles-lente-de-2-8mm-106-grados-de-apertura-ir-30-mts-wdr-real-ranura-para-microsd-ip67-ik10\/","title":{"rendered":"DAHUA IPC-HDBW2231E-S-S2 &#8211; C\u00e1mara IP Domo Antivand\u00e1lica de 2 Megapixeles\/ Lente de 2.8mm\/ 106 Grados de Apertura\/ IR 30 Mts\/ WDR Real\/ Ranura para MicroSD\/ IP67\/ IK10"},"content":{"rendered":"<ul>\n<li class=\"ql-align-justify\">1\/2.8\u201d 2 Megap\u00edxeles CMOS.<\/li>\n<li class=\"ql-align-justify\">\u00c1ngulo de Visi\u00f3n 106 \u00b0.<\/li>\n<li class=\"ql-align-justify\">Compresi\u00f3n de Video H265+.<\/li>\n<li class=\"ql-align-justify\">Lente 2.8mm.<\/li>\n<li class=\"ql-align-justify\">Funciones IVS: Intrusi\u00f3n, Tripwire.<\/li>\n<li class=\"ql-align-justify\">D\u00eda\/Noche Auto(ICR)\/Color\/B\/W.<\/li>\n<li class=\"ql-align-justify\">Compensaci\u00f3n de Contraluz\u00a0BLC \/ HLC.<\/li>\n<li class=\"ql-align-justify\">WDR 120dB.<\/li>\n<li class=\"ql-align-justify\">Puerto Ethernet\u00a0RJ-45 (10 \/ 100Base-T).<\/li>\n<li class=\"ql-align-justify\">Est\u00e1ndar de Comunicaci\u00f3n\u00a0ONVIF(Profile S\/Profile G\/Profile T), CGI, P2P.<\/li>\n<li class=\"ql-align-justify\">M\u00e1ximo Acceso de Usuarios 20.<\/li>\n<li class=\"ql-align-justify\">Fuente de Alimentaci\u00f3n\u00a012V CD \/ PoE (802.3af).<\/li>\n<li class=\"ql-align-justify\">Consumo de Energ\u00eda M\u00e1x &lt;5.4W.<\/li>\n<li class=\"ql-align-justify\">Condiciones de operaci\u00f3n\u00a0-40\u00baC ~ 60\u00baC.<\/li>\n<li class=\"ql-align-justify\">Indice de Protecci\u00f3n IP67, IK10.<\/li>\n<li class=\"ql-align-justify\">Dimensiones\u00a081 mm \u00d7 \u03a6109.9 mm.<\/li>\n<li class=\"ql-align-justify\">Material metal.<\/li>\n<li>Peso Neto 0.350kg.<\/li>\n<\/ul>\n","protected":false},"excerpt":{"rendered":"<p class=\"text\" data-v-5fe8c490=\"\" data-gtm-vis-has-fired-10552706_181=\"1\" data-gtm-vis-has-fired-10552706_195=\"1\" data-gtm-vis-first-on-screen-10552706_196=\"63609\" data-gtm-vis-first-on-screen-10552706_194=\"63617\" data-gtm-vis-first-on-screen-10552706_193=\"63624\" data-gtm-vis-first-on-screen-10552706_184=\"63626\" data-gtm-vis-first-on-screen-10552706_217=\"63636\" data-gtm-vis-first-on-screen-10552706_192=\"63637\" data-gtm-vis-recent-on-screen-10552706_196=\"64256\" data-gtm-vis-total-visible-time-10552706_196=\"100\" data-gtm-vis-has-fired-10552706_196=\"1\" data-gtm-vis-recent-on-screen-10552706_194=\"64257\" data-gtm-vis-total-visible-time-10552706_194=\"100\" data-gtm-vis-has-fired-10552706_194=\"1\" data-gtm-vis-recent-on-screen-10552706_184=\"64259\" data-gtm-vis-total-visible-time-10552706_184=\"100\" data-gtm-vis-has-fired-10552706_184=\"1\" data-gtm-vis-recent-on-screen-10552706_217=\"64270\" data-gtm-vis-total-visible-time-10552706_217=\"100\" data-gtm-vis-has-fired-10552706_217=\"1\" data-gtm-vis-recent-on-screen-10552706_192=\"64272\" data-gtm-vis-total-visible-time-10552706_192=\"100\" data-gtm-vis-has-fired-10552706_192=\"1\" data-gtm-vis-recent-on-screen-10552706_193=\"64387\" data-gtm-vis-total-visible-time-10552706_193=\"100\" data-gtm-vis-has-fired-10552706_193=\"1\">C\u00e1mara de red domo de focal fija IR de 2MP Lite<\/p>\n<div data-v-5fe8c490=\"\">\n<ul>\n<li>Sensor de imagen CMOS de 2MP, 1 \/ 2.8 \u201d, baja iluminaci\u00f3n, alta definici\u00f3n de imagen<\/li>\n<li>Salidas 2MP (1920 \u00d7 1080) @ 25\/30 fps<\/li>\n<li>C\u00f3dec H.265, alta tasa de compresi\u00f3n, tasa de bits ultrabaja<\/li>\n<li>LED de infrarrojos integrado, distancia m\u00e1xima de infrarrojos: 30 m<\/li>\n<li>ROI, SMART H.264 + \/ H.265 +, codificaci\u00f3n flexible, aplicable a varios entornos de almacenamiento y ancho de banda<\/li>\n<li>Modo de rotaci\u00f3n, WDR, 3D NR, HLC, BLC, marca de agua digital, aplicable a varias escenas de monitoreo<\/li>\n<li>Detecci\u00f3n inteligente: intrusi\u00f3n, cable trampa<\/li>\n<li>Detecci\u00f3n de anomal\u00edas: detecci\u00f3n de movimiento, manipulaci\u00f3n de video, sin tarjeta SD, tarjeta SD llena, error de tarjeta SD, red desconectada, conflicto de IP, acceso ilegal, detecci\u00f3n de voltaje<\/li>\n<li>Soporta max. Tarjeta Micro SD de 256 GB<\/li>\n<li>Fuente de alimentaci\u00f3n 12V DC \/ PoE<\/li>\n<li>Protecci\u00f3n IP67, IK10<\/li>\n<\/ul>\n<\/div>\n","protected":false},"featured_media":37720,"comment_status":"open","ping_status":"closed","template":"","meta":{"_et_pb_use_builder":"","_et_pb_old_content":"","_et_gb_content_width":""},"product_brand":[],"product_cat":[928,521,522,523],"product_tag":[862,906,831,835,834,896,833],"class_list":{"0":"post-37719","1":"product","2":"type-product","3":"status-publish","4":"has-post-thumbnail","6":"product_cat-domo","7":"product_cat-cctv","8":"product_cat-ip","9":"product_cat-camaras","10":"product_tag-2mp","11":"product_tag-antivandalica","12":"product_tag-camara","13":"product_tag-cctv","14":"product_tag-dahua","15":"product_tag-domo","16":"product_tag-seguridad","18":"first","19":"instock","20":"taxable","21":"shipping-taxable","22":"product-type-simple"},"_links":{"self":[{"href":"https:\/\/arxisdemexico.com.mx\/arxis\/wp-json\/wp\/v2\/product\/37719","targetHints":{"allow":["GET"]}}],"collection":[{"href":"https:\/\/arxisdemexico.com.mx\/arxis\/wp-json\/wp\/v2\/product"}],"about":[{"href":"https:\/\/arxisdemexico.com.mx\/arxis\/wp-json\/wp\/v2\/types\/product"}],"replies":[{"embeddable":true,"href":"https:\/\/arxisdemexico.com.mx\/arxis\/wp-json\/wp\/v2\/comments?post=37719"}],"wp:featuredmedia":[{"embeddable":true,"href":"https:\/\/arxisdemexico.com.mx\/arxis\/wp-json\/wp\/v2\/media\/37720"}],"wp:attachment":[{"href":"https:\/\/arxisdemexico.com.mx\/arxis\/wp-json\/wp\/v2\/media?parent=37719"}],"wp:term":[{"taxonomy":"product_brand","embeddable":true,"href":"https:\/\/arxisdemexico.com.mx\/arxis\/wp-json\/wp\/v2\/product_brand?post=37719"},{"taxonomy":"product_cat","embeddable":true,"href":"https:\/\/arxisdemexico.com.mx\/arxis\/wp-json\/wp\/v2\/product_cat?post=37719"},{"taxonomy":"product_tag","embeddable":true,"href":"https:\/\/arxisdemexico.com.mx\/arxis\/wp-json\/wp\/v2\/product_tag?post=37719"}],"curies":[{"name":"wp","href":"https:\/\/api.w.org\/{rel}","templated":true}]}}