{"id":37717,"date":"2021-10-30T13:47:49","date_gmt":"2021-10-30T18:47:49","guid":{"rendered":"https:\/\/www.arxisdemexico.com.mx\/arxis\/?post_type=product&#038;p=37717"},"modified":"2021-10-30T13:47:50","modified_gmt":"2021-10-30T18:47:50","slug":"dahua-ipc-hdbw1435e-w-s2-camara-ip-domo-wifi-de-4-megapixeles-lente-de-2-8mm-ir-de-30-mts-ranura-para-microsd-ip67-antivandalica-ik10-dwdr-blc-hlc","status":"publish","type":"product","link":"https:\/\/arxisdemexico.com.mx\/arxis\/producto\/dahua-ipc-hdbw1435e-w-s2-camara-ip-domo-wifi-de-4-megapixeles-lente-de-2-8mm-ir-de-30-mts-ranura-para-microsd-ip67-antivandalica-ik10-dwdr-blc-hlc\/","title":{"rendered":"DAHUA IPC-HDBW1435E-W-S2 &#8211; Camara IP Domo Wifi de 4 Megapixeles\/ Lente de 2.8mm\/ IR de 30 Mts\/ Ranura para MicroSD\/ IP67\/ Antivandalica IK10\/ DWDR\/ BLC\/ HLC"},"content":{"rendered":"<ul>\n<li>Sensor\u00a01\/3\u201d4Megapixel CMOS.<\/li>\n<li class=\"ql-align-justify\">Compresi\u00f3n de video\u00a0H.265; H.264; H.264H; H.264B; MJPEG<\/li>\n<li class=\"ql-align-justify\">Lente fijo 2.8 mm.<\/li>\n<li class=\"ql-align-justify\">\u00c1ngulo de visi\u00f3n\u00a0Horizontal: Horizontal: 97\u00b0 Vertical: 52\u00b0 Diagonal: 116\u00b0<\/li>\n<li class=\"ql-align-justify\">P2P<\/li>\n<li class=\"ql-align-justify\">Distancia de IR 30m.<\/li>\n<li class=\"ql-align-justify\">D\u00eda y Noche Auto(ICR) \/ Color \/ B\/W.<\/li>\n<li class=\"ql-align-justify\">Compensaci\u00f3n de contraluz BLC, HLC, DWDR<\/li>\n<li class=\"ql-align-justify\">Reducci\u00f3n de ruido 3D DNR.<\/li>\n<li class=\"ql-align-justify\">Est\u00e1ndar de comunicaci\u00f3n\u00a0ONVIF (Profile T\/Profile S\/Profile G); CGI.<\/li>\n<li class=\"ql-align-justify\">Ranura micro SD (hasta 256GB).<\/li>\n<li class=\"ql-align-justify\">Puerto ethernet RJ-45 (10\/100Base-T).<\/li>\n<li class=\"ql-align-justify\">Fuente de alimentaci\u00f3n 12V dc<\/li>\n<li class=\"ql-align-justify\">Consumo de energ\u00eda m\u00e1x. &lt;4.9 W.<\/li>\n<li class=\"ql-align-justify\">Condiciones de operaci\u00f3n\u00a0\u201330\u00b0C to +50\u00b0C.<\/li>\n<li class=\"ql-align-justify\">\u00cdndice de protecci\u00f3n IP67.<\/li>\n<li class=\"ql-align-justify\">Material metal.<\/li>\n<li class=\"ql-align-justify\">Dimensiones\u00a0146.2 mm \u00d7 110.7 mm \u00d7 90.6 mm (L \u00d7 W \u00d7 H)<\/li>\n<li class=\"ql-align-justify\">Peso neto\u00a0408 g.<\/li>\n<\/ul>\n","protected":false},"excerpt":{"rendered":"<p class=\"text\" data-v-5fe8c490=\"\" data-gtm-vis-has-fired-10552706_195=\"1\" data-gtm-vis-first-on-screen-10552706_184=\"3480\" data-gtm-vis-first-on-screen-10552706_192=\"3831\" data-gtm-vis-first-on-screen-10552706_196=\"3880\" data-gtm-vis-first-on-screen-10552706_194=\"3934\" data-gtm-vis-first-on-screen-10552706_193=\"4237\" data-gtm-vis-has-fired-10552706_181=\"1\" data-gtm-vis-first-on-screen-10552706_217=\"5595\" data-gtm-vis-recent-on-screen-10552706_184=\"6201\" data-gtm-vis-total-visible-time-10552706_184=\"100\" data-gtm-vis-has-fired-10552706_184=\"1\" data-gtm-vis-recent-on-screen-10552706_194=\"6203\" data-gtm-vis-total-visible-time-10552706_194=\"100\" data-gtm-vis-has-fired-10552706_194=\"1\" data-gtm-vis-recent-on-screen-10552706_196=\"6204\" data-gtm-vis-total-visible-time-10552706_196=\"100\" data-gtm-vis-has-fired-10552706_196=\"1\" data-gtm-vis-recent-on-screen-10552706_192=\"6205\" data-gtm-vis-total-visible-time-10552706_192=\"100\" data-gtm-vis-has-fired-10552706_192=\"1\" data-gtm-vis-recent-on-screen-10552706_217=\"6221\" data-gtm-vis-total-visible-time-10552706_217=\"100\" data-gtm-vis-has-fired-10552706_217=\"1\" data-gtm-vis-recent-on-screen-10552706_193=\"6222\" data-gtm-vis-total-visible-time-10552706_193=\"100\" data-gtm-vis-has-fired-10552706_193=\"1\"><span>C\u00e1mara WIFI con domo IR de 4MP<\/span><\/p>\n<div data-v-5fe8c490=\"\">\n<ul>\n<li><span>Sensor de imagen CMOS de 4MP, 1\/3 \u201d, baja iluminaci\u00f3n, alta definici\u00f3n de imagen<\/span><\/li>\n<li><span>Salidas m\u00e1x. 4MP (2560 \u00d7 1440) a 20 fps<\/span><\/li>\n<li><span>C\u00f3dec H.265, alta tasa de compresi\u00f3n, tasa de bits ultrabaja \u00b7 M\u00e1x. IR distancia: 30 m<\/span><\/li>\n<li><span>ROI, SMART H.264 \/ H.265, codificaci\u00f3n flexible, aplicable a varios entornos de almacenamiento y ancho de banda.<\/span><\/li>\n<li><span>Modo de rotaci\u00f3n, WDR, 3D DNR, HLC, BLC, marca de agua digital, aplicable a varias escenas de monitoreo<\/span><\/li>\n<li><span>Admite tarjeta Micro SD de 256 G<\/span><\/li>\n<li><span>Fuente de alimentaci\u00f3n de 12 V CC, f\u00e1cil de instalar<\/span><\/li>\n<li><span>Protecci\u00f3n IP67, IK10<\/span><\/li>\n<li><span>Soporta Wi-Fi<\/span><\/li>\n<\/ul>\n<\/div>\n","protected":false},"featured_media":37718,"comment_status":"open","ping_status":"closed","template":"","meta":{"_et_pb_use_builder":"","_et_pb_old_content":"","_et_gb_content_width":""},"product_brand":[],"product_cat":[928,521,522,523,530],"product_tag":[853,906,831,835,834,896,833],"class_list":{"0":"post-37717","1":"product","2":"type-product","3":"status-publish","4":"has-post-thumbnail","6":"product_cat-domo","7":"product_cat-cctv","8":"product_cat-ip","9":"product_cat-camaras","10":"product_cat-inalambricas","11":"product_tag-4mp","12":"product_tag-antivandalica","13":"product_tag-camara","14":"product_tag-cctv","15":"product_tag-dahua","16":"product_tag-domo","17":"product_tag-seguridad","19":"first","20":"instock","21":"taxable","22":"shipping-taxable","23":"product-type-simple"},"_links":{"self":[{"href":"https:\/\/arxisdemexico.com.mx\/arxis\/wp-json\/wp\/v2\/product\/37717","targetHints":{"allow":["GET"]}}],"collection":[{"href":"https:\/\/arxisdemexico.com.mx\/arxis\/wp-json\/wp\/v2\/product"}],"about":[{"href":"https:\/\/arxisdemexico.com.mx\/arxis\/wp-json\/wp\/v2\/types\/product"}],"replies":[{"embeddable":true,"href":"https:\/\/arxisdemexico.com.mx\/arxis\/wp-json\/wp\/v2\/comments?post=37717"}],"wp:featuredmedia":[{"embeddable":true,"href":"https:\/\/arxisdemexico.com.mx\/arxis\/wp-json\/wp\/v2\/media\/37718"}],"wp:attachment":[{"href":"https:\/\/arxisdemexico.com.mx\/arxis\/wp-json\/wp\/v2\/media?parent=37717"}],"wp:term":[{"taxonomy":"product_brand","embeddable":true,"href":"https:\/\/arxisdemexico.com.mx\/arxis\/wp-json\/wp\/v2\/product_brand?post=37717"},{"taxonomy":"product_cat","embeddable":true,"href":"https:\/\/arxisdemexico.com.mx\/arxis\/wp-json\/wp\/v2\/product_cat?post=37717"},{"taxonomy":"product_tag","embeddable":true,"href":"https:\/\/arxisdemexico.com.mx\/arxis\/wp-json\/wp\/v2\/product_tag?post=37717"}],"curies":[{"name":"wp","href":"https:\/\/api.w.org\/{rel}","templated":true}]}}