{"id":37693,"date":"2021-10-27T15:51:27","date_gmt":"2021-10-27T20:51:27","guid":{"rendered":"https:\/\/www.arxisdemexico.com.mx\/arxis\/?post_type=product&#038;p=37693"},"modified":"2021-10-27T15:51:28","modified_gmt":"2021-10-27T20:51:28","slug":"dahua-ipc-hfw5241tn-s-camara-ip-bullet-de-2-megapixeles-ia-lente-de-3-6-mm-h-265-ir-80-mts-deteccion-de-rostros-proteccion-perimetral-ranura-para-microsd-ip67-ik10-poe","status":"publish","type":"product","link":"https:\/\/arxisdemexico.com.mx\/arxis\/producto\/dahua-ipc-hfw5241tn-s-camara-ip-bullet-de-2-megapixeles-ia-lente-de-3-6-mm-h-265-ir-80-mts-deteccion-de-rostros-proteccion-perimetral-ranura-para-microsd-ip67-ik10-poe\/","title":{"rendered":"DAHUA IPC-HFW5241TN-S &#8211; Camara IP Bullet de 2 Megapixeles\/ IA\/ Lente de 3.6 mm\/ H.265\/ IR 80 Mts\/ Detecci\u00f3n de Rostros\/ Protecci\u00f3n Perimetral\/ Ranura para MicroSD\/ IP67\/ IK10\/ PoE"},"content":{"rendered":"<ul>\n<li>Sensor de imagen\u00a01\/2.8\u201d 2 Megap\u00edxel.<\/li>\n<li>Sensor STARVIS.<\/li>\n<li>Resoluci\u00f3n m\u00e1xima 1920 x 1080.<\/li>\n<li>Lente Fijo 3.6 mm<\/li>\n<li>Anal\u00edticos IVS: Tripwire, Intrusi\u00f3n, Detecci\u00f3n Estacionamiento, Aforo de personas<\/li>\n<li>Detecci\u00f3n Facial, Conteo de Personas, Metadada de Video,Protecci\u00f3n de Per\u00edmetro, B\u00fasqueda Inteligente.<\/li>\n<li>D\u00eda\/ Noche Auto(ICR) \/ Color \/ B\/ N.<\/li>\n<li>Contraluz\u00a0BLC \/ HLC \/ WDR(120dB).<\/li>\n<li>Reducci\u00f3n de ruido 3D DNR.<\/li>\n<li>Compresi\u00f3n de video H.265\/ H.264\/ H.264B\/ H.264H\/ MJPEG<\/li>\n<li>Ethernet RJ-45 (10\/100Base-T).<\/li>\n<li>Ranura de memoria microSD, m\u00e1ximo 256Gb (no incluida).<\/li>\n<li>Fuente de alimentaci\u00f3n\u00a0DC12V +-30%, PoE(802.3af).<\/li>\n<li>Consumo de energ\u00eda &lt;8.3W.<\/li>\n<li>Ambiente de trabajo -30\u00b0C +60\u00b0C.<\/li>\n<li>IP67, IK10.<\/li>\n<li>Material metal.<\/li>\n<li>Dimensiones\u00a0244.1 mm \u00d7 79.0 mm \u00d7 75.9 mm<\/li>\n<\/ul>\n","protected":false},"excerpt":{"rendered":"<p class=\"text\" data-v-5fe8c490=\"\" data-gtm-vis-has-fired-10552706_195=\"1\" data-gtm-vis-has-fired-10552706_181=\"1\" data-gtm-vis-recent-on-screen-10552706_184=\"5508\" data-gtm-vis-first-on-screen-10552706_184=\"5508\" data-gtm-vis-total-visible-time-10552706_184=\"100\" data-gtm-vis-has-fired-10552706_184=\"1\" data-gtm-vis-recent-on-screen-10552706_196=\"5525\" data-gtm-vis-first-on-screen-10552706_196=\"5525\" data-gtm-vis-total-visible-time-10552706_196=\"100\" data-gtm-vis-has-fired-10552706_196=\"1\" data-gtm-vis-recent-on-screen-10552706_217=\"5540\" data-gtm-vis-first-on-screen-10552706_217=\"5540\" data-gtm-vis-total-visible-time-10552706_217=\"100\" data-gtm-vis-has-fired-10552706_217=\"1\" data-gtm-vis-recent-on-screen-10552706_194=\"5558\" data-gtm-vis-first-on-screen-10552706_194=\"5558\" data-gtm-vis-total-visible-time-10552706_194=\"100\" data-gtm-vis-has-fired-10552706_194=\"1\" data-gtm-vis-recent-on-screen-10552706_192=\"5609\" data-gtm-vis-first-on-screen-10552706_192=\"5609\" data-gtm-vis-total-visible-time-10552706_192=\"100\" data-gtm-vis-has-fired-10552706_192=\"1\" data-gtm-vis-recent-on-screen-10552706_193=\"5640\" data-gtm-vis-first-on-screen-10552706_193=\"5640\" data-gtm-vis-total-visible-time-10552706_193=\"100\" data-gtm-vis-has-fired-10552706_193=\"1\"><span>C\u00e1mara de red Bullet Pro AI IR de 2MP<\/span><\/p>\n<div data-v-5fe8c490=\"\">\n<ul>\n<li><span>CMOS STARVIS \u2122 de barrido progresivo de 1 \/ 2,8 \u201dy 2 megap\u00edxeles<\/span><\/li>\n<li><span>Codificaci\u00f3n de triple flujo H.265 y H.264<\/span><\/li>\n<li><span>25\/30 fps @ 1080P (1920 \u00d7 1080)<\/span><\/li>\n<li><span>WDR (120 dB), d\u00eda \/ noche (ICR), 3D DNR, AWB, AGC, BLC<\/span><\/li>\n<li><span>Monitoreo de m\u00faltiples redes: visor web, CMS (DSS \/ PSS) y DMSS<\/span><\/li>\n<li><span>Lente fija de 2,8 mm (3,6 mm, 6,0 mm, 8,0 mm, 12,0 mm opcional)<\/span><\/li>\n<li><span>M\u00e1x. LED de infrarrojos Longitud 80 m<\/span><\/li>\n<\/ul>\n<\/div>\n","protected":false},"featured_media":37694,"comment_status":"open","ping_status":"closed","template":"","meta":{"_et_pb_use_builder":"","_et_pb_old_content":"","_et_gb_content_width":""},"product_brand":[],"product_cat":[787],"product_tag":[862,831,835,834,937,896,920,881,833],"class_list":{"0":"post-37693","1":"product","2":"type-product","3":"status-publish","4":"has-post-thumbnail","6":"product_cat-sin-categoria","7":"product_tag-2mp","8":"product_tag-camara","9":"product_tag-cctv","10":"product_tag-dahua","11":"product_tag-deteccion-de-rostros","12":"product_tag-domo","13":"product_tag-ip","14":"product_tag-proteccion-perimetral","15":"product_tag-seguridad","17":"first","18":"instock","19":"taxable","20":"shipping-taxable","21":"product-type-simple"},"_links":{"self":[{"href":"https:\/\/arxisdemexico.com.mx\/arxis\/wp-json\/wp\/v2\/product\/37693","targetHints":{"allow":["GET"]}}],"collection":[{"href":"https:\/\/arxisdemexico.com.mx\/arxis\/wp-json\/wp\/v2\/product"}],"about":[{"href":"https:\/\/arxisdemexico.com.mx\/arxis\/wp-json\/wp\/v2\/types\/product"}],"replies":[{"embeddable":true,"href":"https:\/\/arxisdemexico.com.mx\/arxis\/wp-json\/wp\/v2\/comments?post=37693"}],"wp:featuredmedia":[{"embeddable":true,"href":"https:\/\/arxisdemexico.com.mx\/arxis\/wp-json\/wp\/v2\/media\/37694"}],"wp:attachment":[{"href":"https:\/\/arxisdemexico.com.mx\/arxis\/wp-json\/wp\/v2\/media?parent=37693"}],"wp:term":[{"taxonomy":"product_brand","embeddable":true,"href":"https:\/\/arxisdemexico.com.mx\/arxis\/wp-json\/wp\/v2\/product_brand?post=37693"},{"taxonomy":"product_cat","embeddable":true,"href":"https:\/\/arxisdemexico.com.mx\/arxis\/wp-json\/wp\/v2\/product_cat?post=37693"},{"taxonomy":"product_tag","embeddable":true,"href":"https:\/\/arxisdemexico.com.mx\/arxis\/wp-json\/wp\/v2\/product_tag?post=37693"}],"curies":[{"name":"wp","href":"https:\/\/api.w.org\/{rel}","templated":true}]}}