{"id":37678,"date":"2021-10-25T17:46:46","date_gmt":"2021-10-25T22:46:46","guid":{"rendered":"https:\/\/www.arxisdemexico.com.mx\/arxis\/?post_type=product&#038;p=37678"},"modified":"2021-10-25T17:46:47","modified_gmt":"2021-10-25T22:46:47","slug":"dahua-ipc-hfw3441e-sa-camara-ip-bullet-con-inteligencia-artificial-4-megapixeles-lente-de-2-8mm-microfono-integrado-wdr-ir-50-mts-smd-ip67","status":"publish","type":"product","link":"https:\/\/arxisdemexico.com.mx\/arxis\/producto\/dahua-ipc-hfw3441e-sa-camara-ip-bullet-con-inteligencia-artificial-4-megapixeles-lente-de-2-8mm-microfono-integrado-wdr-ir-50-mts-smd-ip67\/","title":{"rendered":"DAHUA IPC-HFW3441E-SA &#8211; Camara IP Bullet con Inteligencia Artificial\/ 4 Megapixeles\/ Lente de 2.8mm\/ Microfono Integrado\/ WDR\/ IR 50 Mts\/ SMD\/ IP67"},"content":{"rendered":"<ul>\n<li class=\"ql-align-justify\">1 \/ 3 \u00bb CMOS 4MP.<\/li>\n<li class=\"ql-align-justify\">Resoluci\u00f3n 2688 (H) \u00d71520 (V).<\/li>\n<li class=\"ql-align-justify\">Audio Integrado.<\/li>\n<li class=\"ql-align-justify\">Almacenamiento en SD Card hasta 256 Gb.<\/li>\n<li class=\"ql-align-justify\">Codificaci\u00f3n de video H.265+ \/ H.265 \/ H.264 \/ MJPEG.<\/li>\n<li class=\"ql-align-justify\">D\u00eda \/ Noche Auto (ICR) \/ Color \/ B \/ W.<\/li>\n<li class=\"ql-align-justify\">Compensaci\u00f3n de contraluz BLC \/ HLC \/ WDR.<\/li>\n<li class=\"ql-align-justify\">Funciones Inteligentes Intrusi\u00f3n y Tripwire.<\/li>\n<li class=\"ql-align-justify\">B\u00fasqueda Inteligente ( con NVR Inteligente ).<\/li>\n<li class=\"ql-align-justify\">M\u00faltiple monitoreo por red: Smart PSS, DSS, DMSS.<\/li>\n<li class=\"ql-align-justify\">M\u00e1x Distancia IR LEDs 50m.<\/li>\n<li class=\"ql-align-justify\">Puerto ethernet RJ-45 (10 \/ 100 Base-T).<\/li>\n<li class=\"ql-align-justify\">Fuente de alimentaci\u00f3n 12V CD, POE (802.3af)<\/li>\n<li class=\"ql-align-justify\">Consumo de energ\u00eda &lt;5.4W .<\/li>\n<li class=\"ql-align-justify\">Condiciones de Trabajo -40\u00b0 C ~ +60\u00b0 C \/ menos de 95% RH<\/li>\n<li class=\"ql-align-justify\">\u00cdndice de protecci\u00f3n IP67.<\/li>\n<li class=\"ql-align-justify\">Peso Neto 0.59 kg.<\/li>\n<li class=\"ql-align-justify\">Material Met\u00e1lico.<\/li>\n<\/ul>\n","protected":false},"excerpt":{"rendered":"<p class=\"text\" data-v-5fe8c490=\"\" data-gtm-vis-has-fired-10552706_181=\"1\" data-gtm-vis-has-fired-10552706_195=\"1\" data-gtm-vis-recent-on-screen-10552706_194=\"9226\" data-gtm-vis-first-on-screen-10552706_194=\"9226\" data-gtm-vis-total-visible-time-10552706_194=\"100\" data-gtm-vis-has-fired-10552706_194=\"1\" data-gtm-vis-recent-on-screen-10552706_196=\"9228\" data-gtm-vis-first-on-screen-10552706_196=\"9228\" data-gtm-vis-total-visible-time-10552706_196=\"100\" data-gtm-vis-has-fired-10552706_196=\"1\" data-gtm-vis-recent-on-screen-10552706_193=\"9230\" data-gtm-vis-first-on-screen-10552706_193=\"9230\" data-gtm-vis-total-visible-time-10552706_193=\"100\" data-gtm-vis-has-fired-10552706_193=\"1\" data-gtm-vis-recent-on-screen-10552706_217=\"9238\" data-gtm-vis-first-on-screen-10552706_217=\"9238\" data-gtm-vis-total-visible-time-10552706_217=\"100\" data-gtm-vis-has-fired-10552706_217=\"1\" data-gtm-vis-recent-on-screen-10552706_184=\"9243\" data-gtm-vis-first-on-screen-10552706_184=\"9244\" data-gtm-vis-total-visible-time-10552706_184=\"100\" data-gtm-vis-has-fired-10552706_184=\"1\" data-gtm-vis-recent-on-screen-10552706_192=\"9245\" data-gtm-vis-first-on-screen-10552706_192=\"9245\" data-gtm-vis-total-visible-time-10552706_192=\"100\" data-gtm-vis-has-fired-10552706_192=\"1\"><span>C\u00e1mara de red Bullet WizSense focal fija de 4MP con infrarrojos<\/span><\/p>\n<div data-v-5fe8c490=\"\">\n<ul>\n<li><span>Sensor de imagen CMOS de 4MP, 1\/3 \u201d, baja iluminaci\u00f3n, alta definici\u00f3n de imagen<\/span><\/li>\n<li><span>Salidas m\u00e1x. 4MP (2688 \u00d7 1520) a 30 fps<\/span><\/li>\n<li><span>C\u00f3dec H.265, alta tasa de compresi\u00f3n, baja tasa de bits<\/span><\/li>\n<li><span>LED IR incorporado, m\u00e1x. IR distancia: 50 m<\/span><\/li>\n<li><span>ROI, SMART H.264 + \/ H.265 +, codificaci\u00f3n flexible, aplicable a varios entornos de almacenamiento y ancho de banda<\/span><\/li>\n<li><span>Modo de rotaci\u00f3n, WDR, 3D DNR, HLC, BLC, marca de agua digital, aplicable a varias escenas de monitoreo<\/span><\/li>\n<li><span>Detecci\u00f3n inteligente: intrusi\u00f3n, cable trampa (admite la clasificaci\u00f3n y detecci\u00f3n precisa de veh\u00edculos y humanos)<\/span><\/li>\n<li><span>Detecci\u00f3n de anomal\u00edas: detecci\u00f3n de movimiento, manipulaci\u00f3n de video, cambio de escena, detecci\u00f3n de audio, sin tarjeta SD, tarjeta SD llena, error de tarjeta SD, desconexi\u00f3n de red, conflicto de IP, acceso ilegal, detecci\u00f3n de voltaje<\/span><\/li>\n<li><span>Soporta max. Tarjeta Micro SD de 256 G, micr\u00f3fono incorporado<\/span><\/li>\n<li><span>Fuente de alimentaci\u00f3n 12V DC \/ POE<\/span><\/li>\n<li><span>Protecci\u00f3n IP67<\/span><\/li>\n<li><span>SMD Plus<\/span><\/li>\n<\/ul>\n<\/div>\n","protected":false},"featured_media":37679,"comment_status":"open","ping_status":"closed","template":"","meta":{"_et_pb_use_builder":"","_et_pb_old_content":"","_et_gb_content_width":""},"product_brand":[],"product_cat":[929,521,522,523],"product_tag":[853,831,835,834,896,932,920,850,833],"class_list":{"0":"post-37678","1":"product","2":"type-product","3":"status-publish","4":"has-post-thumbnail","6":"product_cat-bala","7":"product_cat-cctv","8":"product_cat-ip","9":"product_cat-camaras","10":"product_tag-4mp","11":"product_tag-camara","12":"product_tag-cctv","13":"product_tag-dahua","14":"product_tag-domo","15":"product_tag-inteligencia-artificial","16":"product_tag-ip","17":"product_tag-microfono-integrado","18":"product_tag-seguridad","20":"first","21":"instock","22":"taxable","23":"shipping-taxable","24":"product-type-simple"},"_links":{"self":[{"href":"https:\/\/arxisdemexico.com.mx\/arxis\/wp-json\/wp\/v2\/product\/37678","targetHints":{"allow":["GET"]}}],"collection":[{"href":"https:\/\/arxisdemexico.com.mx\/arxis\/wp-json\/wp\/v2\/product"}],"about":[{"href":"https:\/\/arxisdemexico.com.mx\/arxis\/wp-json\/wp\/v2\/types\/product"}],"replies":[{"embeddable":true,"href":"https:\/\/arxisdemexico.com.mx\/arxis\/wp-json\/wp\/v2\/comments?post=37678"}],"wp:featuredmedia":[{"embeddable":true,"href":"https:\/\/arxisdemexico.com.mx\/arxis\/wp-json\/wp\/v2\/media\/37679"}],"wp:attachment":[{"href":"https:\/\/arxisdemexico.com.mx\/arxis\/wp-json\/wp\/v2\/media?parent=37678"}],"wp:term":[{"taxonomy":"product_brand","embeddable":true,"href":"https:\/\/arxisdemexico.com.mx\/arxis\/wp-json\/wp\/v2\/product_brand?post=37678"},{"taxonomy":"product_cat","embeddable":true,"href":"https:\/\/arxisdemexico.com.mx\/arxis\/wp-json\/wp\/v2\/product_cat?post=37678"},{"taxonomy":"product_tag","embeddable":true,"href":"https:\/\/arxisdemexico.com.mx\/arxis\/wp-json\/wp\/v2\/product_tag?post=37678"}],"curies":[{"name":"wp","href":"https:\/\/api.w.org\/{rel}","templated":true}]}}