{"id":37670,"date":"2021-10-25T16:43:53","date_gmt":"2021-10-25T21:43:53","guid":{"rendered":"https:\/\/www.arxisdemexico.com.mx\/arxis\/?post_type=product&#038;p=37670"},"modified":"2021-10-25T16:49:19","modified_gmt":"2021-10-25T21:49:19","slug":"dahua-ipc-hfw2831t-as-s2-camara-ip-bullet-4k-8-megapixeles-h-265-wdr-real-lente-de-3-6-mm-ir-50-mts-ip67-es-de-alarma-ranura-microsd-poe","status":"publish","type":"product","link":"https:\/\/arxisdemexico.com.mx\/arxis\/producto\/dahua-ipc-hfw2831t-as-s2-camara-ip-bullet-4k-8-megapixeles-h-265-wdr-real-lente-de-3-6-mm-ir-50-mts-ip67-es-de-alarma-ranura-microsd-poe\/","title":{"rendered":"DAHUA IPC-HFW2831T-AS-S2 &#8211; Camara IP Bullet 4k\/ 8 Megapixeles\/ H.265+\/ WDR Real\/ Lente de 3.6 mm\/ IR 50 Mts\/ IP67\/ E&#038;S de Alarma\/ Ranura MicroSD\/ PoE"},"content":{"rendered":"<ul>\n<li class=\"ql-align-justify\">1\/2.7\u201d 8 Megap\u00edxeles CMOS.<\/li>\n<li class=\"ql-align-justify\">Compresi\u00f3n de Video H265+ \/ H.265 \/ H.264+ \/ H.264.<\/li>\n<li class=\"ql-align-justify\">Lente 3.6 mm.<\/li>\n<li class=\"ql-align-justify\">Funciones IVS: Intrusi\u00f3n, Tripwire.<\/li>\n<li class=\"ql-align-justify\">D\u00eda\/Noche Auto(ICR)\/Color\/B\/W.<\/li>\n<li class=\"ql-align-justify\">Compensaci\u00f3n de Contraluz\u00a0BLC \/ HLC.<\/li>\n<li class=\"ql-align-justify\">WDR 120dB.<\/li>\n<li class=\"ql-align-justify\">Puerto Ethernet\u00a0RJ-45 (10 \/ 100 Base-T).<\/li>\n<li class=\"ql-align-justify\">Est\u00e1ndar de Comunicaci\u00f3n\u00a0ONVIF(Profile S\/Profile G\/Profile T), CGI, P2P.<\/li>\n<li class=\"ql-align-justify\">M\u00e1x. Acceso de Usuarios 20.<\/li>\n<li class=\"ql-align-justify\">1 Entrada \/ 1 Salida de Audio RCA.<\/li>\n<li class=\"ql-align-justify\">1 Entrada \/ 1 Salida de Alarma.<\/li>\n<li class=\"ql-align-justify\">Ranura para Micro SD m\u00e1x 256 Gb ( no incluida ).<\/li>\n<li class=\"ql-align-justify\">Fuente de Alimentaci\u00f3n\u00a012V CD \/ PoE (802.3af).<\/li>\n<li class=\"ql-align-justify\">Consumo de Energ\u00eda M\u00e1x &lt;8.4 W.<\/li>\n<li class=\"ql-align-justify\">Condiciones de operaci\u00f3n\u00a0-40\u00baC ~ 60\u00baC.<\/li>\n<li class=\"ql-align-justify\">Indice de Protecci\u00f3n IP67.<\/li>\n<li class=\"ql-align-justify\">Dimensiones\u00a0244.1 mm \u00d7 \u03a690.4 mm.<\/li>\n<li class=\"ql-align-justify\">Material metal.<\/li>\n<li>Peso Neto 0.88kg.<\/li>\n<\/ul>\n","protected":false},"excerpt":{"rendered":"<p class=\"text\" data-v-5fe8c490=\"\" data-gtm-vis-has-fired-10552706_181=\"1\" data-gtm-vis-has-fired-10552706_195=\"1\" data-gtm-vis-first-on-screen-10552706_192=\"4456\" data-gtm-vis-first-on-screen-10552706_217=\"4462\" data-gtm-vis-first-on-screen-10552706_196=\"4472\" data-gtm-vis-first-on-screen-10552706_193=\"4495\" data-gtm-vis-first-on-screen-10552706_194=\"4523\" data-gtm-vis-first-on-screen-10552706_184=\"4529\" data-gtm-vis-recent-on-screen-10552706_192=\"6360\" data-gtm-vis-total-visible-time-10552706_192=\"100\" data-gtm-vis-has-fired-10552706_192=\"1\" data-gtm-vis-recent-on-screen-10552706_217=\"6361\" data-gtm-vis-total-visible-time-10552706_217=\"100\" data-gtm-vis-has-fired-10552706_217=\"1\" data-gtm-vis-recent-on-screen-10552706_196=\"6363\" data-gtm-vis-total-visible-time-10552706_196=\"100\" data-gtm-vis-has-fired-10552706_196=\"1\" data-gtm-vis-recent-on-screen-10552706_193=\"6364\" data-gtm-vis-total-visible-time-10552706_193=\"100\" data-gtm-vis-has-fired-10552706_193=\"1\" data-gtm-vis-recent-on-screen-10552706_194=\"6364\" data-gtm-vis-total-visible-time-10552706_194=\"100\" data-gtm-vis-has-fired-10552706_194=\"1\" data-gtm-vis-recent-on-screen-10552706_184=\"6366\" data-gtm-vis-total-visible-time-10552706_184=\"100\" data-gtm-vis-has-fired-10552706_184=\"1\">C\u00e1mara de red tipo bullet de focal fija con infrarrojos Lite de 8MP<\/p>\n<div data-v-5fe8c490=\"\">\n<ul>\n<li>Sensor de imagen CMOS de 8MP, 1 \/ 2.7 \u00ab, baja iluminaci\u00f3n, alta definici\u00f3n de imagen<\/li>\n<li>Salidas m\u00e1x. 8MP (3840 \u00d7 2160) a 15 fps y admite 2688 \u00d7 1520 (2688 \u00d7 1520) a 25\/30 fps<\/li>\n<li>C\u00f3dec H.265, alta tasa de compresi\u00f3n, tasa de bits ultrabaja<\/li>\n<li>LED de infrarrojos integrado, distancia m\u00e1xima de infrarrojos: 80 m<\/li>\n<li>RoI, SMART H.264 + \/ H.265 +, codificaci\u00f3n flexible, aplicable a varios entornos de almacenamiento y ancho de banda<\/li>\n<li>Modo de rotaci\u00f3n, WDR, 3D NR, HLC, BLC, marca de agua digital, aplicable a varias escenas de monitoreo<\/li>\n<li>Detecci\u00f3n inteligente: intrusi\u00f3n, cable trampa<\/li>\n<li>Detecci\u00f3n de anomal\u00edas: detecci\u00f3n de movimiento, manipulaci\u00f3n de video, sin tarjeta SD, tarjeta SD llena, error de tarjeta SD, desconexi\u00f3n de red, conflicto de IP, acceso ilegal, alarma local, detecci\u00f3n de voltaje, detecci\u00f3n de audio<\/li>\n<li>Alarma: 1 entrada, 1 salida; audio: 1 entrada, 1 salida;\u00a0admite m\u00e1x.\u00a0Tarjeta Micro SD de 256 GB<\/li>\n<li>Fuente de alimentaci\u00f3n de 12 V CC \/ POE<\/li>\n<li>Protecci\u00f3n IP67, protecci\u00f3n IK10 (opcional)<\/li>\n<\/ul>\n<\/div>\n","protected":false},"featured_media":37671,"comment_status":"open","ping_status":"closed","template":"","meta":{"_et_pb_use_builder":"","_et_pb_old_content":"","_et_gb_content_width":""},"product_brand":[],"product_cat":[929,521,522,523],"product_tag":[909,873,892,831,835,834,896,920,833],"class_list":{"0":"post-37670","1":"product","2":"type-product","3":"status-publish","4":"has-post-thumbnail","6":"product_cat-bala","7":"product_cat-cctv","8":"product_cat-ip","9":"product_cat-camaras","10":"product_tag-4k","11":"product_tag-8mp","12":"product_tag-alarma","13":"product_tag-camara","14":"product_tag-cctv","15":"product_tag-dahua","16":"product_tag-domo","17":"product_tag-ip","18":"product_tag-seguridad","20":"first","21":"instock","22":"taxable","23":"shipping-taxable","24":"product-type-simple"},"_links":{"self":[{"href":"https:\/\/arxisdemexico.com.mx\/arxis\/wp-json\/wp\/v2\/product\/37670","targetHints":{"allow":["GET"]}}],"collection":[{"href":"https:\/\/arxisdemexico.com.mx\/arxis\/wp-json\/wp\/v2\/product"}],"about":[{"href":"https:\/\/arxisdemexico.com.mx\/arxis\/wp-json\/wp\/v2\/types\/product"}],"replies":[{"embeddable":true,"href":"https:\/\/arxisdemexico.com.mx\/arxis\/wp-json\/wp\/v2\/comments?post=37670"}],"wp:featuredmedia":[{"embeddable":true,"href":"https:\/\/arxisdemexico.com.mx\/arxis\/wp-json\/wp\/v2\/media\/37671"}],"wp:attachment":[{"href":"https:\/\/arxisdemexico.com.mx\/arxis\/wp-json\/wp\/v2\/media?parent=37670"}],"wp:term":[{"taxonomy":"product_brand","embeddable":true,"href":"https:\/\/arxisdemexico.com.mx\/arxis\/wp-json\/wp\/v2\/product_brand?post=37670"},{"taxonomy":"product_cat","embeddable":true,"href":"https:\/\/arxisdemexico.com.mx\/arxis\/wp-json\/wp\/v2\/product_cat?post=37670"},{"taxonomy":"product_tag","embeddable":true,"href":"https:\/\/arxisdemexico.com.mx\/arxis\/wp-json\/wp\/v2\/product_tag?post=37670"}],"curies":[{"name":"wp","href":"https:\/\/api.w.org\/{rel}","templated":true}]}}