{"id":37667,"date":"2021-10-25T16:38:42","date_gmt":"2021-10-25T21:38:42","guid":{"rendered":"https:\/\/www.arxisdemexico.com.mx\/arxis\/?post_type=product&#038;p=37667"},"modified":"2021-10-25T16:38:45","modified_gmt":"2021-10-25T21:38:45","slug":"dahua-dh-ipc-hfw2831s-s-s2-camara-ip-bullet-4k-8-megapixeles-h-265-wdr-real-lente-de-2-8-mm-ir-30-mts-ip67-ivs-ranura-microsd-poe","status":"publish","type":"product","link":"https:\/\/arxisdemexico.com.mx\/arxis\/producto\/dahua-dh-ipc-hfw2831s-s-s2-camara-ip-bullet-4k-8-megapixeles-h-265-wdr-real-lente-de-2-8-mm-ir-30-mts-ip67-ivs-ranura-microsd-poe\/","title":{"rendered":"DAHUA DH-IPC-HFW2831S-S-S2 &#8211; C\u00e1mara IP Bullet 4k\/ 8 Megapixeles\/ H.265+\/ WDR Real\/ Lente de 2.8 mm\/ IR 30 Mts\/ IP67\/ IVS\/ Ranura MicroSD\/ Poe"},"content":{"rendered":"<ul>\n<li class=\"ql-align-justify\">1\/2.7\u201d 8 Megap\u00edxeles CMOS.<\/li>\n<li class=\"ql-align-justify\">Compresi\u00f3n de Video H265+ \/ H.265.<\/li>\n<li class=\"ql-align-justify\">Lente 2.8mm.<\/li>\n<li class=\"ql-align-justify\">Funciones IVS: Intrusi\u00f3n, Tripwire.<\/li>\n<li class=\"ql-align-justify\">D\u00eda\/Noche Auto(ICR)\/Color\/B\/W.<\/li>\n<li class=\"ql-align-justify\">Compensaci\u00f3n de Contraluz\u00a0BLC \/ HLC.<\/li>\n<li class=\"ql-align-justify\">WDR 120dB.<\/li>\n<li class=\"ql-align-justify\">Puerto Ethernet\u00a0RJ-45 (10 \/ 100Base-T).<\/li>\n<li class=\"ql-align-justify\">Est\u00e1ndar de Comunicaci\u00f3n\u00a0ONVIF(Profile S\/Profile G\/Profile T), CGI, P2P.<\/li>\n<li class=\"ql-align-justify\">M\u00e1x. Acceso de Usuarios 20.<\/li>\n<li class=\"ql-align-justify\">Fuente de Alimentaci\u00f3n\u00a012V CD \/ PoE (802.3af).<\/li>\n<li class=\"ql-align-justify\">Consumo de Energ\u00eda M\u00e1x &lt;5.5W.<\/li>\n<li class=\"ql-align-justify\">Condiciones de operaci\u00f3n\u00a0-40\u00baC ~ 60\u00baC.<\/li>\n<li class=\"ql-align-justify\">Indice de Protecci\u00f3n IP67.<\/li>\n<li class=\"ql-align-justify\">Dimensiones\u00a0166.2 mm \u00d7 \u03a670 mm.<\/li>\n<li class=\"ql-align-justify\">Material metal.<\/li>\n<li>Peso Neto 0.48kg.<\/li>\n<\/ul>\n","protected":false},"excerpt":{"rendered":"<p class=\"text\" data-v-5fe8c490=\"\" data-gtm-vis-recent-on-screen-10552706_181=\"5444\" data-gtm-vis-first-on-screen-10552706_181=\"5444\" data-gtm-vis-total-visible-time-10552706_181=\"100\" data-gtm-vis-has-fired-10552706_181=\"1\" data-gtm-vis-first-on-screen-10552706_184=\"5454\" data-gtm-vis-first-on-screen-10552706_194=\"5469\" data-gtm-vis-recent-on-screen-10552706_195=\"5675\" data-gtm-vis-first-on-screen-10552706_195=\"5675\" data-gtm-vis-total-visible-time-10552706_195=\"100\" data-gtm-vis-has-fired-10552706_195=\"1\" data-gtm-vis-first-on-screen-10552706_192=\"6855\" data-gtm-vis-first-on-screen-10552706_217=\"7012\" data-gtm-vis-first-on-screen-10552706_196=\"7229\" data-gtm-vis-first-on-screen-10552706_193=\"7298\" data-gtm-vis-recent-on-screen-10552706_192=\"16240\" data-gtm-vis-total-visible-time-10552706_192=\"100\" data-gtm-vis-has-fired-10552706_192=\"1\" data-gtm-vis-recent-on-screen-10552706_217=\"16242\" data-gtm-vis-total-visible-time-10552706_217=\"100\" data-gtm-vis-has-fired-10552706_217=\"1\" data-gtm-vis-recent-on-screen-10552706_194=\"16243\" data-gtm-vis-total-visible-time-10552706_194=\"100\" data-gtm-vis-has-fired-10552706_194=\"1\" data-gtm-vis-recent-on-screen-10552706_184=\"16244\" data-gtm-vis-total-visible-time-10552706_184=\"100\" data-gtm-vis-has-fired-10552706_184=\"1\" data-gtm-vis-recent-on-screen-10552706_196=\"16244\" data-gtm-vis-total-visible-time-10552706_196=\"100\" data-gtm-vis-has-fired-10552706_196=\"1\" data-gtm-vis-recent-on-screen-10552706_193=\"16341\" data-gtm-vis-total-visible-time-10552706_193=\"100\" data-gtm-vis-has-fired-10552706_193=\"1\"><span>C\u00e1mara de red tipo bullet de focal fija con infrarrojos Lite de 8MP<\/span><\/p>\n<div data-v-5fe8c490=\"\">\n<ul>\n<li><span>Sensor de imagen CMOS de 8MP, 1 \/ 2.7 \u00ab, baja iluminaci\u00f3n, alta definici\u00f3n de imagen<\/span><\/li>\n<li><span>Salidas m\u00e1x. 8MP (3840 \u00d7 2160) a 15 fps y admite 2688 \u00d7 1520 (2688 \u00d7 1520) a 25\/30 fps<\/span><\/li>\n<li><span>C\u00f3dec H.265, alta tasa de compresi\u00f3n, tasa de bits ultrabaja<\/span><\/li>\n<li><span>LED de infrarrojos integrado, distancia m\u00e1xima de infrarrojos: 30 m<\/span><\/li>\n<li><span>ROI, SMART H.264 + \/ H.265 +, codificaci\u00f3n flexible, aplicable a varios entornos de almacenamiento y ancho de banda<\/span><\/li>\n<li><span>Modo de rotaci\u00f3n, WDR, 3D NR, HLC, BLC, marca de agua digital, aplicable a varias escenas de monitoreo<\/span><\/li>\n<li><span>Detecci\u00f3n inteligente: intrusi\u00f3n, cable trampa \u00b7 Detecci\u00f3n de anomal\u00edas: detecci\u00f3n de movimiento, manipulaci\u00f3n de video, sin tarjeta SD, tarjeta SD llena, error de tarjeta SD, desconexi\u00f3n de red, conflicto de IP, acceso ilegal, detecci\u00f3n de voltaje<\/span><\/li>\n<li><span>Soporta max. Tarjeta Micro SD de 256 GB<\/span><\/li>\n<li><span>Fuente de alimentaci\u00f3n 12V DC \/ PoE<\/span><\/li>\n<li><span>Protecci\u00f3n IP67<\/span><\/li>\n<\/ul>\n<\/div>\n","protected":false},"featured_media":37669,"comment_status":"open","ping_status":"closed","template":"","meta":{"_et_pb_use_builder":"","_et_pb_old_content":"","_et_gb_content_width":""},"product_brand":[],"product_cat":[929,521,522,523],"product_tag":[931,873,831,835,834,896,920,833],"class_list":{"0":"post-37667","1":"product","2":"type-product","3":"status-publish","4":"has-post-thumbnail","6":"product_cat-bala","7":"product_cat-cctv","8":"product_cat-ip","9":"product_cat-camaras","10":"product_tag-4j","11":"product_tag-8mp","12":"product_tag-camara","13":"product_tag-cctv","14":"product_tag-dahua","15":"product_tag-domo","16":"product_tag-ip","17":"product_tag-seguridad","19":"first","20":"instock","21":"taxable","22":"shipping-taxable","23":"product-type-simple"},"_links":{"self":[{"href":"https:\/\/arxisdemexico.com.mx\/arxis\/wp-json\/wp\/v2\/product\/37667","targetHints":{"allow":["GET"]}}],"collection":[{"href":"https:\/\/arxisdemexico.com.mx\/arxis\/wp-json\/wp\/v2\/product"}],"about":[{"href":"https:\/\/arxisdemexico.com.mx\/arxis\/wp-json\/wp\/v2\/types\/product"}],"replies":[{"embeddable":true,"href":"https:\/\/arxisdemexico.com.mx\/arxis\/wp-json\/wp\/v2\/comments?post=37667"}],"wp:featuredmedia":[{"embeddable":true,"href":"https:\/\/arxisdemexico.com.mx\/arxis\/wp-json\/wp\/v2\/media\/37669"}],"wp:attachment":[{"href":"https:\/\/arxisdemexico.com.mx\/arxis\/wp-json\/wp\/v2\/media?parent=37667"}],"wp:term":[{"taxonomy":"product_brand","embeddable":true,"href":"https:\/\/arxisdemexico.com.mx\/arxis\/wp-json\/wp\/v2\/product_brand?post=37667"},{"taxonomy":"product_cat","embeddable":true,"href":"https:\/\/arxisdemexico.com.mx\/arxis\/wp-json\/wp\/v2\/product_cat?post=37667"},{"taxonomy":"product_tag","embeddable":true,"href":"https:\/\/arxisdemexico.com.mx\/arxis\/wp-json\/wp\/v2\/product_tag?post=37667"}],"curies":[{"name":"wp","href":"https:\/\/api.w.org\/{rel}","templated":true}]}}