{"id":37665,"date":"2021-10-25T14:58:27","date_gmt":"2021-10-25T19:58:27","guid":{"rendered":"https:\/\/www.arxisdemexico.com.mx\/arxis\/?post_type=product&#038;p=37665"},"modified":"2021-10-25T14:58:28","modified_gmt":"2021-10-25T19:58:28","slug":"dahua-ipc-hfw2531s-s-s2-camara-ip-bullet-de-5-megapixeles-h265-wdr-real-120-db-lente-2-8-mm-ir-30-mts-poe-ip67-starlight-ivs-ranura-para-microsd","status":"publish","type":"product","link":"https:\/\/arxisdemexico.com.mx\/arxis\/producto\/dahua-ipc-hfw2531s-s-s2-camara-ip-bullet-de-5-megapixeles-h265-wdr-real-120-db-lente-2-8-mm-ir-30-mts-poe-ip67-starlight-ivs-ranura-para-microsd\/","title":{"rendered":"DAHUA IPC-HFW2531S-S-S2 &#8211; C\u00e1mara IP Bullet de 5 Megapixeles\/ H265+\/ WDR Real 120 dB\/ Lente 2.8 mm\/ Ir 30 Mts\/ PoE\/ IP67\/ Starlight\/ IVS\/ Ranura para MicroSD"},"content":{"rendered":"<ul>\n<li class=\"ql-align-justify\">1 \/ 2.7 \u00bb CMOS 5MP.<\/li>\n<li class=\"ql-align-justify\">Lente fijo 2.8mm.<\/li>\n<li class=\"ql-align-justify\">Codificaci\u00f3n de video H.265+ \/H.265 \/ H.264+ \/ H.264\/H.264B\/MJPEG.<\/li>\n<li class=\"ql-align-justify\">D\u00eda \/ Noche Auto (ICR) \/ Color \/ B \/ W.<\/li>\n<li class=\"ql-align-justify\">Compensaci\u00f3n de contraluz BLC \/ HLC \/ WDR (120dB).<\/li>\n<li class=\"ql-align-justify\">Starlight.<\/li>\n<li class=\"ql-align-justify\">M\u00faltiple monitoreo por red: Smart PSS, DSS, DMSS.<\/li>\n<li class=\"ql-align-justify\">M\u00e1x Distancia IR LEDs 30m.<\/li>\n<li class=\"ql-align-justify\">IVS: Tripwire, Intrusi\u00f3n.<\/li>\n<li class=\"ql-align-justify\">Puerto ethernet RJ-45 (10 \/ 100Base-T).<\/li>\n<li class=\"ql-align-justify\">Almacenamiento en Micro SD hasta 256Gb ( memoria no incluida ).<\/li>\n<li class=\"ql-align-justify\">Fuente de alimentaci\u00f3n 12V CD, POE (802.3af)<\/li>\n<li class=\"ql-align-justify\">Consumo de energ\u00eda &lt;5.6 W .<\/li>\n<li class=\"ql-align-justify\">Condiciones de Trabajo -40\u00b0 C ~ +60\u00b0 C \/ menos de 95% RH<\/li>\n<li class=\"ql-align-justify\">\u00cdndice de protecci\u00f3n IP67.<\/li>\n<li class=\"ql-align-justify\">Peso Bruto 0.48 kg.<\/li>\n<li class=\"ql-align-justify\">Material Met\u00e1lica.<\/li>\n<\/ul>\n","protected":false},"excerpt":{"rendered":"<p class=\"text\" data-v-5fe8c490=\"\" data-gtm-vis-has-fired-10552706_195=\"1\" data-gtm-vis-has-fired-10552706_181=\"1\" data-gtm-vis-first-on-screen-10552706_192=\"30976\" data-gtm-vis-first-on-screen-10552706_194=\"30979\" data-gtm-vis-first-on-screen-10552706_184=\"30982\" data-gtm-vis-first-on-screen-10552706_193=\"30993\" data-gtm-vis-first-on-screen-10552706_196=\"30994\" data-gtm-vis-first-on-screen-10552706_217=\"30995\" data-gtm-vis-recent-on-screen-10552706_192=\"33978\" data-gtm-vis-total-visible-time-10552706_192=\"100\" data-gtm-vis-has-fired-10552706_192=\"1\" data-gtm-vis-recent-on-screen-10552706_217=\"33980\" data-gtm-vis-total-visible-time-10552706_217=\"100\" data-gtm-vis-has-fired-10552706_217=\"1\" data-gtm-vis-recent-on-screen-10552706_194=\"33982\" data-gtm-vis-total-visible-time-10552706_194=\"100\" data-gtm-vis-has-fired-10552706_194=\"1\" data-gtm-vis-recent-on-screen-10552706_184=\"33983\" data-gtm-vis-total-visible-time-10552706_184=\"100\" data-gtm-vis-has-fired-10552706_184=\"1\" data-gtm-vis-recent-on-screen-10552706_196=\"33986\" data-gtm-vis-total-visible-time-10552706_196=\"100\" data-gtm-vis-has-fired-10552706_196=\"1\" data-gtm-vis-recent-on-screen-10552706_193=\"34110\" data-gtm-vis-total-visible-time-10552706_193=\"100\" data-gtm-vis-has-fired-10552706_193=\"1\"><span>C\u00e1mara de red tipo bullet de foco fijo con infrarrojos Lite de 5 MP<\/span><\/p>\n<div data-v-5fe8c490=\"\">\n<ul>\n<li><span>Sensor de imagen CMOS de 5MP, 1 \/ 2.7 \u201d, baja iluminaci\u00f3n, alta definici\u00f3n de imagen<\/span><\/li>\n<li><span>Salidas m\u00e1x. 5MP (2592 \u00d7 1944) a 20 fps y admite 2688 \u00d7 1520 (2688 \u00d7 1520) a 25\/30 fps<\/span><\/li>\n<li><span>C\u00f3dec H.265, alta tasa de compresi\u00f3n, tasa de bits ultrabaja<\/span><\/li>\n<li><span>LED de infrarrojos integrado, distancia m\u00e1xima de infrarrojos: 30 m<\/span><\/li>\n<li><span>ROI, SMART H.264 + \/ H.265 +, codificaci\u00f3n flexible, aplicable a varios entornos de almacenamiento y ancho de banda<\/span><\/li>\n<li><span>Modo de rotaci\u00f3n, WDR, 3D NR, HLC, BLC, marca de agua digital, aplicable a varias escenas de monitoreo<\/span><\/li>\n<li><span>Detecci\u00f3n inteligente: intrusi\u00f3n, cable trampa<\/span><\/li>\n<li><span>Detecci\u00f3n de anomal\u00edas: detecci\u00f3n de movimiento, manipulaci\u00f3n de video, sin tarjeta SD, tarjeta SD llena, error de tarjeta SD, red desconectada, conflicto de IP, acceso ilegal, detecci\u00f3n de voltaje<\/span><\/li>\n<li><span>Soporta max. Tarjeta Micro SD de 256 GB<\/span><\/li>\n<li><span>Fuente de alimentaci\u00f3n 12V DC \/ PoE<\/span><\/li>\n<li><span>Protecci\u00f3n IP67<\/span><\/li>\n<\/ul>\n<\/div>\n","protected":false},"featured_media":37666,"comment_status":"open","ping_status":"closed","template":"","meta":{"_et_pb_use_builder":"","_et_pb_old_content":"","_et_gb_content_width":""},"product_brand":[],"product_cat":[929,521,522,523],"product_tag":[855,831,835,834,896,920,833],"class_list":{"0":"post-37665","1":"product","2":"type-product","3":"status-publish","4":"has-post-thumbnail","6":"product_cat-bala","7":"product_cat-cctv","8":"product_cat-ip","9":"product_cat-camaras","10":"product_tag-5mp","11":"product_tag-camara","12":"product_tag-cctv","13":"product_tag-dahua","14":"product_tag-domo","15":"product_tag-ip","16":"product_tag-seguridad","18":"first","19":"instock","20":"taxable","21":"shipping-taxable","22":"product-type-simple"},"_links":{"self":[{"href":"https:\/\/arxisdemexico.com.mx\/arxis\/wp-json\/wp\/v2\/product\/37665","targetHints":{"allow":["GET"]}}],"collection":[{"href":"https:\/\/arxisdemexico.com.mx\/arxis\/wp-json\/wp\/v2\/product"}],"about":[{"href":"https:\/\/arxisdemexico.com.mx\/arxis\/wp-json\/wp\/v2\/types\/product"}],"replies":[{"embeddable":true,"href":"https:\/\/arxisdemexico.com.mx\/arxis\/wp-json\/wp\/v2\/comments?post=37665"}],"wp:featuredmedia":[{"embeddable":true,"href":"https:\/\/arxisdemexico.com.mx\/arxis\/wp-json\/wp\/v2\/media\/37666"}],"wp:attachment":[{"href":"https:\/\/arxisdemexico.com.mx\/arxis\/wp-json\/wp\/v2\/media?parent=37665"}],"wp:term":[{"taxonomy":"product_brand","embeddable":true,"href":"https:\/\/arxisdemexico.com.mx\/arxis\/wp-json\/wp\/v2\/product_brand?post=37665"},{"taxonomy":"product_cat","embeddable":true,"href":"https:\/\/arxisdemexico.com.mx\/arxis\/wp-json\/wp\/v2\/product_cat?post=37665"},{"taxonomy":"product_tag","embeddable":true,"href":"https:\/\/arxisdemexico.com.mx\/arxis\/wp-json\/wp\/v2\/product_tag?post=37665"}],"curies":[{"name":"wp","href":"https:\/\/api.w.org\/{rel}","templated":true}]}}