{"id":37663,"date":"2021-10-25T14:52:12","date_gmt":"2021-10-25T19:52:12","guid":{"rendered":"https:\/\/www.arxisdemexico.com.mx\/arxis\/?post_type=product&#038;p=37663"},"modified":"2021-10-25T14:52:13","modified_gmt":"2021-10-25T19:52:13","slug":"dahua-dh-ipc-hfw2439s-sa-led-s2-camara-bullet-ip-de-4-megapixeles-full-color-lente-de-2-8-mm-microfono-integrado-107-grados-de-apertura-h-265-luz-para-30-mts-wdr-real-ranura-para-microsd-ip","status":"publish","type":"product","link":"https:\/\/arxisdemexico.com.mx\/arxis\/producto\/dahua-dh-ipc-hfw2439s-sa-led-s2-camara-bullet-ip-de-4-megapixeles-full-color-lente-de-2-8-mm-microfono-integrado-107-grados-de-apertura-h-265-luz-para-30-mts-wdr-real-ranura-para-microsd-ip\/","title":{"rendered":"DAHUA DH-IPC-HFW2439S-SA-LED-S2 &#8211; Camara Bullet IP de 4 Megapixeles\/ Full Color\/ Lente de 2.8 mm\/ Microfono Integrado\/ 107 Grados de Apertura\/ H.265\/ Luz para 30 Mts\/ WDR Real\/ Ranura para MicroSD\/ IP67\/ PoE"},"content":{"rendered":"<ul>\n<li>Sensor de imagen CMOS de 4MP, 1\/3 \u00ab, baja iluminaci\u00f3n, alta definici\u00f3n de imagen<\/li>\n<li>Salidas 4MP (2560 \u00d7 1440) @ 25\/30 fps, Max. soporta 4MP \u00a0(2688 \u00d7 1520) a 20 fps<\/li>\n<li>C\u00f3dec H.265, alta tasa de compresi\u00f3n, tasa de bits ultra baja<\/li>\n<li>Luces c\u00e1lidas integradas, m\u00e1x. distancia de iluminaci\u00f3n: 30 m<\/li>\n<li>ROI, SMART H.264 + \/ H.265 +, codificaci\u00f3n flexible, aplicable a varios entornos de ancho de banda y almacenamiento<\/li>\n<li>Modo de rotaci\u00f3n, WDR, 3D NR, HLC, BLC, marca de agua digital, aplicable a varias escenas de monitorizaci\u00f3n<\/li>\n<li>Detecci\u00f3n inteligente: intrusi\u00f3n, cable trampa<\/li>\n<li>Detecci\u00f3n de anomal\u00edas: detecci\u00f3n de movimiento, manipulaci\u00f3n de v\u00eddeo, escena cambiando, sin tarjeta SD, tarjeta SD llena, error de tarjeta SD, red desconexi\u00f3n, conflicto de IP, acceso ilegal, detecci\u00f3n de voltaje<\/li>\n<li>Soporta m\u00e1x. Tarjeta Micro SD de 256 GB y micr\u00f3fono integrado<\/li>\n<li>Fuente de alimentaci\u00f3n 12V DC \/ PoE<\/li>\n<li>Protecci\u00f3n IP6<\/li>\n<\/ul>\n","protected":false},"excerpt":{"rendered":"<p class=\"text\" data-v-5fe8c490=\"\" data-gtm-vis-has-fired-10552706_181=\"1\" data-gtm-vis-has-fired-10552706_195=\"1\" data-gtm-vis-recent-on-screen-10552706_217=\"8235\" data-gtm-vis-first-on-screen-10552706_217=\"8235\" data-gtm-vis-total-visible-time-10552706_217=\"100\" data-gtm-vis-has-fired-10552706_217=\"1\" data-gtm-vis-recent-on-screen-10552706_193=\"8237\" data-gtm-vis-first-on-screen-10552706_193=\"8237\" data-gtm-vis-total-visible-time-10552706_193=\"100\" data-gtm-vis-has-fired-10552706_193=\"1\" data-gtm-vis-recent-on-screen-10552706_196=\"8248\" data-gtm-vis-first-on-screen-10552706_196=\"8248\" data-gtm-vis-total-visible-time-10552706_196=\"100\" data-gtm-vis-has-fired-10552706_196=\"1\" data-gtm-vis-recent-on-screen-10552706_194=\"8249\" data-gtm-vis-first-on-screen-10552706_194=\"8250\" data-gtm-vis-total-visible-time-10552706_194=\"100\" data-gtm-vis-has-fired-10552706_194=\"1\" data-gtm-vis-recent-on-screen-10552706_192=\"8251\" data-gtm-vis-first-on-screen-10552706_192=\"8251\" data-gtm-vis-total-visible-time-10552706_192=\"100\" data-gtm-vis-has-fired-10552706_192=\"1\" data-gtm-vis-recent-on-screen-10552706_184=\"8253\" data-gtm-vis-first-on-screen-10552706_184=\"8253\" data-gtm-vis-total-visible-time-10552706_184=\"100\" data-gtm-vis-has-fired-10552706_184=\"1\"><span>C\u00e1mara de red tipo bullet de focal fija a todo color de 4MP Lite<\/span><\/p>\n<div data-v-5fe8c490=\"\">\n<p><span>4MP, sensor de imagen CMOS de 1\/3 \u00ab, baja iluminaci\u00f3n, alta definici\u00f3n de imagen<\/span><br \/>\n<span>Salidas 4MP (2560 \u00d7 1440) @ 25\/30 fps, Max. Soporta 4MP<\/span><br \/>\n<span>C\u00f3dec H.265, alta tasa de compresi\u00f3n, tasa de bits ultrabaja<\/span><br \/>\n<span>Luces c\u00e1lidas integradas, distancia m\u00e1xima de iluminaci\u00f3n: 30 m<\/span><br \/>\n<span>ROI, SMART H.264 + \/ H.265 +, codificaci\u00f3n flexible, aplicable a varios<\/span><br \/>\n<span>Modo de rotaci\u00f3n, WDR, 3D NR, HLC, BLC, marca de agua digital,<\/span><br \/>\n<span>Detecci\u00f3n inteligente: intrusi\u00f3n, cable trampa<\/span><br \/>\n<span>Detecci\u00f3n de anomal\u00edas: detecci\u00f3n de movimiento, manipulaci\u00f3n de v\u00eddeo, escena<\/span><br \/>\n<span>Admite un m\u00e1ximo de tarjeta Micro SD de 256 GB y micr\u00f3fono incorporado<\/span><br \/>\n<span>Fuente de alimentaci\u00f3n de 12 V CC \/ PoE<\/span><br \/>\n<span>Protecci\u00f3n IP67<\/span><\/p>\n<\/div>\n","protected":false},"featured_media":37664,"comment_status":"open","ping_status":"closed","template":"","meta":{"_et_pb_use_builder":"","_et_pb_old_content":"","_et_gb_content_width":""},"product_brand":[],"product_cat":[929,521,522,523],"product_tag":[853,831,835,834,896,920,850,833],"class_list":{"0":"post-37663","1":"product","2":"type-product","3":"status-publish","4":"has-post-thumbnail","6":"product_cat-bala","7":"product_cat-cctv","8":"product_cat-ip","9":"product_cat-camaras","10":"product_tag-4mp","11":"product_tag-camara","12":"product_tag-cctv","13":"product_tag-dahua","14":"product_tag-domo","15":"product_tag-ip","16":"product_tag-microfono-integrado","17":"product_tag-seguridad","19":"first","20":"instock","21":"taxable","22":"shipping-taxable","23":"product-type-simple"},"_links":{"self":[{"href":"https:\/\/arxisdemexico.com.mx\/arxis\/wp-json\/wp\/v2\/product\/37663","targetHints":{"allow":["GET"]}}],"collection":[{"href":"https:\/\/arxisdemexico.com.mx\/arxis\/wp-json\/wp\/v2\/product"}],"about":[{"href":"https:\/\/arxisdemexico.com.mx\/arxis\/wp-json\/wp\/v2\/types\/product"}],"replies":[{"embeddable":true,"href":"https:\/\/arxisdemexico.com.mx\/arxis\/wp-json\/wp\/v2\/comments?post=37663"}],"wp:featuredmedia":[{"embeddable":true,"href":"https:\/\/arxisdemexico.com.mx\/arxis\/wp-json\/wp\/v2\/media\/37664"}],"wp:attachment":[{"href":"https:\/\/arxisdemexico.com.mx\/arxis\/wp-json\/wp\/v2\/media?parent=37663"}],"wp:term":[{"taxonomy":"product_brand","embeddable":true,"href":"https:\/\/arxisdemexico.com.mx\/arxis\/wp-json\/wp\/v2\/product_brand?post=37663"},{"taxonomy":"product_cat","embeddable":true,"href":"https:\/\/arxisdemexico.com.mx\/arxis\/wp-json\/wp\/v2\/product_cat?post=37663"},{"taxonomy":"product_tag","embeddable":true,"href":"https:\/\/arxisdemexico.com.mx\/arxis\/wp-json\/wp\/v2\/product_tag?post=37663"}],"curies":[{"name":"wp","href":"https:\/\/api.w.org\/{rel}","templated":true}]}}