{"id":37661,"date":"2021-10-25T14:44:10","date_gmt":"2021-10-25T19:44:10","guid":{"rendered":"https:\/\/www.arxisdemexico.com.mx\/arxis\/?post_type=product&#038;p=37661"},"modified":"2021-10-25T14:45:37","modified_gmt":"2021-10-25T19:45:37","slug":"dahua-ipc-hfw2431tn-zs-s2-camara-ip-bullet-4-megapixeles-lente-motorizado-de-2-7-a-13-5mm-ir-60mts-wdr-real-120db-starlight-wdr-real-120db-videoanaliticos-con-ivs-ranura-micro-sd-ip67-poe","status":"publish","type":"product","link":"https:\/\/arxisdemexico.com.mx\/arxis\/producto\/dahua-ipc-hfw2431tn-zs-s2-camara-ip-bullet-4-megapixeles-lente-motorizado-de-2-7-a-13-5mm-ir-60mts-wdr-real-120db-starlight-wdr-real-120db-videoanaliticos-con-ivs-ranura-micro-sd-ip67-poe\/","title":{"rendered":"DAHUA IPC-HFW2431TN-ZS-S2 &#8211; Camara IP Bullet 4 Megapixeles\/ Lente Motorizado de 2.7 a 13.5mm\/ IR 60Mts\/ WDR Real 120dB\/ Starlight\/ WDR Real 120dB\/ Videoanaliticos con IVS\/ Ranura Micro SD\/ IP67\/ PoE"},"content":{"rendered":"<ul>\n<li class=\"ql-align-justify\">1 \/ 3 \u00bb CMOS 4MP.<\/li>\n<li class=\"ql-align-justify\">Codificaci\u00f3n de video H.265\/H.264\/H.264B\/MJPEG.<\/li>\n<li class=\"ql-align-justify\">D\u00eda \/ Noche Auto (ICR) \/ Color \/ B \/ W.<\/li>\n<li class=\"ql-align-justify\">Compensaci\u00f3n de contraluz BLC \/ HLC \/ WDR (120dB).<\/li>\n<li class=\"ql-align-justify\">Starlight.<\/li>\n<li class=\"ql-align-justify\">M\u00faltiple monitoreo por red: Smart PSS, DSS, DMSS.<\/li>\n<li class=\"ql-align-justify\">M\u00e1x Distancia IR LEDs 60m.<\/li>\n<li class=\"ql-align-justify\">IVS: Tripwire, Intrusi\u00f3n.<\/li>\n<li class=\"ql-align-justify\">Puerto ethernet RJ-45 (10 \/ 100Base-T).<\/li>\n<li class=\"ql-align-justify\">Fuente de alimentaci\u00f3n 12V CD, POE (802.3af)<\/li>\n<li class=\"ql-align-justify\">Consumo de energ\u00eda &lt;9.6 W .<\/li>\n<li class=\"ql-align-justify\">Condiciones de Trabajo -40\u00b0 C ~ +60\u00b0 C \/ menos de 95% RH<\/li>\n<li class=\"ql-align-justify\">\u00cdndice de protecci\u00f3n IP67.<\/li>\n<li class=\"ql-align-justify\">Peso Bruto 1.10 kg.<\/li>\n<li class=\"ql-align-justify\">Material Met\u00e1lico<\/li>\n<\/ul>\n","protected":false},"excerpt":{"rendered":"<p class=\"text\" data-v-5fe8c490=\"\" data-gtm-vis-has-fired-10552706_181=\"1\" data-gtm-vis-has-fired-10552706_195=\"1\" data-gtm-vis-recent-on-screen-10552706_196=\"4499\" data-gtm-vis-first-on-screen-10552706_196=\"4499\" data-gtm-vis-total-visible-time-10552706_196=\"100\" data-gtm-vis-has-fired-10552706_196=\"1\" data-gtm-vis-recent-on-screen-10552706_184=\"4500\" data-gtm-vis-first-on-screen-10552706_184=\"4500\" data-gtm-vis-total-visible-time-10552706_184=\"100\" data-gtm-vis-has-fired-10552706_184=\"1\" data-gtm-vis-recent-on-screen-10552706_217=\"4503\" data-gtm-vis-first-on-screen-10552706_217=\"4503\" data-gtm-vis-total-visible-time-10552706_217=\"100\" data-gtm-vis-has-fired-10552706_217=\"1\" data-gtm-vis-recent-on-screen-10552706_194=\"4504\" data-gtm-vis-first-on-screen-10552706_194=\"4504\" data-gtm-vis-total-visible-time-10552706_194=\"100\" data-gtm-vis-has-fired-10552706_194=\"1\" data-gtm-vis-recent-on-screen-10552706_193=\"4505\" data-gtm-vis-first-on-screen-10552706_193=\"4505\" data-gtm-vis-total-visible-time-10552706_193=\"100\" data-gtm-vis-has-fired-10552706_193=\"1\" data-gtm-vis-recent-on-screen-10552706_192=\"4507\" data-gtm-vis-first-on-screen-10552706_192=\"4507\" data-gtm-vis-total-visible-time-10552706_192=\"100\" data-gtm-vis-has-fired-10552706_192=\"1\">4MP Entry IR Fixed-focal Bullet Netwok Camera<\/p>\n<ul>\n<li>Sensor de imagen CMOS de 4MP, 1\/3 \u201d, baja iluminaci\u00f3n, alta definici\u00f3n de imagen<\/li>\n<li>Produce 4MP (2560 \u00d7 1440) a 25\/30 fps y admite m\u00e1x. 4MP (2688 \u00d7 1520) a 20 fps<\/li>\n<li>C\u00f3dec H.265, alta tasa de compresi\u00f3n, tasa de bits ultrabaja<br \/>\nLED IR incorporado, m\u00e1x. IR distancia: 30 m<br \/>\nROI, SMART H.264 \/ H.265, codificaci\u00f3n flexible, aplicable a varios entornos de almacenamiento y ancho de banda<br \/>\nRotaci\u00f3n de imagen, WDR, 3D DNR, HLC, BLC, marca de agua digital, aplicable a varias escenas de monitoreo<br \/>\nDetecci\u00f3n de anomal\u00edas: detecci\u00f3n de movimiento, manipulaci\u00f3n de video, desconexi\u00f3n de la red, conflicto de IP, acceso ilegal, detecci\u00f3n de voltaje<br \/>\nSoporte de alimentaci\u00f3n de 12V DC \/ PoE<br \/>\nIP67, protecci\u00f3n<\/li>\n<\/ul>\n","protected":false},"featured_media":37662,"comment_status":"open","ping_status":"closed","template":"","meta":{"_et_pb_use_builder":"","_et_pb_old_content":"","_et_gb_content_width":""},"product_brand":[],"product_cat":[929,521,522,523],"product_tag":[853,831,835,834,896,920,845,833,930],"class_list":{"0":"post-37661","1":"product","2":"type-product","3":"status-publish","4":"has-post-thumbnail","6":"product_cat-bala","7":"product_cat-cctv","8":"product_cat-ip","9":"product_cat-camaras","10":"product_tag-4mp","11":"product_tag-camara","12":"product_tag-cctv","13":"product_tag-dahua","14":"product_tag-domo","15":"product_tag-ip","16":"product_tag-lente-motorizado","17":"product_tag-seguridad","18":"product_tag-videoanaliticos","20":"first","21":"instock","22":"taxable","23":"shipping-taxable","24":"product-type-simple"},"_links":{"self":[{"href":"https:\/\/arxisdemexico.com.mx\/arxis\/wp-json\/wp\/v2\/product\/37661","targetHints":{"allow":["GET"]}}],"collection":[{"href":"https:\/\/arxisdemexico.com.mx\/arxis\/wp-json\/wp\/v2\/product"}],"about":[{"href":"https:\/\/arxisdemexico.com.mx\/arxis\/wp-json\/wp\/v2\/types\/product"}],"replies":[{"embeddable":true,"href":"https:\/\/arxisdemexico.com.mx\/arxis\/wp-json\/wp\/v2\/comments?post=37661"}],"wp:featuredmedia":[{"embeddable":true,"href":"https:\/\/arxisdemexico.com.mx\/arxis\/wp-json\/wp\/v2\/media\/37662"}],"wp:attachment":[{"href":"https:\/\/arxisdemexico.com.mx\/arxis\/wp-json\/wp\/v2\/media?parent=37661"}],"wp:term":[{"taxonomy":"product_brand","embeddable":true,"href":"https:\/\/arxisdemexico.com.mx\/arxis\/wp-json\/wp\/v2\/product_brand?post=37661"},{"taxonomy":"product_cat","embeddable":true,"href":"https:\/\/arxisdemexico.com.mx\/arxis\/wp-json\/wp\/v2\/product_cat?post=37661"},{"taxonomy":"product_tag","embeddable":true,"href":"https:\/\/arxisdemexico.com.mx\/arxis\/wp-json\/wp\/v2\/product_tag?post=37661"}],"curies":[{"name":"wp","href":"https:\/\/api.w.org\/{rel}","templated":true}]}}