{"id":37659,"date":"2021-10-25T14:29:59","date_gmt":"2021-10-25T19:29:59","guid":{"rendered":"https:\/\/www.arxisdemexico.com.mx\/arxis\/?post_type=product&#038;p=37659"},"modified":"2021-10-25T14:34:51","modified_gmt":"2021-10-25T19:34:51","slug":"dahua-ipc-hfw2431s-s-s2-camara-ip-bullet-de-4-megapixeles-lente-de-2-8mm-102-grados-de-apertura-ir-para-30-mts-h-265-wdr-real-ivs-ip67-poe-ranura-para-microsd","status":"publish","type":"product","link":"https:\/\/arxisdemexico.com.mx\/arxis\/producto\/dahua-ipc-hfw2431s-s-s2-camara-ip-bullet-de-4-megapixeles-lente-de-2-8mm-102-grados-de-apertura-ir-para-30-mts-h-265-wdr-real-ivs-ip67-poe-ranura-para-microsd\/","title":{"rendered":"DAHUA IPC-HFW2431S-S-S2 &#8211; C\u00e1mara IP Bullet de 4 Megapixeles\/ Lente de 2.8mm\/ 102 Grados de Apertura\/ IR para 30 Mts\/ H.265\/ WDR Real\/ IVS\/ IP67\/ PoE\/ Ranura para MicroSD"},"content":{"rendered":"<ul>\n<li class=\"ql-align-justify\">Sensor 1\/3&#8243; 4 Mp CMOS.<\/li>\n<li class=\"ql-align-justify\">Compresi\u00f3n de video H.265\/H.264.<\/li>\n<li class=\"ql-align-justify\">Lente fijo 2.8 mm.<\/li>\n<li class=\"ql-align-justify\">\u00c1ngulo de visi\u00f3n H: 102\u00ba.<\/li>\n<li class=\"ql-align-justify\">Distancia de IR 30m.<\/li>\n<li class=\"ql-align-justify\">D\u00eda y Noche Auto(ICR) \/ Color \/ B\/W.<\/li>\n<li class=\"ql-align-justify\">Compensaci\u00f3n de contraluz BLC, HLC, WDR 120dB.<\/li>\n<li class=\"ql-align-justify\">Reducci\u00f3n de ruido 3D.<\/li>\n<li class=\"ql-align-justify\">lR inteligente soportado.<\/li>\n<li class=\"ql-align-justify\">Est\u00e1ndar de comunicaci\u00f3n ONVIF(Perfil G.T, S), CGI, P2P, Milestone; Genetec.<\/li>\n<li class=\"ql-align-justify\">Ranura micro SD (hasta 256GB).<\/li>\n<li class=\"ql-align-justify\">Puerto ethernet RJ-45 (10\/100Base-T).<\/li>\n<li class=\"ql-align-justify\">Fuente de alimentaci\u00f3n 12V CD \u00f3 POE (802.3af).<\/li>\n<li class=\"ql-align-justify\">Consumo de energ\u00eda m\u00e1x. &lt;5W.<\/li>\n<li class=\"ql-align-justify\">Condiciones de operaci\u00f3n -40\u00baC a 60\u00baC.<\/li>\n<li class=\"ql-align-justify\">\u00cdndice de protecci\u00f3n IP67.<\/li>\n<li class=\"ql-align-justify\">Material metal.<\/li>\n<li class=\"ql-align-justify\">Dimensiones \u03c6166.2 mm \u00d7 70 mm.<\/li>\n<li class=\"ql-align-justify\">Peso neto 0.57kg.<\/li>\n<\/ul>\n","protected":false},"excerpt":{"rendered":"<p class=\"text\" data-v-5fe8c490=\"\" data-gtm-vis-has-fired-10552706_195=\"1\" data-gtm-vis-has-fired-10552706_181=\"1\" data-gtm-vis-first-on-screen-10552706_196=\"80568\" data-gtm-vis-first-on-screen-10552706_192=\"80582\" data-gtm-vis-first-on-screen-10552706_194=\"80584\" data-gtm-vis-first-on-screen-10552706_217=\"80585\" data-gtm-vis-first-on-screen-10552706_184=\"80586\" data-gtm-vis-first-on-screen-10552706_193=\"80596\" data-gtm-vis-recent-on-screen-10552706_196=\"143313\" data-gtm-vis-total-visible-time-10552706_196=\"100\" data-gtm-vis-has-fired-10552706_196=\"1\" data-gtm-vis-recent-on-screen-10552706_192=\"143315\" data-gtm-vis-total-visible-time-10552706_192=\"100\" data-gtm-vis-has-fired-10552706_192=\"1\" data-gtm-vis-recent-on-screen-10552706_194=\"143316\" data-gtm-vis-total-visible-time-10552706_194=\"100\" data-gtm-vis-has-fired-10552706_194=\"1\" data-gtm-vis-recent-on-screen-10552706_217=\"143317\" data-gtm-vis-total-visible-time-10552706_217=\"100\" data-gtm-vis-has-fired-10552706_217=\"1\" data-gtm-vis-recent-on-screen-10552706_184=\"143318\" data-gtm-vis-total-visible-time-10552706_184=\"100\" data-gtm-vis-has-fired-10552706_184=\"1\" data-gtm-vis-recent-on-screen-10552706_193=\"143431\" data-gtm-vis-total-visible-time-10552706_193=\"100\" data-gtm-vis-has-fired-10552706_193=\"1\">C\u00e1mara de red tipo bullet de focal fija con infrarrojos Lite de 4MP<\/p>\n<div data-v-5fe8c490=\"\">\n<ul>\n<li>Sensor de imagen CMOS de 4MP, 1\/3 \u201d, baja iluminaci\u00f3n, alta definici\u00f3n de imagen<\/li>\n<li>Salidas 4MP (2560 \u00d7 1440) @ 25 \/ 30fps, Max. admite 4MP (2688 \u00d7 1520) a 20 fps<\/li>\n<li>C\u00f3dec H.265, alta proporci\u00f3n de compresi\u00f3n, tasa de bits ultrabaja<\/li>\n<li>LED de infrarrojos integrado, distancia m\u00e1xima de infrarrojos: 30 m<\/li>\n<li>ROI, SMART H.264 + \/ H.265 +, codificaci\u00f3n flexible, aplicable a varios entornos de almacenamiento y ancho de banda<\/li>\n<li>Modo de rotaci\u00f3n, WDR, 3D NR, HLC, BLC, marca de agua digital, aplicable a varias escenas de monitoreo<\/li>\n<li>Detecci\u00f3n inteligente: intrusi\u00f3n, cable trampa<\/li>\n<li>Detecci\u00f3n de anomal\u00edas: detecci\u00f3n de movimiento, manipulaci\u00f3n de video, sin tarjeta SD, tarjeta SD llena, error de tarjeta SD, red desconectada, conflicto de IP, acceso ilegal, detecci\u00f3n de voltaje<\/li>\n<li>Soporta max. Tarjeta Micro SD de 256 GB<\/li>\n<li>Fuente de alimentaci\u00f3n 12V DC \/ PoE<\/li>\n<li>Protecci\u00f3n IP67<\/li>\n<\/ul>\n<\/div>\n","protected":false},"featured_media":37660,"comment_status":"open","ping_status":"closed","template":"","meta":{"_et_pb_use_builder":"","_et_pb_old_content":"","_et_gb_content_width":""},"product_brand":[],"product_cat":[929,521,522,523],"product_tag":[853,831,835,834,896,920,833],"class_list":{"0":"post-37659","1":"product","2":"type-product","3":"status-publish","4":"has-post-thumbnail","6":"product_cat-bala","7":"product_cat-cctv","8":"product_cat-ip","9":"product_cat-camaras","10":"product_tag-4mp","11":"product_tag-camara","12":"product_tag-cctv","13":"product_tag-dahua","14":"product_tag-domo","15":"product_tag-ip","16":"product_tag-seguridad","18":"first","19":"instock","20":"taxable","21":"shipping-taxable","22":"product-type-simple"},"_links":{"self":[{"href":"https:\/\/arxisdemexico.com.mx\/arxis\/wp-json\/wp\/v2\/product\/37659","targetHints":{"allow":["GET"]}}],"collection":[{"href":"https:\/\/arxisdemexico.com.mx\/arxis\/wp-json\/wp\/v2\/product"}],"about":[{"href":"https:\/\/arxisdemexico.com.mx\/arxis\/wp-json\/wp\/v2\/types\/product"}],"replies":[{"embeddable":true,"href":"https:\/\/arxisdemexico.com.mx\/arxis\/wp-json\/wp\/v2\/comments?post=37659"}],"wp:featuredmedia":[{"embeddable":true,"href":"https:\/\/arxisdemexico.com.mx\/arxis\/wp-json\/wp\/v2\/media\/37660"}],"wp:attachment":[{"href":"https:\/\/arxisdemexico.com.mx\/arxis\/wp-json\/wp\/v2\/media?parent=37659"}],"wp:term":[{"taxonomy":"product_brand","embeddable":true,"href":"https:\/\/arxisdemexico.com.mx\/arxis\/wp-json\/wp\/v2\/product_brand?post=37659"},{"taxonomy":"product_cat","embeddable":true,"href":"https:\/\/arxisdemexico.com.mx\/arxis\/wp-json\/wp\/v2\/product_cat?post=37659"},{"taxonomy":"product_tag","embeddable":true,"href":"https:\/\/arxisdemexico.com.mx\/arxis\/wp-json\/wp\/v2\/product_tag?post=37659"}],"curies":[{"name":"wp","href":"https:\/\/api.w.org\/{rel}","templated":true}]}}