{"id":37657,"date":"2021-10-25T14:24:26","date_gmt":"2021-10-25T19:24:26","guid":{"rendered":"https:\/\/www.arxisdemexico.com.mx\/arxis\/?post_type=product&#038;p=37657"},"modified":"2021-10-25T14:24:27","modified_gmt":"2021-10-25T19:24:27","slug":"dahua-dh-ipc-hfw2239s-sa-led-camara-bullet-ip-de-2-megapixeles-full-color-lente-de-2-8-mm-microfono-integrado-107-grados-de-apertura-h-265-luz-para-30-mts-wdr-real-ranura-para-microsd-ip67","status":"publish","type":"product","link":"https:\/\/arxisdemexico.com.mx\/arxis\/producto\/dahua-dh-ipc-hfw2239s-sa-led-camara-bullet-ip-de-2-megapixeles-full-color-lente-de-2-8-mm-microfono-integrado-107-grados-de-apertura-h-265-luz-para-30-mts-wdr-real-ranura-para-microsd-ip67\/","title":{"rendered":"DAHUA DH-IPC-HFW2239S-SA-LED &#8211; Camara Bullet IP de 2 Megapixeles\/ Full Color\/ Lente de 2.8 mm\/ Microfono Integrado\/ 107 Grados de Apertura\/ H.265\/ Luz para 30 Mts\/ WDR Real\/ Ranura para MicroSD\/ IP67\/ PoE"},"content":{"rendered":"<p>Sensor de imagen CMOS de 2MP, 1 \/ 2.8 \u00ab, baja iluminaci\u00f3n, alta definici\u00f3n de imagen<br \/>\nSalidas m\u00e1x. 2MP (1920 \u00d7 1080) @ 25\/30 fps<br \/>\nC\u00f3dec H.265, alta tasa de compresi\u00f3n, tasa de bits ultrabaja<br \/>\nLuces c\u00e1lidas integradas, m\u00e1x. distancia de iluminaci\u00f3n: 30 m<br \/>\nROI, SMART H.264 + \/ H.265 +, codificaci\u00f3n flexible, aplicable a varios<br \/>\nentornos de almacenamiento y ancho de banda<br \/>\nModo de rotaci\u00f3n, WDR, 3D NR, HLC, BLC, marca de agua digital,<br \/>\naplicable a varias escenas de monitoreo<br \/>\nDetecci\u00f3n inteligente: intrusi\u00f3n, cable trampa<br \/>\nDetecci\u00f3n de anomal\u00edas: detecci\u00f3n de movimiento, manipulaci\u00f3n de video, cambio<br \/>\nde escena, sin tarjeta SD, tarjeta SD llena, error de tarjeta SD, desconexi\u00f3n de red,<br \/>\nconflicto de IP, acceso ilegal, detecci\u00f3n de voltaje<br \/>\nSoporta max. Tarjeta Micro SD de 256 GB y micr\u00f3fono integrado<br \/>\nFuente de alimentaci\u00f3n 12V DC \/ PoE<br \/>\nProtecci\u00f3n IP67<\/p>\n","protected":false},"excerpt":{"rendered":"<p class=\"text\" data-v-5fe8c490=\"\" data-gtm-vis-first-on-screen-10552706_192=\"3257\" data-gtm-vis-first-on-screen-10552706_217=\"4026\" data-gtm-vis-first-on-screen-10552706_193=\"4042\" data-gtm-vis-has-fired-10552706_181=\"1\" data-gtm-vis-first-on-screen-10552706_196=\"4471\" data-gtm-vis-first-on-screen-10552706_194=\"4489\" data-gtm-vis-has-fired-10552706_195=\"1\" data-gtm-vis-first-on-screen-10552706_184=\"5003\" data-gtm-vis-recent-on-screen-10552706_192=\"26558\" data-gtm-vis-total-visible-time-10552706_192=\"100\" data-gtm-vis-has-fired-10552706_192=\"1\" data-gtm-vis-recent-on-screen-10552706_194=\"26559\" data-gtm-vis-total-visible-time-10552706_194=\"100\" data-gtm-vis-has-fired-10552706_194=\"1\" data-gtm-vis-recent-on-screen-10552706_196=\"26560\" data-gtm-vis-total-visible-time-10552706_196=\"100\" data-gtm-vis-has-fired-10552706_196=\"1\" data-gtm-vis-recent-on-screen-10552706_217=\"26656\" data-gtm-vis-total-visible-time-10552706_217=\"100\" data-gtm-vis-has-fired-10552706_217=\"1\" data-gtm-vis-recent-on-screen-10552706_184=\"26657\" data-gtm-vis-total-visible-time-10552706_184=\"100\" data-gtm-vis-has-fired-10552706_184=\"1\" data-gtm-vis-recent-on-screen-10552706_193=\"26658\" data-gtm-vis-total-visible-time-10552706_193=\"100\" data-gtm-vis-has-fired-10552706_193=\"1\"><span>C\u00e1mara de red tipo bullet de foco fijo a todo color Lite de 2MP<\/span><\/p>\n<div data-v-5fe8c490=\"\">\n<ul>\n<li><span>Sensor de imagen CMOS de 2MP, 1 \/ 2.8 \u00ab, baja iluminaci\u00f3n, alta definici\u00f3n de imagen<\/span><br \/>\n<span>Salidas m\u00e1x. 2MP (1920 \u00d7 1080) a <\/span><span>25\/30\u00a0fps\u00a0&gt; C\u00f3dec H.265, alta tasa de compresi\u00f3n, tasa de bits ultrabaja<\/span><br \/>\n<span>Integrado en luces c\u00e1lidas, distancia m\u00e1xima de iluminaci\u00f3n: 30 m<\/span><br \/>\n<span>ROI, SMART H.264 + \/ H.265 +, codificaci\u00f3n flexible, aplicable a varios<\/span><br \/>\n<span>Modo de rotaci\u00f3n, WDR, 3D NR, HLC, BLC, marca de agua digital,<\/span><br \/>\n<span>Detecci\u00f3n inteligente : Intrusi\u00f3n, cable trampa<\/span><br \/>\n<span>Detecci\u00f3n de anomal\u00edas: detecci\u00f3n de movimiento, manipulaci\u00f3n de v\u00eddeo, escena<\/span><br \/>\n<span>Admite un m\u00e1ximo de tarjeta Micro SD de 256 GB y micr\u00f3fono incorporado<\/span><br \/>\n<span>Fuente de alimentaci\u00f3n de 12 V CC \/ PoE<\/span><br \/>\n<span>Protecci\u00f3n IP67<\/span><\/li>\n<\/ul>\n<\/div>\n","protected":false},"featured_media":37658,"comment_status":"open","ping_status":"closed","template":"","meta":{"_et_pb_use_builder":"","_et_pb_old_content":"","_et_gb_content_width":""},"product_brand":[],"product_cat":[929,521,522,523],"product_tag":[831,835,834,896,846,920,850,833],"class_list":{"0":"post-37657","1":"product","2":"type-product","3":"status-publish","4":"has-post-thumbnail","6":"product_cat-bala","7":"product_cat-cctv","8":"product_cat-ip","9":"product_cat-camaras","10":"product_tag-camara","11":"product_tag-cctv","12":"product_tag-dahua","13":"product_tag-domo","14":"product_tag-full-color","15":"product_tag-ip","16":"product_tag-microfono-integrado","17":"product_tag-seguridad","19":"first","20":"instock","21":"taxable","22":"shipping-taxable","23":"product-type-simple"},"_links":{"self":[{"href":"https:\/\/arxisdemexico.com.mx\/arxis\/wp-json\/wp\/v2\/product\/37657","targetHints":{"allow":["GET"]}}],"collection":[{"href":"https:\/\/arxisdemexico.com.mx\/arxis\/wp-json\/wp\/v2\/product"}],"about":[{"href":"https:\/\/arxisdemexico.com.mx\/arxis\/wp-json\/wp\/v2\/types\/product"}],"replies":[{"embeddable":true,"href":"https:\/\/arxisdemexico.com.mx\/arxis\/wp-json\/wp\/v2\/comments?post=37657"}],"wp:featuredmedia":[{"embeddable":true,"href":"https:\/\/arxisdemexico.com.mx\/arxis\/wp-json\/wp\/v2\/media\/37658"}],"wp:attachment":[{"href":"https:\/\/arxisdemexico.com.mx\/arxis\/wp-json\/wp\/v2\/media?parent=37657"}],"wp:term":[{"taxonomy":"product_brand","embeddable":true,"href":"https:\/\/arxisdemexico.com.mx\/arxis\/wp-json\/wp\/v2\/product_brand?post=37657"},{"taxonomy":"product_cat","embeddable":true,"href":"https:\/\/arxisdemexico.com.mx\/arxis\/wp-json\/wp\/v2\/product_cat?post=37657"},{"taxonomy":"product_tag","embeddable":true,"href":"https:\/\/arxisdemexico.com.mx\/arxis\/wp-json\/wp\/v2\/product_tag?post=37657"}],"curies":[{"name":"wp","href":"https:\/\/api.w.org\/{rel}","templated":true}]}}