{"id":37655,"date":"2021-10-25T14:04:25","date_gmt":"2021-10-25T19:04:25","guid":{"rendered":"https:\/\/www.arxisdemexico.com.mx\/arxis\/?post_type=product&#038;p=37655"},"modified":"2021-10-25T14:09:25","modified_gmt":"2021-10-25T19:09:25","slug":"dahua-ipc-hfw2231s-s-s2-camara-ip-bullet-de-2-megapixeles-lente-de-2-8mm-106-grados-de-apertura-30-mts-de-ir-starlight-wdr-real-120db-ranura-microsd-ip67-poe-videoanaliticos-con-ivs-metalic","status":"publish","type":"product","link":"https:\/\/arxisdemexico.com.mx\/arxis\/producto\/dahua-ipc-hfw2231s-s-s2-camara-ip-bullet-de-2-megapixeles-lente-de-2-8mm-106-grados-de-apertura-30-mts-de-ir-starlight-wdr-real-120db-ranura-microsd-ip67-poe-videoanaliticos-con-ivs-metalic\/","title":{"rendered":"DAHUA IPC-HFW2231S-S-S2 &#8211; Camara IP Bullet de 2 Megapixeles\/ Lente de 2.8mm\/ 106 Grados de Apertura\/ 30 Mts de IR\/ Starlight\/ WDR Real 120dB\/ Ranura MicroSD\/ IP67\/PoE\/ Videoanaliticos con IVS\/ Met\u00e1lica"},"content":{"rendered":"<ul>\n<li>Sensor de imagen CMOS de 2MP, 1 \/ 2.8 \u201d, baja iluminaci\u00f3n, alta definici\u00f3n de imagen<\/li>\n<li>Salidas m\u00e1x. 2MP (1920 \u00d7 1080) @ 25\/30 fps<\/li>\n<li>C\u00f3dec H.265, alta tasa de compresi\u00f3n, tasa de bits ultra baja<\/li>\n<li>LED IR integrado, m\u00e1x. IR distancia: 30 m<\/li>\n<li>ROI, SMART H.264 \/ H.265, codificaci\u00f3n flexible, aplicable a varios entornos de almacenamiento y ancho de banda<\/li>\n<li>Modo de rotaci\u00f3n, WDR, 3D DNR, HLC, BLC, marca de agua digital, aplicable a varias escenas de monitoreo<\/li>\n<li>Detecci\u00f3n inteligente: intrusi\u00f3n, cable trampa<\/li>\n<li>Detecci\u00f3n de anomal\u00edas: detecci\u00f3n de movimiento, manipulaci\u00f3n de v\u00eddeo, sin tarjeta SD, tarjeta SD llena, error de tarjeta SD, desconexi\u00f3n de red, conflicto de IP, acceso ilegal, detecci\u00f3n de voltaje<\/li>\n<li>Soporta max. Tarjeta Micro SD de 256 GB<\/li>\n<li>Soporte de alimentaci\u00f3n de 12V DC \/ PoE<\/li>\n<li>Protecci\u00f3n IP67<\/li>\n<\/ul>\n","protected":false},"excerpt":{"rendered":"<p class=\"text\" data-v-5fe8c490=\"\" data-gtm-vis-first-on-screen-10552706_217=\"4164\" data-gtm-vis-has-fired-10552706_195=\"1\" data-gtm-vis-first-on-screen-10552706_194=\"4276\" data-gtm-vis-first-on-screen-10552706_196=\"4566\" data-gtm-vis-first-on-screen-10552706_193=\"5916\" data-gtm-vis-first-on-screen-10552706_192=\"5947\" data-gtm-vis-has-fired-10552706_181=\"1\" data-gtm-vis-first-on-screen-10552706_184=\"6080\" data-gtm-vis-recent-on-screen-10552706_192=\"7675\" data-gtm-vis-total-visible-time-10552706_192=\"100\" data-gtm-vis-has-fired-10552706_192=\"1\" data-gtm-vis-recent-on-screen-10552706_194=\"7677\" data-gtm-vis-total-visible-time-10552706_194=\"100\" data-gtm-vis-has-fired-10552706_194=\"1\" data-gtm-vis-recent-on-screen-10552706_196=\"7677\" data-gtm-vis-total-visible-time-10552706_196=\"100\" data-gtm-vis-has-fired-10552706_196=\"1\" data-gtm-vis-recent-on-screen-10552706_217=\"7692\" data-gtm-vis-total-visible-time-10552706_217=\"100\" data-gtm-vis-has-fired-10552706_217=\"1\" data-gtm-vis-recent-on-screen-10552706_184=\"7694\" data-gtm-vis-total-visible-time-10552706_184=\"100\" data-gtm-vis-has-fired-10552706_184=\"1\" data-gtm-vis-recent-on-screen-10552706_193=\"8261\" data-gtm-vis-total-visible-time-10552706_193=\"100\" data-gtm-vis-has-fired-10552706_193=\"1\">C\u00e1mara de red tipo bullet con infrarrojos WDR de 2 MP<\/p>\n<div data-v-5fe8c490=\"\">\n<ul>\n<li>Sensor de imagen CMOS de 2MP, 1 \/ 2.8 \u201d, baja iluminaci\u00f3n, alta definici\u00f3n de imagen<\/li>\n<li>Salidas m\u00e1x. 2MP (1920 \u00d7 1080) @ 25\/30 fps<\/li>\n<li>C\u00f3dec H.265, alta tasa de compresi\u00f3n, tasa de bits ultrabaja<\/li>\n<li>LED IR incorporado, m\u00e1x. IR distancia: 30 m<\/li>\n<li>ROI, SMART H.264 \/ H.265, codificaci\u00f3n flexible, aplicable a varios entornos de almacenamiento y ancho de banda<\/li>\n<li>Modo de rotaci\u00f3n, WDR, 3D DNR, HLC, BLC, marca de agua digital, aplicable a varias escenas de monitoreo<\/li>\n<li>Detecci\u00f3n inteligente: intrusi\u00f3n, cable trampa<\/li>\n<li>Detecci\u00f3n de anomal\u00edas: detecci\u00f3n de movimiento, manipulaci\u00f3n de video, sin tarjeta SD, tarjeta SD llena, error de tarjeta SD, desconexi\u00f3n de red, conflicto de IP, acceso ilegal, detecci\u00f3n de voltaje<\/li>\n<li>Soporta max. Tarjeta Micro SD de 256 GB<\/li>\n<li>Soporte de alimentaci\u00f3n de 12V DC \/ PoE<\/li>\n<li>Protecci\u00f3n IP67<\/li>\n<\/ul>\n<\/div>\n","protected":false},"featured_media":37656,"comment_status":"open","ping_status":"closed","template":"","meta":{"_et_pb_use_builder":"","_et_pb_old_content":"","_et_gb_content_width":""},"product_brand":[],"product_cat":[929,521,522,523],"product_tag":[862,831,835,834,896,920,833,930],"class_list":{"0":"post-37655","1":"product","2":"type-product","3":"status-publish","4":"has-post-thumbnail","6":"product_cat-bala","7":"product_cat-cctv","8":"product_cat-ip","9":"product_cat-camaras","10":"product_tag-2mp","11":"product_tag-camara","12":"product_tag-cctv","13":"product_tag-dahua","14":"product_tag-domo","15":"product_tag-ip","16":"product_tag-seguridad","17":"product_tag-videoanaliticos","19":"first","20":"instock","21":"taxable","22":"shipping-taxable","23":"product-type-simple"},"_links":{"self":[{"href":"https:\/\/arxisdemexico.com.mx\/arxis\/wp-json\/wp\/v2\/product\/37655","targetHints":{"allow":["GET"]}}],"collection":[{"href":"https:\/\/arxisdemexico.com.mx\/arxis\/wp-json\/wp\/v2\/product"}],"about":[{"href":"https:\/\/arxisdemexico.com.mx\/arxis\/wp-json\/wp\/v2\/types\/product"}],"replies":[{"embeddable":true,"href":"https:\/\/arxisdemexico.com.mx\/arxis\/wp-json\/wp\/v2\/comments?post=37655"}],"wp:featuredmedia":[{"embeddable":true,"href":"https:\/\/arxisdemexico.com.mx\/arxis\/wp-json\/wp\/v2\/media\/37656"}],"wp:attachment":[{"href":"https:\/\/arxisdemexico.com.mx\/arxis\/wp-json\/wp\/v2\/media?parent=37655"}],"wp:term":[{"taxonomy":"product_brand","embeddable":true,"href":"https:\/\/arxisdemexico.com.mx\/arxis\/wp-json\/wp\/v2\/product_brand?post=37655"},{"taxonomy":"product_cat","embeddable":true,"href":"https:\/\/arxisdemexico.com.mx\/arxis\/wp-json\/wp\/v2\/product_cat?post=37655"},{"taxonomy":"product_tag","embeddable":true,"href":"https:\/\/arxisdemexico.com.mx\/arxis\/wp-json\/wp\/v2\/product_tag?post=37655"}],"curies":[{"name":"wp","href":"https:\/\/api.w.org\/{rel}","templated":true}]}}