{"id":37649,"date":"2021-10-25T13:45:23","date_gmt":"2021-10-25T18:45:23","guid":{"rendered":"https:\/\/www.arxisdemexico.com.mx\/arxis\/?post_type=product&#038;p=37649"},"modified":"2021-10-25T13:46:40","modified_gmt":"2021-10-25T18:46:40","slug":"dahua-ipc-hfw1239s1-led-s4-camara-ip-bullet-full-color-2-megapixeles-lente-de-2-8mm-luz-blanca-de-15-mts-h-265-ip67-poe-dwdr","status":"publish","type":"product","link":"https:\/\/arxisdemexico.com.mx\/arxis\/producto\/dahua-ipc-hfw1239s1-led-s4-camara-ip-bullet-full-color-2-megapixeles-lente-de-2-8mm-luz-blanca-de-15-mts-h-265-ip67-poe-dwdr\/","title":{"rendered":"DAHUA IPC-HFW1239S1-LED-S4 &#8211; C\u00e1mara IP Bullet Full Color 2 Megapixeles\/ Lente de 2.8mm\/ Luz Blanca de 15 Mts\/ H.265\/ IP67\/ PoE\/ DWDR"},"content":{"rendered":"<ul>\n<li>1 \/ 2.7 \u00bb CMOS<\/li>\n<li>M\u00e1x Distancia IR LEDs 10m.<\/li>\n<li>Lente 2.8 mm.<\/li>\n<li>\u00c1ngulo de Visi\u00f3n 110\u00b0\u00d759\u00b0\u00d7132\u00b0 (Horizontal \u00d7 Vertical \u00d7 Diagonal)<\/li>\n<li>Fuente de alimentaci\u00f3n 12V DC \/ PoE (802.3af).<\/li>\n<li>Consumo de energ\u00eda\u00a0&lt;4.8 W (Led encendido).<\/li>\n<li>Condiciones de Trabajo -40\u00b0 C ~ +60\u00b0 C \/ menos de 95% RH<\/li>\n<li>\u00cdndice de protecci\u00f3n IP67.<\/li>\n<li>Peso 0.34kg.<\/li>\n<li>Material Metal + Pl\u00e1stico<\/li>\n<\/ul>\n","protected":false},"excerpt":{"rendered":"<p class=\"text\" data-v-5fe8c490=\"\" data-gtm-vis-has-fired-10552706_181=\"1\" data-gtm-vis-first-on-screen-10552706_193=\"3209\" data-gtm-vis-first-on-screen-10552706_194=\"3227\" data-gtm-vis-has-fired-10552706_195=\"1\" data-gtm-vis-first-on-screen-10552706_196=\"3377\" data-gtm-vis-first-on-screen-10552706_217=\"3411\" data-gtm-vis-first-on-screen-10552706_192=\"3786\" data-gtm-vis-first-on-screen-10552706_184=\"5054\" data-gtm-vis-recent-on-screen-10552706_194=\"36354\" data-gtm-vis-total-visible-time-10552706_194=\"100\" data-gtm-vis-has-fired-10552706_194=\"1\" data-gtm-vis-recent-on-screen-10552706_192=\"36355\" data-gtm-vis-total-visible-time-10552706_192=\"100\" data-gtm-vis-has-fired-10552706_192=\"1\" data-gtm-vis-recent-on-screen-10552706_196=\"36356\" data-gtm-vis-total-visible-time-10552706_196=\"100\" data-gtm-vis-has-fired-10552706_196=\"1\" data-gtm-vis-recent-on-screen-10552706_217=\"36357\" data-gtm-vis-total-visible-time-10552706_217=\"100\" data-gtm-vis-has-fired-10552706_217=\"1\" data-gtm-vis-recent-on-screen-10552706_184=\"36358\" data-gtm-vis-total-visible-time-10552706_184=\"100\" data-gtm-vis-has-fired-10552706_184=\"1\" data-gtm-vis-recent-on-screen-10552706_193=\"36672\" data-gtm-vis-total-visible-time-10552706_193=\"100\" data-gtm-vis-has-fired-10552706_193=\"1\">C\u00e1mara Bullet Netwok de foco fijo a todo color de 2MP Lite<\/p>\n<div data-v-5fe8c490=\"\">\n<ul>\n<li>Sensor de imagen CMOS de 2MP, 1 \/ 2.7 \u201d, baja iluminaci\u00f3n, alta definici\u00f3n de imagen<\/li>\n<li>Salidas m\u00e1x. 2MP (1920 \u00d7 1080) @ 25\/30 fps<\/li>\n<li>C\u00f3dec H.265, alta tasa de compresi\u00f3n, tasa de bits ultrabaja<\/li>\n<li>LED incorporados, distancia m\u00e1xima de LED: 15 m<\/li>\n<li>ROI, SMART H.264 \/ H.265, codificaci\u00f3n flexible, aplicable a varios entornos de almacenamiento y ancho de banda<\/li>\n<li>Modo de rotaci\u00f3n, DWDR, 3D DNR, HLC, BLC, marca de agua digital, aplicable a varias escenas de monitoreo<\/li>\n<li>Detecci\u00f3n de anomal\u00edas: detecci\u00f3n de movimiento, manipulaci\u00f3n de video, desconexi\u00f3n de red, conflicto de IP, acceso ilegal<\/li>\n<li>Soporte de alimentaci\u00f3n de 12V DC \/ PoE<\/li>\n<li>Protecci\u00f3n IP67<\/li>\n<\/ul>\n<\/div>\n","protected":false},"featured_media":37651,"comment_status":"open","ping_status":"closed","template":"","meta":{"_et_pb_use_builder":"","_et_pb_old_content":"","_et_gb_content_width":""},"product_brand":[],"product_cat":[929,521,522,523],"product_tag":[862,831,835,834,896,865,920,833],"class_list":{"0":"post-37649","1":"product","2":"type-product","3":"status-publish","4":"has-post-thumbnail","6":"product_cat-bala","7":"product_cat-cctv","8":"product_cat-ip","9":"product_cat-camaras","10":"product_tag-2mp","11":"product_tag-camara","12":"product_tag-cctv","13":"product_tag-dahua","14":"product_tag-domo","15":"product_tag-fullcolor","16":"product_tag-ip","17":"product_tag-seguridad","19":"first","20":"instock","21":"taxable","22":"shipping-taxable","23":"product-type-simple"},"_links":{"self":[{"href":"https:\/\/arxisdemexico.com.mx\/arxis\/wp-json\/wp\/v2\/product\/37649","targetHints":{"allow":["GET"]}}],"collection":[{"href":"https:\/\/arxisdemexico.com.mx\/arxis\/wp-json\/wp\/v2\/product"}],"about":[{"href":"https:\/\/arxisdemexico.com.mx\/arxis\/wp-json\/wp\/v2\/types\/product"}],"replies":[{"embeddable":true,"href":"https:\/\/arxisdemexico.com.mx\/arxis\/wp-json\/wp\/v2\/comments?post=37649"}],"wp:featuredmedia":[{"embeddable":true,"href":"https:\/\/arxisdemexico.com.mx\/arxis\/wp-json\/wp\/v2\/media\/37651"}],"wp:attachment":[{"href":"https:\/\/arxisdemexico.com.mx\/arxis\/wp-json\/wp\/v2\/media?parent=37649"}],"wp:term":[{"taxonomy":"product_brand","embeddable":true,"href":"https:\/\/arxisdemexico.com.mx\/arxis\/wp-json\/wp\/v2\/product_brand?post=37649"},{"taxonomy":"product_cat","embeddable":true,"href":"https:\/\/arxisdemexico.com.mx\/arxis\/wp-json\/wp\/v2\/product_cat?post=37649"},{"taxonomy":"product_tag","embeddable":true,"href":"https:\/\/arxisdemexico.com.mx\/arxis\/wp-json\/wp\/v2\/product_tag?post=37649"}],"curies":[{"name":"wp","href":"https:\/\/api.w.org\/{rel}","templated":true}]}}