{"id":37647,"date":"2021-10-25T13:28:53","date_gmt":"2021-10-25T18:28:53","guid":{"rendered":"https:\/\/www.arxisdemexico.com.mx\/arxis\/?post_type=product&#038;p=37647"},"modified":"2021-10-25T13:28:53","modified_gmt":"2021-10-25T18:28:53","slug":"dahua-ipc-hfw1230t1-zs-s4-camara-ip-bullet-2-mp-h-265-20-fps-lente-de-2-8mm-angulo-de-104-ir-de-30-mts-ip67-poe-dwdr-hlc","status":"publish","type":"product","link":"https:\/\/arxisdemexico.com.mx\/arxis\/producto\/dahua-ipc-hfw1230t1-zs-s4-camara-ip-bullet-2-mp-h-265-20-fps-lente-de-2-8mm-angulo-de-104-ir-de-30-mts-ip67-poe-dwdr-hlc\/","title":{"rendered":"DAHUA IPC-HFW1230T1-ZS-S4 &#8211; Camara IP Bullet 2 MP\/ H.265+\/ 20 Fps\/ Lente de 2.8mm\/ Angulo de 104\/ IR DE 30 Mts\/ IP67\/ PoE\/ DWDR\/ HLC"},"content":{"rendered":"<ul>\n<li>1 \/ 2.7 \u201dCMOS progresivo de 2 megap\u00edxeles<\/li>\n<li>Codificaci\u00f3n de doble flujo H.265 + y H.265<\/li>\n<li>25 \/ 30fps @ 1080P (1920 \u00d7 1080)<\/li>\n<li>DWDR, D\u00eda \/ Noche (ICR), 3DNR, AWB, AGC, BLC<\/li>\n<li>Monitoreo de red m\u00faltiple: visor web, CMS (DSS \/ PSS) y DMSS<\/li>\n<li>Lente fija de 2.8 mm<\/li>\n<li>LED de IR m\u00e1ximo Longitud 30 m<\/li>\n<li>Ethernet 10\/ 100Base-T)<\/li>\n<li>IP67<\/li>\n<li>PoE 802.3 af<\/li>\n<\/ul>\n","protected":false},"excerpt":{"rendered":"<p class=\"text\" data-v-5fe8c490=\"\" data-gtm-vis-has-fired-10552706_181=\"1\" data-gtm-vis-has-fired-10552706_195=\"1\" data-gtm-vis-first-on-screen-10552706_192=\"6620\" data-gtm-vis-first-on-screen-10552706_196=\"6635\" data-gtm-vis-first-on-screen-10552706_194=\"6735\" data-gtm-vis-first-on-screen-10552706_193=\"6738\" data-gtm-vis-first-on-screen-10552706_217=\"6739\" data-gtm-vis-first-on-screen-10552706_184=\"6749\" data-gtm-vis-recent-on-screen-10552706_192=\"13232\" data-gtm-vis-total-visible-time-10552706_192=\"100\" data-gtm-vis-has-fired-10552706_192=\"1\" data-gtm-vis-recent-on-screen-10552706_196=\"13248\" data-gtm-vis-total-visible-time-10552706_196=\"100\" data-gtm-vis-has-fired-10552706_196=\"1\" data-gtm-vis-recent-on-screen-10552706_194=\"13250\" data-gtm-vis-total-visible-time-10552706_194=\"100\" data-gtm-vis-has-fired-10552706_194=\"1\" data-gtm-vis-recent-on-screen-10552706_217=\"13251\" data-gtm-vis-total-visible-time-10552706_217=\"100\" data-gtm-vis-has-fired-10552706_217=\"1\" data-gtm-vis-recent-on-screen-10552706_184=\"13252\" data-gtm-vis-total-visible-time-10552706_184=\"100\" data-gtm-vis-has-fired-10552706_184=\"1\" data-gtm-vis-recent-on-screen-10552706_193=\"13749\" data-gtm-vis-total-visible-time-10552706_193=\"100\" data-gtm-vis-has-fired-10552706_193=\"1\"><span>C\u00e1mara de red bullet varifocal de entrada de 2MP con infrarrojos<\/span><\/p>\n<ul>\n<li><span>2MP, sensor de imagen CMOS 1 \/ 2.7 \u201d, baja iluminaci\u00f3n, alta definici\u00f3n de imagen<\/span><br \/>\n<span>Salidas m\u00e1x. 2MP (1920 \u00d7 1080) @ 25\/30 fps<\/span><\/li>\n<li><span>C\u00f3dec H.265, alta tasa de compresi\u00f3n, tasa de bits ultrabaja<\/span><\/li>\n<li><span>LED IR incorporado, m\u00e1x. IR distancia: 40 m<\/span><\/li>\n<li><span>ROI, SMART H.264 \/ H.265, codificaci\u00f3n flexible, aplicable a varios entornos de almacenamiento y ancho de banda<\/span><\/li>\n<li><span>Modo de rotaci\u00f3n, WDR, 3D DNR, HLC, BLC, marca de agua digital, aplicable a varias escenas de monitoreo<\/span><br \/>\n<span>Detecci\u00f3n de anomal\u00edas: sin tarjeta SD, tarjeta SD llena, error de tarjeta SD, desconexi\u00f3n de red, conflicto de IP, acceso ilegal, detecci\u00f3n de movimiento, video manipulaci\u00f3n, excepci\u00f3n de seguridad<\/span><\/li>\n<li><span>Soporta max. Tarjeta SD de 256 GB<\/span><\/li>\n<li><span>Soporte de alimentaci\u00f3n de 12V DC \/ PoE<\/span><\/li>\n<li><span>Protecci\u00f3n IP67<\/span><\/li>\n<\/ul>\n","protected":false},"featured_media":37648,"comment_status":"open","ping_status":"closed","template":"","meta":{"_et_pb_use_builder":"","_et_pb_old_content":"","_et_gb_content_width":""},"product_brand":[],"product_cat":[929,521,522,523],"product_tag":[862,831,835,834,896,920,845,833],"class_list":{"0":"post-37647","1":"product","2":"type-product","3":"status-publish","4":"has-post-thumbnail","6":"product_cat-bala","7":"product_cat-cctv","8":"product_cat-ip","9":"product_cat-camaras","10":"product_tag-2mp","11":"product_tag-camara","12":"product_tag-cctv","13":"product_tag-dahua","14":"product_tag-domo","15":"product_tag-ip","16":"product_tag-lente-motorizado","17":"product_tag-seguridad","19":"first","20":"instock","21":"taxable","22":"shipping-taxable","23":"product-type-simple"},"_links":{"self":[{"href":"https:\/\/arxisdemexico.com.mx\/arxis\/wp-json\/wp\/v2\/product\/37647","targetHints":{"allow":["GET"]}}],"collection":[{"href":"https:\/\/arxisdemexico.com.mx\/arxis\/wp-json\/wp\/v2\/product"}],"about":[{"href":"https:\/\/arxisdemexico.com.mx\/arxis\/wp-json\/wp\/v2\/types\/product"}],"replies":[{"embeddable":true,"href":"https:\/\/arxisdemexico.com.mx\/arxis\/wp-json\/wp\/v2\/comments?post=37647"}],"wp:featuredmedia":[{"embeddable":true,"href":"https:\/\/arxisdemexico.com.mx\/arxis\/wp-json\/wp\/v2\/media\/37648"}],"wp:attachment":[{"href":"https:\/\/arxisdemexico.com.mx\/arxis\/wp-json\/wp\/v2\/media?parent=37647"}],"wp:term":[{"taxonomy":"product_brand","embeddable":true,"href":"https:\/\/arxisdemexico.com.mx\/arxis\/wp-json\/wp\/v2\/product_brand?post=37647"},{"taxonomy":"product_cat","embeddable":true,"href":"https:\/\/arxisdemexico.com.mx\/arxis\/wp-json\/wp\/v2\/product_cat?post=37647"},{"taxonomy":"product_tag","embeddable":true,"href":"https:\/\/arxisdemexico.com.mx\/arxis\/wp-json\/wp\/v2\/product_tag?post=37647"}],"curies":[{"name":"wp","href":"https:\/\/api.w.org\/{rel}","templated":true}]}}