{"id":37646,"date":"2021-10-25T12:55:00","date_gmt":"2021-10-25T17:55:00","guid":{"rendered":"https:\/\/www.arxisdemexico.com.mx\/arxis\/?post_type=product&#038;p=37646"},"modified":"2021-10-25T12:55:37","modified_gmt":"2021-10-25T17:55:37","slug":"37646","status":"publish","type":"product","link":"https:\/\/arxisdemexico.com.mx\/arxis\/producto\/37646\/","title":{"rendered":"DAHUA IPC-HFW2831T-ZS-S2 \u2013 Camara IP Bullet de 8 Megapixeles\/ 4k\/ Lente Mot. de 2.7 a 13.5mm\/ IR de 60 Mts\/ H.265\/ WDR\/ IP67\/ PoE\/ Ranura para MicroSD"},"content":{"rendered":"<ul>\n<li class=\"ql-align-justify\">1\/2.7\u201d 8Megapixel CMOS progresivo<\/li>\n<li class=\"ql-align-justify\">H.265; H.264; H.264B; MJPEG (solo compatible con Sub Stream)<\/li>\n<li class=\"ql-align-justify\">D\u00eda \/ Noche Auto (ICR) \/ Color \/ B \/ W.<\/li>\n<li class=\"ql-align-justify\">Compensaci\u00f3n de contraluz BLC \/ HLC \/ WDR (120dB).<\/li>\n<li class=\"ql-align-justify\">Lente motorizado de 2.7mm a 13.5mm.<\/li>\n<li class=\"ql-align-justify\">Starlight.<\/li>\n<li class=\"ql-align-justify\">M\u00e1x Distancia IR LEDs 60m.<\/li>\n<li class=\"ql-align-justify\">IVS: Tripwire, Intrusi\u00f3n.<\/li>\n<li class=\"ql-align-justify\">M\u00faltiple monitoreo por red: Smart PSS, DSS, DMSS.<\/li>\n<li class=\"ql-align-justify\">Puerto ethernet RJ-45 (10 \/ 100Base-T).<\/li>\n<li class=\"ql-align-justify\">Fuente de alimentaci\u00f3n 12V cd, POE (802.3af)<\/li>\n<li class=\"ql-align-justify\">Consumo de energ\u00eda &lt;9.9 W .<\/li>\n<li class=\"ql-align-justify\">Condiciones de Trabajo -30\u00b0 C ~ +60\u00b0 C \/ menos de 95% RH<\/li>\n<li class=\"ql-align-justify\">\u00cdndice de protecci\u00f3n IP67.<\/li>\n<li class=\"ql-align-justify\">Peso Bruto 1.10 kg.<\/li>\n<li>Material Metal<\/li>\n<\/ul>\n","protected":false},"excerpt":{"rendered":"<p class=\"text\" data-v-5fe8c490=\"\" data-gtm-vis-first-on-screen-10552706_184=\"1300972\" data-gtm-vis-first-on-screen-10552706_217=\"1301005\" data-gtm-vis-recent-on-screen-10552706_217=\"1343997\" data-gtm-vis-total-visible-time-10552706_217=\"100\" data-gtm-vis-has-fired-10552706_217=\"1\" data-gtm-vis-recent-on-screen-10552706_184=\"1344000\" data-gtm-vis-total-visible-time-10552706_184=\"100\" data-gtm-vis-has-fired-10552706_184=\"1\">C\u00e1mara de red bullet varifocal con infrarrojos Lite de 8 MP<\/p>\n<div data-v-5fe8c490=\"\">\n<ul>\n<li>Sensor de imagen CMOS de 8MP, 1 \/ 2.7 \u00ab, baja iluminaci\u00f3n, alta definici\u00f3n de imagen<\/li>\n<li>Salidas m\u00e1x. 8MP (3840 \u00d7 2160) a 15 fps y admite 2688 \u00d7 1520 (2688 \u00d7 1520) a 25\/30 fps<\/li>\n<li>C\u00f3dec H.265, alta tasa de compresi\u00f3n, tasa de bits ultrabaja<\/li>\n<li>LED de infrarrojos integrado, distancia m\u00e1xima de infrarrojos: 60 m<\/li>\n<li>ROI, SMART H.264 + \/ H.265 +, codificaci\u00f3n flexible, aplicable a varios entornos de almacenamiento y ancho de banda<\/li>\n<li>Modo de rotaci\u00f3n, WDR, 3D NR, HLC, BLC, marca de agua digital, aplicable a varias escenas de monitoreo<\/li>\n<li>Detecci\u00f3n inteligente: intrusi\u00f3n, cable trampa<\/li>\n<li>Detecci\u00f3n de anomal\u00edas: detecci\u00f3n de movimiento, manipulaci\u00f3n de v\u00eddeo, sin tarjeta SD, tarjeta SD llena, error de tarjeta SD, desconexi\u00f3n de la red, conflicto de IP, acceso ilegal, detecci\u00f3n de voltaje<\/li>\n<li>Soporta max. Tarjeta Micro SD de 256 GB<\/li>\n<li>Fuente de alimentaci\u00f3n 12V DC \/ PoE<\/li>\n<li data-gtm-vis-first-on-screen-10552706_217=\"1303269\" data-gtm-vis-first-on-screen-10552706_184=\"1303326\">Protecci\u00f3n IP67<\/li>\n<\/ul>\n<\/div>\n","protected":false},"featured_media":37636,"comment_status":"open","ping_status":"closed","template":"","meta":{"_et_pb_use_builder":"","_et_pb_old_content":"","_et_gb_content_width":""},"product_brand":[],"product_cat":[929,521,522,523],"product_tag":[909,873,831,835,834,896,920,845,833],"class_list":{"0":"post-37646","1":"product","2":"type-product","3":"status-publish","4":"has-post-thumbnail","6":"product_cat-bala","7":"product_cat-cctv","8":"product_cat-ip","9":"product_cat-camaras","10":"product_tag-4k","11":"product_tag-8mp","12":"product_tag-camara","13":"product_tag-cctv","14":"product_tag-dahua","15":"product_tag-domo","16":"product_tag-ip","17":"product_tag-lente-motorizado","18":"product_tag-seguridad","20":"first","21":"instock","22":"taxable","23":"shipping-taxable","24":"product-type-simple"},"_links":{"self":[{"href":"https:\/\/arxisdemexico.com.mx\/arxis\/wp-json\/wp\/v2\/product\/37646","targetHints":{"allow":["GET"]}}],"collection":[{"href":"https:\/\/arxisdemexico.com.mx\/arxis\/wp-json\/wp\/v2\/product"}],"about":[{"href":"https:\/\/arxisdemexico.com.mx\/arxis\/wp-json\/wp\/v2\/types\/product"}],"replies":[{"embeddable":true,"href":"https:\/\/arxisdemexico.com.mx\/arxis\/wp-json\/wp\/v2\/comments?post=37646"}],"wp:featuredmedia":[{"embeddable":true,"href":"https:\/\/arxisdemexico.com.mx\/arxis\/wp-json\/wp\/v2\/media\/37636"}],"wp:attachment":[{"href":"https:\/\/arxisdemexico.com.mx\/arxis\/wp-json\/wp\/v2\/media?parent=37646"}],"wp:term":[{"taxonomy":"product_brand","embeddable":true,"href":"https:\/\/arxisdemexico.com.mx\/arxis\/wp-json\/wp\/v2\/product_brand?post=37646"},{"taxonomy":"product_cat","embeddable":true,"href":"https:\/\/arxisdemexico.com.mx\/arxis\/wp-json\/wp\/v2\/product_cat?post=37646"},{"taxonomy":"product_tag","embeddable":true,"href":"https:\/\/arxisdemexico.com.mx\/arxis\/wp-json\/wp\/v2\/product_tag?post=37646"}],"curies":[{"name":"wp","href":"https:\/\/api.w.org\/{rel}","templated":true}]}}