{"id":37644,"date":"2021-10-25T12:51:47","date_gmt":"2021-10-25T17:51:47","guid":{"rendered":"https:\/\/www.arxisdemexico.com.mx\/arxis\/?post_type=product&#038;p=37644"},"modified":"2021-10-25T12:51:51","modified_gmt":"2021-10-25T17:51:51","slug":"dahua-dh-ipc-hfw1431s1-s4-camara-ip-bullet-de-4-megapixeles-h-265-lente-de-2-8mm-93-grados-de-apertura-ir-de-30-metros-30-fps-wdr-ip67-2","status":"publish","type":"product","link":"https:\/\/arxisdemexico.com.mx\/arxis\/producto\/dahua-dh-ipc-hfw1431s1-s4-camara-ip-bullet-de-4-megapixeles-h-265-lente-de-2-8mm-93-grados-de-apertura-ir-de-30-metros-30-fps-wdr-ip67-2\/","title":{"rendered":"DAHUA DH-IPC-HFW1431S1-S4 \u2013 C\u00e1mara IP Bullet de 4 Megapixeles\/ H.265+\/ Lente de 2.8mm\/ 93 Grados de Apertura\/ IR de 30 Metros\/ 30 FPS\/ WDR\/ IP67"},"content":{"rendered":"<ul>\n<li>Sensor: 1\/3.4\u201d 4 Mp progresivo\u00a0CMOS.<\/li>\n<li>Resoluci\u00f3n: 4M 2688 x 1520.<\/li>\n<li>Codificaci\u00f3n: H.265\/ H.264.<\/li>\n<li>Funciones: WDR (120dB), D\u00eda\/Noche (ICR),BLC, HLC, ROI.<\/li>\n<li>Visualizaci\u00f3n: Web viewer, Smart PSS, DSS,DMSS.<\/li>\n<li>Acceso:M\u00e1x. Acceso 20 usuarios<\/li>\n<li>Puerto Ethernet:\u00a0RJ-45 (10\/100Base-T).<\/li>\n<li>Lente: fijo de 2.8 mm.<\/li>\n<li>M\u00e1x. distancia LEDs IR: 30 mts.<\/li>\n<li>Temperatura de operaci\u00f3n: -40\u00ba\u00a0~ 55\u00ba<\/li>\n<li>Interoperabilidad: ONVIF Profile S &amp; G, CGI, Milestone;P2P.<\/li>\n<li>Fuente de Alimentaci\u00f3n: DC12 VCD, PoE (802.3af).<\/li>\n<li>Consumo de Energ\u00eda: &lt;5.0W.<\/li>\n<li>\u00cdndice de Protecci\u00f3n: IP67<\/li>\n<li>Peso: 0.22 kg.<\/li>\n<\/ul>\n","protected":false},"excerpt":{"rendered":"<p>C\u00e1mara Bullet Netwok de Focal Fija IR de Entrada de 4MP<\/p>\n<ul>\n<li>Sensor de imagen CMOS de 4MP, 1\/3 \u201d, baja iluminaci\u00f3n, alta definici\u00f3n de imagen<\/li>\n<li>Produce 4MP (2560 \u00d7 1440) a 25\/30 fps y admite m\u00e1x. 4MP (2688 \u00d7 1520) a 20 fps<\/li>\n<li>C\u00f3dec H.265, alta tasa de compresi\u00f3n, tasa de bits ultrabaja<\/li>\n<li>LED IR incorporado, m\u00e1x. Distancia IR: 30 m<\/li>\n<li>ROI, SMART H.264 \/ H.265, codificaci\u00f3n flexible, aplicable a varios entornos de almacenamiento y ancho de banda<\/li>\n<li>Rotaci\u00f3n de imagen, WDR, 3D DNR, HLC, BLC, marca de agua digital, aplicable a varias escenas de monitoreo<\/li>\n<li>Anormalidad detecci\u00f3n: detecci\u00f3n de movimiento, manipulaci\u00f3n de video, desconexi\u00f3n de red, conflicto de IP, acceso ilegal, detecci\u00f3n de voltaje<\/li>\n<li>Soporte de alimentaci\u00f3n de 12V CC \/ PoEIP67, protecci\u00f3n<\/li>\n<\/ul>\n","protected":false},"featured_media":37625,"comment_status":"open","ping_status":"closed","template":"","meta":{"_et_pb_use_builder":"","_et_pb_old_content":"","_et_gb_content_width":""},"product_brand":[],"product_cat":[929,521,522,523],"product_tag":[853,831,835,834,896,920,833],"class_list":{"0":"post-37644","1":"product","2":"type-product","3":"status-publish","4":"has-post-thumbnail","6":"product_cat-bala","7":"product_cat-cctv","8":"product_cat-ip","9":"product_cat-camaras","10":"product_tag-4mp","11":"product_tag-camara","12":"product_tag-cctv","13":"product_tag-dahua","14":"product_tag-domo","15":"product_tag-ip","16":"product_tag-seguridad","18":"first","19":"instock","20":"taxable","21":"shipping-taxable","22":"product-type-simple"},"_links":{"self":[{"href":"https:\/\/arxisdemexico.com.mx\/arxis\/wp-json\/wp\/v2\/product\/37644","targetHints":{"allow":["GET"]}}],"collection":[{"href":"https:\/\/arxisdemexico.com.mx\/arxis\/wp-json\/wp\/v2\/product"}],"about":[{"href":"https:\/\/arxisdemexico.com.mx\/arxis\/wp-json\/wp\/v2\/types\/product"}],"replies":[{"embeddable":true,"href":"https:\/\/arxisdemexico.com.mx\/arxis\/wp-json\/wp\/v2\/comments?post=37644"}],"wp:featuredmedia":[{"embeddable":true,"href":"https:\/\/arxisdemexico.com.mx\/arxis\/wp-json\/wp\/v2\/media\/37625"}],"wp:attachment":[{"href":"https:\/\/arxisdemexico.com.mx\/arxis\/wp-json\/wp\/v2\/media?parent=37644"}],"wp:term":[{"taxonomy":"product_brand","embeddable":true,"href":"https:\/\/arxisdemexico.com.mx\/arxis\/wp-json\/wp\/v2\/product_brand?post=37644"},{"taxonomy":"product_cat","embeddable":true,"href":"https:\/\/arxisdemexico.com.mx\/arxis\/wp-json\/wp\/v2\/product_cat?post=37644"},{"taxonomy":"product_tag","embeddable":true,"href":"https:\/\/arxisdemexico.com.mx\/arxis\/wp-json\/wp\/v2\/product_tag?post=37644"}],"curies":[{"name":"wp","href":"https:\/\/api.w.org\/{rel}","templated":true}]}}