{"id":37582,"date":"2021-10-18T15:51:39","date_gmt":"2021-10-18T20:51:39","guid":{"rendered":"https:\/\/www.arxisdemexico.com.mx\/arxis\/?post_type=product&#038;p=37582"},"modified":"2021-11-18T17:56:59","modified_gmt":"2021-11-18T23:56:59","slug":"dahua-hac-me1509tq-pv-camara-domo-tioc-de-5-megapixeles-tioc-disuasion-activa-con-luz-roja-y-azul-fullcolor-lente-de-2-8mm-luz-de-40-mts-1-salida-de-alarma-soporta-cvi-tvi-ahd-cvbs-ip67","status":"publish","type":"product","link":"https:\/\/arxisdemexico.com.mx\/arxis\/producto\/dahua-hac-me1509tq-pv-camara-domo-tioc-de-5-megapixeles-tioc-disuasion-activa-con-luz-roja-y-azul-fullcolor-lente-de-2-8mm-luz-de-40-mts-1-salida-de-alarma-soporta-cvi-tvi-ahd-cvbs-ip67\/","title":{"rendered":"DAHUA HAC-ME1509TQ-PV &#8211; Camara Domo TiOC de 5 Megapixeles TiOC\/ Disuasion Activa con Luz Roja y Azul\/ FullColor\/ Lente de 2.8mm\/ Luz de 40 Mts\/ 1 Salida de Alarma\/ Soporta CVI\/TVI\/AHD\/CVBS\/ IP67"},"content":{"rendered":"<ul>\n<li>Sensor CMOS 1\/2.7\u201d 5MP.<\/li>\n<li>Resoluci\u00f3n m\u00e1xima 2592 (H) x 1944 \u00a0(V).<\/li>\n<li>Iluminaci\u00f3n m\u00ednima 0.005Lux\/F1.2; 0 Lux Luz c\u00e1lida encendida.<\/li>\n<li>Luz c\u00e1lida de hasta 40m.<\/li>\n<li>Lente fijo 2.8mm.<\/li>\n<li>D\u00eda y noche autom\u00e1tico switcheo Luz c\u00e1lida incorporada.<\/li>\n<li>BLC\/HLC\/DWDR, 2D NR.<\/li>\n<li>Smart Light.<\/li>\n<li>Entrada de voltaje 12V DC \u00b130%.<\/li>\n<li>1 Canal de salida de alarma.<\/li>\n<li>Consumo m\u00e1ximo 7.7W.<\/li>\n<li>Condiciones de operaci\u00f3n -40\u00b0C a 60\u00b0C, humedad relativa 95% sin condensaci\u00f3n.<\/li>\n<li>IP67.<\/li>\n<\/ul>\n","protected":false},"excerpt":{"rendered":"<p class=\"text\" data-v-5fe8c490=\"\" data-gtm-vis-has-fired-10552706_181=\"1\" data-gtm-vis-has-fired-10552706_195=\"1\" data-gtm-vis-first-on-screen-10552706_193=\"5076\" data-gtm-vis-first-on-screen-10552706_217=\"5079\" data-gtm-vis-first-on-screen-10552706_184=\"5082\" data-gtm-vis-first-on-screen-10552706_196=\"5085\" data-gtm-vis-first-on-screen-10552706_194=\"5090\" data-gtm-vis-first-on-screen-10552706_192=\"5092\" data-gtm-vis-recent-on-screen-10552706_193=\"5811\" data-gtm-vis-total-visible-time-10552706_193=\"100\" data-gtm-vis-has-fired-10552706_193=\"1\" data-gtm-vis-recent-on-screen-10552706_184=\"5812\" data-gtm-vis-total-visible-time-10552706_184=\"100\" data-gtm-vis-has-fired-10552706_184=\"1\" data-gtm-vis-recent-on-screen-10552706_194=\"5813\" data-gtm-vis-total-visible-time-10552706_194=\"100\" data-gtm-vis-has-fired-10552706_194=\"1\" data-gtm-vis-recent-on-screen-10552706_192=\"5815\" data-gtm-vis-total-visible-time-10552706_192=\"100\" data-gtm-vis-has-fired-10552706_192=\"1\" data-gtm-vis-recent-on-screen-10552706_217=\"5817\" data-gtm-vis-total-visible-time-10552706_217=\"100\" data-gtm-vis-has-fired-10552706_217=\"1\" data-gtm-vis-recent-on-screen-10552706_196=\"5818\" data-gtm-vis-total-visible-time-10552706_196=\"100\" data-gtm-vis-has-fired-10552706_196=\"1\">C\u00e1mara de globo ocular fija de disuasi\u00f3n activa a todo color HDCVI de 5 MP<\/p>\n<ul>\n<li>Im\u00e1genes en color las 24 horas del d\u00eda, los 7 d\u00edas de la semana<br \/>\nDisuasi\u00f3n activa con luz azul roja, sirena e interfaz de salida de alarma<br \/>\nGlobo ocular de instalaci\u00f3n r\u00e1pida que ahorra tiempo de instalaci\u00f3n.<br \/>\nM\u00e1x. 20 fps @ 5MP<br \/>\nLente fija de 2.8 mm (3.6 mm opcional)<br \/>\nDistancia de iluminaci\u00f3n de 40 m<br \/>\nIP67, 12V \u00b1 30% DC<\/li>\n<\/ul>\n","protected":false},"featured_media":37583,"comment_status":"open","ping_status":"closed","template":"","meta":{"_et_pb_use_builder":"","_et_pb_old_content":"","_et_gb_content_width":""},"product_brand":[],"product_cat":[1015,521,548,559],"product_tag":[855,892,831,835,834,876,896,865,833],"class_list":{"0":"post-37582","1":"product","2":"type-product","3":"status-publish","4":"has-post-thumbnail","6":"product_cat-domo-camaras-ahd","7":"product_cat-cctv","8":"product_cat-ahd","9":"product_cat-camaras-ahd","10":"product_tag-5mp","11":"product_tag-alarma","12":"product_tag-camara","13":"product_tag-cctv","14":"product_tag-dahua","15":"product_tag-disuasion-activa","16":"product_tag-domo","17":"product_tag-fullcolor","18":"product_tag-seguridad","20":"first","21":"instock","22":"taxable","23":"shipping-taxable","24":"product-type-simple"},"_links":{"self":[{"href":"https:\/\/arxisdemexico.com.mx\/arxis\/wp-json\/wp\/v2\/product\/37582","targetHints":{"allow":["GET"]}}],"collection":[{"href":"https:\/\/arxisdemexico.com.mx\/arxis\/wp-json\/wp\/v2\/product"}],"about":[{"href":"https:\/\/arxisdemexico.com.mx\/arxis\/wp-json\/wp\/v2\/types\/product"}],"replies":[{"embeddable":true,"href":"https:\/\/arxisdemexico.com.mx\/arxis\/wp-json\/wp\/v2\/comments?post=37582"}],"wp:featuredmedia":[{"embeddable":true,"href":"https:\/\/arxisdemexico.com.mx\/arxis\/wp-json\/wp\/v2\/media\/37583"}],"wp:attachment":[{"href":"https:\/\/arxisdemexico.com.mx\/arxis\/wp-json\/wp\/v2\/media?parent=37582"}],"wp:term":[{"taxonomy":"product_brand","embeddable":true,"href":"https:\/\/arxisdemexico.com.mx\/arxis\/wp-json\/wp\/v2\/product_brand?post=37582"},{"taxonomy":"product_cat","embeddable":true,"href":"https:\/\/arxisdemexico.com.mx\/arxis\/wp-json\/wp\/v2\/product_cat?post=37582"},{"taxonomy":"product_tag","embeddable":true,"href":"https:\/\/arxisdemexico.com.mx\/arxis\/wp-json\/wp\/v2\/product_tag?post=37582"}],"curies":[{"name":"wp","href":"https:\/\/api.w.org\/{rel}","templated":true}]}}