{"id":37566,"date":"2021-10-18T14:41:20","date_gmt":"2021-10-18T19:41:20","guid":{"rendered":"https:\/\/www.arxisdemexico.com.mx\/arxis\/?post_type=product&#038;p=37566"},"modified":"2021-11-18T18:01:42","modified_gmt":"2021-11-19T00:01:42","slug":"dahua-hac-hdbw1200e-camara-domo-1080p-antivandalica-lente-2-8-mm-115-grados-de-apertura-ir-30m-ik10-uso-exterior-ip67-hdcvi-tvi-ahd-y-cvbs","status":"publish","type":"product","link":"https:\/\/arxisdemexico.com.mx\/arxis\/producto\/dahua-hac-hdbw1200e-camara-domo-1080p-antivandalica-lente-2-8-mm-115-grados-de-apertura-ir-30m-ik10-uso-exterior-ip67-hdcvi-tvi-ahd-y-cvbs\/","title":{"rendered":"DAHUA HAC-HDBW1200E- Camara Domo 1080p Antivandalica\/ Lente 2.8 mm\/ 115 Grados de Apertura\/ IR 30M\/ IK10\/ Uso Exterior IP67\/ HDCVI TVI AHD y CVBS"},"content":{"rendered":"<ul>\n<li>Sensor 1\/2.7&#8243; CMOS.<\/li>\n<li>Lente FIjo de 2.8 mm<\/li>\n<li>2 megapixeles 1080p (1920*1080).<\/li>\n<li>25\/30fps@1080P, 25\/30\/50\/60fps@720P<\/li>\n<li>Men\u00fa OSD, cuenta con este men\u00fa a trav\u00e9s de cable coaxial y cable UTP.<\/li>\n<li>DWDR, D\u00eda\/Noche(ICR), AWB, AGC, BLC.<\/li>\n<li>M\u00e1x. distancia LEDs IR 30m.<\/li>\n<li>Larga distancia de transmisi\u00f3n (hasta 500 metros por RG59 y 300 metros por UTP)<\/li>\n<li>Funci\u00f3n Smart IR<\/li>\n<li>Exterior IP67.<\/li>\n<li>Antivand\u00e1lica IK10.<\/li>\n<li>Temperatura de operaci\u00f3n -40\u00b0C ~ +60\u00b0C<\/li>\n<li>12VCD (no incluida).<\/li>\n<li>Consumo de corriente 2.8 Watts.<\/li>\n<li>Dise\u00f1o de Aluminio.<\/li>\n<\/ul>\n","protected":false},"excerpt":{"rendered":"<p class=\"text\" data-v-5fe8c490=\"\" data-gtm-vis-has-fired-10552706_195=\"1\" data-gtm-vis-has-fired-10552706_181=\"1\" data-gtm-vis-recent-on-screen-10552706_192=\"21705\" data-gtm-vis-first-on-screen-10552706_192=\"21711\" data-gtm-vis-total-visible-time-10552706_192=\"100\" data-gtm-vis-has-fired-10552706_192=\"1\" data-gtm-vis-recent-on-screen-10552706_193=\"21729\" data-gtm-vis-first-on-screen-10552706_193=\"21729\" data-gtm-vis-total-visible-time-10552706_193=\"100\" data-gtm-vis-has-fired-10552706_193=\"1\" data-gtm-vis-recent-on-screen-10552706_194=\"21731\" data-gtm-vis-first-on-screen-10552706_194=\"21731\" data-gtm-vis-total-visible-time-10552706_194=\"100\" data-gtm-vis-has-fired-10552706_194=\"1\" data-gtm-vis-recent-on-screen-10552706_217=\"21733\" data-gtm-vis-first-on-screen-10552706_217=\"21733\" data-gtm-vis-total-visible-time-10552706_217=\"100\" data-gtm-vis-has-fired-10552706_217=\"1\" data-gtm-vis-recent-on-screen-10552706_196=\"21735\" data-gtm-vis-first-on-screen-10552706_196=\"21735\" data-gtm-vis-total-visible-time-10552706_196=\"100\" data-gtm-vis-has-fired-10552706_196=\"1\" data-gtm-vis-recent-on-screen-10552706_184=\"21747\" data-gtm-vis-first-on-screen-10552706_184=\"21747\" data-gtm-vis-total-visible-time-10552706_184=\"100\" data-gtm-vis-has-fired-10552706_184=\"1\">C\u00e1mara domo IR HDCVI de 2MP<\/p>\n<div data-v-5fe8c490=\"\">\n<ul>\n<li>M\u00e1ximo 30 fps @ 1080P<\/li>\n<li>Salida HD y SD conmutable<\/li>\n<li>Lente fija de 3,6 mm (2,8 mm opcional)<\/li>\n<li>M\u00e1x. IR longitud 30 m, IR inteligente<\/li>\n<li>IP67, IK10, DC12V<\/li>\n<\/ul>\n<\/div>\n","protected":false},"featured_media":37567,"comment_status":"open","ping_status":"closed","template":"","meta":{"_et_pb_use_builder":"","_et_pb_old_content":"","_et_gb_content_width":""},"product_brand":[],"product_cat":[1015,521,548,559],"product_tag":[862,906,831,835,834,896,833],"class_list":{"0":"post-37566","1":"product","2":"type-product","3":"status-publish","4":"has-post-thumbnail","6":"product_cat-domo-camaras-ahd","7":"product_cat-cctv","8":"product_cat-ahd","9":"product_cat-camaras-ahd","10":"product_tag-2mp","11":"product_tag-antivandalica","12":"product_tag-camara","13":"product_tag-cctv","14":"product_tag-dahua","15":"product_tag-domo","16":"product_tag-seguridad","18":"first","19":"instock","20":"taxable","21":"shipping-taxable","22":"product-type-simple"},"_links":{"self":[{"href":"https:\/\/arxisdemexico.com.mx\/arxis\/wp-json\/wp\/v2\/product\/37566","targetHints":{"allow":["GET"]}}],"collection":[{"href":"https:\/\/arxisdemexico.com.mx\/arxis\/wp-json\/wp\/v2\/product"}],"about":[{"href":"https:\/\/arxisdemexico.com.mx\/arxis\/wp-json\/wp\/v2\/types\/product"}],"replies":[{"embeddable":true,"href":"https:\/\/arxisdemexico.com.mx\/arxis\/wp-json\/wp\/v2\/comments?post=37566"}],"wp:featuredmedia":[{"embeddable":true,"href":"https:\/\/arxisdemexico.com.mx\/arxis\/wp-json\/wp\/v2\/media\/37567"}],"wp:attachment":[{"href":"https:\/\/arxisdemexico.com.mx\/arxis\/wp-json\/wp\/v2\/media?parent=37566"}],"wp:term":[{"taxonomy":"product_brand","embeddable":true,"href":"https:\/\/arxisdemexico.com.mx\/arxis\/wp-json\/wp\/v2\/product_brand?post=37566"},{"taxonomy":"product_cat","embeddable":true,"href":"https:\/\/arxisdemexico.com.mx\/arxis\/wp-json\/wp\/v2\/product_cat?post=37566"},{"taxonomy":"product_tag","embeddable":true,"href":"https:\/\/arxisdemexico.com.mx\/arxis\/wp-json\/wp\/v2\/product_tag?post=37566"}],"curies":[{"name":"wp","href":"https:\/\/api.w.org\/{rel}","templated":true}]}}