{"id":37544,"date":"2021-10-18T12:46:00","date_gmt":"2021-10-18T17:46:00","guid":{"rendered":"https:\/\/www.arxisdemexico.com.mx\/arxis\/?post_type=product&#038;p=37544"},"modified":"2021-11-18T18:04:14","modified_gmt":"2021-11-19T00:04:14","slug":"dahua-hdw1509t-a-led-camara-domo-full-color-de-5-megapixeles-lente-de-3-6-mm-microfono-integrado-leds-para-40-metros-starlight-ip67","status":"publish","type":"product","link":"https:\/\/arxisdemexico.com.mx\/arxis\/producto\/dahua-hdw1509t-a-led-camara-domo-full-color-de-5-megapixeles-lente-de-3-6-mm-microfono-integrado-leds-para-40-metros-starlight-ip67\/","title":{"rendered":"DAHUA HDW1509T-A-LED &#8211; C\u00e1mara Domo Full Color de 5 Megapixeles\/ Lente de 3.6 mm\/ Micr\u00f3fono Integrado\/ Leds para 40 Metros\/ Starlight\/ IP67"},"content":{"rendered":"<ul>\n<li class=\"ql-align-justify\">1 \/ 2.7 \u00bb CMOS<\/li>\n<li class=\"ql-align-justify\">M\u00e1x Distancia IR LEDs 40m.<\/li>\n<li class=\"ql-align-justify\">Lente 3.6mm.<\/li>\n<li class=\"ql-align-justify\">\u00c1ngulo de Visi\u00f3n 111\u00b0x83\u00b0x55\u00b0 (diagonal\/horizontal\/vertical)<\/li>\n<li class=\"ql-align-justify\">Fuente de alimentaci\u00f3n 12V DC +-30%.<\/li>\n<li class=\"ql-align-justify\">Consumo de energ\u00eda\u00a05W (IR encendidos).<\/li>\n<li class=\"ql-align-justify\">Condiciones de Trabajo -40\u00b0 C ~ +60\u00b0 C \/ menos de 95% RH<\/li>\n<li class=\"ql-align-justify\">\u00cdndice de protecci\u00f3n IP67.<\/li>\n<li class=\"ql-align-justify\">Micr\u00f3fono embebido.<\/li>\n<li class=\"ql-align-justify\">Peso 0.46kg.<\/li>\n<li class=\"ql-align-justify\">Material Metal<\/li>\n<\/ul>\n","protected":false},"excerpt":{"rendered":"<p>C\u00e1mara ocular HDCVI a todo color de 5MP<\/p>\n<ul>\n<li>M\u00e1x.25 fps @ 5MP (salida de video 16: 9)<\/li>\n<li>120 dB WDR verdadero, 3D NR<\/li>\n<li>Im\u00e1genes en color 24 horas al d\u00eda, 7 d\u00edas a la semana<\/li>\n<li>40 m de distancia de iluminaci\u00f3n<\/li>\n<li>CVI \/ CVBS \/ AHD \/ TVI conmutable<\/li>\n<li>Micr\u00f3fono incorporado (-A)<\/li>\n<li>Lente fija de 3,6 mm (2,8 mm opcional)<\/li>\n<li>IP67, 12 V CC<\/li>\n<\/ul>\n","protected":false},"featured_media":37545,"comment_status":"open","ping_status":"closed","template":"","meta":{"_et_pb_use_builder":"","_et_pb_old_content":"","_et_gb_content_width":""},"product_brand":[],"product_cat":[1015,521,548,559],"product_tag":[897,831,835,834,896,846,850,833],"class_list":{"0":"post-37544","1":"product","2":"type-product","3":"status-publish","4":"has-post-thumbnail","6":"product_cat-domo-camaras-ahd","7":"product_cat-cctv","8":"product_cat-ahd","9":"product_cat-camaras-ahd","10":"product_tag-5-mp","11":"product_tag-camara","12":"product_tag-cctv","13":"product_tag-dahua","14":"product_tag-domo","15":"product_tag-full-color","16":"product_tag-microfono-integrado","17":"product_tag-seguridad","19":"first","20":"instock","21":"taxable","22":"shipping-taxable","23":"product-type-simple"},"_links":{"self":[{"href":"https:\/\/arxisdemexico.com.mx\/arxis\/wp-json\/wp\/v2\/product\/37544","targetHints":{"allow":["GET"]}}],"collection":[{"href":"https:\/\/arxisdemexico.com.mx\/arxis\/wp-json\/wp\/v2\/product"}],"about":[{"href":"https:\/\/arxisdemexico.com.mx\/arxis\/wp-json\/wp\/v2\/types\/product"}],"replies":[{"embeddable":true,"href":"https:\/\/arxisdemexico.com.mx\/arxis\/wp-json\/wp\/v2\/comments?post=37544"}],"wp:featuredmedia":[{"embeddable":true,"href":"https:\/\/arxisdemexico.com.mx\/arxis\/wp-json\/wp\/v2\/media\/37545"}],"wp:attachment":[{"href":"https:\/\/arxisdemexico.com.mx\/arxis\/wp-json\/wp\/v2\/media?parent=37544"}],"wp:term":[{"taxonomy":"product_brand","embeddable":true,"href":"https:\/\/arxisdemexico.com.mx\/arxis\/wp-json\/wp\/v2\/product_brand?post=37544"},{"taxonomy":"product_cat","embeddable":true,"href":"https:\/\/arxisdemexico.com.mx\/arxis\/wp-json\/wp\/v2\/product_cat?post=37544"},{"taxonomy":"product_tag","embeddable":true,"href":"https:\/\/arxisdemexico.com.mx\/arxis\/wp-json\/wp\/v2\/product_tag?post=37544"}],"curies":[{"name":"wp","href":"https:\/\/api.w.org\/{rel}","templated":true}]}}