{"id":37540,"date":"2021-10-18T12:16:18","date_gmt":"2021-10-18T17:16:18","guid":{"rendered":"https:\/\/www.arxisdemexico.com.mx\/arxis\/?post_type=product&#038;p=37540"},"modified":"2021-10-18T12:18:15","modified_gmt":"2021-10-18T17:18:15","slug":"dahua-xvr8208a-4k-i-dvr-de-8-canales-4k-wizmind-soporta-4-canales-de-reconocimiento-facial-4-canales-de-metadatos-h-265-hasta-64-canales-ip-20-bases-de-datos-soporta-camaras-con-ia-163-es","status":"publish","type":"product","link":"https:\/\/arxisdemexico.com.mx\/arxis\/producto\/dahua-xvr8208a-4k-i-dvr-de-8-canales-4k-wizmind-soporta-4-canales-de-reconocimiento-facial-4-canales-de-metadatos-h-265-hasta-64-canales-ip-20-bases-de-datos-soporta-camaras-con-ia-163-es\/","title":{"rendered":"DAHUA XVR8208A-4K-I &#8211; DVR de 8 Canales 4K\/ WizMind\/ Soporta 4 Canales de Reconocimiento Facial\/ 4 Canales de Metadatos\/ H.265+\/ Hasta 64 Canales IP\/ 20 Bases de Datos\/ Soporta Camaras con IA\/ 16&#038;3 E&#038;S de Alarma\/ 2 Puertos Sata"},"content":{"rendered":"<ul>\n<li>Soporta HDCVI \/ AHD \/ TVI \/ CVBS \/ IP.<\/li>\n<li>8 Canales HDCVI 4K.<\/li>\n<li>64 Canales IP adicionales hasta 12MP.<\/li>\n<li>Compresi\u00f3n de video H.265+ \/ H.265.<\/li>\n<li>Funci\u00f3n dewarping fisheye ( Solo en la Interfaz Web del XVR, Smart PSS y DSS EXPRESS ).<\/li>\n<li>8 canales con funciones IVS \/ hasta 10 reglas por canal<\/li>\n<li>4 canales con reconocimiento facial<\/li>\n<li>24 rostros por segundo<\/li>\n<li>100,000 rostros \/ hasta 20 bases de datos<\/li>\n<li>2 salidas de video HDMI (HDMI1 hasta 4K), 1 VGA y 1TV.<\/li>\n<li>16 entradas de alarma.<\/li>\n<li>3 canales de salida relay.<\/li>\n<li>2 puertos SATA, capacidad de hasta 10TB para cada disco (discos no inclu\u00eddos).<\/li>\n<li>3 puertos USB (1 USB 2.0, 2 USB 3.0).<\/li>\n<li>1 puerto RS232, para comunicaci\u00f3n de PC y teclado.<\/li>\n<li>1 puerto RS485, para control PTZ.<\/li>\n<li>4 canales de entradas de audio, 1 canal de salida, RCA.<\/li>\n<li>2 puertos RJ-45 (1000M).<\/li>\n<li>Acceso m\u00e1ximo de usuarios: 128.<\/li>\n<li><strong>M\u00e1ximo cuentas de usuarios: 64.<\/strong><\/li>\n<li>Est\u00e1ndar de comunicaci\u00f3n ONVIF 2.42, CGI Conformance.<\/li>\n<li>Fuente de alimentaci\u00f3n 12V\/5A.<\/li>\n<li>Condiciones de operaci\u00f3n -10\u00baC ~ + 55\u00baC, 0 ~ 90% HR.<\/li>\n<li>Condiciones de almacenaje -20\u00baC ~ + 70\u00baC, 0 &#8211; 90% HR.<\/li>\n<li>Dimensiones 44.0cm \u00d7 45.5cm \u00d7 9.5cm.<\/li>\n<li>Peso neto 2.35 Kg (sin disco duro).<\/li>\n<\/ul>\n","protected":false},"excerpt":{"rendered":"<p>Grabador de video digital Penta-brid 4K 1U de 8 canales<\/p>\n<ul>\n<li>Compresi\u00f3n de video de doble flujo H.265 + \/ H.265<br \/>\nAdmite entradas de video HDCVI \/ AHD \/ TVI \/ CVBS \/ IP<br \/>\nAdmite 64 canales de acceso IPC, cada canal hasta una entrada de 12MP;<br \/>\nSalida HDMI1 4K @ 60 fps<br \/>\nSoporta AI por funci\u00f3n de c\u00e1mara<br \/>\nProtecci\u00f3n perimetral de hasta 16 canales<br \/>\nTransmisi\u00f3n de video de hasta 6 canales (canal anal\u00f3gico m\u00e1x. Admite 4<br \/>\nHasta 4 canales de metadatos<br \/>\nProcesamiento de hasta 24 im\u00e1genes faciales \/ seg.<\/li>\n<\/ul>\n","protected":false},"featured_media":37541,"comment_status":"open","ping_status":"closed","template":"","meta":{"_et_pb_use_builder":"","_et_pb_old_content":"","_et_gb_content_width":""},"product_brand":[],"product_cat":[521,548,560,576],"product_tag":[892,835,834,879,890,882,880,895],"class_list":{"0":"post-37540","1":"product","2":"type-product","3":"status-publish","4":"has-post-thumbnail","6":"product_cat-cctv","7":"product_cat-ahd","8":"product_cat-dvr","9":"product_cat-8-ch-dvr","10":"product_tag-alarma","11":"product_tag-cctv","12":"product_tag-dahua","13":"product_tag-dvr","14":"product_tag-hasta-8mp","15":"product_tag-reconocimiento-facial","16":"product_tag-videograbador","17":"product_tag-wizmind","19":"first","20":"instock","21":"taxable","22":"shipping-taxable","23":"product-type-simple"},"_links":{"self":[{"href":"https:\/\/arxisdemexico.com.mx\/arxis\/wp-json\/wp\/v2\/product\/37540","targetHints":{"allow":["GET"]}}],"collection":[{"href":"https:\/\/arxisdemexico.com.mx\/arxis\/wp-json\/wp\/v2\/product"}],"about":[{"href":"https:\/\/arxisdemexico.com.mx\/arxis\/wp-json\/wp\/v2\/types\/product"}],"replies":[{"embeddable":true,"href":"https:\/\/arxisdemexico.com.mx\/arxis\/wp-json\/wp\/v2\/comments?post=37540"}],"wp:featuredmedia":[{"embeddable":true,"href":"https:\/\/arxisdemexico.com.mx\/arxis\/wp-json\/wp\/v2\/media\/37541"}],"wp:attachment":[{"href":"https:\/\/arxisdemexico.com.mx\/arxis\/wp-json\/wp\/v2\/media?parent=37540"}],"wp:term":[{"taxonomy":"product_brand","embeddable":true,"href":"https:\/\/arxisdemexico.com.mx\/arxis\/wp-json\/wp\/v2\/product_brand?post=37540"},{"taxonomy":"product_cat","embeddable":true,"href":"https:\/\/arxisdemexico.com.mx\/arxis\/wp-json\/wp\/v2\/product_cat?post=37540"},{"taxonomy":"product_tag","embeddable":true,"href":"https:\/\/arxisdemexico.com.mx\/arxis\/wp-json\/wp\/v2\/product_tag?post=37540"}],"curies":[{"name":"wp","href":"https:\/\/api.w.org\/{rel}","templated":true}]}}