{"id":37537,"date":"2021-10-15T18:27:48","date_gmt":"2021-10-15T23:27:48","guid":{"rendered":"https:\/\/www.arxisdemexico.com.mx\/arxis\/?post_type=product&#038;p=37537"},"modified":"2021-10-15T18:28:01","modified_gmt":"2021-10-15T23:28:01","slug":"dahua-xvr5216a-i2-dvr-de-16-canales-de-5-megapixeles-lite-wizsense-h-265-2-bahias-para-discos-duros-8-canales-ip-adicionales-2-canales-de-reconocimiento-facial-smd-plus-proteccion-perimetral","status":"publish","type":"product","link":"https:\/\/arxisdemexico.com.mx\/arxis\/producto\/dahua-xvr5216a-i2-dvr-de-16-canales-de-5-megapixeles-lite-wizsense-h-265-2-bahias-para-discos-duros-8-canales-ip-adicionales-2-canales-de-reconocimiento-facial-smd-plus-proteccion-perimetral\/","title":{"rendered":"DAHUA XVR5216A-I2 &#8211; DVR de 16 Canales de 5 Megapixeles Lite\/ WizSense\/ H.265+\/ 2 Bah\u00edas para Discos Duros\/ 8 Canales IP Adicionales\/ 2 Canales de Reconocimiento Facial\/ SMD Plus\/ Protecci\u00f3n Perimetral\/ IoT &#038; POS\/ 16&#038;3 E&#038;S de Alarmas\/ 4 E de Audio"},"content":{"rendered":"<ul>\n<li>Sistema operativo integrado LINUX<\/li>\n<li>Procesador principal Procesador integrado<\/li>\n<li>Compresi\u00f3n Codificaci\u00f3n AI\/H.265+\/H.265\/H.264+\/H.264.<\/li>\n<li>Tasa de Bits Transmisi\u00f3n Principal Todos los canales 5M-N (1fps\u201310fps); 4M-N\/1080P (1fps\u201315fps); 1080N\/720P\/960H\/ D1\/CIF (1fps\u201325\/30fps) Transmisi\u00f3n Secundaria: D1\/CIF (1fps\u201315fps)<\/li>\n<li>Reconocimiento Facial: Transmisi\u00f3n de video de 2 canales, solo admite c\u00e1mara anal\u00f3gica<\/li>\n<li>SMD Plus: Rendimiento 16 canales<\/li>\n<li>B\u00fasqueda de IA B\u00fasqueda por clasificaci\u00f3n de objetivo (humano, veh\u00edculo)<\/li>\n<li>1 HDMI ,1 VGA<\/li>\n<li>Resoluci\u00f3n HDMI: 1920 \u00d7 1080, 1280 \u00d7 1024, 1280 \u00d7 720 VGA: 1920 \u00d7 1080, 1280 \u00d7 1024, 1280 \u00d7 720<\/li>\n<li>Pantalla multi pantalla 1\/4\/8\/9\/16\/25<\/li>\n<li>1 puerto RJ-45 (1000 MB)<\/li>\n<li>ONVIF 16.12, conforme a CGI<\/li>\n<li>2 puertos SATA, hasta 10 TB de capacidad para cada disco<\/li>\n<li>2 puertos USB (1 USB 2.0, 2 USB 3.0)<\/li>\n<li>1 puerto RS485 para control PTZ<\/li>\n<li>Fuente de alimentaci\u00f3n DC 12 V 4A<\/li>\n<li>Consumo de energ\u00eda (sin disco duro) &lt;12 W<\/li>\n<li>Dimensiones 1U, 375 mm \u00d7 288 mm \u00d7 53 mm<\/li>\n<li>Peso neto (sin HDD) 1.8 kg<\/li>\n<li>Peso bruto 3.1 kg<\/li>\n<\/ul>\n","protected":false},"excerpt":{"rendered":"<p>Grabador de video digital WizSense de 16 canales Penta-brid 5M-N \/ 1080P 1U 2HDDs<\/p>\n<ul>\n<li>Compresi\u00f3n de video de doble flujo H.265 + \/ H.265<\/li>\n<li>Admite entradas de video HDCVI \/ AHD \/ TVI \/ CVBS \/ I<\/li>\n<li>Entradas de c\u00e1mara IP de 24 canales como m\u00e1ximo, cada canal hasta 6MP; Ancho de banda entrante m\u00e1ximo de 128 Mbps<\/li>\n<li>Hasta 2 canales de transmisi\u00f3n de video (canal anal\u00f3gico) Protecci\u00f3n perimetral<\/li>\n<li>Hasta 16 canales de flujo de video (canal anal\u00f3gico) SMD Plus<\/li>\n<li>Hasta 2 canales de flujo de video (canal anal\u00f3gico) reconocimiento facial humano<\/li>\n<li>Funcionalidades de IoT y POS<\/li>\n<\/ul>\n","protected":false},"featured_media":37538,"comment_status":"open","ping_status":"closed","template":"","meta":{"_et_pb_use_builder":"","_et_pb_old_content":"","_et_gb_content_width":""},"product_brand":[],"product_cat":[521,548,560,577],"product_tag":[894,835,834,879,885,881,882,833,880],"class_list":{"0":"post-37537","1":"product","2":"type-product","3":"status-publish","4":"has-post-thumbnail","6":"product_cat-cctv","7":"product_cat-ahd","8":"product_cat-dvr","9":"product_cat-16-ch-dvr","10":"product_tag-alarmas","11":"product_tag-cctv","12":"product_tag-dahua","13":"product_tag-dvr","14":"product_tag-hasta-5mp","15":"product_tag-proteccion-perimetral","16":"product_tag-reconocimiento-facial","17":"product_tag-seguridad","18":"product_tag-videograbador","20":"first","21":"instock","22":"taxable","23":"shipping-taxable","24":"product-type-simple"},"_links":{"self":[{"href":"https:\/\/arxisdemexico.com.mx\/arxis\/wp-json\/wp\/v2\/product\/37537","targetHints":{"allow":["GET"]}}],"collection":[{"href":"https:\/\/arxisdemexico.com.mx\/arxis\/wp-json\/wp\/v2\/product"}],"about":[{"href":"https:\/\/arxisdemexico.com.mx\/arxis\/wp-json\/wp\/v2\/types\/product"}],"replies":[{"embeddable":true,"href":"https:\/\/arxisdemexico.com.mx\/arxis\/wp-json\/wp\/v2\/comments?post=37537"}],"wp:featuredmedia":[{"embeddable":true,"href":"https:\/\/arxisdemexico.com.mx\/arxis\/wp-json\/wp\/v2\/media\/37538"}],"wp:attachment":[{"href":"https:\/\/arxisdemexico.com.mx\/arxis\/wp-json\/wp\/v2\/media?parent=37537"}],"wp:term":[{"taxonomy":"product_brand","embeddable":true,"href":"https:\/\/arxisdemexico.com.mx\/arxis\/wp-json\/wp\/v2\/product_brand?post=37537"},{"taxonomy":"product_cat","embeddable":true,"href":"https:\/\/arxisdemexico.com.mx\/arxis\/wp-json\/wp\/v2\/product_cat?post=37537"},{"taxonomy":"product_tag","embeddable":true,"href":"https:\/\/arxisdemexico.com.mx\/arxis\/wp-json\/wp\/v2\/product_tag?post=37537"}],"curies":[{"name":"wp","href":"https:\/\/api.w.org\/{rel}","templated":true}]}}