{"id":37535,"date":"2021-10-15T18:22:37","date_gmt":"2021-10-15T23:22:37","guid":{"rendered":"https:\/\/www.arxisdemexico.com.mx\/arxis\/?post_type=product&#038;p=37535"},"modified":"2021-10-15T18:22:45","modified_gmt":"2021-10-15T23:22:45","slug":"dahua-xvr5208an-4kl-i2-dvr-8-canales-4k-5-megapixeles-wizsense-h-265-2-bahias-para-discos-duros-8-canales-ip-adicionales-16-totales-2-canales-de-reconocimiento-facial-smd-plus-proteccion","status":"publish","type":"product","link":"https:\/\/arxisdemexico.com.mx\/arxis\/producto\/dahua-xvr5208an-4kl-i2-dvr-8-canales-4k-5-megapixeles-wizsense-h-265-2-bahias-para-discos-duros-8-canales-ip-adicionales-16-totales-2-canales-de-reconocimiento-facial-smd-plus-proteccion\/","title":{"rendered":"DAHUA XVR5208AN-4KL-I2 &#8211; DVR 8 Canales 4k\/ 5 Megapixeles\/ WizSense\/ H.265+\/ 2 Bah\u00edas para Discos Duros\/ 8 Canales IP Adicionales (16 Totales)\/ 2 Canales de Reconocimiento Facial\/ SMD Plus\/ Protecci\u00f3n Perimetral\/ IoT&#038;POS"},"content":{"rendered":"<ul>\n<li>2 Canales con protecci\u00f3n perimetral.<\/li>\n<li>8 Canales SMD+.<\/li>\n<li>2 Canales de reconocimiento facial\u00a0(\u00fanicamente canales HDCVI).<\/li>\n<li>M\u00e1ximo 12 capturas de rostro por segundo.<\/li>\n<li>M\u00e1ximo 10 bases de datos. 20,000 rostros en total.<\/li>\n<li>HDCVI 4K, 6MP, 5MP, 4MP, 1080P@25\/30fps, 720P@50\/60fps, 720P@25\/30fps.<\/li>\n<li>AHD 4K, 5MP, 4MP, 3MP, 1080P@25\/30, 720P@25\/30fps.<\/li>\n<li>TVI 4K, 5MP, 4MP, 3MP, 1080P@25\/30, 720P@25\/30fps.<\/li>\n<li>CVBS PAL\/NTSC.<\/li>\n<li>Canales IP 8+8 hasta 8MP.<\/li>\n<li>Audio dos v\u00edas (in\/out RCA).<\/li>\n<li>1 puerto RJ45 (1,000 Mbps).<\/li>\n<li>M\u00e1ximo 128 usuarios.<\/li>\n<li>ONVIF 16.12, CGI Conformant.<\/li>\n<li>2 SATA hasta 10TB.<\/li>\n<li>12V 4A<\/li>\n<li>Consumo &lt;10W.\u00a0Sin HDD.<\/li>\n<\/ul>\n","protected":false},"excerpt":{"rendered":"<p>Grabador de video digital WizSense de 8 canales Penta-brid 4K-N \/ 5MP 1U 2HDDs<\/p>\n<ul>\n<li>Compresi\u00f3n de video de doble flujo H.265 + \/ H.265<\/li>\n<li>Admite entradas de video HDCVI \/ AHD \/ TVI \/ CVBS \/ IP<\/li>\n<li>Entradas de c\u00e1mara IP de 16 canales como m\u00e1ximo, cada canal hasta 8MP; Ancho de banda entrante m\u00e1ximo de 128 Mbps<\/li>\n<li>Hasta 2 canales de transmisi\u00f3n de video (canal anal\u00f3gico) Protecci\u00f3n perimetral<\/li>\n<li>Hasta 8 canales de flujo de video (canal anal\u00f3gico) SMD Plus<\/li>\n<li>Hasta 2 canales de flujo de video (canal anal\u00f3gico) reconocimiento facial humano<\/li>\n<li>Funcionalidades de IoT y POS<\/li>\n<\/ul>\n","protected":false},"featured_media":37536,"comment_status":"open","ping_status":"closed","template":"","meta":{"_et_pb_use_builder":"","_et_pb_old_content":"","_et_gb_content_width":""},"product_brand":[],"product_cat":[521,548,560,576],"product_tag":[835,834,879,885,881,882,833,880,883],"class_list":{"0":"post-37535","1":"product","2":"type-product","3":"status-publish","4":"has-post-thumbnail","6":"product_cat-cctv","7":"product_cat-ahd","8":"product_cat-dvr","9":"product_cat-8-ch-dvr","10":"product_tag-cctv","11":"product_tag-dahua","12":"product_tag-dvr","13":"product_tag-hasta-5mp","14":"product_tag-proteccion-perimetral","15":"product_tag-reconocimiento-facial","16":"product_tag-seguridad","17":"product_tag-videograbador","18":"product_tag-wizsense","20":"first","21":"instock","22":"taxable","23":"shipping-taxable","24":"product-type-simple"},"_links":{"self":[{"href":"https:\/\/arxisdemexico.com.mx\/arxis\/wp-json\/wp\/v2\/product\/37535","targetHints":{"allow":["GET"]}}],"collection":[{"href":"https:\/\/arxisdemexico.com.mx\/arxis\/wp-json\/wp\/v2\/product"}],"about":[{"href":"https:\/\/arxisdemexico.com.mx\/arxis\/wp-json\/wp\/v2\/types\/product"}],"replies":[{"embeddable":true,"href":"https:\/\/arxisdemexico.com.mx\/arxis\/wp-json\/wp\/v2\/comments?post=37535"}],"wp:featuredmedia":[{"embeddable":true,"href":"https:\/\/arxisdemexico.com.mx\/arxis\/wp-json\/wp\/v2\/media\/37536"}],"wp:attachment":[{"href":"https:\/\/arxisdemexico.com.mx\/arxis\/wp-json\/wp\/v2\/media?parent=37535"}],"wp:term":[{"taxonomy":"product_brand","embeddable":true,"href":"https:\/\/arxisdemexico.com.mx\/arxis\/wp-json\/wp\/v2\/product_brand?post=37535"},{"taxonomy":"product_cat","embeddable":true,"href":"https:\/\/arxisdemexico.com.mx\/arxis\/wp-json\/wp\/v2\/product_cat?post=37535"},{"taxonomy":"product_tag","embeddable":true,"href":"https:\/\/arxisdemexico.com.mx\/arxis\/wp-json\/wp\/v2\/product_tag?post=37535"}],"curies":[{"name":"wp","href":"https:\/\/api.w.org\/{rel}","templated":true}]}}