{"id":37533,"date":"2021-10-15T18:15:26","date_gmt":"2021-10-15T23:15:26","guid":{"rendered":"https:\/\/www.arxisdemexico.com.mx\/arxis\/?post_type=product&#038;p=37533"},"modified":"2021-10-15T18:15:34","modified_gmt":"2021-10-15T23:15:34","slug":"dahua-xvr5116hs-i2-dvr-de-16-canales-5-megapixeles-lite-diseno-mini-wizsense-h265-8-canales-ip-adicionales-24-canales-totales-2-canales-de-reconocimiento-facial-smd-plus-proteccion-perimet","status":"publish","type":"product","link":"https:\/\/arxisdemexico.com.mx\/arxis\/producto\/dahua-xvr5116hs-i2-dvr-de-16-canales-5-megapixeles-lite-diseno-mini-wizsense-h265-8-canales-ip-adicionales-24-canales-totales-2-canales-de-reconocimiento-facial-smd-plus-proteccion-perimet\/","title":{"rendered":"DAHUA XVR5116HS-I2 &#8211; DVR de 16 Canales 5 Megapixeles Lite\/ Dise\u00f1o Mini\/ WizSense\/ H265+\/ 8 Canales IP Adicionales (24 Canales Totales)\/ 2 Canales de Reconocimiento Facial\/ SMD Plus\/ Protecci\u00f3n Perimetral\/ Soporta 1 HDD de hasta 10TB\/ IoT &#038; POS"},"content":{"rendered":"<ul>\n<li>2 Canales con protecci\u00f3n perimetral..<\/li>\n<li>16 Canales SMD+.<\/li>\n<li>2 Canales de reconocimiento facial\u00a0(\u00fanicamente canales HDCVI).<\/li>\n<li>M\u00e1ximo 12 capturas de rostro por segundo.<\/li>\n<li>M\u00e1ximo 10 bases de datos. 10,000 rostros en total.<\/li>\n<li>HDCVI 5MP, 4MP, 1080P@25\/30fps, 720P@50\/60fps, 720P@25\/30fps.<\/li>\n<li>AHD 5MP, 4MP, 1080P@25\/30, 720P@25\/30fps.<\/li>\n<li>TVI 5MP, 4MP, 1080P@25\/30, 720P@25\/30fps.<\/li>\n<li>CVBS PAL\/NTSC.<\/li>\n<li>Canales IP 16+8 hasta 6MP.<\/li>\n<li>Audio dos v\u00edas (in\/out RCA).<\/li>\n<li>1 puerto RJ45 (1,000 Mbps).<\/li>\n<li>M\u00e1ximo 128 usuarios.<\/li>\n<li>ONVIF 16.12, CGI Conformant.<\/li>\n<li>1 SATA hasta 10TB.<\/li>\n<li>DC 12V \/ 2A<\/li>\n<li>Consumo &lt;12W.\u00a0Sin HDD.<\/li>\n<\/ul>\n","protected":false},"excerpt":{"rendered":"<p>Grabador de video digital compacto 1U 1HDD WizSense Penta-brid 5M-N \/ 1080P de 16 canales<\/p>\n<ul>\n<li>Compresi\u00f3n de video de doble flujo H.265 + \/ H.265<\/li>\n<li>Admite entradas de video HDCVI \/ AHD \/ TVI \/ CVBS \/ IP<\/li>\n<li>Entradas de c\u00e1mara IP de 24 canales como m\u00e1ximo, cada canal hasta 6MP; Ancho de banda entrante m\u00e1ximo de 128 Mbps<\/li>\n<li>Hasta 2 canales de transmisi\u00f3n de video (canal anal\u00f3gico) Protecci\u00f3n perimetral<\/li>\n<li>Hasta 16 canales de flujo de video (canal anal\u00f3gico) SMD Plus<\/li>\n<li>Hasta 2 canales de flujo de video (canal anal\u00f3gico) reconocimiento facial humano<\/li>\n<li>Funcionalidades de IoT y POS<\/li>\n<\/ul>\n","protected":false},"featured_media":37534,"comment_status":"open","ping_status":"closed","template":"","meta":{"_et_pb_use_builder":"","_et_pb_old_content":"","_et_gb_content_width":""},"product_brand":[],"product_cat":[521,548,560,577],"product_tag":[835,834,893,879,881,882,833,880,883],"class_list":{"0":"post-37533","1":"product","2":"type-product","3":"status-publish","4":"has-post-thumbnail","6":"product_cat-cctv","7":"product_cat-ahd","8":"product_cat-dvr","9":"product_cat-16-ch-dvr","10":"product_tag-cctv","11":"product_tag-dahua","12":"product_tag-diseno-mini","13":"product_tag-dvr","14":"product_tag-proteccion-perimetral","15":"product_tag-reconocimiento-facial","16":"product_tag-seguridad","17":"product_tag-videograbador","18":"product_tag-wizsense","20":"first","21":"instock","22":"taxable","23":"shipping-taxable","24":"product-type-simple"},"_links":{"self":[{"href":"https:\/\/arxisdemexico.com.mx\/arxis\/wp-json\/wp\/v2\/product\/37533","targetHints":{"allow":["GET"]}}],"collection":[{"href":"https:\/\/arxisdemexico.com.mx\/arxis\/wp-json\/wp\/v2\/product"}],"about":[{"href":"https:\/\/arxisdemexico.com.mx\/arxis\/wp-json\/wp\/v2\/types\/product"}],"replies":[{"embeddable":true,"href":"https:\/\/arxisdemexico.com.mx\/arxis\/wp-json\/wp\/v2\/comments?post=37533"}],"wp:featuredmedia":[{"embeddable":true,"href":"https:\/\/arxisdemexico.com.mx\/arxis\/wp-json\/wp\/v2\/media\/37534"}],"wp:attachment":[{"href":"https:\/\/arxisdemexico.com.mx\/arxis\/wp-json\/wp\/v2\/media?parent=37533"}],"wp:term":[{"taxonomy":"product_brand","embeddable":true,"href":"https:\/\/arxisdemexico.com.mx\/arxis\/wp-json\/wp\/v2\/product_brand?post=37533"},{"taxonomy":"product_cat","embeddable":true,"href":"https:\/\/arxisdemexico.com.mx\/arxis\/wp-json\/wp\/v2\/product_cat?post=37533"},{"taxonomy":"product_tag","embeddable":true,"href":"https:\/\/arxisdemexico.com.mx\/arxis\/wp-json\/wp\/v2\/product_tag?post=37533"}],"curies":[{"name":"wp","href":"https:\/\/api.w.org\/{rel}","templated":true}]}}