{"id":37526,"date":"2021-10-15T17:32:53","date_gmt":"2021-10-15T22:32:53","guid":{"rendered":"https:\/\/www.arxisdemexico.com.mx\/arxis\/?post_type=product&#038;p=37526"},"modified":"2021-10-15T17:32:58","modified_gmt":"2021-10-15T22:32:58","slug":"dahua-xvr5108hs-4kl-i2-dvr-de-8-canales-4k-wizsense-h-265-8-canales-hdcvi-8-ip-hasta-16-ch-ip-2-canales-de-reconocimiento-facial-sdm-plus-proteccion-perimetral-1-sata-de-hasta-10tb-soport","status":"publish","type":"product","link":"https:\/\/arxisdemexico.com.mx\/arxis\/producto\/dahua-xvr5108hs-4kl-i2-dvr-de-8-canales-4k-wizsense-h-265-8-canales-hdcvi-8-ip-hasta-16-ch-ip-2-canales-de-reconocimiento-facial-sdm-plus-proteccion-perimetral-1-sata-de-hasta-10tb-soport\/","title":{"rendered":"DAHUA XVR5108HS-4KL-I2 &#8211; DVR de 8 Canales 4k\/ WizSense\/ H.265+\/ 8 Canales HDCVI+ 8 IP\/ Hasta 16 Ch IP\/ 2 Canales de Reconocimiento Facial\/ SDM Plus\/ Protecci\u00f3n Perimetral\/ 1 SATA de hasta 10TB\/ Soporta HDCVI\/AHD\/TVI\/CVBS\/ IoT\/ POS"},"content":{"rendered":"<ul>\n<li>Protecci\u00f3n perimetral<\/li>\n<li>SMD Plus<\/li>\n<li>Reconocimiento facial 2 canales (an\u00e1logos)<\/li>\n<li>8 canales IP, cada canal hasta 8MP<\/li>\n<li>Compresi\u00f3n H.265 + \/ H.265 \/ H.264 + \/ H.264<\/li>\n<li>Resoluci\u00f3n 4K, 6MP, 5MP, 4K-N, 4MP, 3MP, 4M-N, 1080P, 720P, 960H, D1, CIF<\/li>\n<li>Transmisi\u00f3n principal: todos los canales 4K(1fps\u20137fps); 6MP(1fps\u201310fps); 5MP(1fps\u201312fps); 4K-N, 4MP\/3MP(1fps\u201315fps).<\/li>\n<li>Transmisi\u00f3n secundaria: 960H(1fps\u201315fps);<\/li>\n<li>Velocidad de bits 32 Kbps ~ 6144 Kbps por canal<\/li>\n<li>1 HDMI, 1 VGA<\/li>\n<li>1 puerto RJ-45 (1000M)<\/li>\n<li>Fuente de alimentaci\u00f3n: DC12V \/ 2A<\/li>\n<li>El consumo de energ\u00eda \uff1c10W (sin HDD)<\/li>\n<li>1 puerto SATA, hasta 10 TB de capacidad<\/li>\n<li><strong>M\u00e1ximo cuentas de usuarios: 64.<\/strong><\/li>\n<\/ul>\n","protected":false},"excerpt":{"rendered":"<p>Grabador de video digital compacto 1U 1HDD WizSense de 8 canales Penta-brid 4K-N \/ 5MP<\/p>\n<ul>\n<li>Compresi\u00f3n de video de doble flujo H.265 + \/ H.265<\/li>\n<li>Admite entradas de video HDCVI \/ AHD \/ TVI \/ CVBS \/ IP<\/li>\n<li>Entradas de c\u00e1mara IP de 16 canales como m\u00e1ximo, cada canal hasta 8MP; Ancho de banda entrante m\u00e1ximo de 128 Mbps<\/li>\n<li>Hasta 2 canales de transmisi\u00f3n de video (canal anal\u00f3gico) Protecci\u00f3n perimetral<\/li>\n<li>Hasta 8 canales de flujo de video (canal anal\u00f3gico) SMD Plus<\/li>\n<li>Hasta 2 canales de flujo de video (canal anal\u00f3gico) reconocimiento facial humano<\/li>\n<li>Funcionalidades de IoT y POS<\/li>\n<\/ul>\n","protected":false},"featured_media":37527,"comment_status":"open","ping_status":"closed","template":"","meta":{"_et_pb_use_builder":"","_et_pb_old_content":"","_et_gb_content_width":""},"product_brand":[],"product_cat":[521,548,560,576],"product_tag":[835,834,879,890,881,882,833,880,883],"class_list":{"0":"post-37526","1":"product","2":"type-product","3":"status-publish","4":"has-post-thumbnail","6":"product_cat-cctv","7":"product_cat-ahd","8":"product_cat-dvr","9":"product_cat-8-ch-dvr","10":"product_tag-cctv","11":"product_tag-dahua","12":"product_tag-dvr","13":"product_tag-hasta-8mp","14":"product_tag-proteccion-perimetral","15":"product_tag-reconocimiento-facial","16":"product_tag-seguridad","17":"product_tag-videograbador","18":"product_tag-wizsense","20":"first","21":"instock","22":"taxable","23":"shipping-taxable","24":"product-type-simple"},"_links":{"self":[{"href":"https:\/\/arxisdemexico.com.mx\/arxis\/wp-json\/wp\/v2\/product\/37526","targetHints":{"allow":["GET"]}}],"collection":[{"href":"https:\/\/arxisdemexico.com.mx\/arxis\/wp-json\/wp\/v2\/product"}],"about":[{"href":"https:\/\/arxisdemexico.com.mx\/arxis\/wp-json\/wp\/v2\/types\/product"}],"replies":[{"embeddable":true,"href":"https:\/\/arxisdemexico.com.mx\/arxis\/wp-json\/wp\/v2\/comments?post=37526"}],"wp:featuredmedia":[{"embeddable":true,"href":"https:\/\/arxisdemexico.com.mx\/arxis\/wp-json\/wp\/v2\/media\/37527"}],"wp:attachment":[{"href":"https:\/\/arxisdemexico.com.mx\/arxis\/wp-json\/wp\/v2\/media?parent=37526"}],"wp:term":[{"taxonomy":"product_brand","embeddable":true,"href":"https:\/\/arxisdemexico.com.mx\/arxis\/wp-json\/wp\/v2\/product_brand?post=37526"},{"taxonomy":"product_cat","embeddable":true,"href":"https:\/\/arxisdemexico.com.mx\/arxis\/wp-json\/wp\/v2\/product_cat?post=37526"},{"taxonomy":"product_tag","embeddable":true,"href":"https:\/\/arxisdemexico.com.mx\/arxis\/wp-json\/wp\/v2\/product_tag?post=37526"}],"curies":[{"name":"wp","href":"https:\/\/api.w.org\/{rel}","templated":true}]}}