{"id":37524,"date":"2021-10-15T17:23:20","date_gmt":"2021-10-15T22:23:20","guid":{"rendered":"https:\/\/www.arxisdemexico.com.mx\/arxis\/?post_type=product&#038;p=37524"},"modified":"2021-10-15T17:23:28","modified_gmt":"2021-10-15T22:23:28","slug":"dahua-xvr5108he-i2-dvr-de-8-canales-5-megapixeles-lite-wizsense-h-265-8-canales-hdcvi4-ip-hasta-12-ch-ip-2-canales-de-reconocimiento-facial-smd-plus-proteccion-perimetral-1-sata-de-hasta-1","status":"publish","type":"product","link":"https:\/\/arxisdemexico.com.mx\/arxis\/producto\/dahua-xvr5108he-i2-dvr-de-8-canales-5-megapixeles-lite-wizsense-h-265-8-canales-hdcvi4-ip-hasta-12-ch-ip-2-canales-de-reconocimiento-facial-smd-plus-proteccion-perimetral-1-sata-de-hasta-1\/","title":{"rendered":"DAHUA XVR5108HE-I2 &#8211; DVR de 8 Canales 5 Megapixeles Lite\/ WizSense\/ H.265+\/ 8 Canales HDCVI+4 IP\/ Hasta 12 Ch IP\/ 2 Canales de Reconocimiento Facial\/ SMD Plus\/ Protecci\u00f3n Perimetral\/ 1 Sata de Hasta 10 TB\/ 8&#038;3 E&#038;S de Alarma\/ 8 Entradas de Audio\/ IoT&#038;POS"},"content":{"rendered":"<ul>\n<li>2 Canales con hasta 10 IVS cada uno.<\/li>\n<li>Reconocimiento facial en 2 canales.<\/li>\n<li>M\u00e1ximo 8 capturas de rostro por segundo.<\/li>\n<li>M\u00e1ximo 10 bases de datos. 10,000 rostros en total.<\/li>\n<li>SMD 8 canales.<\/li>\n<li>HDCVI 5MP, 4MP, 1080P@25\/30fps, 720P@50\/60fps,<\/li>\n<li>720P@25\/30fps.<\/li>\n<li>AHD 5MP, 4MP, 3MP, 1080P@25\/30, 720P@25\/30fps.<\/li>\n<li>TVI 5MP, 4MP, 3MP, 1080P@25\/30, 720P@25\/30fps.<\/li>\n<li>CVBS PAL\/NTSC.<\/li>\n<li>Canales IP 8+4 hasta 6MP.<\/li>\n<li>Audio 8 \/ 1 RCA.<\/li>\n<li>Alarma 8 entradas \/ 3 salidas<\/li>\n<li>Puerto RJ45 (100MB).<\/li>\n<li>M\u00e1ximo 128 usuarios.<\/li>\n<li>ONVIF 16.12, CGI Conformant.<\/li>\n<li>1 SATA hasta 10TB.<\/li>\n<li>DC 12V cc 2 A.<\/li>\n<li>Consumo &lt;7w.<\/li>\n<\/ul>\n","protected":false},"excerpt":{"rendered":"<p>Grabador de video digital Penta-brid 5M-N \/ 1080P Mini 1U WizSense de 8 canales<\/p>\n<ul>\n<li>Compresi\u00f3n de video de doble flujo H.265 + \/ H.265<\/li>\n<li>Admite entradas de video HDCVI \/ AHD \/ TVI \/ CVBS \/ IP<\/li>\n<li>Entradas de c\u00e1mara IP de 12 canales como m\u00e1ximo, cada canal hasta 6MP; Ancho de banda entrante m\u00e1ximo de 64 Mbps<\/li>\n<li>Hasta 2 canales de transmisi\u00f3n de video (canal anal\u00f3gico) Protecci\u00f3n perimetral<\/li>\n<li>Hasta 8 canales de flujo de video (canal anal\u00f3gico) SMD Plus<\/li>\n<li>Hasta 2 canales de flujo de video (canal anal\u00f3gico) reconocimiento facial humano<\/li>\n<li>Funcionalidades de IoT y POS<\/li>\n<\/ul>\n","protected":false},"featured_media":37525,"comment_status":"open","ping_status":"closed","template":"","meta":{"_et_pb_use_builder":"","_et_pb_old_content":"","_et_gb_content_width":""},"product_brand":[],"product_cat":[521,548,560,576],"product_tag":[892,835,834,879,885,882,891,833,880,883],"class_list":{"0":"post-37524","1":"product","2":"type-product","3":"status-publish","4":"has-post-thumbnail","6":"product_cat-cctv","7":"product_cat-ahd","8":"product_cat-dvr","9":"product_cat-8-ch-dvr","10":"product_tag-alarma","11":"product_tag-cctv","12":"product_tag-dahua","13":"product_tag-dvr","14":"product_tag-hasta-5mp","15":"product_tag-reconocimiento-facial","16":"product_tag-roteccion-perimetral","17":"product_tag-seguridad","18":"product_tag-videograbador","19":"product_tag-wizsense","21":"first","22":"instock","23":"taxable","24":"shipping-taxable","25":"product-type-simple"},"_links":{"self":[{"href":"https:\/\/arxisdemexico.com.mx\/arxis\/wp-json\/wp\/v2\/product\/37524","targetHints":{"allow":["GET"]}}],"collection":[{"href":"https:\/\/arxisdemexico.com.mx\/arxis\/wp-json\/wp\/v2\/product"}],"about":[{"href":"https:\/\/arxisdemexico.com.mx\/arxis\/wp-json\/wp\/v2\/types\/product"}],"replies":[{"embeddable":true,"href":"https:\/\/arxisdemexico.com.mx\/arxis\/wp-json\/wp\/v2\/comments?post=37524"}],"wp:featuredmedia":[{"embeddable":true,"href":"https:\/\/arxisdemexico.com.mx\/arxis\/wp-json\/wp\/v2\/media\/37525"}],"wp:attachment":[{"href":"https:\/\/arxisdemexico.com.mx\/arxis\/wp-json\/wp\/v2\/media?parent=37524"}],"wp:term":[{"taxonomy":"product_brand","embeddable":true,"href":"https:\/\/arxisdemexico.com.mx\/arxis\/wp-json\/wp\/v2\/product_brand?post=37524"},{"taxonomy":"product_cat","embeddable":true,"href":"https:\/\/arxisdemexico.com.mx\/arxis\/wp-json\/wp\/v2\/product_cat?post=37524"},{"taxonomy":"product_tag","embeddable":true,"href":"https:\/\/arxisdemexico.com.mx\/arxis\/wp-json\/wp\/v2\/product_tag?post=37524"}],"curies":[{"name":"wp","href":"https:\/\/api.w.org\/{rel}","templated":true}]}}