{"id":37520,"date":"2021-10-15T16:53:31","date_gmt":"2021-10-15T21:53:31","guid":{"rendered":"https:\/\/www.arxisdemexico.com.mx\/arxis\/?post_type=product&#038;p=37520"},"modified":"2021-10-15T16:54:53","modified_gmt":"2021-10-15T21:54:53","slug":"dahua-xvr5104hs-4kl-i2-dvr-de-4-canales-4k-wizsense-h-265-4-canales-hdcvi4-ip-hasta-8-ch-ip-2-ch-de-reconocimiento-facial-sdm-plus-proteccion-perimetral-1-sata-de-hasta-10tb-soporta-hdcvi","status":"publish","type":"product","link":"https:\/\/arxisdemexico.com.mx\/arxis\/producto\/dahua-xvr5104hs-4kl-i2-dvr-de-4-canales-4k-wizsense-h-265-4-canales-hdcvi4-ip-hasta-8-ch-ip-2-ch-de-reconocimiento-facial-sdm-plus-proteccion-perimetral-1-sata-de-hasta-10tb-soporta-hdcvi\/","title":{"rendered":"DAHUA XVR5104HS-4KL-I2 &#8211; DVR de 4 Canales 4k\/ WizSense\/ H.265+\/ 4 Canales HDCVI+4 IP\/ Hasta 8 Ch IP\/ 2 Ch de Reconocimiento Facial\/ SDM Plus\/ Protecci\u00f3n Perimetral\/ 1 SATA de hasta 10TB\/ Soporta HDCVI\/AHD\/TVI\/CVBS"},"content":{"rendered":"<ul>\n<li>2 Canales con hasta 10 IVS cada uno.<\/li>\n<li>2 Canales de reconocimiento facial (\u00fanicamente canales HDCVI).<\/li>\n<li>M\u00e1ximo 8 capturas de rostro por segundo.<\/li>\n<li>M\u00e1ximo 10 bases de datos. 20,000 rostros en total.<\/li>\n<li>SMD 4 canales.<\/li>\n<li>HDCVI 4K, 6MP, 5MP, 4MP, 1080P@25\/30fps, 720P@50\/60fps,<\/li>\n<li>720P@25\/30fps.<\/li>\n<li>AHD 4K, 5MP, 4MP, 3MP, 1080P@25\/30, 720P@25\/30fps.<\/li>\n<li>TVI 4K, 5MP, 4MP, 3MP, 1080P@25\/30, 720P@25\/30fps.<\/li>\n<li>CVBS PAL\/NTSC.<\/li>\n<li>Canales IP 4+4 hasta 8MP.<\/li>\n<li>Audio dos v\u00edas (in\/out RCA).<\/li>\n<li>Puerto RJ45 (100MB).<\/li>\n<li>M\u00e1ximo 128 usuarios.<\/li>\n<li>ONVIF 16.12, CGI Conformant.<\/li>\n<li>1 SATA hasta 10TB.<\/li>\n<li>DC 12V\/2A.<\/li>\n<li>Consumo &lt;7w. Sin HDD.<\/li>\n<\/ul>\n","protected":false},"excerpt":{"rendered":"<p>Grabador de video digital compacto 1U 1HDD WizSense de 4 canales Penta-brid 4K-N \/ 5MP<\/p>\n<ul>\n<li>Compresi\u00f3n de video de doble flujo H.265 + \/ H.265<\/li>\n<li>Admite entradas de video HDCVI \/ AHD \/ TVI \/ CVBS \/ IP<\/li>\n<li>Entradas de c\u00e1mara IP de 8 canales como m\u00e1ximo, cada canal hasta 8MP; Ancho de banda entrante m\u00e1ximo de 64 Mbps<\/li>\n<li>Hasta 2 canales de transmisi\u00f3n de video (canal anal\u00f3gico) Protecci\u00f3n perimetral<\/li>\n<li>Hasta 4 canales de flujo de video (canal anal\u00f3gico) SMD Plus<\/li>\n<li>Hasta 2 canales de flujo de video (canal anal\u00f3gico) reconocimiento facial humano<\/li>\n<li>Funcionalidades de IoT y POS<\/li>\n<\/ul>\n","protected":false},"featured_media":37521,"comment_status":"open","ping_status":"closed","template":"","meta":{"_et_pb_use_builder":"","_et_pb_old_content":"","_et_gb_content_width":""},"product_brand":[],"product_cat":[521,548,560,575],"product_tag":[835,834,879,890,881,882,833,880,883],"class_list":{"0":"post-37520","1":"product","2":"type-product","3":"status-publish","4":"has-post-thumbnail","6":"product_cat-cctv","7":"product_cat-ahd","8":"product_cat-dvr","9":"product_cat-4-ch-dvr","10":"product_tag-cctv","11":"product_tag-dahua","12":"product_tag-dvr","13":"product_tag-hasta-8mp","14":"product_tag-proteccion-perimetral","15":"product_tag-reconocimiento-facial","16":"product_tag-seguridad","17":"product_tag-videograbador","18":"product_tag-wizsense","20":"first","21":"instock","22":"taxable","23":"shipping-taxable","24":"product-type-simple"},"_links":{"self":[{"href":"https:\/\/arxisdemexico.com.mx\/arxis\/wp-json\/wp\/v2\/product\/37520","targetHints":{"allow":["GET"]}}],"collection":[{"href":"https:\/\/arxisdemexico.com.mx\/arxis\/wp-json\/wp\/v2\/product"}],"about":[{"href":"https:\/\/arxisdemexico.com.mx\/arxis\/wp-json\/wp\/v2\/types\/product"}],"replies":[{"embeddable":true,"href":"https:\/\/arxisdemexico.com.mx\/arxis\/wp-json\/wp\/v2\/comments?post=37520"}],"wp:featuredmedia":[{"embeddable":true,"href":"https:\/\/arxisdemexico.com.mx\/arxis\/wp-json\/wp\/v2\/media\/37521"}],"wp:attachment":[{"href":"https:\/\/arxisdemexico.com.mx\/arxis\/wp-json\/wp\/v2\/media?parent=37520"}],"wp:term":[{"taxonomy":"product_brand","embeddable":true,"href":"https:\/\/arxisdemexico.com.mx\/arxis\/wp-json\/wp\/v2\/product_brand?post=37520"},{"taxonomy":"product_cat","embeddable":true,"href":"https:\/\/arxisdemexico.com.mx\/arxis\/wp-json\/wp\/v2\/product_cat?post=37520"},{"taxonomy":"product_tag","embeddable":true,"href":"https:\/\/arxisdemexico.com.mx\/arxis\/wp-json\/wp\/v2\/product_tag?post=37520"}],"curies":[{"name":"wp","href":"https:\/\/api.w.org\/{rel}","templated":true}]}}