{"id":37514,"date":"2021-10-15T15:22:17","date_gmt":"2021-10-15T20:22:17","guid":{"rendered":"https:\/\/www.arxisdemexico.com.mx\/arxis\/?post_type=product&#038;p=37514"},"modified":"2021-10-15T15:26:03","modified_gmt":"2021-10-15T20:26:03","slug":"dahua-xvr1b08-i-dvr-de-8-canales-1080p-lite-wizsense-cooper-i-h-265-8-canales2-ip-o-hasta-10-ch-ip-4-canales-con-smd-plus-busqueda-inteligente-humanos-y-vehiculos-codificacion-inteligente","status":"publish","type":"product","link":"https:\/\/arxisdemexico.com.mx\/arxis\/producto\/dahua-xvr1b08-i-dvr-de-8-canales-1080p-lite-wizsense-cooper-i-h-265-8-canales2-ip-o-hasta-10-ch-ip-4-canales-con-smd-plus-busqueda-inteligente-humanos-y-vehiculos-codificacion-inteligente\/","title":{"rendered":"DAHUA XVR1B08-I &#8211; DVR de 8 Canales 1080p Lite\/ WizSense\/ Cooper-I\/ H.265+\/ 8 Canales+2 IP o Hasta 10 Ch IP\/ 4 Canales con SMD Plus\/ Busqueda Inteligente (Humanos y Vehiculos)\/ Codificaci\u00f3n Inteligente\/ 1 Puerto Sata de hasta 6TB\/ Smart Audio"},"content":{"rendered":"<ul>\n<li>Compresi\u00f3n de video de doble flujo H.265 + \/ H.265.<\/li>\n<li>Admite codificaci\u00f3n AI de canal completo.<\/li>\n<li>Admite entradas de video HDCVI \/ AHD \/ TVI \/ CVBS \/ IP.<\/li>\n<li>Soporta hasta 1080P Lite en c\u00e1maras HDCVI.<\/li>\n<li>Se pueden agregar hasta 2 c\u00e1maras IP ( 6Mp m\u00e1ximo ).<\/li>\n<li>Larga distancia de transmisi\u00f3n por cable coaxial.<\/li>\n<li>Soporta hasta 4 canales SMD Plus.<\/li>\n<li>Codificaci\u00f3n Inteligente.<\/li>\n<li>Interfaz monitor 1 HDMI, 1 VGA.<\/li>\n<li>Interfaz red 1 puerto RJ-45 (100 MB).<\/li>\n<li>Max. Acceso de usuario 128.<\/li>\n<li>1 puerto SATA, hasta 6 TB de capacidad.<\/li>\n<li>Peso Neto sin Disco Duro\u00a00.57 kg.<\/li>\n<li>Dimensiones 198 mm \u00d7 202.9 mm \u00d7 41.5 mm..<\/li>\n<\/ul>\n","protected":false},"excerpt":{"rendered":"<p>Grabador de video digital Penta-brid 1080N \/ 720p Cooper 1U 1HDD WizSense de 8 canales<\/p>\n<ul>\n<li>Compresi\u00f3n de video de doble flujo H.265 + \/ H.265<\/li>\n<li>Admite codificaci\u00f3n AI de canal completo<\/li>\n<li>Admite entradas de video HDCVI \/ AHD \/ TVI \/ CVBS \/ IP<\/li>\n<li>Entradas de c\u00e1mara IP de 10 canales como m\u00e1ximo, cada canal hasta 6MP; Ancho de banda entrante m\u00e1ximo de 40 Mbps<\/li>\n<li>Hasta 4 canales de flujo de video (canal anal\u00f3gico) SMD Plus<\/li>\n<\/ul>\n","protected":false},"featured_media":37515,"comment_status":"open","ping_status":"closed","template":"","meta":{"_et_pb_use_builder":"","_et_pb_old_content":"","_et_gb_content_width":""},"product_brand":[],"product_cat":[521,548,560,576],"product_tag":[887,835,834,879,889,833,888,880,883],"class_list":{"0":"post-37514","1":"product","2":"type-product","3":"status-publish","4":"has-post-thumbnail","6":"product_cat-cctv","7":"product_cat-ahd","8":"product_cat-dvr","9":"product_cat-8-ch-dvr","10":"product_tag-busqueda-inteligente","11":"product_tag-cctv","12":"product_tag-dahua","13":"product_tag-dvr","14":"product_tag-hasta-2mp","15":"product_tag-seguridad","16":"product_tag-smart-audio","17":"product_tag-videograbador","18":"product_tag-wizsense","20":"first","21":"instock","22":"taxable","23":"shipping-taxable","24":"product-type-simple"},"_links":{"self":[{"href":"https:\/\/arxisdemexico.com.mx\/arxis\/wp-json\/wp\/v2\/product\/37514","targetHints":{"allow":["GET"]}}],"collection":[{"href":"https:\/\/arxisdemexico.com.mx\/arxis\/wp-json\/wp\/v2\/product"}],"about":[{"href":"https:\/\/arxisdemexico.com.mx\/arxis\/wp-json\/wp\/v2\/types\/product"}],"replies":[{"embeddable":true,"href":"https:\/\/arxisdemexico.com.mx\/arxis\/wp-json\/wp\/v2\/comments?post=37514"}],"wp:featuredmedia":[{"embeddable":true,"href":"https:\/\/arxisdemexico.com.mx\/arxis\/wp-json\/wp\/v2\/media\/37515"}],"wp:attachment":[{"href":"https:\/\/arxisdemexico.com.mx\/arxis\/wp-json\/wp\/v2\/media?parent=37514"}],"wp:term":[{"taxonomy":"product_brand","embeddable":true,"href":"https:\/\/arxisdemexico.com.mx\/arxis\/wp-json\/wp\/v2\/product_brand?post=37514"},{"taxonomy":"product_cat","embeddable":true,"href":"https:\/\/arxisdemexico.com.mx\/arxis\/wp-json\/wp\/v2\/product_cat?post=37514"},{"taxonomy":"product_tag","embeddable":true,"href":"https:\/\/arxisdemexico.com.mx\/arxis\/wp-json\/wp\/v2\/product_tag?post=37514"}],"curies":[{"name":"wp","href":"https:\/\/api.w.org\/{rel}","templated":true}]}}