{"id":37510,"date":"2021-10-15T15:13:47","date_gmt":"2021-10-15T20:13:47","guid":{"rendered":"https:\/\/www.arxisdemexico.com.mx\/arxis\/?post_type=product&#038;p=37510"},"modified":"2021-10-15T15:14:28","modified_gmt":"2021-10-15T20:14:28","slug":"dahua-xvr1b04-i-dvr-de-4-canales-1080p-lite-wizsense-cooper-i-h-265-4-canales1-ip-o-hasta-5-canales-ip-4-canales-con-smd-plus-busqueda-inteligente-humanos-y-vehiculos-codificacion-intelige","status":"publish","type":"product","link":"https:\/\/arxisdemexico.com.mx\/arxis\/producto\/dahua-xvr1b04-i-dvr-de-4-canales-1080p-lite-wizsense-cooper-i-h-265-4-canales1-ip-o-hasta-5-canales-ip-4-canales-con-smd-plus-busqueda-inteligente-humanos-y-vehiculos-codificacion-intelige\/","title":{"rendered":"DAHUA XVR1B04-I &#8211; DVR de 4 Canales 1080p Lite\/ WizSense\/ Cooper-I\/ H.265+\/ 4 Canales+1 IP o Hasta 5 Canales IP\/ 4 Canales con SMD Plus\/ Busqueda Inteligente (Humanos y Vehiculos) Codificaci\u00f3n Inteligente\/ 1 Puerto Sata de hasta 6TB\/ Smart Audio"},"content":{"rendered":"<ul>\n<li>Soporta\u00a0HDCVI\/ AHD\/ TVI\/ CVBS\/ IP.<\/li>\n<li>Compresi\u00f3n de video\u00a0IA\/ H.265+\/H.265\/H.264+\/H.264.<\/li>\n<li>4\u00a0Canales HDCVI 1080N\/720P\/960H\/D1\/CIF\/(1~25\/30fps) CIF (1~15 fps)<\/li>\n<li>1\u00a0Canal IP Adicional hasta 2MP.<\/li>\n<li>1 HDMI\/ 1 VGA.<\/li>\n<li>1 Entrada \/1 Salida de Audio RCA.<\/li>\n<li>1\u00a0puerto SATA (hasta 6TB).<\/li>\n<li>2\u00a0puerto USB (USB 2.0).<\/li>\n<li>1 Puerto RJ-45 (100M).<\/li>\n<li>Soporta m\u00faltiples marcas de c\u00e1maras IP:\u00a0Dahua, Arecont Vision, AXIS, Bosch,<\/li>\n<li>Brickcom, Canon, CP Plus, Dynacolor, Honeywell, Panasonic, Pelco, Samsung,<\/li>\n<li>Sanyo, Sony, Videotec, Vivotek y m\u00e1s.<\/li>\n<li>Fuente de Alimentaci\u00f3n DC12V\/ 1.5A.<\/li>\n<li>Consumo de Energ\u00eda &lt;7W. (sin HDD).<\/li>\n<li>Condiciones de Operaci\u00f3n -10\u00baC a 45\u00baC.<\/li>\n<li>Peso 0.57kg. (sin DD)<\/li>\n<\/ul>\n","protected":false},"excerpt":{"rendered":"<p>Grabador de video digital Penta-brid 1080N \/ 720p Cooper 1U 1HDD WizSense de 4 canales<\/p>\n<ul>\n<li>Compresi\u00f3n de video de doble flujo H.265 + \/ H.265<\/li>\n<li>Admite codificaci\u00f3n AI de canal completo<\/li>\n<li>Admite entradas de video HDCVI \/ AHD \/ TVI \/ CVBS \/ IP<\/li>\n<li>Entradas de c\u00e1mara IP de 5 canales como m\u00e1ximo, cada canal hasta 2MP; Ancho de banda entrante m\u00e1ximo de 20 Mbps<\/li>\n<li>Hasta 4 canales de flujo de video (canal anal\u00f3gico) SMD Plus<\/li>\n<\/ul>\n","protected":false},"featured_media":37511,"comment_status":"open","ping_status":"closed","template":"","meta":{"_et_pb_use_builder":"","_et_pb_old_content":"","_et_gb_content_width":""},"product_brand":[],"product_cat":[521,548,560,575],"product_tag":[887,835,834,879,889,833,888,880,883],"class_list":{"0":"post-37510","1":"product","2":"type-product","3":"status-publish","4":"has-post-thumbnail","6":"product_cat-cctv","7":"product_cat-ahd","8":"product_cat-dvr","9":"product_cat-4-ch-dvr","10":"product_tag-busqueda-inteligente","11":"product_tag-cctv","12":"product_tag-dahua","13":"product_tag-dvr","14":"product_tag-hasta-2mp","15":"product_tag-seguridad","16":"product_tag-smart-audio","17":"product_tag-videograbador","18":"product_tag-wizsense","20":"first","21":"instock","22":"taxable","23":"shipping-taxable","24":"product-type-simple"},"_links":{"self":[{"href":"https:\/\/arxisdemexico.com.mx\/arxis\/wp-json\/wp\/v2\/product\/37510","targetHints":{"allow":["GET"]}}],"collection":[{"href":"https:\/\/arxisdemexico.com.mx\/arxis\/wp-json\/wp\/v2\/product"}],"about":[{"href":"https:\/\/arxisdemexico.com.mx\/arxis\/wp-json\/wp\/v2\/types\/product"}],"replies":[{"embeddable":true,"href":"https:\/\/arxisdemexico.com.mx\/arxis\/wp-json\/wp\/v2\/comments?post=37510"}],"wp:featuredmedia":[{"embeddable":true,"href":"https:\/\/arxisdemexico.com.mx\/arxis\/wp-json\/wp\/v2\/media\/37511"}],"wp:attachment":[{"href":"https:\/\/arxisdemexico.com.mx\/arxis\/wp-json\/wp\/v2\/media?parent=37510"}],"wp:term":[{"taxonomy":"product_brand","embeddable":true,"href":"https:\/\/arxisdemexico.com.mx\/arxis\/wp-json\/wp\/v2\/product_brand?post=37510"},{"taxonomy":"product_cat","embeddable":true,"href":"https:\/\/arxisdemexico.com.mx\/arxis\/wp-json\/wp\/v2\/product_cat?post=37510"},{"taxonomy":"product_tag","embeddable":true,"href":"https:\/\/arxisdemexico.com.mx\/arxis\/wp-json\/wp\/v2\/product_tag?post=37510"}],"curies":[{"name":"wp","href":"https:\/\/api.w.org\/{rel}","templated":true}]}}