{"id":37496,"date":"2021-10-15T14:22:04","date_gmt":"2021-10-15T19:22:04","guid":{"rendered":"https:\/\/www.arxisdemexico.com.mx\/arxis\/?post_type=product&#038;p=37496"},"modified":"2021-10-15T14:22:17","modified_gmt":"2021-10-15T19:22:17","slug":"dahua-dh-xvr5232an-i2-dvr-de-32-canales-de-5-megapixeles-n-1080p-wizsense-h-265-2-canales-de-reconocimiento-facial-hasta-32-canales-ip-32-canales-totales-smd-plus-proteccion-perimetral-2","status":"publish","type":"product","link":"https:\/\/arxisdemexico.com.mx\/arxis\/producto\/dahua-dh-xvr5232an-i2-dvr-de-32-canales-de-5-megapixeles-n-1080p-wizsense-h-265-2-canales-de-reconocimiento-facial-hasta-32-canales-ip-32-canales-totales-smd-plus-proteccion-perimetral-2\/","title":{"rendered":"DAHUA DH-XVR5232AN-I2 &#8211; DVR de 32 Canales de 5 Megapixeles N\/ 1080p\/ WizSense\/ H.265+\/ 2 Canales de Reconocimiento Facial\/ Hasta 32 Canales IP (32 Canales Totales)\/ SMD Plus\/ Protecci\u00f3n Perimetral\/ 2 Puertos SATA Hasta 20 TB\/ IoT&#038;POS"},"content":{"rendered":"<ul>\n<li>Sistema operativo integrado LINUX<\/li>\n<li>Procesador principal Procesador integrado<\/li>\n<li>Compresi\u00f3n Codificaci\u00f3n AI\/H.265+\/H.265\/H.264+\/H.264.<\/li>\n<li>Tasa de Bits Transmisi\u00f3n Principal Todos los canales 5M-N (1fps\u201310fps); 4M-N\/1080P (1fps\u201315fps);<\/li>\n<\/ul>\n<p>1080N\/720P\/960H\/ D1\/CIF (1fps\u201325\/30fps) Transmisi\u00f3n Secundaria: D1\/CIF (1fps\u201315fps)<\/p>\n<ul>\n<li>Reconocimiento Facial: Transmisi\u00f3n de video de 2 canales, solo admite c\u00e1mara anal\u00f3gica<\/li>\n<li>SMD Plus: Rendimiento 16 canales<\/li>\n<li>B\u00fasqueda de IA B\u00fasqueda por clasificaci\u00f3n de objetivo (humano, veh\u00edculo)<\/li>\n<li>1 HDMI ,1 VGA<\/li>\n<li>Resoluci\u00f3n HDMI: 3840 \u00d7 2160, 1920 \u00d7 1080, 1280 \u00d7 1024, 1280 \u00d7 720<\/li>\n<\/ul>\n<p>VGA: 1920 \u00d7 1080, 1280 \u00d7 1024, 1280 \u00d7 720<\/p>\n<ul>\n<li>Pantalla multi pantalla 1\/4\/8\/9\/16\/25\/36<\/li>\n<li>1 puerto RJ-45 (1000 MB)<\/li>\n<li>ONVIF 16.12, conforme a CGI<\/li>\n<li>2 puertos SATA, hasta 10 TB de capacidad para cada disco<\/li>\n<li>2 puertos USB (1 USB 2.0, 1 USB 3.0)<\/li>\n<li>1 puerto RS485 para control PTZ<\/li>\n<li>Fuente de alimentaci\u00f3n DC 12V \/ 5A<\/li>\n<li>Consumo de energ\u00eda (sin disco duro) &lt;16 W<\/li>\n<li>Dimensiones 1U, 375 mm \u00d7 288 mm \u00d7 53 mm<\/li>\n<li>Peso neto (sin HDD) 1,9 kg<\/li>\n<li>Peso bruto 3,2 kg<\/li>\n<\/ul>\n","protected":false},"excerpt":{"rendered":"<p>Grabador de video digital WizSense de 32 canales Penta-brid 5M-N \/ 1080P 1U 2HDDs<\/p>\n<ul>\n<li>Compresi\u00f3n de video de doble flujo H.265 + \/ H.265<\/li>\n<li>Admite entradas de video HDCVI \/ AHD \/ TVI \/ CVBS \/ IP<\/li>\n<li>Entradas de c\u00e1mara IP de 32 canales como m\u00e1ximo, cada canal hasta 6MP; Ancho de banda entrante m\u00e1ximo de 128 Mbps<\/li>\n<li>Hasta 2 canales de transmisi\u00f3n de video (canal anal\u00f3gico) Protecci\u00f3n perimetral<\/li>\n<li>Hasta 16 canales de flujo de video (canal anal\u00f3gico) SMD Plus<\/li>\n<li>Hasta 2 canales de flujo de video (canal anal\u00f3gico) reconocimiento facial humano<\/li>\n<li>Funcionalidades de IoT y POS<\/li>\n<\/ul>\n","protected":false},"featured_media":37497,"comment_status":"open","ping_status":"closed","template":"","meta":{"_et_pb_use_builder":"","_et_pb_old_content":"","_et_gb_content_width":""},"product_brand":[],"product_cat":[521,548,560,578],"product_tag":[835,834,879,885,881,882,833,880,883],"class_list":{"0":"post-37496","1":"product","2":"type-product","3":"status-publish","4":"has-post-thumbnail","6":"product_cat-cctv","7":"product_cat-ahd","8":"product_cat-dvr","9":"product_cat-32-ch-dvr","10":"product_tag-cctv","11":"product_tag-dahua","12":"product_tag-dvr","13":"product_tag-hasta-5mp","14":"product_tag-proteccion-perimetral","15":"product_tag-reconocimiento-facial","16":"product_tag-seguridad","17":"product_tag-videograbador","18":"product_tag-wizsense","20":"first","21":"instock","22":"taxable","23":"shipping-taxable","24":"product-type-simple"},"_links":{"self":[{"href":"https:\/\/arxisdemexico.com.mx\/arxis\/wp-json\/wp\/v2\/product\/37496","targetHints":{"allow":["GET"]}}],"collection":[{"href":"https:\/\/arxisdemexico.com.mx\/arxis\/wp-json\/wp\/v2\/product"}],"about":[{"href":"https:\/\/arxisdemexico.com.mx\/arxis\/wp-json\/wp\/v2\/types\/product"}],"replies":[{"embeddable":true,"href":"https:\/\/arxisdemexico.com.mx\/arxis\/wp-json\/wp\/v2\/comments?post=37496"}],"wp:featuredmedia":[{"embeddable":true,"href":"https:\/\/arxisdemexico.com.mx\/arxis\/wp-json\/wp\/v2\/media\/37497"}],"wp:attachment":[{"href":"https:\/\/arxisdemexico.com.mx\/arxis\/wp-json\/wp\/v2\/media?parent=37496"}],"wp:term":[{"taxonomy":"product_brand","embeddable":true,"href":"https:\/\/arxisdemexico.com.mx\/arxis\/wp-json\/wp\/v2\/product_brand?post=37496"},{"taxonomy":"product_cat","embeddable":true,"href":"https:\/\/arxisdemexico.com.mx\/arxis\/wp-json\/wp\/v2\/product_cat?post=37496"},{"taxonomy":"product_tag","embeddable":true,"href":"https:\/\/arxisdemexico.com.mx\/arxis\/wp-json\/wp\/v2\/product_tag?post=37496"}],"curies":[{"name":"wp","href":"https:\/\/api.w.org\/{rel}","templated":true}]}}